{"id":8579,"date":"2021-04-13T09:43:14","date_gmt":"2021-04-13T07:43:14","guid":{"rendered":"https:\/\/adriatik-kamp.com\/exkurze\/"},"modified":"2026-04-22T06:00:35","modified_gmt":"2026-04-22T04:00:35","slug":"izleti","status":"publish","type":"page","link":"https:\/\/adriatik-kamp.com\/sl\/izleti\/","title":{"rendered":"Izleti"},"content":{"rendered":"<div class=\"wpb-content-wrapper\"><p>[vc_row row_height_percent=&#8221;0&#8243; override_padding=&#8221;yes&#8221; h_padding=&#8221;2&#8243; top_padding=&#8221;4&#8243; bottom_padding=&#8221;2&#8243; overlay_alpha=&#8221;50&#8243; gutter_size=&#8221;3&#8243; column_width_percent=&#8221;100&#8243; shift_y=&#8221;0&#8243; z_index=&#8221;0&#8243;][vc_column column_width_percent=&#8221;100&#8243; gutter_size=&#8221;2&#8243; back_color=&#8221;color-207971&#8243; overlay_alpha=&#8221;50&#8243; border_color=&#8221;color-platinum&#8221; border_style=&#8221;solid&#8221; shift_x=&#8221;0&#8243; shift_y=&#8221;0&#8243; shift_y_down=&#8221;0&#8243; z_index=&#8221;0&#8243; medium_width=&#8221;0&#8243; mobile_width=&#8221;0&#8243; width=&#8221;1\/1&#8243; css=&#8221;.vc_custom_1618225949471{border-left-width: 2px !important;}&#8221;][uncode_breadcrumbs text_lead=&#8221;small&#8221;][vc_custom_heading auto_text=&#8221;yes&#8221; heading_semantic=&#8221;h1&#8243; text_size=&#8221;h1&#8243; text_weight=&#8221;700&#8243;]This is a custom heading element.[\/vc_custom_heading][\/vc_column][\/vc_row][vc_row row_height_percent=&#8221;0&#8243; override_padding=&#8221;yes&#8221; h_padding=&#8221;2&#8243; top_padding=&#8221;1&#8243; bottom_padding=&#8221;2&#8243; overlay_alpha=&#8221;50&#8243; equal_height=&#8221;yes&#8221; gutter_size=&#8221;3&#8243; column_width_percent=&#8221;100&#8243; shift_y=&#8221;0&#8243; z_index=&#8221;0&#8243;][vc_column column_width_percent=&#8221;100&#8243; gutter_size=&#8221;3&#8243; back_color=&#8221;color-lxmt&#8221; overlay_alpha=&#8221;50&#8243; radius=&#8221;std&#8221; shift_x=&#8221;0&#8243; shift_y=&#8221;0&#8243; shift_y_down=&#8221;0&#8243; z_index=&#8221;0&#8243; medium_width=&#8221;0&#8243; mobile_width=&#8221;0&#8243; width=&#8221;1\/2&#8243;][vc_gallery el_id=&#8221;gallery-116900&#8243; type=&#8221;css_grid&#8221; medias=&#8221;8287,8294,8426,8433&#8243; grid_items=&#8221;2&#8243; screen_lg_items=&#8221;3&#8243; screen_lg_breakpoint=&#8221;1000&#8243; screen_md_items=&#8221;2&#8243; screen_md_breakpoint=&#8221;600&#8243; screen_sm_items=&#8221;1&#8243; screen_sm_breakpoint=&#8221;480&#8243; gutter_size=&#8221;3&#8243; single_overlay_opacity=&#8221;50&#8243; single_padding=&#8221;2&#8243; uncode_shortcode_id=&#8221;150560&#8243;][vc_column_text uncode_shortcode_id=&#8221;633211&#8243;]Primo\u0161ten je o\u010darljivo dalmatinsko mestece med \u0160ibenikom in Splitom, znano po starem mestnem jedru na polotoku s kamnitimi hi\u0161ami, kapelicami in ozkimi ulicami, obdanim z mediteransko vegetacijo. Sprehod ob obalni promenadi, nepozabni son\u010dni zahodi, kristalno \u010disto morje in raznolika gastronomija nudijo popolno me\u0161anico zgodovine, sodobnega \u017eivljenja, ljudi in narave.<\/p>\n<p><strong>\u00a0URL: <a href=\"https:\/\/visitprimosten.com\/\" target=\"_blank\" rel=\"noopener\">https:\/\/visitprimosten.com\/<\/a><\/strong>[\/vc_column_text][\/vc_column][vc_column column_width_percent=&#8221;100&#8243; gutter_size=&#8221;3&#8243; back_color=&#8221;color-lxmt&#8221; overlay_alpha=&#8221;50&#8243; radius=&#8221;std&#8221; shift_x=&#8221;0&#8243; shift_y=&#8221;0&#8243; shift_y_down=&#8221;0&#8243; z_index=&#8221;0&#8243; medium_width=&#8221;0&#8243; mobile_width=&#8221;0&#8243; width=&#8221;1\/2&#8243;][vc_gallery el_id=&#8221;gallery-1169006&#8243; type=&#8221;css_grid&#8221; medias=&#8221;8303,8440,8447,8454&#8243; grid_items=&#8221;2&#8243; screen_lg_items=&#8221;3&#8243; screen_lg_breakpoint=&#8221;1000&#8243; screen_md_items=&#8221;2&#8243; screen_md_breakpoint=&#8221;600&#8243; screen_sm_items=&#8221;1&#8243; screen_sm_breakpoint=&#8221;480&#8243; gutter_size=&#8221;3&#8243; single_overlay_opacity=&#8221;50&#8243; single_padding=&#8221;2&#8243; uncode_shortcode_id=&#8221;119559&#8243;][vc_column_text uncode_shortcode_id=&#8221;206428&#8243;]\u0160ibenik je zgodovinsko mesto na vhodu v \u0160ibenski zaliv, prepoznavno po UNESCO-vem katedralnem kompleksu sv. Jakoba in sistemu \u0161tirih trdnjav, ki pri\u010dajo o bogati preteklosti. Kamnito jedro mesta, morje in odprti pogledi na zaliv ga uvr\u0161\u010dajo med najposebnej\u0161a mesta srednje Dalmacije.<\/p>\n<p><strong>URL: <a href=\"https:\/\/www.visitsibenik.hr\/\" target=\"_blank\" rel=\"noopener\">https:\/\/www.visitsibenik.hr\/<\/a> , <a href=\"https:\/\/sibenikcard.hr\/\" target=\"_blank\" rel=\"noopener\">https:\/\/sibenikcard.hr\/<\/a><\/strong>[\/vc_column_text][\/vc_column][\/vc_row][vc_row row_height_percent=&#8221;0&#8243; overlay_alpha=&#8221;50&#8243; equal_height=&#8221;yes&#8221; gutter_size=&#8221;3&#8243; column_width_percent=&#8221;100&#8243; shift_y=&#8221;0&#8243; z_index=&#8221;0&#8243;][vc_column column_width_percent=&#8221;100&#8243; gutter_size=&#8221;3&#8243; back_color=&#8221;color-lxmt&#8221; overlay_alpha=&#8221;50&#8243; radius=&#8221;std&#8221; shift_x=&#8221;0&#8243; shift_y=&#8221;0&#8243; shift_y_down=&#8221;0&#8243; z_index=&#8221;0&#8243; medium_width=&#8221;0&#8243; mobile_width=&#8221;0&#8243; width=&#8221;1\/2&#8243;][vc_gallery el_id=&#8221;gallery-116900&#8243; type=&#8221;css_grid&#8221; medias=&#8221;8311,8461,8468,8475&#8243; grid_items=&#8221;2&#8243; screen_lg_items=&#8221;3&#8243; screen_lg_breakpoint=&#8221;1000&#8243; screen_md_items=&#8221;2&#8243; screen_md_breakpoint=&#8221;600&#8243; screen_sm_items=&#8221;1&#8243; screen_sm_breakpoint=&#8221;480&#8243; gutter_size=&#8221;3&#8243; single_overlay_opacity=&#8221;50&#8243; single_padding=&#8221;2&#8243; uncode_shortcode_id=&#8221;528175&#8243;][vc_column_text uncode_shortcode_id=&#8221;179291&#8243;]Split je nastal iz Dioklecijanove pala\u010de, edinstvenega spomenika anti\u010dne arhitekture, ki \u017ee 17 stoletij predstavlja sredi\u0161\u010de mestnega \u017eivljenja. Zgodovinsko jedro Splita je na seznamu svetovne dedi\u0161\u010dine UNESCO, danes pa mesto zdru\u017euje bogato zgodovino, mediteranski \u017eivljenjski slog in naravne lepote, kot so hrib Marjan in mestne pla\u017ee.<\/p>\n<p><strong>URL: <a href=\"https:\/\/visitsplit.com\/\" target=\"_blank\" rel=\"noopener\">https:\/\/visitsplit.com\/<\/a>, <a href=\"https:\/\/360.visitsplit.com\/\" target=\"_blank\" rel=\"noopener\">https:\/\/360.visitsplit.com\/<\/a>\u00a0<\/strong>[\/vc_column_text][\/vc_column][vc_column column_width_percent=&#8221;100&#8243; gutter_size=&#8221;3&#8243; back_color=&#8221;color-lxmt&#8221; overlay_alpha=&#8221;50&#8243; radius=&#8221;std&#8221; shift_x=&#8221;0&#8243; shift_y=&#8221;0&#8243; shift_y_down=&#8221;0&#8243; z_index=&#8221;0&#8243; medium_width=&#8221;0&#8243; mobile_width=&#8221;0&#8243; width=&#8221;1\/2&#8243;][vc_gallery el_id=&#8221;gallery-116900&#8243; type=&#8221;css_grid&#8221; medias=&#8221;8318,8482,8489,8496&#8243; grid_items=&#8221;2&#8243; screen_lg_items=&#8221;3&#8243; screen_lg_breakpoint=&#8221;1000&#8243; screen_md_items=&#8221;2&#8243; screen_md_breakpoint=&#8221;600&#8243; screen_sm_items=&#8221;1&#8243; screen_sm_breakpoint=&#8221;480&#8243; gutter_size=&#8221;3&#8243; single_overlay_opacity=&#8221;50&#8243; single_padding=&#8221;2&#8243; uncode_shortcode_id=&#8221;358713&#8243;][vc_column_text uncode_shortcode_id=&#8221;118086&#8243;]Narodni park Krka zajema najlep\u0161i del reke Krke in spodnji tok reke \u010cikole, znan po travertinskih slapovih, kristalno \u010disti vodi in izjemni naravni vrednosti. To za\u0161\u010diteno obmo\u010dje nudi edinstveno do\u017eivetje nedotaknjene narave, bogate kulturne dedi\u0161\u010dine in rekreacije, idealno za ljubitelje narave in aktivne obiskovalce.<\/p>\n<p><strong>URL: <a href=\"https:\/\/www.npkrka.hr\/hr\/\" target=\"_blank\" rel=\"noopener\">https:\/\/www.npkrka.hr\/hr\/<\/a><\/strong>[\/vc_column_text][\/vc_column][\/vc_row][vc_row row_height_percent=&#8221;0&#8243; override_padding=&#8221;yes&#8221; h_padding=&#8221;2&#8243; top_padding=&#8221;2&#8243; bottom_padding=&#8221;4&#8243; overlay_alpha=&#8221;50&#8243; equal_height=&#8221;yes&#8221; gutter_size=&#8221;3&#8243; column_width_percent=&#8221;100&#8243; shift_y=&#8221;0&#8243; z_index=&#8221;0&#8243;][vc_column column_width_percent=&#8221;100&#8243; gutter_size=&#8221;3&#8243; back_color=&#8221;color-lxmt&#8221; overlay_alpha=&#8221;50&#8243; radius=&#8221;std&#8221; shift_x=&#8221;0&#8243; shift_y=&#8221;0&#8243; shift_y_down=&#8221;0&#8243; z_index=&#8221;0&#8243; medium_width=&#8221;0&#8243; mobile_width=&#8221;0&#8243; width=&#8221;1\/2&#8243;][vc_gallery el_id=&#8221;gallery-116900&#8243; type=&#8221;css_grid&#8221; medias=&#8221;8325,8503,8510,8517&#8243; grid_items=&#8221;2&#8243; screen_lg_items=&#8221;3&#8243; screen_lg_breakpoint=&#8221;1000&#8243; screen_md_items=&#8221;2&#8243; screen_md_breakpoint=&#8221;600&#8243; screen_sm_items=&#8221;1&#8243; screen_sm_breakpoint=&#8221;480&#8243; gutter_size=&#8221;3&#8243; single_overlay_opacity=&#8221;50&#8243; single_padding=&#8221;2&#8243; uncode_shortcode_id=&#8221;837148&#8243;][vc_column_text uncode_shortcode_id=&#8221;624706&#8243;]Trogir o\u010dara s sredozemskim \u0161armom, ozkimi kamnitimi ulicami in zgodovinskim jedrom, ki nosi sledi ve\u010d kot 3600 let zgodovine. Mesto mojstrov, znano po vrhunskih umetni\u0161kih delih in UNESCO dedi\u0161\u010dini, \u0161e danes oddaja navdih in lepoto.<\/p>\n<p><strong>URL: <a href=\"https:\/\/www.visittrogir.hr\/hr\/tourist\" target=\"_blank\" rel=\"noopener\">https:\/\/www.visittrogir.hr\/hr\/tourist<\/a><\/strong>[\/vc_column_text][\/vc_column][vc_column column_width_percent=&#8221;100&#8243; gutter_size=&#8221;3&#8243; back_color=&#8221;color-lxmt&#8221; overlay_alpha=&#8221;50&#8243; radius=&#8221;std&#8221; shift_x=&#8221;0&#8243; shift_y=&#8221;0&#8243; shift_y_down=&#8221;0&#8243; z_index=&#8221;0&#8243; medium_width=&#8221;0&#8243; mobile_width=&#8221;0&#8243; width=&#8221;1\/2&#8243;][vc_gallery el_id=&#8221;gallery-116900&#8243; type=&#8221;css_grid&#8221; medias=&#8221;8332,8524,8531,8538&#8243; grid_items=&#8221;2&#8243; screen_lg_items=&#8221;3&#8243; screen_lg_breakpoint=&#8221;1000&#8243; screen_md_items=&#8221;2&#8243; screen_md_breakpoint=&#8221;600&#8243; screen_sm_items=&#8221;1&#8243; screen_sm_breakpoint=&#8221;480&#8243; gutter_size=&#8221;3&#8243; single_overlay_opacity=&#8221;50&#8243; single_padding=&#8221;2&#8243; uncode_shortcode_id=&#8221;120555&#8243;][vc_column_text uncode_shortcode_id=&#8221;131625&#8243;]Knin je mesto izjemne narave in bogate zgodovine, obdano z mogo\u010dnimi gorami, rekami in izviri reke Krke, nad katerim se dviga Dinara, najvi\u0161ji vrh Hrva\u0161ke. Njegovo podobo zaznamuje ena najve\u010djih srednjeve\u0161kih trdnjav v Evropi, nekdanja prestolnica hrva\u0161kih kraljev in trajni simbol mesta.<\/p>\n<p><strong>URL: <a href=\"https:\/\/visitknin.hr\/\" target=\"_blank\" rel=\"noopener\">https:\/\/visitknin.hr\/<\/a><\/strong>[\/vc_column_text][\/vc_column][\/vc_row][vc_row row_height_percent=&#8221;0&#8243; override_padding=&#8221;yes&#8221; h_padding=&#8221;2&#8243; top_padding=&#8221;2&#8243; bottom_padding=&#8221;4&#8243; overlay_alpha=&#8221;50&#8243; equal_height=&#8221;yes&#8221; gutter_size=&#8221;3&#8243; column_width_percent=&#8221;100&#8243; shift_y=&#8221;0&#8243; z_index=&#8221;0&#8243;][vc_column column_width_percent=&#8221;100&#8243; gutter_size=&#8221;3&#8243; back_color=&#8221;color-lxmt&#8221; overlay_alpha=&#8221;50&#8243; radius=&#8221;std&#8221; shift_x=&#8221;0&#8243; shift_y=&#8221;0&#8243; shift_y_down=&#8221;0&#8243; z_index=&#8221;0&#8243; medium_width=&#8221;0&#8243; mobile_width=&#8221;0&#8243; width=&#8221;1\/2&#8243;][vc_gallery el_id=&#8221;gallery-116900&#8243; type=&#8221;css_grid&#8221; medias=&#8221;8339,8346,8353,8360&#8243; grid_items=&#8221;2&#8243; screen_lg_items=&#8221;3&#8243; screen_lg_breakpoint=&#8221;1000&#8243; screen_md_items=&#8221;2&#8243; screen_md_breakpoint=&#8221;600&#8243; screen_sm_items=&#8221;1&#8243; screen_sm_breakpoint=&#8221;480&#8243; gutter_size=&#8221;3&#8243; single_overlay_opacity=&#8221;50&#8243; single_padding=&#8221;2&#8243; uncode_shortcode_id=&#8221;560290&#8243;][vc_column_text uncode_shortcode_id=&#8221;641312&#8243;]Narodni park Kornati obsega 89 otokov, oto\u010dkov in \u010deri v srednji Dalmaciji, pri \u010demer ve\u010dino njegove povr\u0161ine predstavlja ohranjen morski ekosistem s kristalno \u010distim morjem. Prepoznaven po strmih klifih \u2013 \u00bbkronah\u00ab, obrnjenih proti odprtemu morju \u2013 ponuja edinstveno kombinacijo surove lepote, ti\u0161ine in neokrnjene narave.<\/p>\n<p><strong>URL: <a href=\"https:\/\/www.np-kornati.hr\/index.php?lang=hr\" target=\"_blank\" rel=\"noopener\">https:\/\/www.np-kornati.hr\/<\/a><br \/>\n<\/strong>Autor foto: Novena d.o.o.[\/vc_column_text][\/vc_column][vc_column column_width_percent=&#8221;100&#8243; gutter_size=&#8221;3&#8243; back_color=&#8221;color-lxmt&#8221; overlay_alpha=&#8221;50&#8243; radius=&#8221;std&#8221; shift_x=&#8221;0&#8243; shift_y=&#8221;0&#8243; shift_y_down=&#8221;0&#8243; z_index=&#8221;0&#8243; medium_width=&#8221;0&#8243; mobile_width=&#8221;0&#8243; width=&#8221;1\/2&#8243;][vc_gallery el_id=&#8221;gallery-116900&#8243; type=&#8221;css_grid&#8221; medias=&#8221;8367,8545,8552,8559&#8243; grid_items=&#8221;2&#8243; screen_lg_items=&#8221;3&#8243; screen_lg_breakpoint=&#8221;1000&#8243; screen_md_items=&#8221;2&#8243; screen_md_breakpoint=&#8221;600&#8243; screen_sm_items=&#8221;1&#8243; screen_sm_breakpoint=&#8221;480&#8243; gutter_size=&#8221;3&#8243; single_overlay_opacity=&#8221;50&#8243; single_padding=&#8221;2&#8243; uncode_shortcode_id=&#8221;102772&#8243;][vc_column_text uncode_shortcode_id=&#8221;835384&#8243;]Prvi\u0107 in Zlarin sta otoka brez avtomobilskega prometa v bli\u017eini \u0160ibenika, znana po kristalno \u010distem morju in pristnem dalmatinskem vzdu\u0161ju. Prvi\u0107 Luka je posebej znana kot zadnje po\u010divali\u0161\u010de izumitelja Faust Vran\u010di\u0107, medtem ko je Zlarin znan kot \u00bbotok koral\u00ab.<\/p>\n<p><strong>URL: <a class=\"cursor-init\" href=\"https:\/\/www.tz-zlarin.hr\/\" target=\"_blank\" rel=\"noopener\">https:\/\/www.tz-zlarin.hr\/<\/a><br \/>\nURL: <a class=\"cursor-init\" href=\"https:\/\/www.vodice.hr\/hr\/home\" target=\"_blank\" rel=\"noopener\">https:\/\/www.vodice.hr\/hr\/home<\/a><br \/>\n<\/strong>Autor foto: TZ Zlarin, Vodice[\/vc_column_text][\/vc_column][\/vc_row]<\/p>\n<\/div>","protected":false},"excerpt":{"rendered":"<p>[vc_row row_height_percent=&#8221;0&#8243; override_padding=&#8221;yes&#8221; h_padding=&#8221;2&#8243; top_padding=&#8221;4&#8243; bottom_padding=&#8221;2&#8243; overlay_alpha=&#8221;50&#8243; gutter_size=&#8221;3&#8243; column_width_percent=&#8221;100&#8243; shift_y=&#8221;0&#8243; z_index=&#8221;0&#8243;][vc_column column_width_percent=&#8221;100&#8243; gutter_size=&#8221;2&#8243; back_color=&#8221;color-207971&#8243; overlay_alpha=&#8221;50&#8243; border_color=&#8221;color-platinum&#8221; border_style=&#8221;solid&#8221; shift_x=&#8221;0&#8243; shift_y=&#8221;0&#8243; shift_y_down=&#8221;0&#8243; [&hellip;]<\/p>\n","protected":false},"author":6,"featured_media":9302,"parent":0,"menu_order":0,"comment_status":"closed","ping_status":"closed","template":"","meta":{"footnotes":""},"class_list":["post-8579","page","type-page","status-publish","has-post-thumbnail","hentry","page_category-index-sl","page_category-offer"],"_links":{"self":[{"href":"https:\/\/adriatik-kamp.com\/sl\/wp-json\/wp\/v2\/pages\/8579","targetHints":{"allow":["GET"]}}],"collection":[{"href":"https:\/\/adriatik-kamp.com\/sl\/wp-json\/wp\/v2\/pages"}],"about":[{"href":"https:\/\/adriatik-kamp.com\/sl\/wp-json\/wp\/v2\/types\/page"}],"author":[{"embeddable":true,"href":"https:\/\/adriatik-kamp.com\/sl\/wp-json\/wp\/v2\/users\/6"}],"replies":[{"embeddable":true,"href":"https:\/\/adriatik-kamp.com\/sl\/wp-json\/wp\/v2\/comments?post=8579"}],"version-history":[{"count":8,"href":"https:\/\/adriatik-kamp.com\/sl\/wp-json\/wp\/v2\/pages\/8579\/revisions"}],"predecessor-version":[{"id":9925,"href":"https:\/\/adriatik-kamp.com\/sl\/wp-json\/wp\/v2\/pages\/8579\/revisions\/9925"}],"wp:featuredmedia":[{"embeddable":true,"href":"https:\/\/adriatik-kamp.com\/sl\/wp-json\/wp\/v2\/media\/9302"}],"wp:attachment":[{"href":"https:\/\/adriatik-kamp.com\/sl\/wp-json\/wp\/v2\/media?parent=8579"}],"curies":[{"name":"wp","href":"https:\/\/api.w.org\/{rel}","templated":true}]}}