{"id":8088,"date":"2026-02-08T19:24:39","date_gmt":"2026-02-08T17:24:39","guid":{"rendered":"https:\/\/adriatik-kamp.com\/unterkunft\/"},"modified":"2026-03-31T16:52:36","modified_gmt":"2026-03-31T14:52:36","slug":"namestitev","status":"publish","type":"page","link":"https:\/\/adriatik-kamp.com\/sl\/namestitev\/","title":{"rendered":"Namestitev"},"content":{"rendered":"<div class=\"wpb-content-wrapper\"><p>[vc_row row_height_percent=&#8221;0&#8243; override_padding=&#8221;yes&#8221; h_padding=&#8221;2&#8243; top_padding=&#8221;3&#8243; bottom_padding=&#8221;2&#8243; overlay_alpha=&#8221;50&#8243; gutter_size=&#8221;3&#8243; column_width_percent=&#8221;100&#8243; shift_y=&#8221;0&#8243; z_index=&#8221;0&#8243;][vc_column column_width_percent=&#8221;100&#8243; gutter_size=&#8221;2&#8243; back_color=&#8221;color-207971&#8243; overlay_alpha=&#8221;50&#8243; border_color=&#8221;color-platinum&#8221; border_style=&#8221;solid&#8221; shift_x=&#8221;0&#8243; shift_y=&#8221;0&#8243; shift_y_down=&#8221;0&#8243; z_index=&#8221;0&#8243; medium_width=&#8221;0&#8243; mobile_width=&#8221;0&#8243; width=&#8221;1\/1&#8243; css=&#8221;.vc_custom_1618225949471{border-left-width: 2px !important;}&#8221;][uncode_breadcrumbs text_lead=&#8221;small&#8221;][vc_custom_heading auto_text=&#8221;yes&#8221; heading_semantic=&#8221;h1&#8243; text_size=&#8221;h1&#8243; text_weight=&#8221;700&#8243;]This is a custom heading element.[\/vc_custom_heading][vc_column_text uncode_shortcode_id=&#8221;193378&#8243;]V Kamp Adriatic nudimo razli\u010dne nastanitvene mo\u017enosti za vsak slog po\u010ditnic \u2013 od prostornih parcel in \u0161otori\u0161\u010d, do sodobnih, in udobnih mobilnih hi\u0161ic. Vsaka lokacija zagotavlja popolno kombinacijo zasebnosti, udobja in neposredne bli\u017eine morja, obdano z neokrnjeno naravo in vonji Sredozemlja.<\/p>\n<p>&nbsp;<\/p>\n<p>Ne glede na to, ali izberete mobilne hi\u0161ice na desni strani kampa, mobilne hi\u0161ice Cliff\u00a0 s panoramskim razgledom ali deluxe in premium parcele tik ob morju, vsak oddih ponuja nepozabno do\u017eivetje, sprostitev in pristno dalmatinsko vzdu\u0161je. To je kraj, kjer se sre\u010da narava z udobjem, in kjer lahko vsaka dru\u017eina, par ali skupina prijateljev ustvari svoje nepozabne trenutke.[\/vc_column_text][\/vc_column][\/vc_row][vc_row row_height_percent=&#8221;0&#8243; override_padding=&#8221;yes&#8221; h_padding=&#8221;2&#8243; top_padding=&#8221;2&#8243; bottom_padding=&#8221;0&#8243; overlay_alpha=&#8221;50&#8243; equal_height=&#8221;yes&#8221; gutter_size=&#8221;3&#8243; column_width_percent=&#8221;100&#8243; shift_y=&#8221;0&#8243; z_index=&#8221;0&#8243; content_parallax=&#8221;0&#8243; uncode_shortcode_id=&#8221;125059&#8243;][vc_column width=&#8221;1\/2&#8243;][vc_single_image media=&#8221;6417&#8243; media_width_percent=&#8221;100&#8243; media_ratio=&#8221;four-three&#8221; shape=&#8221;img-round&#8221; radius=&#8221;std&#8221; advanced=&#8221;yes&#8221; media_items=&#8221;media|original&#8221; media_overlay_color=&#8221;color-jevc&#8221; media_overlay_coloration=&#8221;bottom_gradient&#8221; media_overlay_opacity=&#8221;60&#8243; media_overlay_visible=&#8221;yes&#8221; media_overlay_anim=&#8221;no&#8221; media_text_visible=&#8221;yes&#8221; media_text_anim=&#8221;no&#8221; media_v_position=&#8221;bottom&#8221; media_padding=&#8221;2&#8243; media_title_dimension=&#8221;h1&#8243; media_title_custom=&#8221;Mobile Homes&#8221; media_link=&#8221;url:https%3A%2F%2Fadriatik-kamp.com%2Fsl%2Fmobilne-hiske-z-razgledom-na-kamp%2F|title:Mobilne%20hi%C5%A1ice%20z%20razgledom%20na%20kamp&#8221; uncode_shortcode_id=&#8221;904260&#8243; media_overlay_color_type=&#8221;uncode-palette&#8221; title=&#8221;Mobilne hi\u0161ice z razgledom na kamp&#8221;][\/vc_column][vc_column width=&#8221;1\/2&#8243;][vc_single_image media=&#8221;7351&#8243; media_width_percent=&#8221;100&#8243; media_ratio=&#8221;four-three&#8221; shape=&#8221;img-round&#8221; radius=&#8221;std&#8221; advanced=&#8221;yes&#8221; media_items=&#8221;media|original&#8221; media_overlay_color=&#8221;color-jevc&#8221; media_overlay_coloration=&#8221;bottom_gradient&#8221; media_overlay_opacity=&#8221;60&#8243; media_overlay_visible=&#8221;yes&#8221; media_overlay_anim=&#8221;no&#8221; media_text_visible=&#8221;yes&#8221; media_text_anim=&#8221;no&#8221; media_v_position=&#8221;bottom&#8221; media_padding=&#8221;2&#8243; media_title_dimension=&#8221;h1&#8243; media_title_custom=&#8221;CLIFF (PREMIUM) MOBILE HOMES&#8221; media_link=&#8221;url:https%3A%2F%2Fadriatik-kamp.com%2Fsl%2Fmobilne-hiske-z-razgledom-na-morje%2F|title:Mobilne%20hi%C5%A1ke%20z%20razgledom%20na%20morje&#8221; uncode_shortcode_id=&#8221;993932&#8243; media_overlay_color_type=&#8221;uncode-palette&#8221; title=&#8221;Mobilne hi\u0161ke z razgledom na morje&#8221;][\/vc_column][\/vc_row][vc_row row_height_percent=&#8221;0&#8243; override_padding=&#8221;yes&#8221; h_padding=&#8221;2&#8243; top_padding=&#8221;2&#8243; bottom_padding=&#8221;4&#8243; overlay_alpha=&#8221;50&#8243; equal_height=&#8221;yes&#8221; gutter_size=&#8221;3&#8243; column_width_percent=&#8221;100&#8243; shift_y=&#8221;0&#8243; z_index=&#8221;0&#8243;][vc_column width=&#8221;1\/2&#8243;][vc_single_image media=&#8221;7436&#8243; media_width_percent=&#8221;100&#8243; media_ratio=&#8221;four-three&#8221; shape=&#8221;img-round&#8221; radius=&#8221;std&#8221; advanced=&#8221;yes&#8221; media_items=&#8221;media|original&#8221; media_overlay_color=&#8221;color-jevc&#8221; media_overlay_coloration=&#8221;bottom_gradient&#8221; media_overlay_opacity=&#8221;60&#8243; media_overlay_visible=&#8221;yes&#8221; media_overlay_anim=&#8221;no&#8221; media_text_visible=&#8221;yes&#8221; media_text_anim=&#8221;no&#8221; media_v_position=&#8221;bottom&#8221; media_padding=&#8221;2&#8243; media_title_dimension=&#8221;h1&#8243; media_title_custom=&#8221;PITCHES&#8221; media_link=&#8221;url:https%3A%2F%2Fadriatik-kamp.com%2Fsl%2Fcliff-mobilne-hiske-z-razgledom-na-morje%2F|title:Cliff%20mobilne%20hi%C5%A1ke%20z%20razgledom%20na%20morje|rel:nofollow&#8221; uncode_shortcode_id=&#8221;146250&#8243; media_overlay_color_type=&#8221;uncode-palette&#8221; title=&#8221;Cliff mobilne hi\u0161ke z razgledom na morje&#8221;][\/vc_column][vc_column column_width_percent=&#8221;100&#8243; gutter_size=&#8221;3&#8243; overlay_alpha=&#8221;50&#8243; shift_x=&#8221;0&#8243; shift_y=&#8221;0&#8243; shift_y_down=&#8221;0&#8243; z_index=&#8221;0&#8243; medium_visibility=&#8221;yes&#8221; medium_width=&#8221;0&#8243; mobile_visibility=&#8221;yes&#8221; mobile_width=&#8221;0&#8243; width=&#8221;1\/2&#8243; uncode_shortcode_id=&#8221;213212&#8243;][vc_single_image media=&#8221;7542&#8243; media_width_percent=&#8221;100&#8243; media_ratio=&#8221;four-three&#8221; shape=&#8221;img-round&#8221; radius=&#8221;std&#8221; advanced=&#8221;yes&#8221; media_items=&#8221;media|original&#8221; media_overlay_color=&#8221;color-jevc&#8221; media_overlay_coloration=&#8221;bottom_gradient&#8221; media_overlay_opacity=&#8221;60&#8243; media_overlay_visible=&#8221;yes&#8221; media_overlay_anim=&#8221;no&#8221; media_text_visible=&#8221;yes&#8221; media_text_anim=&#8221;no&#8221; media_v_position=&#8221;bottom&#8221; media_padding=&#8221;2&#8243; media_title_dimension=&#8221;h1&#8243; media_title_custom=&#8221;PITCHES&#8221; media_link=&#8221;url:https%3A%2F%2Fadriatik-kamp.com%2Fsl%2Fcliff-mobilne-hiske-ob-morju%2F|title:Cliff%20mobilne%20hi%C5%A1ke%20ob%20morju&#8221; uncode_shortcode_id=&#8221;376191&#8243; media_overlay_color_type=&#8221;uncode-palette&#8221; title=&#8221;Cliff mobilne hi\u0161ke ob morju&#8221;][\/vc_column][\/vc_row][vc_row row_height_percent=&#8221;0&#8243; override_padding=&#8221;yes&#8221; h_padding=&#8221;2&#8243; top_padding=&#8221;2&#8243; bottom_padding=&#8221;4&#8243; overlay_alpha=&#8221;50&#8243; equal_height=&#8221;yes&#8221; gutter_size=&#8221;3&#8243; column_width_percent=&#8221;100&#8243; shift_y=&#8221;0&#8243; z_index=&#8221;0&#8243;][vc_column width=&#8221;1\/2&#8243;][vc_single_image media=&#8221;7641&#8243; media_width_percent=&#8221;100&#8243; media_ratio=&#8221;four-three&#8221; shape=&#8221;img-round&#8221; radius=&#8221;std&#8221; advanced=&#8221;yes&#8221; media_items=&#8221;media|original&#8221; media_overlay_color=&#8221;color-jevc&#8221; media_overlay_coloration=&#8221;bottom_gradient&#8221; media_overlay_opacity=&#8221;60&#8243; media_overlay_visible=&#8221;yes&#8221; media_overlay_anim=&#8221;no&#8221; media_text_visible=&#8221;yes&#8221; media_text_anim=&#8221;no&#8221; media_v_position=&#8221;bottom&#8221; media_padding=&#8221;2&#8243; media_title_dimension=&#8221;h1&#8243; media_title_custom=&#8221;PITCHES&#8221; media_link=&#8221;url:https%3A%2F%2Fadriatik-kamp.com%2Fsl%2Fcliff-mobilne-hiske-z-razgledom-na-morje-21%2F|title:Mobilne%20hi%C5%A1ice%20Cliff%20z%20razgledom%20na%20morje%20(2%2B1)&#8221; uncode_shortcode_id=&#8221;137453&#8243; media_overlay_color_type=&#8221;uncode-palette&#8221; title=&#8221;Mobilne hi\u0161ice Cliff z razgledom na morje (2+1)&#8221;][\/vc_column][vc_column column_width_percent=&#8221;100&#8243; gutter_size=&#8221;3&#8243; overlay_alpha=&#8221;50&#8243; shift_x=&#8221;0&#8243; shift_y=&#8221;0&#8243; shift_y_down=&#8221;0&#8243; z_index=&#8221;0&#8243; medium_visibility=&#8221;yes&#8221; medium_width=&#8221;0&#8243; mobile_visibility=&#8221;yes&#8221; mobile_width=&#8221;0&#8243; width=&#8221;1\/2&#8243; uncode_shortcode_id=&#8221;213212&#8243;][vc_single_image media=&#8221;7683&#8243; media_width_percent=&#8221;100&#8243; media_ratio=&#8221;four-three&#8221; shape=&#8221;img-round&#8221; radius=&#8221;std&#8221; advanced=&#8221;yes&#8221; media_items=&#8221;media|original&#8221; media_overlay_color=&#8221;color-jevc&#8221; media_overlay_coloration=&#8221;bottom_gradient&#8221; media_overlay_opacity=&#8221;60&#8243; media_overlay_visible=&#8221;yes&#8221; media_overlay_anim=&#8221;no&#8221; media_text_visible=&#8221;yes&#8221; media_text_anim=&#8221;no&#8221; media_v_position=&#8221;bottom&#8221; media_padding=&#8221;2&#8243; media_title_dimension=&#8221;h1&#8243; media_title_custom=&#8221;PITCHES&#8221; media_link=&#8221;url:https%3A%2F%2Fadriatik-kamp.com%2Fsl%2Fpremium-seafront-parcele%2F|title:Parcele%20Premium%20Seafront&#8221; uncode_shortcode_id=&#8221;191808&#8243; media_overlay_color_type=&#8221;uncode-palette&#8221; title=&#8221;Parcele Premium Seafront&#8221;][\/vc_column][\/vc_row][vc_row row_height_percent=&#8221;0&#8243; override_padding=&#8221;yes&#8221; h_padding=&#8221;2&#8243; top_padding=&#8221;2&#8243; bottom_padding=&#8221;4&#8243; overlay_alpha=&#8221;50&#8243; equal_height=&#8221;yes&#8221; gutter_size=&#8221;3&#8243; column_width_percent=&#8221;100&#8243; shift_y=&#8221;0&#8243; z_index=&#8221;0&#8243;][vc_column width=&#8221;1\/2&#8243;][vc_single_image media=&#8221;7910&#8243; media_width_percent=&#8221;100&#8243; media_ratio=&#8221;four-three&#8221; shape=&#8221;img-round&#8221; radius=&#8221;std&#8221; advanced=&#8221;yes&#8221; media_items=&#8221;media|original&#8221; media_overlay_color=&#8221;color-jevc&#8221; media_overlay_coloration=&#8221;bottom_gradient&#8221; media_overlay_opacity=&#8221;60&#8243; media_overlay_visible=&#8221;yes&#8221; media_overlay_anim=&#8221;no&#8221; media_text_visible=&#8221;yes&#8221; media_text_anim=&#8221;no&#8221; media_v_position=&#8221;bottom&#8221; media_padding=&#8221;2&#8243; media_title_dimension=&#8221;h1&#8243; media_title_custom=&#8221;PITCHES&#8221; media_link=&#8221;url:https%3A%2F%2Fadriatik-kamp.com%2Fsl%2Fdeluxe-parcele%2F|title:Parcele%20Deluxe&#8221; uncode_shortcode_id=&#8221;117173&#8243; media_overlay_color_type=&#8221;uncode-palette&#8221; title=&#8221;Parcele Deluxe&#8221;][\/vc_column][vc_column column_width_percent=&#8221;100&#8243; gutter_size=&#8221;3&#8243; overlay_alpha=&#8221;50&#8243; shift_x=&#8221;0&#8243; shift_y=&#8221;0&#8243; shift_y_down=&#8221;0&#8243; z_index=&#8221;0&#8243; medium_visibility=&#8221;yes&#8221; medium_width=&#8221;0&#8243; mobile_visibility=&#8221;yes&#8221; mobile_width=&#8221;0&#8243; width=&#8221;1\/2&#8243; uncode_shortcode_id=&#8221;213212&#8243;][vc_single_image media=&#8221;7822&#8243; media_width_percent=&#8221;100&#8243; media_ratio=&#8221;four-three&#8221; shape=&#8221;img-round&#8221; radius=&#8221;std&#8221; advanced=&#8221;yes&#8221; media_items=&#8221;media|original&#8221; media_overlay_color=&#8221;color-jevc&#8221; media_overlay_coloration=&#8221;bottom_gradient&#8221; media_overlay_opacity=&#8221;60&#8243; media_overlay_visible=&#8221;yes&#8221; media_overlay_anim=&#8221;no&#8221; media_text_visible=&#8221;yes&#8221; media_text_anim=&#8221;no&#8221; media_v_position=&#8221;bottom&#8221; media_padding=&#8221;2&#8243; media_title_dimension=&#8221;h1&#8243; media_title_custom=&#8221;PITCHES&#8221; media_link=&#8221;url:https%3A%2F%2Fadriatik-kamp.com%2Fsl%2Fstandardne-parcele-z-razgledom-na-morje%2F|title:Standardne%20parcele%20z%20razgledom%20na%20morje&#8221; uncode_shortcode_id=&#8221;636515&#8243; media_overlay_color_type=&#8221;uncode-palette&#8221; title=&#8221;Standardne parcele z razgledom na morje&#8221;][\/vc_column][\/vc_row][vc_row row_height_percent=&#8221;0&#8243; override_padding=&#8221;yes&#8221; h_padding=&#8221;2&#8243; top_padding=&#8221;2&#8243; bottom_padding=&#8221;4&#8243; overlay_alpha=&#8221;50&#8243; equal_height=&#8221;yes&#8221; gutter_size=&#8221;3&#8243; column_width_percent=&#8221;100&#8243; shift_y=&#8221;0&#8243; z_index=&#8221;0&#8243;][vc_column width=&#8221;1\/2&#8243;][vc_single_image media=&#8221;6788&#8243; media_width_percent=&#8221;100&#8243; media_ratio=&#8221;four-three&#8221; shape=&#8221;img-round&#8221; radius=&#8221;std&#8221; advanced=&#8221;yes&#8221; media_items=&#8221;media|original&#8221; media_overlay_color=&#8221;color-jevc&#8221; media_overlay_coloration=&#8221;bottom_gradient&#8221; media_overlay_opacity=&#8221;60&#8243; media_overlay_visible=&#8221;yes&#8221; media_overlay_anim=&#8221;no&#8221; media_text_visible=&#8221;yes&#8221; media_text_anim=&#8221;no&#8221; media_v_position=&#8221;bottom&#8221; media_padding=&#8221;2&#8243; media_title_dimension=&#8221;h1&#8243; media_title_custom=&#8221;PITCHES&#8221; media_link=&#8221;url:https%3A%2F%2Fadriatik-kamp.com%2Fsl%2Fstandardne-parcele-z-razgledom-na-kamp%2F|title:Standardne%20parcele%20z%20razgledom%20na%20kamp&#8221; uncode_shortcode_id=&#8221;892825&#8243; media_overlay_color_type=&#8221;uncode-palette&#8221; title=&#8221;Standardne parcele z razgledom na kamp&#8221;][\/vc_column][vc_column column_width_percent=&#8221;100&#8243; gutter_size=&#8221;3&#8243; overlay_alpha=&#8221;50&#8243; shift_x=&#8221;0&#8243; shift_y=&#8221;0&#8243; shift_y_down=&#8221;0&#8243; z_index=&#8221;0&#8243; medium_visibility=&#8221;yes&#8221; medium_width=&#8221;0&#8243; mobile_visibility=&#8221;yes&#8221; mobile_width=&#8221;0&#8243; width=&#8221;1\/2&#8243; uncode_shortcode_id=&#8221;213212&#8243;][vc_single_image media=&#8221;7966&#8243; media_width_percent=&#8221;100&#8243; media_ratio=&#8221;four-three&#8221; shape=&#8221;img-round&#8221; radius=&#8221;std&#8221; advanced=&#8221;yes&#8221; media_items=&#8221;media|original&#8221; media_overlay_color=&#8221;color-jevc&#8221; media_overlay_coloration=&#8221;bottom_gradient&#8221; media_overlay_opacity=&#8221;60&#8243; media_overlay_visible=&#8221;yes&#8221; media_overlay_anim=&#8221;no&#8221; media_text_visible=&#8221;yes&#8221; media_text_anim=&#8221;no&#8221; media_v_position=&#8221;bottom&#8221; media_padding=&#8221;2&#8243; media_title_dimension=&#8221;h1&#8243; media_title_custom=&#8221;PITCHES&#8221; media_link=&#8221;url:https%3A%2F%2Fadriatik-kamp.com%2Fsl%2Fsotorisca-ob-morju%2F|title:%C5%A0otori%C5%A1%C4%8Da%20ob%20morju&#8221; uncode_shortcode_id=&#8221;142504&#8243; media_overlay_color_type=&#8221;uncode-palette&#8221; title=&#8221;\u0160otori\u0161\u010da ob morju&#8221;][\/vc_column][\/vc_row]<\/p>\n<\/div>","protected":false},"excerpt":{"rendered":"<p>[vc_row row_height_percent=&#8221;0&#8243; override_padding=&#8221;yes&#8221; h_padding=&#8221;2&#8243; top_padding=&#8221;3&#8243; bottom_padding=&#8221;2&#8243; overlay_alpha=&#8221;50&#8243; gutter_size=&#8221;3&#8243; column_width_percent=&#8221;100&#8243; shift_y=&#8221;0&#8243; z_index=&#8221;0&#8243;][vc_column column_width_percent=&#8221;100&#8243; gutter_size=&#8221;2&#8243; back_color=&#8221;color-207971&#8243; overlay_alpha=&#8221;50&#8243; border_color=&#8221;color-platinum&#8221; border_style=&#8221;solid&#8221; shift_x=&#8221;0&#8243; shift_y=&#8221;0&#8243; shift_y_down=&#8221;0&#8243; [&hellip;]<\/p>\n","protected":false},"author":6,"featured_media":7641,"parent":0,"menu_order":0,"comment_status":"closed","ping_status":"closed","template":"","meta":{"footnotes":""},"class_list":["post-8088","page","type-page","status-publish","has-post-thumbnail","hentry","page_category-index-sl"],"_links":{"self":[{"href":"https:\/\/adriatik-kamp.com\/sl\/wp-json\/wp\/v2\/pages\/8088","targetHints":{"allow":["GET"]}}],"collection":[{"href":"https:\/\/adriatik-kamp.com\/sl\/wp-json\/wp\/v2\/pages"}],"about":[{"href":"https:\/\/adriatik-kamp.com\/sl\/wp-json\/wp\/v2\/types\/page"}],"author":[{"embeddable":true,"href":"https:\/\/adriatik-kamp.com\/sl\/wp-json\/wp\/v2\/users\/6"}],"replies":[{"embeddable":true,"href":"https:\/\/adriatik-kamp.com\/sl\/wp-json\/wp\/v2\/comments?post=8088"}],"version-history":[{"count":9,"href":"https:\/\/adriatik-kamp.com\/sl\/wp-json\/wp\/v2\/pages\/8088\/revisions"}],"predecessor-version":[{"id":9848,"href":"https:\/\/adriatik-kamp.com\/sl\/wp-json\/wp\/v2\/pages\/8088\/revisions\/9848"}],"wp:featuredmedia":[{"embeddable":true,"href":"https:\/\/adriatik-kamp.com\/sl\/wp-json\/wp\/v2\/media\/7641"}],"wp:attachment":[{"href":"https:\/\/adriatik-kamp.com\/sl\/wp-json\/wp\/v2\/media?parent=8088"}],"curies":[{"name":"wp","href":"https:\/\/api.w.org\/{rel}","templated":true}]}}