{"id":7978,"date":"2026-01-28T09:38:55","date_gmt":"2026-01-28T07:38:55","guid":{"rendered":"https:\/\/adriatik-kamp.com\/zeltplaetze-am-meer\/"},"modified":"2026-01-28T09:46:37","modified_gmt":"2026-01-28T07:46:37","slug":"sotorisca-ob-morju","status":"publish","type":"page","link":"https:\/\/adriatik-kamp.com\/sl\/sotorisca-ob-morju\/","title":{"rendered":"\u0160otori\u0161\u010da ob morju"},"content":{"rendered":"<div class=\"wpb-content-wrapper\"><p>[vc_row][vc_column width=&#8221;1\/2&#8243;][vc_custom_heading uncode_shortcode_id=&#8221;326566&#8243;]<\/p>\n<h1>\u0160otori\u0161\u010da ob morju<\/h1>\n<p>[\/vc_custom_heading][vc_column_text uncode_shortcode_id=&#8221;198662&#8243;]Na\u0161a <strong>\u0161otori\u0161\u010da<\/strong> se nahajajo v neposredni bli\u017eini morja, v mirnem in naravnem okolju, ki kampistom nudi spro\u0161\u010dujo\u010de vzdu\u0161je.<br \/>\nVe\u010dino obmo\u010dja pokriva senca \u010dudovitega borovega gozda, ki zagotavlja prijetno temperaturo in sve\u017e zrak skozi cel dan.<\/p>\n<p>Obmo\u010dja so namenjena izklju\u010dno \u0161otorom, parkirna mesta za avtomobile pa se nahajajo v neposredni bli\u017eini za prakti\u010den dostop.<br \/>\nVse parcele so opremljene z elektri\u010dnim priklju\u010dkom in Wi-Fi signalom, kar omogo\u010da prijeten in povezan oddih.<\/p>\n<p>Idealno za ljubitelje narave in mirnega po\u010ditka ob morju.[\/vc_column_text][vc_single_image media=&#8221;7945&#8243; media_width_percent=&#8221;100&#8243; uncode_shortcode_id=&#8221;766956&#8243;][\/vc_column][vc_column width=&#8221;1\/2&#8243;][vc_gallery el_id=&#8221;gallery-731742&#8243; medias=&#8221;7952,7959,7966&#8243; gutter_size=&#8221;3&#8243; single_overlay_opacity=&#8221;50&#8243; single_padding=&#8221;2&#8243; uncode_shortcode_id=&#8221;598157&#8243; title=&#8221;Mobilne ku\u0107ice s pogledom na kamp&#8221;][\/vc_column][\/vc_row]<\/p>\n<\/div>","protected":false},"excerpt":{"rendered":"<p>[vc_row][vc_column width=&#8221;1\/2&#8243;][vc_custom_heading uncode_shortcode_id=&#8221;326566&#8243;] \u0160otori\u0161\u010da ob morju [\/vc_custom_heading][vc_column_text uncode_shortcode_id=&#8221;198662&#8243;]Na\u0161a \u0161otori\u0161\u010da se nahajajo v neposredni bli\u017eini morja, v mirnem in naravnem okolju, [&hellip;]<\/p>\n","protected":false},"author":6,"featured_media":0,"parent":0,"menu_order":0,"comment_status":"closed","ping_status":"closed","template":"","meta":{"footnotes":""},"class_list":["post-7978","page","type-page","status-publish","hentry"],"_links":{"self":[{"href":"https:\/\/adriatik-kamp.com\/sl\/wp-json\/wp\/v2\/pages\/7978","targetHints":{"allow":["GET"]}}],"collection":[{"href":"https:\/\/adriatik-kamp.com\/sl\/wp-json\/wp\/v2\/pages"}],"about":[{"href":"https:\/\/adriatik-kamp.com\/sl\/wp-json\/wp\/v2\/types\/page"}],"author":[{"embeddable":true,"href":"https:\/\/adriatik-kamp.com\/sl\/wp-json\/wp\/v2\/users\/6"}],"replies":[{"embeddable":true,"href":"https:\/\/adriatik-kamp.com\/sl\/wp-json\/wp\/v2\/comments?post=7978"}],"version-history":[{"count":2,"href":"https:\/\/adriatik-kamp.com\/sl\/wp-json\/wp\/v2\/pages\/7978\/revisions"}],"predecessor-version":[{"id":7980,"href":"https:\/\/adriatik-kamp.com\/sl\/wp-json\/wp\/v2\/pages\/7978\/revisions\/7980"}],"wp:attachment":[{"href":"https:\/\/adriatik-kamp.com\/sl\/wp-json\/wp\/v2\/media?parent=7978"}],"curies":[{"name":"wp","href":"https:\/\/api.w.org\/{rel}","templated":true}]}}