{"id":7929,"date":"2026-01-28T09:27:41","date_gmt":"2026-01-28T07:27:41","guid":{"rendered":"https:\/\/adriatik-kamp.com\/standard-stellplaetze-mit-blick-auf-den-campingplatz\/"},"modified":"2026-01-28T09:35:17","modified_gmt":"2026-01-28T07:35:17","slug":"standardne-parcele-z-razgledom-na-kamp","status":"publish","type":"page","link":"https:\/\/adriatik-kamp.com\/sl\/standardne-parcele-z-razgledom-na-kamp\/","title":{"rendered":"Standardne parcele z razgledom na kamp"},"content":{"rendered":"<div class=\"wpb-content-wrapper\"><p>[vc_row][vc_column width=&#8221;1\/2&#8243;][vc_custom_heading uncode_shortcode_id=&#8221;141967&#8243;]<\/p>\n<h1>Standardne parcele z razgledom na kamp<\/h1>\n<p>[\/vc_custom_heading][vc_column_text uncode_shortcode_id=&#8221;790140&#8243;]Na\u0161e <strong>Standard<\/strong> parcele z razgledom na kamp se nahajajo v zgornjem delu kampa, v neposredni bli\u017eini sanitarnih blokov, kar zagotavlja prakti\u010dnost in udobje med bivanjem.<br \/>\nVe\u010dino dneva obsijane s soncem, te parcele velikosti od 70 do 120 m\u00b2 nudijo prijeten in svetel prostor za \u0161otore, prikolice ali avtodome\/kombi vozila.<\/p>\n<p>Vse parcele so opremljene z elektri\u010dnim priklju\u010dkom in Wi-Fi signalom, kar gostom omogo\u010da brezskrben in prakti\u010den oddih.<br \/>\nIdealne so za vse, ki \u017eelijo u\u017eivati v kamping izku\u0161nji s \u010dudovitim razgledom na kamp in okolico.[\/vc_column_text][vc_single_image media=&#8221;7903&#8243; media_width_percent=&#8221;100&#8243; uncode_shortcode_id=&#8221;104334&#8243;][\/vc_column][vc_column width=&#8221;1\/2&#8243;][vc_gallery el_id=&#8221;gallery-731742&#8243; medias=&#8221;7889,7896,7910,7917&#8243; gutter_size=&#8221;3&#8243; single_overlay_opacity=&#8221;50&#8243; single_padding=&#8221;2&#8243; uncode_shortcode_id=&#8221;127617&#8243; title=&#8221;Mobilne ku\u0107ice s pogledom na kamp&#8221;][\/vc_column][\/vc_row]<\/p>\n<\/div>","protected":false},"excerpt":{"rendered":"<p>[vc_row][vc_column width=&#8221;1\/2&#8243;][vc_custom_heading uncode_shortcode_id=&#8221;141967&#8243;] Standardne parcele z razgledom na kamp [\/vc_custom_heading][vc_column_text uncode_shortcode_id=&#8221;790140&#8243;]Na\u0161e Standard parcele z razgledom na kamp se nahajajo v [&hellip;]<\/p>\n","protected":false},"author":6,"featured_media":0,"parent":0,"menu_order":0,"comment_status":"closed","ping_status":"closed","template":"","meta":{"footnotes":""},"class_list":["post-7929","page","type-page","status-publish","hentry"],"_links":{"self":[{"href":"https:\/\/adriatik-kamp.com\/sl\/wp-json\/wp\/v2\/pages\/7929","targetHints":{"allow":["GET"]}}],"collection":[{"href":"https:\/\/adriatik-kamp.com\/sl\/wp-json\/wp\/v2\/pages"}],"about":[{"href":"https:\/\/adriatik-kamp.com\/sl\/wp-json\/wp\/v2\/types\/page"}],"author":[{"embeddable":true,"href":"https:\/\/adriatik-kamp.com\/sl\/wp-json\/wp\/v2\/users\/6"}],"replies":[{"embeddable":true,"href":"https:\/\/adriatik-kamp.com\/sl\/wp-json\/wp\/v2\/comments?post=7929"}],"version-history":[{"count":2,"href":"https:\/\/adriatik-kamp.com\/sl\/wp-json\/wp\/v2\/pages\/7929\/revisions"}],"predecessor-version":[{"id":7931,"href":"https:\/\/adriatik-kamp.com\/sl\/wp-json\/wp\/v2\/pages\/7929\/revisions\/7931"}],"wp:attachment":[{"href":"https:\/\/adriatik-kamp.com\/sl\/wp-json\/wp\/v2\/media?parent=7929"}],"curies":[{"name":"wp","href":"https:\/\/api.w.org\/{rel}","templated":true}]}}