{"id":7871,"date":"2026-01-28T09:11:53","date_gmt":"2026-01-28T07:11:53","guid":{"rendered":"https:\/\/adriatik-kamp.com\/standard-stellplaetze-mit-meerblick\/"},"modified":"2026-01-28T09:23:45","modified_gmt":"2026-01-28T07:23:45","slug":"standardne-parcele-z-razgledom-na-morje","status":"publish","type":"page","link":"https:\/\/adriatik-kamp.com\/sl\/standardne-parcele-z-razgledom-na-morje\/","title":{"rendered":"Standardne parcele z razgledom na morje"},"content":{"rendered":"<div class=\"wpb-content-wrapper\"><p>[vc_row][vc_column width=&#8221;1\/2&#8243;][vc_custom_heading uncode_shortcode_id=&#8221;732104&#8243;]<\/p>\n<h1>Standardne parcele z razgledom na morje<\/h1>\n<p>[\/vc_custom_heading][vc_column_text uncode_shortcode_id=&#8221;110774&#8243;]Nahajajo se v osrednjem delu kampa, na\u0161e <strong>Standard<\/strong> parcele so idealne za vse, ki i\u0161\u010dejo prakti\u010dno in prijetno kampiranje.<br \/>\nParcele velikosti od 40 do 100 m\u00b2 so posebej primerne za \u0161otore, manj\u0161e prikolice ali avtodome\/kombi vozila.<\/p>\n<p>Vse parcele so opremljene z elektri\u010dnim priklju\u010dkom in Wi-Fi signalom, kar zagotavlja vse potrebno za brezskrben oddih.<br \/>\nV neposredni bli\u017eini se nahaja tudi pla\u017ea za pse, zaradi \u010desar so te parcele odli\u010dna izbira tudi za lastnike hi\u0161nih ljubljen\u010dkov.[\/vc_column_text][vc_single_image media=&#8221;7836&#8243; media_width_percent=&#8221;100&#8243; uncode_shortcode_id=&#8221;116888&#8243;][\/vc_column][vc_column width=&#8221;1\/2&#8243;][vc_gallery el_id=&#8221;gallery-731742&#8243; medias=&#8221;7822,7829,7843,7857,7850&#8243; gutter_size=&#8221;3&#8243; single_overlay_opacity=&#8221;50&#8243; single_padding=&#8221;2&#8243; uncode_shortcode_id=&#8221;184846&#8243; title=&#8221;Mobilne ku\u0107ice s pogledom na kamp&#8221;][\/vc_column][\/vc_row]<\/p>\n<\/div>","protected":false},"excerpt":{"rendered":"<p>[vc_row][vc_column width=&#8221;1\/2&#8243;][vc_custom_heading uncode_shortcode_id=&#8221;732104&#8243;] Standardne parcele z razgledom na morje [\/vc_custom_heading][vc_column_text uncode_shortcode_id=&#8221;110774&#8243;]Nahajajo se v osrednjem delu kampa, na\u0161e Standard parcele so [&hellip;]<\/p>\n","protected":false},"author":6,"featured_media":0,"parent":0,"menu_order":0,"comment_status":"closed","ping_status":"closed","template":"","meta":{"footnotes":""},"class_list":["post-7871","page","type-page","status-publish","hentry"],"_links":{"self":[{"href":"https:\/\/adriatik-kamp.com\/sl\/wp-json\/wp\/v2\/pages\/7871","targetHints":{"allow":["GET"]}}],"collection":[{"href":"https:\/\/adriatik-kamp.com\/sl\/wp-json\/wp\/v2\/pages"}],"about":[{"href":"https:\/\/adriatik-kamp.com\/sl\/wp-json\/wp\/v2\/types\/page"}],"author":[{"embeddable":true,"href":"https:\/\/adriatik-kamp.com\/sl\/wp-json\/wp\/v2\/users\/6"}],"replies":[{"embeddable":true,"href":"https:\/\/adriatik-kamp.com\/sl\/wp-json\/wp\/v2\/comments?post=7871"}],"version-history":[{"count":2,"href":"https:\/\/adriatik-kamp.com\/sl\/wp-json\/wp\/v2\/pages\/7871\/revisions"}],"predecessor-version":[{"id":7873,"href":"https:\/\/adriatik-kamp.com\/sl\/wp-json\/wp\/v2\/pages\/7871\/revisions\/7873"}],"wp:attachment":[{"href":"https:\/\/adriatik-kamp.com\/sl\/wp-json\/wp\/v2\/media?parent=7871"}],"curies":[{"name":"wp","href":"https:\/\/api.w.org\/{rel}","templated":true}]}}