{"id":7804,"date":"2026-01-28T08:58:10","date_gmt":"2026-01-28T06:58:10","guid":{"rendered":"https:\/\/adriatik-kamp.com\/deluxe-stellplaetze\/"},"modified":"2026-01-28T09:05:59","modified_gmt":"2026-01-28T07:05:59","slug":"deluxe-parcele","status":"publish","type":"page","link":"https:\/\/adriatik-kamp.com\/sl\/deluxe-parcele\/","title":{"rendered":"Deluxe parcele"},"content":{"rendered":"<div class=\"wpb-content-wrapper\"><p>[vc_row][vc_column width=&#8221;1\/2&#8243;][vc_custom_heading uncode_shortcode_id=&#8221;116282&#8243;]<\/p>\n<h1>Deluxe parcele<\/h1>\n<p>[\/vc_custom_heading][vc_column_text uncode_shortcode_id=&#8221;146311&#8243;]Nahajajo se v osrednjem delu kampa, na\u0161e <strong>Deluxe<\/strong> parcele nudijo popolno kombinacijo miru, zasebnosti in naravnega okolja.<br \/>\nObdane z zelenjem in delno senco, te parcele velikosti od 50 do 120 m\u00b2 zagotavljajo prijetno in spro\u0161\u010dujo\u010de vzdu\u0161je za vse, ki \u017eelijo bivati v neposredni bli\u017eini narave.<\/p>\n<p>Vsaka parcela je opremljena z elektri\u010dnim priklju\u010dkom, vodo in Wi-Fi signalom, kar omogo\u010da prijeten in brezskrben oddih \u2013 idealno za dru\u017eine, pare in vse ljubitelje naravne po\u010ditnice.[\/vc_column_text][vc_single_image media=&#8221;7757&#8243; media_width_percent=&#8221;100&#8243; uncode_shortcode_id=&#8221;435496&#8243;][\/vc_column][vc_column width=&#8221;1\/2&#8243;][vc_gallery el_id=&#8221;gallery-731742&#8243; medias=&#8221;7750,7764,7771,7778,7785,7792&#8243; gutter_size=&#8221;3&#8243; single_overlay_opacity=&#8221;50&#8243; single_padding=&#8221;2&#8243; uncode_shortcode_id=&#8221;207956&#8243; title=&#8221;Mobilne ku\u0107ice s pogledom na kamp&#8221;][\/vc_column][\/vc_row]<\/p>\n<\/div>","protected":false},"excerpt":{"rendered":"<p>[vc_row][vc_column width=&#8221;1\/2&#8243;][vc_custom_heading uncode_shortcode_id=&#8221;116282&#8243;] Deluxe parcele [\/vc_custom_heading][vc_column_text uncode_shortcode_id=&#8221;146311&#8243;]Nahajajo se v osrednjem delu kampa, na\u0161e Deluxe parcele nudijo popolno kombinacijo miru, zasebnosti [&hellip;]<\/p>\n","protected":false},"author":6,"featured_media":0,"parent":0,"menu_order":0,"comment_status":"closed","ping_status":"closed","template":"","meta":{"footnotes":""},"class_list":["post-7804","page","type-page","status-publish","hentry"],"_links":{"self":[{"href":"https:\/\/adriatik-kamp.com\/sl\/wp-json\/wp\/v2\/pages\/7804","targetHints":{"allow":["GET"]}}],"collection":[{"href":"https:\/\/adriatik-kamp.com\/sl\/wp-json\/wp\/v2\/pages"}],"about":[{"href":"https:\/\/adriatik-kamp.com\/sl\/wp-json\/wp\/v2\/types\/page"}],"author":[{"embeddable":true,"href":"https:\/\/adriatik-kamp.com\/sl\/wp-json\/wp\/v2\/users\/6"}],"replies":[{"embeddable":true,"href":"https:\/\/adriatik-kamp.com\/sl\/wp-json\/wp\/v2\/comments?post=7804"}],"version-history":[{"count":2,"href":"https:\/\/adriatik-kamp.com\/sl\/wp-json\/wp\/v2\/pages\/7804\/revisions"}],"predecessor-version":[{"id":7806,"href":"https:\/\/adriatik-kamp.com\/sl\/wp-json\/wp\/v2\/pages\/7804\/revisions\/7806"}],"wp:attachment":[{"href":"https:\/\/adriatik-kamp.com\/sl\/wp-json\/wp\/v2\/media?parent=7804"}],"curies":[{"name":"wp","href":"https:\/\/api.w.org\/{rel}","templated":true}]}}