{"id":7730,"date":"2026-01-28T08:41:47","date_gmt":"2026-01-28T06:41:47","guid":{"rendered":"https:\/\/adriatik-kamp.com\/premium-seafront-stellplaetze\/"},"modified":"2026-01-28T08:53:05","modified_gmt":"2026-01-28T06:53:05","slug":"premium-seafront-parcele","status":"publish","type":"page","link":"https:\/\/adriatik-kamp.com\/sl\/premium-seafront-parcele\/","title":{"rendered":"Premium Seafront parcele"},"content":{"rendered":"<div class=\"wpb-content-wrapper\"><p>[vc_row][vc_column width=&#8221;1\/2&#8243;][vc_custom_heading uncode_shortcode_id=&#8221;684538&#8243;]<\/p>\n<h1><strong>Premium Seafront parcele<\/strong><\/h1>\n<p>[\/vc_custom_heading][vc_column_text uncode_shortcode_id=&#8221;100846&#8243;]Nahajajo se v prvem, drugem, tretjem in \u010detrtem nizu od morja, na\u0161e <strong>Premium Seafront<\/strong> parcele nudijo popolno kombinacijo zasebnosti, miru in bli\u017eine pla\u017ee.<br \/>\nObdane z borovim gozdom, zagotavljajo delno senco in naravno za\u0161\u010dito pred soncem, idealno za sprostitev \u010dez cel dan.<\/p>\n<p>V terasastem nizu, povr\u0161ine od 60 do 120 m\u00b2, so parcele delno son\u010dne in opremljene z vsemi potrebnimi vsebinami: elektriko, vodo in Wi-Fi signalom, kar omogo\u010da prijeten in brezskrben oddih.<\/p>\n<p>Popolne so za ljubitelje narave, dru\u017eine in pare, ki i\u0161\u010dejo miren in spro\u0161\u010dujo\u010d dopust ob morju v avtenti\u010dnem mediteranskem vzdu\u0161ju.[\/vc_column_text][vc_single_image media=&#8221;7697&#8243; media_width_percent=&#8221;100&#8243; uncode_shortcode_id=&#8221;828577&#8243;][\/vc_column][vc_column width=&#8221;1\/2&#8243;][vc_gallery el_id=&#8221;gallery-731742&#8243; medias=&#8221;7683,7690,7704,7711,7718&#8243; gutter_size=&#8221;3&#8243; single_overlay_opacity=&#8221;50&#8243; single_padding=&#8221;2&#8243; uncode_shortcode_id=&#8221;183552&#8243; title=&#8221;Mobilne ku\u0107ice s pogledom na kamp&#8221;][\/vc_column][\/vc_row]<\/p>\n<\/div>","protected":false},"excerpt":{"rendered":"<p>[vc_row][vc_column width=&#8221;1\/2&#8243;][vc_custom_heading uncode_shortcode_id=&#8221;684538&#8243;] Premium Seafront parcele [\/vc_custom_heading][vc_column_text uncode_shortcode_id=&#8221;100846&#8243;]Nahajajo se v prvem, drugem, tretjem in \u010detrtem nizu od morja, na\u0161e Premium [&hellip;]<\/p>\n","protected":false},"author":6,"featured_media":0,"parent":0,"menu_order":0,"comment_status":"closed","ping_status":"closed","template":"","meta":{"footnotes":""},"class_list":["post-7730","page","type-page","status-publish","hentry"],"_links":{"self":[{"href":"https:\/\/adriatik-kamp.com\/sl\/wp-json\/wp\/v2\/pages\/7730","targetHints":{"allow":["GET"]}}],"collection":[{"href":"https:\/\/adriatik-kamp.com\/sl\/wp-json\/wp\/v2\/pages"}],"about":[{"href":"https:\/\/adriatik-kamp.com\/sl\/wp-json\/wp\/v2\/types\/page"}],"author":[{"embeddable":true,"href":"https:\/\/adriatik-kamp.com\/sl\/wp-json\/wp\/v2\/users\/6"}],"replies":[{"embeddable":true,"href":"https:\/\/adriatik-kamp.com\/sl\/wp-json\/wp\/v2\/comments?post=7730"}],"version-history":[{"count":3,"href":"https:\/\/adriatik-kamp.com\/sl\/wp-json\/wp\/v2\/pages\/7730\/revisions"}],"predecessor-version":[{"id":7733,"href":"https:\/\/adriatik-kamp.com\/sl\/wp-json\/wp\/v2\/pages\/7730\/revisions\/7733"}],"wp:attachment":[{"href":"https:\/\/adriatik-kamp.com\/sl\/wp-json\/wp\/v2\/media?parent=7730"}],"curies":[{"name":"wp","href":"https:\/\/api.w.org\/{rel}","templated":true}]}}