{"id":7661,"date":"2026-01-28T07:45:53","date_gmt":"2026-01-28T05:45:53","guid":{"rendered":"https:\/\/adriatik-kamp.com\/cliff-mobilheime-mit-meerblick-21\/"},"modified":"2026-03-18T13:51:59","modified_gmt":"2026-03-18T11:51:59","slug":"cliff-mobilne-hiske-z-razgledom-na-morje-21","status":"publish","type":"page","link":"https:\/\/adriatik-kamp.com\/sl\/cliff-mobilne-hiske-z-razgledom-na-morje-21\/","title":{"rendered":"Cliff mobilne hi\u0161ke z razgledom na morje (2+1)"},"content":{"rendered":"<div class=\"wpb-content-wrapper\"><p>[vc_row][vc_column width=&#8221;1\/2&#8243;][vc_custom_heading uncode_shortcode_id=&#8221;128935&#8243;]<\/p>\n<h1><strong>Cliff mobilne hi\u0161ke z razgledom na morje (2+1)<\/strong><\/h1>\n<p>[\/vc_custom_heading][vc_column_text uncode_shortcode_id=&#8221;715946&#8243;]S 19 m\u00b2 udobnega prostora so te mobilne hi\u0161ke idealne za pare ali manj\u0161e dru\u017eine, ki i\u0161\u010dejo spro\u0161\u010dujo\u010de in intimno bivanje.<br \/>\nU\u017eivajte v popolnem ravnovesju zasebnosti in narave, ob pomirjujo\u010dem zvoku valov in sve\u017eem vonju borovega gozda.<\/p>\n<p>Nahajajo se na levi strani kampa, vsaka enota je klimatizirana in popolnoma opremljena za brezskrben oddih do 3 oseb (2+1).[\/vc_column_text][vc_column_text uncode_shortcode_id=&#8221;216927&#8243;]<strong>Mobilna hi\u0161ka vsebuje:<\/strong>[\/vc_column_text][uncode_list icon=&#8221;fa fa-check&#8221; uncode_shortcode_id=&#8221;211342&#8243;]<\/p>\n<ul>\n<li>Dvoposteljna spalnica (160 x 200 cm)<\/li>\n<li>Kopalnica s tu\u0161em in kadjo ter WC-jem<\/li>\n<li>Kotna sede\u017ena garnitura, ki se lahko spremeni v dodatno posteljo (80 x 198 cm)<\/li>\n<li>Jedilna miza s stoli<\/li>\n<li>Popolnoma opremljena kuhinja: elektri\u010dni \u0161tedilnik, pomivalni stroj, hladilnik z zamrzovalnikom, kavni aparat s filtrom, grelnik vode, posoda in pribor za jedilni pribor<\/li>\n<li>Klimatska naprava, SAT TV, Wi-Fi<\/li>\n<li>Posteljnina (menjava enkrat na teden) in brisa\u010de (menjava vsake tri dni)<\/li>\n<li>Terasa (16 m\u00b2) z nadstre\u0161kom, sede\u017eno garnituro in dvema le\u017ealnikoma za pla\u017eo<\/li>\n<li>Stojalo za su\u0161enje perila<\/li>\n<li>Su\u0161ilec za lase, toaletni pribor, 220V vti\u010dnice<\/li>\n<li>Zasebno parkiri\u0161\u010de ob mobilni hi\u0161ki<\/li>\n<li style=\"list-style-type: none;\"><\/li>\n<\/ul>\n<p>[\/uncode_list][\/vc_column][vc_column width=&#8221;1\/2&#8243;][vc_gallery el_id=&#8221;gallery-731742&#8243; medias=&#8221;7613,7620,7627,7634,7648,7641&#8243; gutter_size=&#8221;3&#8243; single_overlay_opacity=&#8221;50&#8243; single_padding=&#8221;2&#8243; uncode_shortcode_id=&#8221;191575&#8243; title=&#8221;Mobilne ku\u0107ice s pogledom na kamp&#8221;][\/vc_column][\/vc_row]<\/p>\n<\/div>","protected":false},"excerpt":{"rendered":"<p>[vc_row][vc_column width=&#8221;1\/2&#8243;][vc_custom_heading uncode_shortcode_id=&#8221;128935&#8243;] Cliff mobilne hi\u0161ke z razgledom na morje (2+1) [\/vc_custom_heading][vc_column_text uncode_shortcode_id=&#8221;715946&#8243;]S 19 m\u00b2 udobnega prostora so te mobilne [&hellip;]<\/p>\n","protected":false},"author":6,"featured_media":0,"parent":0,"menu_order":0,"comment_status":"closed","ping_status":"closed","template":"","meta":{"footnotes":""},"class_list":["post-7661","page","type-page","status-publish","hentry"],"_links":{"self":[{"href":"https:\/\/adriatik-kamp.com\/sl\/wp-json\/wp\/v2\/pages\/7661","targetHints":{"allow":["GET"]}}],"collection":[{"href":"https:\/\/adriatik-kamp.com\/sl\/wp-json\/wp\/v2\/pages"}],"about":[{"href":"https:\/\/adriatik-kamp.com\/sl\/wp-json\/wp\/v2\/types\/page"}],"author":[{"embeddable":true,"href":"https:\/\/adriatik-kamp.com\/sl\/wp-json\/wp\/v2\/users\/6"}],"replies":[{"embeddable":true,"href":"https:\/\/adriatik-kamp.com\/sl\/wp-json\/wp\/v2\/comments?post=7661"}],"version-history":[{"count":5,"href":"https:\/\/adriatik-kamp.com\/sl\/wp-json\/wp\/v2\/pages\/7661\/revisions"}],"predecessor-version":[{"id":9726,"href":"https:\/\/adriatik-kamp.com\/sl\/wp-json\/wp\/v2\/pages\/7661\/revisions\/9726"}],"wp:attachment":[{"href":"https:\/\/adriatik-kamp.com\/sl\/wp-json\/wp\/v2\/media?parent=7661"}],"curies":[{"name":"wp","href":"https:\/\/api.w.org\/{rel}","templated":true}]}}