{"id":7591,"date":"2026-01-27T22:15:28","date_gmt":"2026-01-27T20:15:28","guid":{"rendered":"https:\/\/adriatik-kamp.com\/mobile-homes-seaside\/"},"modified":"2026-03-18T13:50:05","modified_gmt":"2026-03-18T11:50:05","slug":"cliff-mobilne-hiske-ob-morju","status":"publish","type":"page","link":"https:\/\/adriatik-kamp.com\/sl\/cliff-mobilne-hiske-ob-morju\/","title":{"rendered":"Cliff mobilne hi\u0161ke ob morju"},"content":{"rendered":"<div class=\"wpb-content-wrapper\"><p>[vc_row][vc_column width=&#8221;1\/2&#8243;][vc_custom_heading uncode_shortcode_id=&#8221;180948&#8243;]<\/p>\n<h1><strong>Cliff mobilne hi\u0161ke ob morju<\/strong><\/h1>\n<p>[\/vc_custom_heading][vc_column_text uncode_shortcode_id=&#8221;206907&#8243;]Te \u010dudovite <strong>Cliff mobilne hi\u0161ke<\/strong> so popolno zato\u010di\u0161\u010de za vse, ki i\u0161\u010dejo mir, zasebnost in povezanost z naravo.<br \/>\nNahajajo se na skalnatih predelih, obdane z borovim gozdom, in nudijo \u010dudovit panoramski razgled na kamp in okoli\u0161ko pokrajino, skupaj s spro\u0161\u010dujo\u010dim mediteranskim vzdu\u0161jem.<\/p>\n<p>Vsaka mobilna hi\u0161ka (38 m\u00b2) je klimatizirana in popolnoma opremljena za brezskrben dopust do 6 oseb (4+2).<br \/>\nNahajajo se na levi strani kampa.[\/vc_column_text][vc_column_text uncode_shortcode_id=&#8221;671057&#8243;]<strong>Mobilna hi\u0161ka vsebuje:<\/strong>[\/vc_column_text][uncode_list icon=&#8221;fa fa-check&#8221; uncode_shortcode_id=&#8221;180503&#8243;]<\/p>\n<ul>\n<li>Dve spalnici \u2013 glavna spalnica z zakonsko posteljo (160 x 200 cm) in spalnica z dvema lo\u010denima posteljama (84 x 200 cm)<\/li>\n<li>Dve kopalnici s tu\u0161em in kadjo ter WC-jem<\/li>\n<li>Dnevna soba s kotno sede\u017eno garnituro, ki se lahko spremeni v dodatno posteljo (140 x 190 cm)<\/li>\n<li>Jedilna miza s 4 stoli<\/li>\n<li>Popolnoma opremljena kuhinja: elektri\u010dni \u0161tedilnik, pomivalni stroj, hladilnik z zamrzovalnikom, kavni aparat s filtrom, grelnik vode, posoda in pribor za jedilni pribor<\/li>\n<li>Klimatska naprava, SAT TV, Wi-Fi<\/li>\n<li>Posteljnina (menjava enkrat na teden) in brisa\u010de (menjava vsake tri dni)<\/li>\n<li>Terasa (26 m\u00b2) z nadstre\u0161kom, sede\u017eno garnituro in dvema le\u017ealnikoma<\/li>\n<li>Stojalo za su\u0161enje perila<\/li>\n<li>Su\u0161ilec za lase, toaletni pribor, 220V vti\u010dnice<\/li>\n<li>Zasebno parkiri\u0161\u010de ob mobilni hi\u0161ki<\/li>\n<\/ul>\n<p>[\/uncode_list][vc_single_image media=&#8221;7570&#8243; media_width_percent=&#8221;100&#8243; uncode_shortcode_id=&#8221;216738&#8243;][\/vc_column][vc_column width=&#8221;1\/2&#8243;][vc_gallery el_id=&#8221;gallery-731742&#8243; medias=&#8221;7528,7535,7549,7556,7563,7577,7542&#8243; gutter_size=&#8221;3&#8243; single_overlay_opacity=&#8221;50&#8243; single_padding=&#8221;2&#8243; uncode_shortcode_id=&#8221;168260&#8243; title=&#8221;Mobilne ku\u0107ice s pogledom na kamp&#8221;][\/vc_column][\/vc_row]<\/p>\n<\/div>","protected":false},"excerpt":{"rendered":"<p>[vc_row][vc_column width=&#8221;1\/2&#8243;][vc_custom_heading uncode_shortcode_id=&#8221;180948&#8243;] Cliff mobilne hi\u0161ke ob morju [\/vc_custom_heading][vc_column_text uncode_shortcode_id=&#8221;206907&#8243;]Te \u010dudovite Cliff mobilne hi\u0161ke so popolno zato\u010di\u0161\u010de za vse, ki [&hellip;]<\/p>\n","protected":false},"author":6,"featured_media":0,"parent":0,"menu_order":0,"comment_status":"closed","ping_status":"closed","template":"","meta":{"footnotes":""},"class_list":["post-7591","page","type-page","status-publish","hentry"],"_links":{"self":[{"href":"https:\/\/adriatik-kamp.com\/sl\/wp-json\/wp\/v2\/pages\/7591","targetHints":{"allow":["GET"]}}],"collection":[{"href":"https:\/\/adriatik-kamp.com\/sl\/wp-json\/wp\/v2\/pages"}],"about":[{"href":"https:\/\/adriatik-kamp.com\/sl\/wp-json\/wp\/v2\/types\/page"}],"author":[{"embeddable":true,"href":"https:\/\/adriatik-kamp.com\/sl\/wp-json\/wp\/v2\/users\/6"}],"replies":[{"embeddable":true,"href":"https:\/\/adriatik-kamp.com\/sl\/wp-json\/wp\/v2\/comments?post=7591"}],"version-history":[{"count":5,"href":"https:\/\/adriatik-kamp.com\/sl\/wp-json\/wp\/v2\/pages\/7591\/revisions"}],"predecessor-version":[{"id":9724,"href":"https:\/\/adriatik-kamp.com\/sl\/wp-json\/wp\/v2\/pages\/7591\/revisions\/9724"}],"wp:attachment":[{"href":"https:\/\/adriatik-kamp.com\/sl\/wp-json\/wp\/v2\/media?parent=7591"}],"curies":[{"name":"wp","href":"https:\/\/api.w.org\/{rel}","templated":true}]}}