{"id":7507,"date":"2026-01-27T21:52:47","date_gmt":"2026-01-27T19:52:47","guid":{"rendered":"https:\/\/adriatik-kamp.com\/cliff-mobilheime-mit-meerblick\/"},"modified":"2026-03-18T13:48:48","modified_gmt":"2026-03-18T11:48:48","slug":"cliff-mobilne-hiske-z-razgledom-na-morje","status":"publish","type":"page","link":"https:\/\/adriatik-kamp.com\/sl\/cliff-mobilne-hiske-z-razgledom-na-morje\/","title":{"rendered":"Cliff mobilne hi\u0161ke z razgledom na morje"},"content":{"rendered":"<div class=\"wpb-content-wrapper\"><p>[vc_row][vc_column width=&#8221;1\/2&#8243;][vc_custom_heading uncode_shortcode_id=&#8221;739327&#8243;]<\/p>\n<h1><strong>Cliff mobilne hi\u0161ke z razgledom na morje<\/strong><\/h1>\n<p>[\/vc_custom_heading][vc_column_text uncode_shortcode_id=&#8221;435903&#8243;]Te \u010dudovite <strong>Cliff mobilne hi\u0161ke<\/strong> so popolno zato\u010di\u0161\u010de za vse, ki i\u0161\u010dejo mir, zasebnost in povezanost z naravo.<br \/>\nNahajajo se na skalnatih predelih in so obdane z borovim gozdom, nudijo \u010dudovit panoramski razgled na morje in spro\u0161\u010dujo\u010de mediteransko vzdu\u0161je.<\/p>\n<p>Vsaka mobilna hi\u0161ka (38 m\u00b2) je klimatizirana in popolnoma opremljena za brezskrben dopust do 6 oseb (4+2).<br \/>\nNahajajo se na levi strani kampa.[\/vc_column_text][vc_column_text uncode_shortcode_id=&#8221;494551&#8243;]<strong>Mobilna hi\u0161ka vsebuje:<\/strong>[\/vc_column_text][uncode_list icon=&#8221;fa fa-check&#8221; uncode_shortcode_id=&#8221;875215&#8243;]<\/p>\n<ul>\n<li>Dve spalnici \u2013 glavna spalnica z zakonsko posteljo (160 x 200 cm) in spalnica z dvema lo\u010denima posteljama (84 x 200 cm)<\/li>\n<li>Dve kopalnici s tu\u0161em in kadjo ter WC-jem<\/li>\n<li>Dnevna soba s kotno sede\u017eno garnituro, ki se lahko spremeni v dodatno posteljo (140 x 190 cm)<\/li>\n<li>Jedilna miza s 4 stoli<\/li>\n<li>Popolnoma opremljena kuhinja: elektri\u010dni \u0161tedilnik, pomivalni stroj, hladilnik z zamrzovalnikom, kavni aparat s filtrom, grelnik vode, posoda in pribor za jedilni pribor<\/li>\n<li>Klimatska naprava, SAT TV, Wi-Fi<\/li>\n<li>Posteljnina (menjava enkrat na teden) in brisa\u010de (menjava vsake tri dni)<\/li>\n<li>Terasa (26 m\u00b2) z nadstre\u0161kom, sede\u017eno garnituro in dvema le\u017ealnikoma<\/li>\n<li>Stojalo za su\u0161enje perila<\/li>\n<li>Su\u0161ilec za lase, toaletni pribor, 220V vti\u010dnice<\/li>\n<li>Zasebno parkiri\u0161\u010de ob mobilni hi\u0161ki<\/li>\n<\/ul>\n<p>[\/uncode_list][vc_single_image media=&#8221;7464&#8243; media_width_percent=&#8221;100&#8243; uncode_shortcode_id=&#8221;120618&#8243;][\/vc_column][vc_column width=&#8221;1\/2&#8243;][vc_gallery el_id=&#8221;gallery-731742&#8243; medias=&#8221;7429,7443,7450,7457,7471,7478,7485,7492,7436&#8243; gutter_size=&#8221;3&#8243; single_overlay_opacity=&#8221;50&#8243; single_padding=&#8221;2&#8243; uncode_shortcode_id=&#8221;181666&#8243; title=&#8221;Mobilne ku\u0107ice s pogledom na kamp&#8221;][\/vc_column][\/vc_row]<\/p>\n<\/div>","protected":false},"excerpt":{"rendered":"<p>[vc_row][vc_column width=&#8221;1\/2&#8243;][vc_custom_heading uncode_shortcode_id=&#8221;739327&#8243;] Cliff mobilne hi\u0161ke z razgledom na morje [\/vc_custom_heading][vc_column_text uncode_shortcode_id=&#8221;435903&#8243;]Te \u010dudovite Cliff mobilne hi\u0161ke so popolno zato\u010di\u0161\u010de za [&hellip;]<\/p>\n","protected":false},"author":6,"featured_media":0,"parent":0,"menu_order":0,"comment_status":"closed","ping_status":"closed","template":"","meta":{"footnotes":""},"class_list":["post-7507","page","type-page","status-publish","hentry"],"_links":{"self":[{"href":"https:\/\/adriatik-kamp.com\/sl\/wp-json\/wp\/v2\/pages\/7507","targetHints":{"allow":["GET"]}}],"collection":[{"href":"https:\/\/adriatik-kamp.com\/sl\/wp-json\/wp\/v2\/pages"}],"about":[{"href":"https:\/\/adriatik-kamp.com\/sl\/wp-json\/wp\/v2\/types\/page"}],"author":[{"embeddable":true,"href":"https:\/\/adriatik-kamp.com\/sl\/wp-json\/wp\/v2\/users\/6"}],"replies":[{"embeddable":true,"href":"https:\/\/adriatik-kamp.com\/sl\/wp-json\/wp\/v2\/comments?post=7507"}],"version-history":[{"count":5,"href":"https:\/\/adriatik-kamp.com\/sl\/wp-json\/wp\/v2\/pages\/7507\/revisions"}],"predecessor-version":[{"id":9722,"href":"https:\/\/adriatik-kamp.com\/sl\/wp-json\/wp\/v2\/pages\/7507\/revisions\/9722"}],"wp:attachment":[{"href":"https:\/\/adriatik-kamp.com\/sl\/wp-json\/wp\/v2\/media?parent=7507"}],"curies":[{"name":"wp","href":"https:\/\/api.w.org\/{rel}","templated":true}]}}