{"id":7407,"date":"2026-01-27T18:42:14","date_gmt":"2026-01-27T16:42:14","guid":{"rendered":"https:\/\/adriatik-kamp.com\/mobilheime-mit-meerblick\/"},"modified":"2026-04-27T15:13:49","modified_gmt":"2026-04-27T13:13:49","slug":"mobilne-hiske-z-razgledom-na-morje","status":"publish","type":"page","link":"https:\/\/adriatik-kamp.com\/sl\/mobilne-hiske-z-razgledom-na-morje\/","title":{"rendered":"Mobilne hi\u0161ke z razgledom na morje"},"content":{"rendered":"<div class=\"wpb-content-wrapper\"><p>[vc_row][vc_column width=&#8221;1\/2&#8243;][vc_custom_heading uncode_shortcode_id=&#8221;471149&#8243;]<\/p>\n<h1><strong>Mobilne hi\u0161ke z razgledom na morje<\/strong><\/h1>\n<p>[\/vc_custom_heading][vc_column_text uncode_shortcode_id=&#8221;170088&#8243;]Nahajajo se v neposredni bli\u017eini morja, na\u0161e sodobne mobilne hi\u0161ke zdru\u017eujejo svobodo kampiranja z udobjem vrhunske nastanitve v mediteranskem okolju.<br \/>\nVsaka mobilna hi\u0161ka (32 m\u00b2) je klimatizirana in popolnoma opremljena za brezskrben dopust do 6 oseb (4+2).<\/p>\n<p>Hi\u0161ke so idealne za dru\u017einski oddih ali bivanje v paru, saj nudijo \u010dudovit razgled na morje in spro\u0161\u010dujo\u010de mediteransko vzdu\u0161je.[\/vc_column_text][vc_column_text uncode_shortcode_id=&#8221;359841&#8243;]<strong>Mobilna hi\u0161ka vsebuje:<\/strong>[\/vc_column_text][uncode_list icon=&#8221;fa fa-check&#8221; uncode_shortcode_id=&#8221;578008&#8243;]<\/p>\n<ul>\n<li>Dve spalnici \u2013 glavna spalnica z zakonsko posteljo (160 x 200 cm) in spalnica z dvema lo\u010denima posteljama (80 x 200 cm)<\/li>\n<li>Dve moderni kopalnici s tu\u0161em in WC-jem<\/li>\n<li>Dnevna soba s kotno sede\u017eno garnituro, ki se lahko spremeni v dodatno posteljo (140 x 190 cm)<\/li>\n<li>Popolnoma opremljena kuhinja: elektri\u010dni \u0161tedilnik, pomivalni stroj, hladilnik z zamrzovalnikom, kavni aparat s filtrom, grelnik vode, posoda in pribor za jedilni pribor<\/li>\n<li>Jedilna miza s 4 stoli<\/li>\n<li>SAT TV, Wi-Fi, klimatska naprava<\/li>\n<li>Posteljnina (menjava enkrat na teden) in brisa\u010de (menjava trikrat na teden)<\/li>\n<li>Terasa (20 m\u00b2) z nadstre\u0161kom, sede\u017eno garnituro in dvema le\u017ealnikoma za pla\u017eo<\/li>\n<li>Stojalo za su\u0161enje perila<\/li>\n<li>Mre\u017ee proti insektom na vseh oknih<\/li>\n<li>Zasebno parkiri\u0161\u010de ob mobilni hi\u0161ki<\/li>\n<\/ul>\n<p>[\/uncode_list][vc_button button_color=&#8221;accent&#8221; size=&#8221;btn-sm&#8221; border_width=&#8221;0&#8243; link=&#8221;url:https%3A%2F%2Fsecure.phobs.net%2Fbook.php%3Fcompany_id%3D65b293c11bc1f5398df9e598723fb3db%26hotel%3D62b1d5990bc17134ba5a4d01b6bac32e%26date%3D2026-04-01%26rate%3D534411&#8243; button_color_type=&#8221;uncode-palette&#8221; uncode_shortcode_id=&#8221;158950&#8243;]Book[\/vc_button][vc_single_image media=&#8221;7309&#8243; media_width_percent=&#8221;100&#8243; uncode_shortcode_id=&#8221;466576&#8243;][\/vc_column][vc_column width=&#8221;1\/2&#8243;][vc_gallery el_id=&#8221;gallery-731742&#8243; medias=&#8221;7302,7316,7323,7330,7337,7344,7358,7365,7372,7351&#8243; gutter_size=&#8221;3&#8243; single_overlay_opacity=&#8221;50&#8243; single_padding=&#8221;2&#8243; uncode_shortcode_id=&#8221;376258&#8243; title=&#8221;Mobilne ku\u0107ice s pogledom na kamp&#8221;][\/vc_column][\/vc_row]<\/p>\n<\/div>","protected":false},"excerpt":{"rendered":"<p>[vc_row][vc_column width=&#8221;1\/2&#8243;][vc_custom_heading uncode_shortcode_id=&#8221;471149&#8243;] Mobilne hi\u0161ke z razgledom na morje [\/vc_custom_heading][vc_column_text uncode_shortcode_id=&#8221;170088&#8243;]Nahajajo se v neposredni bli\u017eini morja, na\u0161e sodobne mobilne hi\u0161ke [&hellip;]<\/p>\n","protected":false},"author":6,"featured_media":0,"parent":0,"menu_order":0,"comment_status":"closed","ping_status":"closed","template":"","meta":{"footnotes":""},"class_list":["post-7407","page","type-page","status-publish","hentry"],"_links":{"self":[{"href":"https:\/\/adriatik-kamp.com\/sl\/wp-json\/wp\/v2\/pages\/7407","targetHints":{"allow":["GET"]}}],"collection":[{"href":"https:\/\/adriatik-kamp.com\/sl\/wp-json\/wp\/v2\/pages"}],"about":[{"href":"https:\/\/adriatik-kamp.com\/sl\/wp-json\/wp\/v2\/types\/page"}],"author":[{"embeddable":true,"href":"https:\/\/adriatik-kamp.com\/sl\/wp-json\/wp\/v2\/users\/6"}],"replies":[{"embeddable":true,"href":"https:\/\/adriatik-kamp.com\/sl\/wp-json\/wp\/v2\/comments?post=7407"}],"version-history":[{"count":6,"href":"https:\/\/adriatik-kamp.com\/sl\/wp-json\/wp\/v2\/pages\/7407\/revisions"}],"predecessor-version":[{"id":14303,"href":"https:\/\/adriatik-kamp.com\/sl\/wp-json\/wp\/v2\/pages\/7407\/revisions\/14303"}],"wp:attachment":[{"href":"https:\/\/adriatik-kamp.com\/sl\/wp-json\/wp\/v2\/media?parent=7407"}],"curies":[{"name":"wp","href":"https:\/\/api.w.org\/{rel}","templated":true}]}}