{"id":7279,"date":"2026-01-27T18:23:42","date_gmt":"2026-01-27T16:23:42","guid":{"rendered":"https:\/\/adriatik-kamp.com\/?page_id=7279"},"modified":"2026-03-18T13:46:47","modified_gmt":"2026-03-18T11:46:47","slug":"mobilne-hiske-z-razgledom-na-kamp","status":"publish","type":"page","link":"https:\/\/adriatik-kamp.com\/sl\/mobilne-hiske-z-razgledom-na-kamp\/","title":{"rendered":"Mobilne hi\u0161ke z razgledom na kamp"},"content":{"rendered":"<div class=\"wpb-content-wrapper\"><p>[vc_row][vc_column width=&#8221;1\/2&#8243;][vc_custom_heading uncode_shortcode_id=&#8221;212892&#8243;]<\/p>\n<h1>Mobilne hi\u0161ke z razgledom na kamp<\/h1>\n<p>[\/vc_custom_heading][vc_column_text uncode_shortcode_id=&#8221;792401&#8243;]Nahajajo se v neposredni bli\u017eini morja, na\u0161e sodobne mobilne hi\u0161ke zdru\u017eujejo svobodo kampiranja z udobjem premium nastanitve v mediteranskem okolju.<br \/>\nVsaka mobilna hi\u0161ka (32 m\u00b2) je klimatizirana in popolnoma opremljena za brezskrben dopust za do 6 oseb (4+2).<\/p>\n<p>Mobilne hi\u0161ke so <strong>prijazne do hi\u0161nih ljubljen\u010dkov<\/strong> in idealne za dru\u017einski oddih v naravi, z lepim razgledom na kamp in njegovo okolico.[\/vc_column_text][vc_column_text uncode_shortcode_id=&#8221;153330&#8243;]<strong>Mobilna hi\u0161ka vklju\u010duje:<\/strong>[\/vc_column_text][uncode_list icon=&#8221;fa fa-check&#8221; uncode_shortcode_id=&#8221;199534&#8243;]<\/p>\n<ul>\n<li>Dve spalnici \u2013 glavna spalnica z zakonsko posteljo (160 x 200 cm) in spalnica z dvema enojnima posteljama (84 x 200 cm)<\/li>\n<li>Dve sodobni kopalnici s tu\u0161em in kadjo ter WC-jem<\/li>\n<li>Dnevna soba s kotno sede\u017eno garnituro, ki se lahko spremeni v dodatno posteljo (140 x 190 cm)<\/li>\n<li>Popolnoma opremljena kuhinja: elektri\u010dni \u0161tedilnik, pomivalni stroj, hladilnik z zamrzovalnikom, kavni aparat s filtrom, grelnik vode, posoda in pribor<\/li>\n<li>Jedilna miza s 4 stoli<\/li>\n<li>SAT TV, Wi-Fi, klimatska naprava<\/li>\n<li>Posteljnina (menjava enkrat na teden) in brisa\u010de (menjava vsake tri dni)<\/li>\n<li>Terasa (20 m\u00b2) z nadstre\u0161kom, sede\u017eno garnituro in dvema le\u017ealnikoma<\/li>\n<li>Mre\u017ee proti insektom na vseh oknih<\/li>\n<li>Zasebno parkiri\u0161\u010de ob mobilni hi\u0161ki<\/li>\n<\/ul>\n<p>[\/uncode_list][vc_single_image media=&#8221;7250&#8243; media_width_percent=&#8221;100&#8243; uncode_shortcode_id=&#8221;128831&#8243;][\/vc_column][vc_column width=&#8221;1\/2&#8243;][vc_gallery el_id=&#8221;gallery-731742&#8243; medias=&#8221;7180,7187,7201,7222,7229,7236,9515&#8243; gutter_size=&#8221;3&#8243; single_overlay_opacity=&#8221;50&#8243; single_padding=&#8221;2&#8243; uncode_shortcode_id=&#8221;181337&#8243; title=&#8221;Mobilne ku\u0107ice s pogledom na kamp&#8221;][\/vc_column][\/vc_row]<\/p>\n<\/div>","protected":false},"excerpt":{"rendered":"<p>[vc_row][vc_column width=&#8221;1\/2&#8243;][vc_custom_heading uncode_shortcode_id=&#8221;212892&#8243;] Mobilne hi\u0161ke z razgledom na kamp [\/vc_custom_heading][vc_column_text uncode_shortcode_id=&#8221;792401&#8243;]Nahajajo se v neposredni bli\u017eini morja, na\u0161e sodobne mobilne hi\u0161ke [&hellip;]<\/p>\n","protected":false},"author":6,"featured_media":0,"parent":0,"menu_order":0,"comment_status":"closed","ping_status":"closed","template":"","meta":{"footnotes":""},"class_list":["post-7279","page","type-page","status-publish","hentry"],"_links":{"self":[{"href":"https:\/\/adriatik-kamp.com\/sl\/wp-json\/wp\/v2\/pages\/7279","targetHints":{"allow":["GET"]}}],"collection":[{"href":"https:\/\/adriatik-kamp.com\/sl\/wp-json\/wp\/v2\/pages"}],"about":[{"href":"https:\/\/adriatik-kamp.com\/sl\/wp-json\/wp\/v2\/types\/page"}],"author":[{"embeddable":true,"href":"https:\/\/adriatik-kamp.com\/sl\/wp-json\/wp\/v2\/users\/6"}],"replies":[{"embeddable":true,"href":"https:\/\/adriatik-kamp.com\/sl\/wp-json\/wp\/v2\/comments?post=7279"}],"version-history":[{"count":6,"href":"https:\/\/adriatik-kamp.com\/sl\/wp-json\/wp\/v2\/pages\/7279\/revisions"}],"predecessor-version":[{"id":9718,"href":"https:\/\/adriatik-kamp.com\/sl\/wp-json\/wp\/v2\/pages\/7279\/revisions\/9718"}],"wp:attachment":[{"href":"https:\/\/adriatik-kamp.com\/sl\/wp-json\/wp\/v2\/media?parent=7279"}],"curies":[{"name":"wp","href":"https:\/\/api.w.org\/{rel}","templated":true}]}}