{"id":7128,"date":"2021-04-13T09:26:55","date_gmt":"2021-04-13T07:26:55","guid":{"rendered":"https:\/\/adriatik-kamp.com\/aktivnosti-i-zabava-u-camp-adriatic\/"},"modified":"2026-04-21T19:18:24","modified_gmt":"2026-04-21T17:18:24","slug":"aktivnosti-in-zabava","status":"publish","type":"page","link":"https:\/\/adriatik-kamp.com\/sl\/aktivnosti-in-zabava\/","title":{"rendered":"Aktivnosti in zabava"},"content":{"rendered":"<div class=\"wpb-content-wrapper\"><p>[vc_row row_height_percent=&#8221;0&#8243; override_padding=&#8221;yes&#8221; h_padding=&#8221;2&#8243; top_padding=&#8221;3&#8243; bottom_padding=&#8221;2&#8243; overlay_alpha=&#8221;50&#8243; gutter_size=&#8221;3&#8243; column_width_percent=&#8221;100&#8243; shift_y=&#8221;0&#8243; z_index=&#8221;0&#8243;][vc_column column_width_percent=&#8221;100&#8243; gutter_size=&#8221;2&#8243; back_color=&#8221;color-207971&#8243; overlay_alpha=&#8221;50&#8243; border_color=&#8221;color-platinum&#8221; border_style=&#8221;solid&#8221; shift_x=&#8221;0&#8243; shift_y=&#8221;0&#8243; shift_y_down=&#8221;0&#8243; z_index=&#8221;0&#8243; medium_width=&#8221;0&#8243; mobile_width=&#8221;0&#8243; width=&#8221;1\/1&#8243; css=&#8221;.vc_custom_1618225949471{border-left-width: 2px !important;}&#8221;][uncode_breadcrumbs text_lead=&#8221;small&#8221;][vc_custom_heading auto_text=&#8221;yes&#8221; heading_semantic=&#8221;h1&#8243; text_size=&#8221;h1&#8243; text_weight=&#8221;700&#8243;]This is a custom heading element.[\/vc_custom_heading][vc_column_text uncode_shortcode_id=&#8221;196517&#8243;]V <strong>Kamp Adriatic<\/strong> so zabava in aktivnosti vedno del izku\u0161nje.<br \/>\nV neposredni bli\u017eini pla\u017ee se nahajajo igri\u0161\u010de za odbojko na mivki in rekreacijski park za otroke in odrasle. Okolica kampa nudi odli\u010dne pogoje za pohodni\u0161tvo, kolesarjenje, sprehode in potapljanje. Za ljubitelje potapljanja ponuja <strong>Potaplja\u0161ki center Pongo<\/strong> v Primo\u0161tenu atraktivne programe za raziskovanje podvodnega sveta.<\/p>\n<p>\u0160portni navdu\u0161enci lahko uporabljajo igri\u0161\u010da za nogomet, odbojko, tenis, namizni tenis, balote in ko\u0161arko. Kamp je povezan s Primo\u0161tenom preko 2,5 km dolge kolesarske in pe\u0161 poti ob morju, kar omogo\u010da varen in preprost dostop do mesta.<\/p>\n<p>V samem Primo\u0161tenu lahko obiskovalci raziskujejo dva slikovita polotoka ter u\u017eivajo v raznolikih kavarnah, sla\u0161\u010di\u010darnah, konobah in restavracijah z bogato lokalno ponudbo. Celotno leto lahko spremljate tudi koncerte lokalnih skupin, pihalnih orkestrov ter tradicionalne folklorne nastope.<\/p>\n<p>Med sezono se vsako ve\u010der organizira otro\u0161ki program, ki vklju\u010duje ples, petje, razli\u010dne igre in filmske projekcije, da se mali gostje zabavajo in dru\u017eijo. Dnevni in ve\u010derni program vodijo izku\u0161eni animatorji za otroke in odrasle.<\/p>\n<p><strong>Sadr\u017eaji znotraj kampa:<\/strong><\/p>\n<ul>\n<li>Kids Club (samo sezonsko)<\/li>\n<li>Celodnevni animacijski program (samo sezonsko)<\/li>\n<li>\u0160portni sadr\u017eaji: odbojka na mivki, tenis, namizni tenis, nogomet, ko\u0161arka<\/li>\n<li>Kajaki, SUP deske, aqua park, pedaline<\/li>\n<\/ul>\n<p><strong>Kamp Adriatic<\/strong> popolnoma zdru\u017euje naravo, \u0161port in zabavo ter nudi nepozabno izku\u0161njo po\u010ditnic za dru\u017eine, pare in ljubitelje avanture.[\/vc_column_text][\/vc_column][\/vc_row][vc_row][vc_column width=&#8221;1\/1&#8243;][vc_gallery el_id=&#8221;gallery-728947&#8243; medias=&#8221;8711,8718,8725,8732,8739,8746,8753,8760,8767,8774,8781,8788,8795,8802&#8243; gutter_size=&#8221;3&#8243; media_items=&#8221;media|nolink|original,icon&#8221; screen_lg=&#8221;1000&#8243; screen_md=&#8221;600&#8243; screen_sm=&#8221;480&#8243; single_shape=&#8221;round&#8221; radius=&#8221;lg&#8221; single_overlay_opacity=&#8221;1&#8243; single_image_anim=&#8221;no&#8221; single_padding=&#8221;2&#8243; single_shadow=&#8221;yes&#8221; shadow_weight=&#8221;std&#8221; single_border=&#8221;yes&#8221; single_css_animation=&#8221;bottom-t-top&#8221; uncode_shortcode_id=&#8221;412211&#8243;][\/vc_column][\/vc_row]<\/p>\n<\/div>","protected":false},"excerpt":{"rendered":"<p>[vc_row row_height_percent=&#8221;0&#8243; override_padding=&#8221;yes&#8221; h_padding=&#8221;2&#8243; top_padding=&#8221;3&#8243; bottom_padding=&#8221;2&#8243; overlay_alpha=&#8221;50&#8243; gutter_size=&#8221;3&#8243; column_width_percent=&#8221;100&#8243; shift_y=&#8221;0&#8243; z_index=&#8221;0&#8243;][vc_column column_width_percent=&#8221;100&#8243; gutter_size=&#8221;2&#8243; back_color=&#8221;color-207971&#8243; overlay_alpha=&#8221;50&#8243; border_color=&#8221;color-platinum&#8221; border_style=&#8221;solid&#8221; shift_x=&#8221;0&#8243; shift_y=&#8221;0&#8243; shift_y_down=&#8221;0&#8243; [&hellip;]<\/p>\n","protected":false},"author":6,"featured_media":8711,"parent":0,"menu_order":0,"comment_status":"closed","ping_status":"closed","template":"","meta":{"footnotes":""},"class_list":["post-7128","page","type-page","status-publish","has-post-thumbnail","hentry","page_category-index-sl","page_category-offer"],"_links":{"self":[{"href":"https:\/\/adriatik-kamp.com\/sl\/wp-json\/wp\/v2\/pages\/7128","targetHints":{"allow":["GET"]}}],"collection":[{"href":"https:\/\/adriatik-kamp.com\/sl\/wp-json\/wp\/v2\/pages"}],"about":[{"href":"https:\/\/adriatik-kamp.com\/sl\/wp-json\/wp\/v2\/types\/page"}],"author":[{"embeddable":true,"href":"https:\/\/adriatik-kamp.com\/sl\/wp-json\/wp\/v2\/users\/6"}],"replies":[{"embeddable":true,"href":"https:\/\/adriatik-kamp.com\/sl\/wp-json\/wp\/v2\/comments?post=7128"}],"version-history":[{"count":9,"href":"https:\/\/adriatik-kamp.com\/sl\/wp-json\/wp\/v2\/pages\/7128\/revisions"}],"predecessor-version":[{"id":9851,"href":"https:\/\/adriatik-kamp.com\/sl\/wp-json\/wp\/v2\/pages\/7128\/revisions\/9851"}],"wp:featuredmedia":[{"embeddable":true,"href":"https:\/\/adriatik-kamp.com\/sl\/wp-json\/wp\/v2\/media\/8711"}],"wp:attachment":[{"href":"https:\/\/adriatik-kamp.com\/sl\/wp-json\/wp\/v2\/media?parent=7128"}],"curies":[{"name":"wp","href":"https:\/\/api.w.org\/{rel}","templated":true}]}}