{"id":7101,"date":"2021-04-12T10:43:31","date_gmt":"2021-04-12T08:43:31","guid":{"rendered":"https:\/\/adriatik-kamp.com\/gastro\/"},"modified":"2026-04-22T06:30:24","modified_gmt":"2026-04-22T04:30:24","slug":"gastro","status":"publish","type":"page","link":"https:\/\/adriatik-kamp.com\/sl\/gastro\/","title":{"rendered":"Gastro"},"content":{"rendered":"<div class=\"wpb-content-wrapper\"><p>[vc_row row_height_percent=&#8221;0&#8243; override_padding=&#8221;yes&#8221; h_padding=&#8221;2&#8243; top_padding=&#8221;3&#8243; bottom_padding=&#8221;2&#8243; overlay_alpha=&#8221;50&#8243; gutter_size=&#8221;3&#8243; column_width_percent=&#8221;100&#8243; shift_y=&#8221;0&#8243; z_index=&#8221;0&#8243;][vc_column column_width_percent=&#8221;100&#8243; gutter_size=&#8221;2&#8243; back_color=&#8221;color-207971&#8243; overlay_alpha=&#8221;50&#8243; border_color=&#8221;color-platinum&#8221; border_style=&#8221;solid&#8221; shift_x=&#8221;0&#8243; shift_y=&#8221;0&#8243; shift_y_down=&#8221;0&#8243; z_index=&#8221;0&#8243; medium_width=&#8221;0&#8243; mobile_width=&#8221;0&#8243; width=&#8221;1\/2&#8243; css=&#8221;.vc_custom_1618225949471{border-left-width: 2px !important;}&#8221;][uncode_breadcrumbs text_lead=&#8221;small&#8221;][vc_custom_heading auto_text=&#8221;yes&#8221; heading_semantic=&#8221;h1&#8243; text_size=&#8221;h1&#8243; text_weight=&#8221;700&#8243;]This is a custom heading element.[\/vc_custom_heading][vc_column_text uncode_shortcode_id=&#8221;158551&#8243;]<strong>Restavracija Adriatic<\/strong><\/p>\n<p>Nahaja se v srcu kampa, <strong>Restavracija Adriatic <\/strong>ponuja avtenti\u010den okus sredozemske in dalmatinske kuhinje v spro\u0161\u010denem in naravnem ambientu. Na\u0161 meni zdru\u017euje tradicijo in sve\u017eino, saj gostom ponuja specialitete z \u017eara, jedi pod peko ter raznolike tradicionalne dalmatinske jedi, pripravljene z ljubeznijo in skrbno izbranimi doma\u010dimi sestavinami.<\/p>\n<p>Za ljubitelje pic nudimo vrhunske in raznolike mo\u017enosti, ki zadovoljijo vse okuse, medtem ko bogata ponudba avtohtonih pija\u010d \u2013 vklju\u010dno s pro\u0161ekom, doma\u010dimi likerji in izbranimi dalmatinskimi vini \u2013 popolnoma dopolnjuje gastronomski u\u017eitek.<\/p>\n<p>Restavracija ima prostorno zunanjo teraso, idealno za tople poletne ve\u010dere, ter notranji klimatiziran prostor, ki nudi prijetno vzdu\u0161je skozi cel dan.<\/p>\n<p>V skladu z dru\u017einskim duhom kampa je <strong>Restavracija Adriatic <\/strong>prijazna do hi\u0161nih ljubljen\u010dkov, tako da lahko tudi va\u0161i ljubljen\u010dki u\u017eivajo v brezskrbnem oddihu z vami.<\/p>\n<p>Do\u017eivite avtenti\u010dne vonje, okuse in tradicijo Dalmacije \u2013 vse na enem mestu, v <strong>Restavraciji Adriatik<\/strong>.[\/vc_column_text][\/vc_column][vc_column width=&#8221;1\/2&#8243;][vc_gallery el_id=&#8221;gallery-106302&#8243; medias=&#8221;7040,7047,7054,7061,7068,7075,7082,7089&#8243; gutter_size=&#8221;3&#8243; media_items=&#8221;media|nolink|original&#8221; screen_lg=&#8221;1000&#8243; screen_md=&#8221;600&#8243; screen_sm=&#8221;480&#8243; single_shape=&#8221;round&#8221; radius=&#8221;std&#8221; single_overlay_opacity=&#8221;1&#8243; single_image_anim=&#8221;no&#8221; single_padding=&#8221;2&#8243; single_shadow=&#8221;yes&#8221; shadow_weight=&#8221;std&#8221; single_border=&#8221;yes&#8221; uncode_shortcode_id=&#8221;674996&#8243;][\/vc_column][\/vc_row][vc_row row_height_percent=&#8221;0&#8243; override_padding=&#8221;yes&#8221; h_padding=&#8221;2&#8243; top_padding=&#8221;2&#8243; bottom_padding=&#8221;4&#8243; overlay_alpha=&#8221;50&#8243; gutter_size=&#8221;3&#8243; column_width_percent=&#8221;100&#8243; shift_y=&#8221;0&#8243; z_index=&#8221;0&#8243;][vc_column width=&#8221;1\/1&#8243;][\/vc_column][\/vc_row]<\/p>\n<\/div>","protected":false},"excerpt":{"rendered":"<p>[vc_row row_height_percent=&#8221;0&#8243; override_padding=&#8221;yes&#8221; h_padding=&#8221;2&#8243; top_padding=&#8221;3&#8243; bottom_padding=&#8221;2&#8243; overlay_alpha=&#8221;50&#8243; gutter_size=&#8221;3&#8243; column_width_percent=&#8221;100&#8243; shift_y=&#8221;0&#8243; z_index=&#8221;0&#8243;][vc_column column_width_percent=&#8221;100&#8243; gutter_size=&#8221;2&#8243; back_color=&#8221;color-207971&#8243; overlay_alpha=&#8221;50&#8243; border_color=&#8221;color-platinum&#8221; border_style=&#8221;solid&#8221; shift_x=&#8221;0&#8243; shift_y=&#8221;0&#8243; shift_y_down=&#8221;0&#8243; [&hellip;]<\/p>\n","protected":false},"author":6,"featured_media":7102,"parent":0,"menu_order":0,"comment_status":"closed","ping_status":"closed","template":"","meta":{"footnotes":""},"class_list":["post-7101","page","type-page","status-publish","has-post-thumbnail","hentry","page_category-index-sl","page_category-offer"],"_links":{"self":[{"href":"https:\/\/adriatik-kamp.com\/sl\/wp-json\/wp\/v2\/pages\/7101","targetHints":{"allow":["GET"]}}],"collection":[{"href":"https:\/\/adriatik-kamp.com\/sl\/wp-json\/wp\/v2\/pages"}],"about":[{"href":"https:\/\/adriatik-kamp.com\/sl\/wp-json\/wp\/v2\/types\/page"}],"author":[{"embeddable":true,"href":"https:\/\/adriatik-kamp.com\/sl\/wp-json\/wp\/v2\/users\/6"}],"replies":[{"embeddable":true,"href":"https:\/\/adriatik-kamp.com\/sl\/wp-json\/wp\/v2\/comments?post=7101"}],"version-history":[{"count":7,"href":"https:\/\/adriatik-kamp.com\/sl\/wp-json\/wp\/v2\/pages\/7101\/revisions"}],"predecessor-version":[{"id":9938,"href":"https:\/\/adriatik-kamp.com\/sl\/wp-json\/wp\/v2\/pages\/7101\/revisions\/9938"}],"wp:featuredmedia":[{"embeddable":true,"href":"https:\/\/adriatik-kamp.com\/sl\/wp-json\/wp\/v2\/media\/7102"}],"wp:attachment":[{"href":"https:\/\/adriatik-kamp.com\/sl\/wp-json\/wp\/v2\/media?parent=7101"}],"curies":[{"name":"wp","href":"https:\/\/api.w.org\/{rel}","templated":true}]}}