{"id":7012,"date":"2026-01-22T09:28:35","date_gmt":"2026-01-22T07:28:35","guid":{"rendered":"https:\/\/adriatik-kamp.com\/?page_id=7012"},"modified":"2026-03-31T16:51:49","modified_gmt":"2026-03-31T14:51:49","slug":"o-nas","status":"publish","type":"page","link":"https:\/\/adriatik-kamp.com\/sl\/o-nas\/","title":{"rendered":"O nas"},"content":{"rendered":"<div class=\"wpb-content-wrapper\"><p>[vc_row row_height_percent=&#8221;0&#8243; override_padding=&#8221;yes&#8221; h_padding=&#8221;2&#8243; top_padding=&#8221;3&#8243; bottom_padding=&#8221;2&#8243; overlay_alpha=&#8221;50&#8243; gutter_size=&#8221;3&#8243; column_width_percent=&#8221;100&#8243; shift_y=&#8221;0&#8243; z_index=&#8221;0&#8243;][vc_column column_width_percent=&#8221;100&#8243; gutter_size=&#8221;2&#8243; back_color=&#8221;color-207971&#8243; overlay_alpha=&#8221;50&#8243; border_color=&#8221;color-platinum&#8221; border_style=&#8221;solid&#8221; shift_x=&#8221;0&#8243; shift_y=&#8221;0&#8243; shift_y_down=&#8221;0&#8243; z_index=&#8221;0&#8243; medium_width=&#8221;0&#8243; mobile_width=&#8221;0&#8243; width=&#8221;1\/1&#8243; css=&#8221;.vc_custom_1618225949471{border-left-width: 2px !important;}&#8221;][uncode_breadcrumbs text_lead=&#8221;small&#8221;][vc_custom_heading auto_text=&#8221;yes&#8221; heading_semantic=&#8221;h1&#8243; text_size=&#8221;h1&#8243; text_weight=&#8221;700&#8243;]This is a custom heading element.[\/vc_custom_heading][vc_column_text uncode_shortcode_id=&#8221;155506&#8243;]Name\u0161\u010den ob kristalno \u010distem morju in v di\u0161e\u010dem borovem gozdu, Kamp Adriatic zdru\u017euje naravo, udobje in pristno dalmatinsko vzdu\u0161je.<br \/>\nIzbirate lahko med prostornimi parcelami, \u0161otori\u0161\u010di ali modernimi mobilnimi hi\u0161kami \u2013 vse v mirnem okolju Mediterana.[\/vc_column_text][vc_column_text uncode_shortcode_id=&#8221;843969&#8243;]U\u017eivajte v kilometre dolgi pla\u017ei, prodnatih zalivih, skalnatih delih za son\u010denje ter dveh urejenih pla\u017eah za pse.<br \/>\nPo\u010ditnice so za vso dru\u017eino \u2013 medtem ko se otroci zabavajo v varnem okolju igri\u0161\u010da, se star\u0161i spro\u0161\u010dajo ob morju ali skupaj raziskujejo o\u010darljivi Primo\u0161ten.[\/vc_column_text][vc_column_text uncode_shortcode_id=&#8221;160818&#8243;]Za gurmanske u\u017eitke poskrbi <strong>Restavracija Adriatic <\/strong>z dalmatinskimi in mediteranskimi specialitetami, <strong>beach bar<\/strong> ob morju ter bogato ponudbo lokalnih pija\u010d.<br \/>\nKamp je <strong>pet-friendly<\/strong>, zato so tudi va\u0161i hi\u0161ni ljubljen\u010dki dobrodo\u0161li!<\/p>\n<p>In the well-stocked market, guests can find everything that is necessary for their everyday needs such as food and drink, newspapers, and beach accessories.[\/vc_column_text][\/vc_column][\/vc_row][vc_row row_height_percent=&#8221;0&#8243; override_padding=&#8221;yes&#8221; h_padding=&#8221;2&#8243; top_padding=&#8221;2&#8243; bottom_padding=&#8221;2&#8243; overlay_alpha=&#8221;50&#8243; gutter_size=&#8221;3&#8243; column_width_percent=&#8221;100&#8243; shift_y=&#8221;0&#8243; z_index=&#8221;0&#8243;][vc_column width=&#8221;1\/1&#8243;][vc_gallery el_id=&#8221;gallery-542808&#8243; medias=&#8221;6968,6972,6996,6992,6988,6984,6980,9324,9321&#8243; gutter_size=&#8221;3&#8243; media_items=&#8221;media|nolink|original&#8221; screen_lg=&#8221;1000&#8243; screen_md=&#8221;600&#8243; screen_sm=&#8221;480&#8243; single_shape=&#8221;round&#8221; radius=&#8221;std&#8221; single_overlay_opacity=&#8221;60&#8243; single_overlay_anim=&#8221;no&#8221; single_image_anim=&#8221;no&#8221; single_padding=&#8221;2&#8243; single_shadow=&#8221;yes&#8221; shadow_weight=&#8221;std&#8221; single_border=&#8221;yes&#8221; single_css_animation=&#8221;top-t-bottom&#8221; uncode_shortcode_id=&#8221;611495&#8243;][\/vc_column][\/vc_row][vc_row row_height_percent=&#8221;0&#8243; override_padding=&#8221;yes&#8221; h_padding=&#8221;2&#8243; top_padding=&#8221;2&#8243; bottom_padding=&#8221;4&#8243; overlay_alpha=&#8221;50&#8243; gutter_size=&#8221;3&#8243; column_width_percent=&#8221;100&#8243; shift_y=&#8221;0&#8243; z_index=&#8221;0&#8243;][vc_column column_width_percent=&#8221;100&#8243; gutter_size=&#8221;3&#8243; back_color=&#8221;color-207971&#8243; overlay_alpha=&#8221;50&#8243; border_color=&#8221;color-platinum&#8221; border_style=&#8221;solid&#8221; shift_x=&#8221;0&#8243; shift_y=&#8221;0&#8243; shift_y_down=&#8221;0&#8243; z_index=&#8221;0&#8243; medium_width=&#8221;0&#8243; mobile_width=&#8221;0&#8243; width=&#8221;1\/1&#8243; css=&#8221;.vc_custom_1618217526773{border-left-width: 2px !important;}&#8221;][vc_custom_heading uncode_shortcode_id=&#8221;117166&#8243;]<strong>Sanitarije in udobje<\/strong>[\/vc_custom_heading][uncode_list icon=&#8221;fa fa-check&#8221; icon_color=&#8221;color-oxford&#8221; uncode_shortcode_id=&#8221;223241&#8243; icon_color_type=&#8221;uncode-palette&#8221;]<\/p>\n<ul>\n<li>Four modern sanitary blocks<\/li>\n<li>WC for persons with disabilities<\/li>\n<li>Private bathrooms<\/li>\n<li>Chemical toilets<\/li>\n<li>Camper waste disposal area<\/li>\n<li>Pet hygiene area<\/li>\n<li>Guest refrigerators<\/li>\n<li>Dishwashers<\/li>\n<li>Laundry machine<\/li>\n<\/ul>\n<p>[\/uncode_list][vc_custom_heading uncode_shortcode_id=&#8221;619937&#8243;]<strong>Storitve in ponudba<\/strong>[\/vc_custom_heading][uncode_list icon=&#8221;fa fa-check&#8221; icon_color=&#8221;color-oxford&#8221; uncode_shortcode_id=&#8221;309898&#8243; icon_color_type=&#8221;uncode-palette&#8221;]<\/p>\n<ul>\n<li>Recepcija 0\u201324 h<\/li>\n<li>Trgovina<\/li>\n<li>Suvenirnica<\/li>\n<li>Stojnica s sve\u017eimi lokalnimi izdelki<\/li>\n<li>Otro\u0161ki klub<\/li>\n<li>Brez\u017ei\u010dni internet po celem kampu<\/li>\n<\/ul>\n<p>[\/uncode_list][vc_custom_heading uncode_shortcode_id=&#8221;743981&#8243;]<strong>\u0160port in aktivnosti<\/strong>[\/vc_custom_heading][uncode_list icon=&#8221;fa fa-check&#8221; icon_color=&#8221;color-oxford&#8221; uncode_shortcode_id=&#8221;658967&#8243; icon_color_type=&#8221;uncode-palette&#8221;]<\/p>\n<ul>\n<li>Izposoja koles<\/li>\n<li>Izposoja avtomobilov \/ skuterjev<\/li>\n<li>Izposoja kajakov \/ SUP-ov \/ pedalina<\/li>\n<li>Potaplja\u0161ki center<\/li>\n<li>Aqua park<\/li>\n<li>Degustacija vin<\/li>\n<\/ul>\n<p>[\/uncode_list][\/vc_column][\/vc_row]<\/p>\n<\/div>","protected":false},"excerpt":{"rendered":"<p>[vc_row row_height_percent=&#8221;0&#8243; override_padding=&#8221;yes&#8221; h_padding=&#8221;2&#8243; top_padding=&#8221;3&#8243; bottom_padding=&#8221;2&#8243; overlay_alpha=&#8221;50&#8243; gutter_size=&#8221;3&#8243; column_width_percent=&#8221;100&#8243; shift_y=&#8221;0&#8243; z_index=&#8221;0&#8243;][vc_column column_width_percent=&#8221;100&#8243; gutter_size=&#8221;2&#8243; back_color=&#8221;color-207971&#8243; overlay_alpha=&#8221;50&#8243; border_color=&#8221;color-platinum&#8221; border_style=&#8221;solid&#8221; shift_x=&#8221;0&#8243; shift_y=&#8221;0&#8243; shift_y_down=&#8221;0&#8243; [&hellip;]<\/p>\n","protected":false},"author":6,"featured_media":0,"parent":0,"menu_order":0,"comment_status":"closed","ping_status":"closed","template":"","meta":{"footnotes":""},"class_list":["post-7012","page","type-page","status-publish","hentry"],"_links":{"self":[{"href":"https:\/\/adriatik-kamp.com\/sl\/wp-json\/wp\/v2\/pages\/7012","targetHints":{"allow":["GET"]}}],"collection":[{"href":"https:\/\/adriatik-kamp.com\/sl\/wp-json\/wp\/v2\/pages"}],"about":[{"href":"https:\/\/adriatik-kamp.com\/sl\/wp-json\/wp\/v2\/types\/page"}],"author":[{"embeddable":true,"href":"https:\/\/adriatik-kamp.com\/sl\/wp-json\/wp\/v2\/users\/6"}],"replies":[{"embeddable":true,"href":"https:\/\/adriatik-kamp.com\/sl\/wp-json\/wp\/v2\/comments?post=7012"}],"version-history":[{"count":15,"href":"https:\/\/adriatik-kamp.com\/sl\/wp-json\/wp\/v2\/pages\/7012\/revisions"}],"predecessor-version":[{"id":9847,"href":"https:\/\/adriatik-kamp.com\/sl\/wp-json\/wp\/v2\/pages\/7012\/revisions\/9847"}],"wp:attachment":[{"href":"https:\/\/adriatik-kamp.com\/sl\/wp-json\/wp\/v2\/media?parent=7012"}],"curies":[{"name":"wp","href":"https:\/\/api.w.org\/{rel}","templated":true}]}}