{"id":8586,"date":"2021-04-13T09:43:14","date_gmt":"2021-04-13T07:43:14","guid":{"rendered":"https:\/\/adriatik-kamp.com\/izleti\/"},"modified":"2026-03-11T06:45:13","modified_gmt":"2026-03-11T04:45:13","slug":"escursioni","status":"publish","type":"page","link":"https:\/\/adriatik-kamp.com\/it\/escursioni\/","title":{"rendered":"Escursioni"},"content":{"rendered":"<div class=\"wpb-content-wrapper\"><p>[vc_row row_height_percent=&#8221;0&#8243; override_padding=&#8221;yes&#8221; h_padding=&#8221;2&#8243; top_padding=&#8221;4&#8243; bottom_padding=&#8221;2&#8243; overlay_alpha=&#8221;50&#8243; gutter_size=&#8221;3&#8243; column_width_percent=&#8221;100&#8243; shift_y=&#8221;0&#8243; z_index=&#8221;0&#8243;][vc_column column_width_percent=&#8221;100&#8243; gutter_size=&#8221;2&#8243; back_color=&#8221;color-207971&#8243; overlay_alpha=&#8221;50&#8243; border_color=&#8221;color-platinum&#8221; border_style=&#8221;solid&#8221; shift_x=&#8221;0&#8243; shift_y=&#8221;0&#8243; shift_y_down=&#8221;0&#8243; z_index=&#8221;0&#8243; medium_width=&#8221;0&#8243; mobile_width=&#8221;0&#8243; width=&#8221;1\/1&#8243; css=&#8221;.vc_custom_1618225949471{border-left-width: 2px !important;}&#8221;][uncode_breadcrumbs text_lead=&#8221;small&#8221;][vc_custom_heading auto_text=&#8221;yes&#8221; heading_semantic=&#8221;h1&#8243; text_size=&#8221;h1&#8243; text_weight=&#8221;700&#8243;]This is a custom heading element.[\/vc_custom_heading][\/vc_column][\/vc_row][vc_row row_height_percent=&#8221;0&#8243; override_padding=&#8221;yes&#8221; h_padding=&#8221;2&#8243; top_padding=&#8221;1&#8243; bottom_padding=&#8221;2&#8243; overlay_alpha=&#8221;50&#8243; equal_height=&#8221;yes&#8221; gutter_size=&#8221;3&#8243; column_width_percent=&#8221;100&#8243; shift_y=&#8221;0&#8243; z_index=&#8221;0&#8243;][vc_column column_width_percent=&#8221;100&#8243; gutter_size=&#8221;3&#8243; back_color=&#8221;color-lxmt&#8221; overlay_alpha=&#8221;50&#8243; radius=&#8221;std&#8221; shift_x=&#8221;0&#8243; shift_y=&#8221;0&#8243; shift_y_down=&#8221;0&#8243; z_index=&#8221;0&#8243; medium_width=&#8221;0&#8243; mobile_width=&#8221;0&#8243; width=&#8221;1\/2&#8243;][vc_gallery el_id=&#8221;gallery-116900&#8243; type=&#8221;css_grid&#8221; medias=&#8221;8286,8293,8425,8432&#8243; grid_items=&#8221;2&#8243; screen_lg_items=&#8221;3&#8243; screen_lg_breakpoint=&#8221;1000&#8243; screen_md_items=&#8221;2&#8243; screen_md_breakpoint=&#8221;600&#8243; screen_sm_items=&#8221;1&#8243; screen_sm_breakpoint=&#8221;480&#8243; gutter_size=&#8221;3&#8243; single_overlay_opacity=&#8221;50&#8243; single_padding=&#8221;2&#8243; uncode_shortcode_id=&#8221;150560&#8243;][vc_column_text uncode_shortcode_id=&#8221;399247&#8243;]Primo\u0161ten \u00e8 un affascinante borgo dalmata situato tra \u0160ibenik e Spalato, noto per il suo centro storico sulla penisola con case in pietra, cappelle e viuzze strette circondate dalla vegetazione mediterranea. Passeggiare lungo le passeggiate sul mare, ammirare tramonti indimenticabili, le acque cristalline e la ricca offerta gastronomica offre una perfetta fusione di storia, vita contemporanea, persone e natura.<\/p>\n<p><strong>\u00a0URL: <a href=\"https:\/\/visitprimosten.com\/\" target=\"_blank\" rel=\"noopener\">https:\/\/visitprimosten.com\/<\/a><\/strong>[\/vc_column_text][\/vc_column][vc_column column_width_percent=&#8221;100&#8243; gutter_size=&#8221;3&#8243; back_color=&#8221;color-lxmt&#8221; overlay_alpha=&#8221;50&#8243; radius=&#8221;std&#8221; shift_x=&#8221;0&#8243; shift_y=&#8221;0&#8243; shift_y_down=&#8221;0&#8243; z_index=&#8221;0&#8243; medium_width=&#8221;0&#8243; mobile_width=&#8221;0&#8243; width=&#8221;1\/2&#8243;][vc_gallery el_id=&#8221;gallery-1169006&#8243; type=&#8221;css_grid&#8221; medias=&#8221;8302,8439,8446,8453&#8243; grid_items=&#8221;2&#8243; screen_lg_items=&#8221;3&#8243; screen_lg_breakpoint=&#8221;1000&#8243; screen_md_items=&#8221;2&#8243; screen_md_breakpoint=&#8221;600&#8243; screen_sm_items=&#8221;1&#8243; screen_sm_breakpoint=&#8221;480&#8243; gutter_size=&#8221;3&#8243; single_overlay_opacity=&#8221;50&#8243; single_padding=&#8221;2&#8243; uncode_shortcode_id=&#8221;119559&#8243;][vc_column_text uncode_shortcode_id=&#8221;813311&#8243;]\u0160ibenik \u00e8 una citt\u00e0 storica all\u2019ingresso della baia di \u0160ibenik, riconoscibile per la Cattedrale di San Giacomo protetta dall\u2019UNESCO e un sistema di quattro fortezze che testimoniano il suo ricco passato. Il nucleo in pietra, il mare e le viste aperte sulla baia la rendono una delle citt\u00e0 pi\u00f9 speciali della Dalmazia centrale.<\/p>\n<p><strong>URL: <a href=\"https:\/\/www.visitsibenik.hr\/\" target=\"_blank\" rel=\"noopener\">https:\/\/www.visitsibenik.hr\/<\/a> , <a href=\"https:\/\/sibenikcard.hr\/\" target=\"_blank\" rel=\"noopener\">https:\/\/sibenikcard.hr\/<\/a><\/strong>[\/vc_column_text][\/vc_column][\/vc_row][vc_row row_height_percent=&#8221;0&#8243; overlay_alpha=&#8221;50&#8243; equal_height=&#8221;yes&#8221; gutter_size=&#8221;3&#8243; column_width_percent=&#8221;100&#8243; shift_y=&#8221;0&#8243; z_index=&#8221;0&#8243;][vc_column column_width_percent=&#8221;100&#8243; gutter_size=&#8221;3&#8243; back_color=&#8221;color-lxmt&#8221; overlay_alpha=&#8221;50&#8243; radius=&#8221;std&#8221; shift_x=&#8221;0&#8243; shift_y=&#8221;0&#8243; shift_y_down=&#8221;0&#8243; z_index=&#8221;0&#8243; medium_width=&#8221;0&#8243; mobile_width=&#8221;0&#8243; width=&#8221;1\/2&#8243;][vc_gallery el_id=&#8221;gallery-116900&#8243; type=&#8221;css_grid&#8221; medias=&#8221;8310,8460,8467,8474&#8243; grid_items=&#8221;2&#8243; screen_lg_items=&#8221;3&#8243; screen_lg_breakpoint=&#8221;1000&#8243; screen_md_items=&#8221;2&#8243; screen_md_breakpoint=&#8221;600&#8243; screen_sm_items=&#8221;1&#8243; screen_sm_breakpoint=&#8221;480&#8243; gutter_size=&#8221;3&#8243; single_overlay_opacity=&#8221;50&#8243; single_padding=&#8221;2&#8243; uncode_shortcode_id=&#8221;528175&#8243;][vc_column_text uncode_shortcode_id=&#8221;203066&#8243;]Spalato si \u00e8 sviluppato dal Palazzo di Diocleziano, un monumento unico dell\u2019architettura antica che da 17 secoli rappresenta il centro della vita cittadina. Il centro storico di Spalato \u00e8 patrimonio mondiale dell\u2019UNESCO e oggi la citt\u00e0 unisce storia, stile di vita mediterraneo e bellezze naturali come il colle Marjan e le spiagge cittadine.<\/p>\n<p><strong>URL: <a href=\"https:\/\/visitsplit.com\/\" target=\"_blank\" rel=\"noopener\">https:\/\/visitsplit.com\/<\/a>, <a href=\"https:\/\/360.visitsplit.com\/\" target=\"_blank\" rel=\"noopener\">https:\/\/360.visitsplit.com\/<\/a>\u00a0<\/strong>[\/vc_column_text][\/vc_column][vc_column column_width_percent=&#8221;100&#8243; gutter_size=&#8221;3&#8243; back_color=&#8221;color-lxmt&#8221; overlay_alpha=&#8221;50&#8243; radius=&#8221;std&#8221; shift_x=&#8221;0&#8243; shift_y=&#8221;0&#8243; shift_y_down=&#8221;0&#8243; z_index=&#8221;0&#8243; medium_width=&#8221;0&#8243; mobile_width=&#8221;0&#8243; width=&#8221;1\/2&#8243;][vc_gallery el_id=&#8221;gallery-116900&#8243; type=&#8221;css_grid&#8221; medias=&#8221;8317,8481,8488,8495&#8243; grid_items=&#8221;2&#8243; screen_lg_items=&#8221;3&#8243; screen_lg_breakpoint=&#8221;1000&#8243; screen_md_items=&#8221;2&#8243; screen_md_breakpoint=&#8221;600&#8243; screen_sm_items=&#8221;1&#8243; screen_sm_breakpoint=&#8221;480&#8243; gutter_size=&#8221;3&#8243; single_overlay_opacity=&#8221;50&#8243; single_padding=&#8221;2&#8243; uncode_shortcode_id=&#8221;358713&#8243;][vc_column_text uncode_shortcode_id=&#8221;510079&#8243;]Il Parco Nazionale di Krka comprende la parte pi\u00f9 bella del fiume Krka e il corso inferiore del \u010cikola, famoso per le cascate di travertino, le acque cristalline e l\u2019eccezionale valore naturale. Quest\u2019area protetta offre un\u2019esperienza unica di natura incontaminata, ricco patrimonio culturale e opportunit\u00e0 di svago, ideale per gli amanti della natura e del turismo attivo.<\/p>\n<p><strong>URL: <a href=\"https:\/\/www.npkrka.hr\/hr\/\" target=\"_blank\" rel=\"noopener\">https:\/\/www.npkrka.hr\/hr\/<\/a><\/strong>[\/vc_column_text][\/vc_column][\/vc_row][vc_row row_height_percent=&#8221;0&#8243; override_padding=&#8221;yes&#8221; h_padding=&#8221;2&#8243; top_padding=&#8221;2&#8243; bottom_padding=&#8221;4&#8243; overlay_alpha=&#8221;50&#8243; equal_height=&#8221;yes&#8221; gutter_size=&#8221;3&#8243; column_width_percent=&#8221;100&#8243; shift_y=&#8221;0&#8243; z_index=&#8221;0&#8243;][vc_column column_width_percent=&#8221;100&#8243; gutter_size=&#8221;3&#8243; back_color=&#8221;color-lxmt&#8221; overlay_alpha=&#8221;50&#8243; radius=&#8221;std&#8221; shift_x=&#8221;0&#8243; shift_y=&#8221;0&#8243; shift_y_down=&#8221;0&#8243; z_index=&#8221;0&#8243; medium_width=&#8221;0&#8243; mobile_width=&#8221;0&#8243; width=&#8221;1\/2&#8243;][vc_gallery el_id=&#8221;gallery-116900&#8243; type=&#8221;css_grid&#8221; medias=&#8221;8324,8502,8509,8516&#8243; grid_items=&#8221;2&#8243; screen_lg_items=&#8221;3&#8243; screen_lg_breakpoint=&#8221;1000&#8243; screen_md_items=&#8221;2&#8243; screen_md_breakpoint=&#8221;600&#8243; screen_sm_items=&#8221;1&#8243; screen_sm_breakpoint=&#8221;480&#8243; gutter_size=&#8221;3&#8243; single_overlay_opacity=&#8221;50&#8243; single_padding=&#8221;2&#8243; uncode_shortcode_id=&#8221;837148&#8243;][vc_column_text uncode_shortcode_id=&#8221;176661&#8243;]Trogir affascina con il suo charme mediterraneo, le strette strade lastricate e il centro storico che conserva tracce di oltre 3600 anni di storia. Citt\u00e0 dei maestri, famosa per le straordinarie opere artistiche e il patrimonio UNESCO, continua a emanare ispirazione e bellezza.<\/p>\n<p><strong>URL: <a href=\"https:\/\/www.visittrogir.hr\/hr\/tourist\" target=\"_blank\" rel=\"noopener\">https:\/\/www.visittrogir.hr\/hr\/tourist<\/a><\/strong>[\/vc_column_text][\/vc_column][vc_column column_width_percent=&#8221;100&#8243; gutter_size=&#8221;3&#8243; back_color=&#8221;color-lxmt&#8221; overlay_alpha=&#8221;50&#8243; radius=&#8221;std&#8221; shift_x=&#8221;0&#8243; shift_y=&#8221;0&#8243; shift_y_down=&#8221;0&#8243; z_index=&#8221;0&#8243; medium_width=&#8221;0&#8243; mobile_width=&#8221;0&#8243; width=&#8221;1\/2&#8243;][vc_gallery el_id=&#8221;gallery-116900&#8243; type=&#8221;css_grid&#8221; medias=&#8221;8331,8523,8530,8537&#8243; grid_items=&#8221;2&#8243; screen_lg_items=&#8221;3&#8243; screen_lg_breakpoint=&#8221;1000&#8243; screen_md_items=&#8221;2&#8243; screen_md_breakpoint=&#8221;600&#8243; screen_sm_items=&#8221;1&#8243; screen_sm_breakpoint=&#8221;480&#8243; gutter_size=&#8221;3&#8243; single_overlay_opacity=&#8221;50&#8243; single_padding=&#8221;2&#8243; uncode_shortcode_id=&#8221;109658&#8243;][vc_column_text uncode_shortcode_id=&#8221;118787&#8243;]Knin \u00e8 una citt\u00e0 di straordinaria natura e ricca storia, situata tra possenti montagne, fiumi e le sorgenti del fiume Krka, sopra la quale si erge la Dinara, la vetta pi\u00f9 alta della Croazia. Il suo paesaggio \u00e8 dominato da una delle pi\u00f9 grandi fortezze medievali d\u2019Europa, un tempo capitale dei re croati e simbolo duraturo della citt\u00e0.<\/p>\n<p><strong>URL: <a href=\"https:\/\/visitknin.hr\/\" target=\"_blank\" rel=\"noopener\">https:\/\/visitknin.hr\/<\/a><\/strong>[\/vc_column_text][\/vc_column][\/vc_row][vc_row row_height_percent=&#8221;0&#8243; override_padding=&#8221;yes&#8221; h_padding=&#8221;2&#8243; top_padding=&#8221;2&#8243; bottom_padding=&#8221;4&#8243; overlay_alpha=&#8221;50&#8243; equal_height=&#8221;yes&#8221; gutter_size=&#8221;3&#8243; column_width_percent=&#8221;100&#8243; shift_y=&#8221;0&#8243; z_index=&#8221;0&#8243;][vc_column column_width_percent=&#8221;100&#8243; gutter_size=&#8221;3&#8243; back_color=&#8221;color-lxmt&#8221; overlay_alpha=&#8221;50&#8243; radius=&#8221;std&#8221; shift_x=&#8221;0&#8243; shift_y=&#8221;0&#8243; shift_y_down=&#8221;0&#8243; z_index=&#8221;0&#8243; medium_width=&#8221;0&#8243; mobile_width=&#8221;0&#8243; width=&#8221;1\/2&#8243;][vc_gallery el_id=&#8221;gallery-116900&#8243; type=&#8221;css_grid&#8221; medias=&#8221;8338,8345,8352,8359&#8243; grid_items=&#8221;2&#8243; screen_lg_items=&#8221;3&#8243; screen_lg_breakpoint=&#8221;1000&#8243; screen_md_items=&#8221;2&#8243; screen_md_breakpoint=&#8221;600&#8243; screen_sm_items=&#8221;1&#8243; screen_sm_breakpoint=&#8221;480&#8243; gutter_size=&#8221;3&#8243; single_overlay_opacity=&#8221;50&#8243; single_padding=&#8221;2&#8243; uncode_shortcode_id=&#8221;560290&#8243;][vc_column_text uncode_shortcode_id=&#8221;656442&#8243;]Il Parco Nazionale delle Kornati comprende 89 isole, isolotti e scogli nella Dalmazia centrale, con la maggior parte della superficie costituita da un ecosistema marino preservato dalle acque cristalline. Riconoscibili per le ripide scogliere \u2013 le \u201ccorone\u201d rivolte verso il mare aperto \u2013 le Kornati offrono un connubio unico di bellezza selvaggia, silenzio e natura incontaminata.<\/p>\n<p><strong>URL: <a href=\"https:\/\/www.np-kornati.hr\/index.php?lang=hr\" target=\"_blank\" rel=\"noopener\">https:\/\/www.np-kornati.hr\/<\/a><br \/>\n<\/strong>Autor foto: Novena d.o.o.[\/vc_column_text][\/vc_column][vc_column column_width_percent=&#8221;100&#8243; gutter_size=&#8221;3&#8243; back_color=&#8221;color-lxmt&#8221; overlay_alpha=&#8221;50&#8243; radius=&#8221;std&#8221; shift_x=&#8221;0&#8243; shift_y=&#8221;0&#8243; shift_y_down=&#8221;0&#8243; z_index=&#8221;0&#8243; medium_width=&#8221;0&#8243; mobile_width=&#8221;0&#8243; width=&#8221;1\/2&#8243;][vc_gallery el_id=&#8221;gallery-116900&#8243; type=&#8221;css_grid&#8221; medias=&#8221;8366,8544,8551,8558&#8243; grid_items=&#8221;2&#8243; screen_lg_items=&#8221;3&#8243; screen_lg_breakpoint=&#8221;1000&#8243; screen_md_items=&#8221;2&#8243; screen_md_breakpoint=&#8221;600&#8243; screen_sm_items=&#8221;1&#8243; screen_sm_breakpoint=&#8221;480&#8243; gutter_size=&#8221;3&#8243; single_overlay_opacity=&#8221;50&#8243; single_padding=&#8221;2&#8243; uncode_shortcode_id=&#8221;102772&#8243;][vc_column_text uncode_shortcode_id=&#8221;512593&#8243;]Prvi\u0107 e Zlarin sono isole senza traffico automobilistico vicino a \u0160ibenik, note per il mare cristallino e l\u2019autentica atmosfera dalmata. Prvi\u0107 Luka \u00e8 conosciuta come luogo di sepoltura dell\u2019inventore Faust Vran\u010di\u0107, mentre Zlarin \u00e8 famosa come \u201cisola dei coralli\u201d.<\/p>\n<p><strong>URL: <a class=\"cursor-init\" href=\"https:\/\/www.tz-zlarin.hr\/\" target=\"_blank\" rel=\"noopener\">https:\/\/www.tz-zlarin.hr\/<\/a><br \/>\nURL: <a class=\"cursor-init\" href=\"https:\/\/www.vodice.hr\/hr\/home\" target=\"_blank\" rel=\"noopener\">https:\/\/www.vodice.hr\/hr\/home<\/a><br \/>\n<\/strong>Autor foto: TZ Zlarin, Vodice[\/vc_column_text][\/vc_column][\/vc_row]<\/p>\n<\/div>","protected":false},"excerpt":{"rendered":"<p>[vc_row row_height_percent=&#8221;0&#8243; override_padding=&#8221;yes&#8221; h_padding=&#8221;2&#8243; top_padding=&#8221;4&#8243; bottom_padding=&#8221;2&#8243; overlay_alpha=&#8221;50&#8243; gutter_size=&#8221;3&#8243; column_width_percent=&#8221;100&#8243; shift_y=&#8221;0&#8243; z_index=&#8221;0&#8243;][vc_column column_width_percent=&#8221;100&#8243; gutter_size=&#8221;2&#8243; back_color=&#8221;color-207971&#8243; overlay_alpha=&#8221;50&#8243; border_color=&#8221;color-platinum&#8221; border_style=&#8221;solid&#8221; shift_x=&#8221;0&#8243; shift_y=&#8221;0&#8243; shift_y_down=&#8221;0&#8243; [&hellip;]<\/p>\n","protected":false},"author":6,"featured_media":9301,"parent":0,"menu_order":0,"comment_status":"closed","ping_status":"closed","template":"","meta":{"footnotes":""},"class_list":["post-8586","page","type-page","status-publish","has-post-thumbnail","hentry","page_category-index-it","page_category-offer"],"_links":{"self":[{"href":"https:\/\/adriatik-kamp.com\/it\/wp-json\/wp\/v2\/pages\/8586","targetHints":{"allow":["GET"]}}],"collection":[{"href":"https:\/\/adriatik-kamp.com\/it\/wp-json\/wp\/v2\/pages"}],"about":[{"href":"https:\/\/adriatik-kamp.com\/it\/wp-json\/wp\/v2\/types\/page"}],"author":[{"embeddable":true,"href":"https:\/\/adriatik-kamp.com\/it\/wp-json\/wp\/v2\/users\/6"}],"replies":[{"embeddable":true,"href":"https:\/\/adriatik-kamp.com\/it\/wp-json\/wp\/v2\/comments?post=8586"}],"version-history":[{"count":6,"href":"https:\/\/adriatik-kamp.com\/it\/wp-json\/wp\/v2\/pages\/8586\/revisions"}],"predecessor-version":[{"id":9602,"href":"https:\/\/adriatik-kamp.com\/it\/wp-json\/wp\/v2\/pages\/8586\/revisions\/9602"}],"wp:featuredmedia":[{"embeddable":true,"href":"https:\/\/adriatik-kamp.com\/it\/wp-json\/wp\/v2\/media\/9301"}],"wp:attachment":[{"href":"https:\/\/adriatik-kamp.com\/it\/wp-json\/wp\/v2\/media?parent=8586"}],"curies":[{"name":"wp","href":"https:\/\/api.w.org\/{rel}","templated":true}]}}