{"id":7111,"date":"2021-04-12T10:43:31","date_gmt":"2021-04-12T08:43:31","guid":{"rendered":"https:\/\/adriatik-kamp.com\/gastro\/"},"modified":"2026-04-22T06:35:48","modified_gmt":"2026-04-22T04:35:48","slug":"gastro","status":"publish","type":"page","link":"https:\/\/adriatik-kamp.com\/it\/gastro\/","title":{"rendered":"Gastro"},"content":{"rendered":"<div class=\"wpb-content-wrapper\"><p>[vc_row row_height_percent=&#8221;0&#8243; override_padding=&#8221;yes&#8221; h_padding=&#8221;2&#8243; top_padding=&#8221;3&#8243; bottom_padding=&#8221;2&#8243; overlay_alpha=&#8221;50&#8243; gutter_size=&#8221;3&#8243; column_width_percent=&#8221;100&#8243; shift_y=&#8221;0&#8243; z_index=&#8221;0&#8243;][vc_column column_width_percent=&#8221;100&#8243; gutter_size=&#8221;2&#8243; back_color=&#8221;color-207971&#8243; overlay_alpha=&#8221;50&#8243; border_color=&#8221;color-platinum&#8221; border_style=&#8221;solid&#8221; shift_x=&#8221;0&#8243; shift_y=&#8221;0&#8243; shift_y_down=&#8221;0&#8243; z_index=&#8221;0&#8243; medium_width=&#8221;0&#8243; mobile_width=&#8221;0&#8243; width=&#8221;1\/2&#8243; css=&#8221;.vc_custom_1618225949471{border-left-width: 2px !important;}&#8221;][uncode_breadcrumbs text_lead=&#8221;small&#8221;][vc_custom_heading auto_text=&#8221;yes&#8221; heading_semantic=&#8221;h1&#8243; text_size=&#8221;h1&#8243; text_weight=&#8221;700&#8243;]This is a custom heading element.[\/vc_custom_heading][vc_column_text uncode_shortcode_id=&#8221;185352&#8243;]<strong>Ristorante&nbsp; Adriatic<\/strong><\/p>\n<p>Situato nel cuore del campeggio, il <strong>Ristorante &nbsp;Adriatic <\/strong>offre un\u2019autentica esperienza di cucina mediterranea e dalmata in un ambiente rilassato e naturale. Il nostro men\u00f9 unisce tradizione e freschezza, proponendo agli ospiti specialit\u00e0 alla griglia, piatti cotti sotto la peka e una variet\u00e0 di piatti tradizionali dalmati preparati con amore e ingredienti locali selezionati con cura.<\/p>\n<p>Per gli amanti della pizza, offriamo opzioni di alta qualit\u00e0 e varie, adatte a tutti i gusti, mentre l\u2019ampia selezione di bevande tipiche \u2013 tra cui il pro\u0161ek, liquori locali e vini dalmati selezionati \u2013 completa perfettamente l\u2019esperienza gastronomica.<\/p>\n<p>Il ristorante dispone di un\u2019ampia terrazza esterna, ideale per le calde serate estive, e di un\u2019area interna climatizzata che garantisce un\u2019atmosfera piacevole durante tutto il giorno.<\/p>\n<p>In linea con lo spirito familiare del campeggio, il <strong>Ristorante &nbsp;Adriatic <\/strong>\u00e8 <strong>pet-friendly<\/strong>, quindi anche i vostri amici a quattro zampe sono i benvenuti per godersi una vacanza spensierata con voi.<\/p>\n<p>Vivi gli autentici profumi, sapori e tradizioni della Dalmazia \u2013 tutto in un unico luogo, al <strong>Ristorante &nbsp;Adriatic<\/strong>.[\/vc_column_text][\/vc_column][vc_column width=&#8221;1\/2&#8243;][vc_gallery el_id=&#8221;gallery-106302&#8243; medias=&#8221;7039,7046,7053,7060,7067,7074,7081,7088&#8243; gutter_size=&#8221;3&#8243; media_items=&#8221;media|nolink|original&#8221; screen_lg=&#8221;1000&#8243; screen_md=&#8221;600&#8243; screen_sm=&#8221;480&#8243; single_shape=&#8221;round&#8221; radius=&#8221;std&#8221; single_overlay_opacity=&#8221;1&#8243; single_image_anim=&#8221;no&#8221; single_padding=&#8221;2&#8243; single_shadow=&#8221;yes&#8221; shadow_weight=&#8221;std&#8221; single_border=&#8221;yes&#8221; uncode_shortcode_id=&#8221;674996&#8243;][\/vc_column][\/vc_row][vc_row row_height_percent=&#8221;0&#8243; override_padding=&#8221;yes&#8221; h_padding=&#8221;2&#8243; top_padding=&#8221;2&#8243; bottom_padding=&#8221;4&#8243; overlay_alpha=&#8221;50&#8243; gutter_size=&#8221;3&#8243; column_width_percent=&#8221;100&#8243; shift_y=&#8221;0&#8243; z_index=&#8221;0&#8243;][vc_column width=&#8221;1\/1&#8243;][\/vc_column][\/vc_row]<\/p>\n<\/div>","protected":false},"excerpt":{"rendered":"<p>[vc_row row_height_percent=&#8221;0&#8243; override_padding=&#8221;yes&#8221; h_padding=&#8221;2&#8243; top_padding=&#8221;3&#8243; bottom_padding=&#8221;2&#8243; overlay_alpha=&#8221;50&#8243; gutter_size=&#8221;3&#8243; column_width_percent=&#8221;100&#8243; shift_y=&#8221;0&#8243; z_index=&#8221;0&#8243;][vc_column column_width_percent=&#8221;100&#8243; gutter_size=&#8221;2&#8243; back_color=&#8221;color-207971&#8243; overlay_alpha=&#8221;50&#8243; border_color=&#8221;color-platinum&#8221; border_style=&#8221;solid&#8221; shift_x=&#8221;0&#8243; shift_y=&#8221;0&#8243; shift_y_down=&#8221;0&#8243; [&hellip;]<\/p>\n","protected":false},"author":6,"featured_media":7112,"parent":0,"menu_order":0,"comment_status":"closed","ping_status":"closed","template":"","meta":{"footnotes":""},"class_list":["post-7111","page","type-page","status-publish","has-post-thumbnail","hentry","page_category-index-it","page_category-offer"],"_links":{"self":[{"href":"https:\/\/adriatik-kamp.com\/it\/wp-json\/wp\/v2\/pages\/7111","targetHints":{"allow":["GET"]}}],"collection":[{"href":"https:\/\/adriatik-kamp.com\/it\/wp-json\/wp\/v2\/pages"}],"about":[{"href":"https:\/\/adriatik-kamp.com\/it\/wp-json\/wp\/v2\/types\/page"}],"author":[{"embeddable":true,"href":"https:\/\/adriatik-kamp.com\/it\/wp-json\/wp\/v2\/users\/6"}],"replies":[{"embeddable":true,"href":"https:\/\/adriatik-kamp.com\/it\/wp-json\/wp\/v2\/comments?post=7111"}],"version-history":[{"count":7,"href":"https:\/\/adriatik-kamp.com\/it\/wp-json\/wp\/v2\/pages\/7111\/revisions"}],"predecessor-version":[{"id":9940,"href":"https:\/\/adriatik-kamp.com\/it\/wp-json\/wp\/v2\/pages\/7111\/revisions\/9940"}],"wp:featuredmedia":[{"embeddable":true,"href":"https:\/\/adriatik-kamp.com\/it\/wp-json\/wp\/v2\/media\/7112"}],"wp:attachment":[{"href":"https:\/\/adriatik-kamp.com\/it\/wp-json\/wp\/v2\/media?parent=7111"}],"curies":[{"name":"wp","href":"https:\/\/api.w.org\/{rel}","templated":true}]}}