{"id":8656,"date":"2026-01-28T09:38:55","date_gmt":"2026-01-28T07:38:55","guid":{"rendered":"https:\/\/adriatik-kamp.com\/atorske-zone-uz-more\/"},"modified":"2026-04-27T14:32:21","modified_gmt":"2026-04-27T12:32:21","slug":"satoros-zonak-a-tengerparton","status":"publish","type":"page","link":"https:\/\/adriatik-kamp.com\/hu\/satoros-zonak-a-tengerparton\/","title":{"rendered":"S\u00e1toros z\u00f3n\u00e1k a tengerparton"},"content":{"rendered":"<div class=\"wpb-content-wrapper\"><p>[vc_row][vc_column width=&#8221;1\/2&#8243;][vc_custom_heading uncode_shortcode_id=&#8221;162535&#8243;]<\/p>\n<h1><strong>S\u00e1toros z\u00f3n\u00e1k a tengerparton<\/strong><\/h1>\n<p>[\/vc_custom_heading][vc_column_text uncode_shortcode_id=&#8221;160242&#8243;]S\u00e1toros z\u00f3n\u00e1ink ide\u00e1lis helyen, a tenger k\u00f6zel\u00e9ben tal\u00e1lhat\u00f3k, \u00e9s nyugodt, term\u00e9szetes k\u00f6rnyezetet k\u00edn\u00e1lnak a kempingez\u0151knek.<\/p>\n<p>A ter\u00fclet nagy r\u00e9sze gy\u00f6ny\u00f6r\u0171 feny\u0151erd\u0151 \u00e1rny\u00e9k\u00e1ban fekszik, \u00edgy eg\u00e9sz nap h\u0171v\u00f6s \u00e9s pihentet\u0151 l\u00e9gk\u00f6r uralkodik.<\/p>\n<p>Ezek a z\u00f3n\u00e1k kiz\u00e1r\u00f3lag s\u00e1trak sz\u00e1m\u00e1ra vannak fenntartva, m\u00edg a k\u00e9nyelmes parkol\u00f3 a k\u00f6zelben tal\u00e1lhat\u00f3, \u00edgy k\u00f6nnyen megk\u00f6zel\u00edthet\u0151.<\/p>\n<p>Minden kempinghely elektromos \u00e1rammal \u00e9s Wi-Fi-vel felszerelt, \u00edgy k\u00e9nyelmes \u00e9s kapcsol\u00f3d\u00f3 kemping\u00e9lm\u00e9nyt biztos\u00edt.<\/p>\n<p>T\u00f6k\u00e9letes v\u00e1laszt\u00e1s a term\u00e9szet szerelmeseinek \u00e9s azoknak, akik b\u00e9k\u00e9s tengerparti pihen\u0151helyet keresnek.[\/vc_column_text][vc_button button_color=&#8221;accent&#8221; size=&#8221;btn-sm&#8221; border_width=&#8221;0&#8243; link=&#8221;url:https%3A%2F%2Fsecure.phobs.net%2Fbook.php%3Fcompany_id%3D65b293c11bc1f5398df9e598723fb3db%26hotel%3Debdd54e81d289a30a732c945d1f2dedb%26date%3D2026-04-01%26rate%3D533395&#8243; button_color_type=&#8221;uncode-palette&#8221; uncode_shortcode_id=&#8221;296804&#8243;]Foglal\u00e1s[\/vc_button][vc_single_image media=&#8221;7943&#8243; media_width_percent=&#8221;100&#8243; uncode_shortcode_id=&#8221;766956&#8243;][\/vc_column][vc_column width=&#8221;1\/2&#8243;][vc_gallery el_id=&#8221;gallery-731742&#8243; isotope_mode=&#8221;cellsByRow&#8221; medias=&#8221;7950,7957,7964&#8243; gutter_size=&#8221;3&#8243; single_overlay_opacity=&#8221;50&#8243; single_padding=&#8221;2&#8243; uncode_shortcode_id=&#8221;106025&#8243; title=&#8221;Mobilne ku\u0107ice s pogledom na kamp&#8221;][\/vc_column][\/vc_row]<\/p>\n<\/div>","protected":false},"excerpt":{"rendered":"<p>[vc_row][vc_column width=&#8221;1\/2&#8243;][vc_custom_heading uncode_shortcode_id=&#8221;162535&#8243;] S\u00e1toros z\u00f3n\u00e1k a tengerparton [\/vc_custom_heading][vc_column_text uncode_shortcode_id=&#8221;160242&#8243;]S\u00e1toros z\u00f3n\u00e1ink ide\u00e1lis helyen, a tenger k\u00f6zel\u00e9ben tal\u00e1lhat\u00f3k, \u00e9s nyugodt, term\u00e9szetes k\u00f6rnyezetet [&hellip;]<\/p>\n","protected":false},"author":6,"featured_media":0,"parent":0,"menu_order":0,"comment_status":"closed","ping_status":"closed","template":"","meta":{"footnotes":""},"class_list":["post-8656","page","type-page","status-publish","hentry"],"_links":{"self":[{"href":"https:\/\/adriatik-kamp.com\/hu\/wp-json\/wp\/v2\/pages\/8656","targetHints":{"allow":["GET"]}}],"collection":[{"href":"https:\/\/adriatik-kamp.com\/hu\/wp-json\/wp\/v2\/pages"}],"about":[{"href":"https:\/\/adriatik-kamp.com\/hu\/wp-json\/wp\/v2\/types\/page"}],"author":[{"embeddable":true,"href":"https:\/\/adriatik-kamp.com\/hu\/wp-json\/wp\/v2\/users\/6"}],"replies":[{"embeddable":true,"href":"https:\/\/adriatik-kamp.com\/hu\/wp-json\/wp\/v2\/comments?post=8656"}],"version-history":[{"count":4,"href":"https:\/\/adriatik-kamp.com\/hu\/wp-json\/wp\/v2\/pages\/8656\/revisions"}],"predecessor-version":[{"id":14271,"href":"https:\/\/adriatik-kamp.com\/hu\/wp-json\/wp\/v2\/pages\/8656\/revisions\/14271"}],"wp:attachment":[{"href":"https:\/\/adriatik-kamp.com\/hu\/wp-json\/wp\/v2\/media?parent=8656"}],"curies":[{"name":"wp","href":"https:\/\/api.w.org\/{rel}","templated":true}]}}