{"id":8646,"date":"2026-01-28T09:27:41","date_gmt":"2026-01-28T07:27:41","guid":{"rendered":"https:\/\/adriatik-kamp.com\/standard-parcele-s-pogledom-na-kamp\/"},"modified":"2026-02-15T21:02:12","modified_gmt":"2026-02-15T19:02:12","slug":"standard-parcellak-kempingre-nezo-kilatassal","status":"publish","type":"page","link":"https:\/\/adriatik-kamp.com\/hu\/standard-parcellak-kempingre-nezo-kilatassal\/","title":{"rendered":"Standard parcell\u00e1k kempingre n\u00e9z\u0151 kil\u00e1t\u00e1ssal"},"content":{"rendered":"<div class=\"wpb-content-wrapper\"><p>[vc_row][vc_column width=&#8221;1\/2&#8243;][vc_custom_heading uncode_shortcode_id=&#8221;916733&#8243;]<\/p>\n<h1><strong>Standard parcell\u00e1k kempingre n\u00e9z\u0151 kil\u00e1t\u00e1ssal<\/strong><\/h1>\n<p>[\/vc_custom_heading][vc_column_text uncode_shortcode_id=&#8221;667500&#8243;]Standard sz\u00e1ll\u00e1shelyeink kempingre n\u00e9z\u0151 kil\u00e1t\u00e1ssal a kemping fels\u0151 r\u00e9sz\u00e9n tal\u00e1lhat\u00f3k, a szaniter l\u00e9tes\u00edtm\u00e9nyek k\u00f6zel\u00e9ben, \u00edgy k\u00e9nyelmet \u00e9s komfortot ny\u00fajtanak tart\u00f3zkod\u00e1sa alatt.<\/p>\n<p>A nap nagy r\u00e9sz\u00e9ben napos, 70-120 m\u00b2-es parcell\u00e1k vil\u00e1gos \u00e9s k\u00e9nyelmes helyet k\u00edn\u00e1lnak s\u00e1trak, kis lak\u00f3kocsik vagy kempingaut\u00f3k sz\u00e1m\u00e1ra.<\/p>\n<p>Minden parcell\u00e1n van \u00e1ram \u00e9s Wi-Fi, ami praktikus \u00e9s gondtalan tart\u00f3zkod\u00e1st biztos\u00edt.<\/p>\n<p>T\u00f6k\u00e9letes azoknak a vend\u00e9geknek, akik gy\u00f6ny\u00f6r\u0171 kil\u00e1t\u00e1ssal a kempingre \u00e9s a k\u00f6rny\u00e9kre szeretn\u00e9k \u00e9lvezni a s\u00e1traz\u00e1s \u00e9lm\u00e9ny\u00e9t.[\/vc_column_text][vc_single_image media=&#8221;7901&#8243; media_width_percent=&#8221;100&#8243; uncode_shortcode_id=&#8221;104334&#8243;][\/vc_column][vc_column width=&#8221;1\/2&#8243;][vc_gallery el_id=&#8221;gallery-731742&#8243; medias=&#8221;7887,7894,7908,7915&#8243; gutter_size=&#8221;3&#8243; single_overlay_opacity=&#8221;50&#8243; single_padding=&#8221;2&#8243; uncode_shortcode_id=&#8221;145583&#8243; title=&#8221;Standard sz\u00e1ll\u00e1shelyeink kempingre n\u00e9z\u0151 kil\u00e1t\u00e1ssal a kemping fels\u0151 r\u00e9sz\u00e9n tal\u00e1lhat\u00f3k, a szaniter l\u00e9tes\u00edtm\u00e9nyek k\u00f6zel\u00e9ben, \u00edgy k\u00e9nyelmet \u00e9s komfortot ny\u00fajtanak tart\u00f3zkod\u00e1sa alatt. A nap nagy r\u00e9sz\u00e9ben napos, 70-120 m\u00b2-es parcell\u00e1k vil\u00e1gos \u00e9s k\u00e9nyelmes helyet k\u00edn\u00e1lnak s\u00e1trak, kis lak\u00f3kocsik vagy kempingaut\u00f3k sz\u00e1m\u00e1ra. Minden parcell\u00e1n van \u00e1ram \u00e9s Wi-Fi, ami praktikus \u00e9s gondtalan tart\u00f3zkod\u00e1st biztos\u00edt. T\u00f6k\u00e9letes azoknak a vend\u00e9geknek, akik gy\u00f6ny\u00f6r\u0171 kil\u00e1t\u00e1ssal a kempingre \u00e9s a k\u00f6rny\u00e9kre szeretn\u00e9k \u00e9lvezni a s\u00e1traz\u00e1s \u00e9lm\u00e9ny\u00e9t.&#8221;][\/vc_column][\/vc_row]<\/p>\n<\/div>","protected":false},"excerpt":{"rendered":"<p>[vc_row][vc_column width=&#8221;1\/2&#8243;][vc_custom_heading uncode_shortcode_id=&#8221;916733&#8243;] Standard parcell\u00e1k kempingre n\u00e9z\u0151 kil\u00e1t\u00e1ssal [\/vc_custom_heading][vc_column_text uncode_shortcode_id=&#8221;667500&#8243;]Standard sz\u00e1ll\u00e1shelyeink kempingre n\u00e9z\u0151 kil\u00e1t\u00e1ssal a kemping fels\u0151 r\u00e9sz\u00e9n tal\u00e1lhat\u00f3k, a [&hellip;]<\/p>\n","protected":false},"author":6,"featured_media":0,"parent":0,"menu_order":0,"comment_status":"closed","ping_status":"closed","template":"","meta":{"footnotes":""},"class_list":["post-8646","page","type-page","status-publish","hentry"],"_links":{"self":[{"href":"https:\/\/adriatik-kamp.com\/hu\/wp-json\/wp\/v2\/pages\/8646","targetHints":{"allow":["GET"]}}],"collection":[{"href":"https:\/\/adriatik-kamp.com\/hu\/wp-json\/wp\/v2\/pages"}],"about":[{"href":"https:\/\/adriatik-kamp.com\/hu\/wp-json\/wp\/v2\/types\/page"}],"author":[{"embeddable":true,"href":"https:\/\/adriatik-kamp.com\/hu\/wp-json\/wp\/v2\/users\/6"}],"replies":[{"embeddable":true,"href":"https:\/\/adriatik-kamp.com\/hu\/wp-json\/wp\/v2\/comments?post=8646"}],"version-history":[{"count":3,"href":"https:\/\/adriatik-kamp.com\/hu\/wp-json\/wp\/v2\/pages\/8646\/revisions"}],"predecessor-version":[{"id":8649,"href":"https:\/\/adriatik-kamp.com\/hu\/wp-json\/wp\/v2\/pages\/8646\/revisions\/8649"}],"wp:attachment":[{"href":"https:\/\/adriatik-kamp.com\/hu\/wp-json\/wp\/v2\/media?parent=8646"}],"curies":[{"name":"wp","href":"https:\/\/api.w.org\/{rel}","templated":true}]}}