{"id":8642,"date":"2026-01-28T09:11:53","date_gmt":"2026-01-28T07:11:53","guid":{"rendered":"https:\/\/adriatik-kamp.com\/standard-parcele-s-pogledom-na-more\/"},"modified":"2026-02-15T20:57:27","modified_gmt":"2026-02-15T18:57:27","slug":"standard-tengerre-nezo-parcellak","status":"publish","type":"page","link":"https:\/\/adriatik-kamp.com\/hu\/standard-tengerre-nezo-parcellak\/","title":{"rendered":"Standard tengerre n\u00e9z\u0151 parcell\u00e1k"},"content":{"rendered":"<div class=\"wpb-content-wrapper\"><p>[vc_row][vc_column width=&#8221;1\/2&#8243;][vc_custom_heading uncode_shortcode_id=&#8221;669581&#8243;]<\/p>\n<h1><strong>Standard tengerre n\u00e9z\u0151 parcell\u00e1k<\/strong><\/h1>\n<p>[\/vc_custom_heading][vc_column_text uncode_shortcode_id=&#8221;394009&#8243;]A kemping k\u00f6zponti r\u00e9sz\u00e9n tal\u00e1lhat\u00f3 standard kempinghelyeink t\u00f6k\u00e9letesek azok sz\u00e1m\u00e1ra, akik praktikus \u00e9s k\u00e9nyelmes kemping\u00e9lm\u00e9nyt keresnek.<\/p>\n<p>40-100 m\u00b2-es m\u00e9ret\u00fckkel k\u00fcl\u00f6n\u00f6sen alkalmasak s\u00e1trak, kis lak\u00f3kocsik vagy kempingaut\u00f3k sz\u00e1m\u00e1ra.<\/p>\n<p>Minden kempinghely elektromos \u00e1rammal \u00e9s Wi-Fi-vel felszerelt, \u00edgy minden sz\u00fcks\u00e9ges felt\u00e9tel adott a gondtalan pihen\u00e9shez.<\/p>\n<p>A k\u00f6zelben tal\u00e1lhat\u00f3 egy kutyabar\u00e1t strand, \u00edgy ezek a kempinghelyek kiv\u00e1l\u00f3 v\u00e1laszt\u00e1s h\u00e1zi\u00e1llat-tulajdonosok sz\u00e1m\u00e1ra is.[\/vc_column_text][vc_single_image media=&#8221;7834&#8243; media_width_percent=&#8221;100&#8243; uncode_shortcode_id=&#8221;116888&#8243;][\/vc_column][vc_column width=&#8221;1\/2&#8243;][vc_gallery el_id=&#8221;gallery-731742&#8243; medias=&#8221;7820,7827,7841,7855,7848&#8243; gutter_size=&#8221;3&#8243; single_overlay_opacity=&#8221;50&#8243; single_padding=&#8221;2&#8243; uncode_shortcode_id=&#8221;184846&#8243; title=&#8221;Mobilne ku\u0107ice s pogledom na kamp&#8221;][\/vc_column][\/vc_row]<\/p>\n<\/div>","protected":false},"excerpt":{"rendered":"<p>[vc_row][vc_column width=&#8221;1\/2&#8243;][vc_custom_heading uncode_shortcode_id=&#8221;669581&#8243;] Standard tengerre n\u00e9z\u0151 parcell\u00e1k [\/vc_custom_heading][vc_column_text uncode_shortcode_id=&#8221;394009&#8243;]A kemping k\u00f6zponti r\u00e9sz\u00e9n tal\u00e1lhat\u00f3 standard kempinghelyeink t\u00f6k\u00e9letesek azok sz\u00e1m\u00e1ra, akik praktikus [&hellip;]<\/p>\n","protected":false},"author":6,"featured_media":0,"parent":0,"menu_order":0,"comment_status":"closed","ping_status":"closed","template":"","meta":{"footnotes":""},"class_list":["post-8642","page","type-page","status-publish","hentry"],"_links":{"self":[{"href":"https:\/\/adriatik-kamp.com\/hu\/wp-json\/wp\/v2\/pages\/8642","targetHints":{"allow":["GET"]}}],"collection":[{"href":"https:\/\/adriatik-kamp.com\/hu\/wp-json\/wp\/v2\/pages"}],"about":[{"href":"https:\/\/adriatik-kamp.com\/hu\/wp-json\/wp\/v2\/types\/page"}],"author":[{"embeddable":true,"href":"https:\/\/adriatik-kamp.com\/hu\/wp-json\/wp\/v2\/users\/6"}],"replies":[{"embeddable":true,"href":"https:\/\/adriatik-kamp.com\/hu\/wp-json\/wp\/v2\/comments?post=8642"}],"version-history":[{"count":2,"href":"https:\/\/adriatik-kamp.com\/hu\/wp-json\/wp\/v2\/pages\/8642\/revisions"}],"predecessor-version":[{"id":8644,"href":"https:\/\/adriatik-kamp.com\/hu\/wp-json\/wp\/v2\/pages\/8642\/revisions\/8644"}],"wp:attachment":[{"href":"https:\/\/adriatik-kamp.com\/hu\/wp-json\/wp\/v2\/media?parent=8642"}],"curies":[{"name":"wp","href":"https:\/\/api.w.org\/{rel}","templated":true}]}}