{"id":8633,"date":"2026-01-28T08:41:47","date_gmt":"2026-01-28T06:41:47","guid":{"rendered":"https:\/\/adriatik-kamp.com\/premium-seafront-parcele\/"},"modified":"2026-02-15T20:51:11","modified_gmt":"2026-02-15T18:51:11","slug":"premium-tengerparti-parcellak","status":"publish","type":"page","link":"https:\/\/adriatik-kamp.com\/hu\/premium-tengerparti-parcellak\/","title":{"rendered":"Pr\u00e9mium Tengerparti Parcell\u00e1k"},"content":{"rendered":"<div class=\"wpb-content-wrapper\"><p>[vc_row][vc_column width=&#8221;1\/2&#8243;][vc_custom_heading uncode_shortcode_id=&#8221;116898&#8243;]<\/p>\n<h1><strong>Pr\u00e9mium Tengerparti Parcell\u00e1k<\/strong><\/h1>\n<p>[\/vc_custom_heading][vc_column_text uncode_shortcode_id=&#8221;135341&#8243;]A tengerpartt\u00f3l 1., 2., 3. \u00e9s 4. sorban elhelyezked\u0151 pr\u00e9mium tengerparti kempinghelyeink t\u00f6k\u00e9letes kombin\u00e1ci\u00f3j\u00e1t k\u00edn\u00e1lj\u00e1k a mag\u00e1n\u00e9letnek, a nyugalomnak \u00e9s a strand k\u00f6zels\u00e9g\u00e9nek.<\/p>\n<p>Feny\u0151f\u00e1kkal k\u00f6r\u00fclv\u00e9ve r\u00e9szleges \u00e1rny\u00e9kot \u00e9s term\u00e9szetes v\u00e9delmet ny\u00fajtanak a nap ellen, ide\u00e1lisak a napk\u00f6zbeni pihen\u00e9shez.<\/p>\n<p>Teraszos elrendez\u00e9s\u0171, 60-120 m\u00b2 alapter\u00fclet\u0171 kempinghelyeink r\u00e9szben naposak, \u00e9s teljes k\u00f6r\u0171en felszereltek \u00e1rammal, v\u00edzzel \u00e9s Wi-Fi-vel, \u00edgy k\u00e9nyelmes \u00e9s gondtalan tart\u00f3zkod\u00e1st biztos\u00edtanak.<\/p>\n<p>T\u00f6k\u00e9letesek a term\u00e9szet szerelmeseinek, csal\u00e1doknak \u00e9s p\u00e1roknak, akik b\u00e9k\u00e9s tengerparti pihen\u00e9st keresnek autentikus mediterr\u00e1n k\u00f6rnyezetben.[\/vc_column_text][vc_single_image media=&#8221;7695&#8243; media_width_percent=&#8221;100&#8243; uncode_shortcode_id=&#8221;828577&#8243;][\/vc_column][vc_column width=&#8221;1\/2&#8243;][vc_gallery el_id=&#8221;gallery-731742&#8243; medias=&#8221;7681,7688,7702,7709,7716&#8243; gutter_size=&#8221;3&#8243; single_overlay_opacity=&#8221;50&#8243; single_padding=&#8221;2&#8243; uncode_shortcode_id=&#8221;183552&#8243; title=&#8221;Mobilne ku\u0107ice s pogledom na kamp&#8221;][\/vc_column][\/vc_row]<\/p>\n<\/div>","protected":false},"excerpt":{"rendered":"<p>[vc_row][vc_column width=&#8221;1\/2&#8243;][vc_custom_heading uncode_shortcode_id=&#8221;116898&#8243;] Pr\u00e9mium Tengerparti Parcell\u00e1k [\/vc_custom_heading][vc_column_text uncode_shortcode_id=&#8221;135341&#8243;]A tengerpartt\u00f3l 1., 2., 3. \u00e9s 4. sorban elhelyezked\u0151 pr\u00e9mium tengerparti kempinghelyeink t\u00f6k\u00e9letes [&hellip;]<\/p>\n","protected":false},"author":6,"featured_media":0,"parent":0,"menu_order":0,"comment_status":"closed","ping_status":"closed","template":"","meta":{"footnotes":""},"class_list":["post-8633","page","type-page","status-publish","hentry"],"_links":{"self":[{"href":"https:\/\/adriatik-kamp.com\/hu\/wp-json\/wp\/v2\/pages\/8633","targetHints":{"allow":["GET"]}}],"collection":[{"href":"https:\/\/adriatik-kamp.com\/hu\/wp-json\/wp\/v2\/pages"}],"about":[{"href":"https:\/\/adriatik-kamp.com\/hu\/wp-json\/wp\/v2\/types\/page"}],"author":[{"embeddable":true,"href":"https:\/\/adriatik-kamp.com\/hu\/wp-json\/wp\/v2\/users\/6"}],"replies":[{"embeddable":true,"href":"https:\/\/adriatik-kamp.com\/hu\/wp-json\/wp\/v2\/comments?post=8633"}],"version-history":[{"count":2,"href":"https:\/\/adriatik-kamp.com\/hu\/wp-json\/wp\/v2\/pages\/8633\/revisions"}],"predecessor-version":[{"id":8635,"href":"https:\/\/adriatik-kamp.com\/hu\/wp-json\/wp\/v2\/pages\/8633\/revisions\/8635"}],"wp:attachment":[{"href":"https:\/\/adriatik-kamp.com\/hu\/wp-json\/wp\/v2\/media?parent=8633"}],"curies":[{"name":"wp","href":"https:\/\/api.w.org\/{rel}","templated":true}]}}