{"id":8628,"date":"2026-01-28T07:45:53","date_gmt":"2026-01-28T05:45:53","guid":{"rendered":"https:\/\/adriatik-kamp.com\/cliff-mobilne-kuice-s-pogledom-na-more-21\/"},"modified":"2026-03-18T12:45:12","modified_gmt":"2026-03-18T10:45:12","slug":"cliff-mobilhaz-tengerre-nezo-kilatassal-21","status":"publish","type":"page","link":"https:\/\/adriatik-kamp.com\/hu\/cliff-mobilhaz-tengerre-nezo-kilatassal-21\/","title":{"rendered":"Cliff mobilh\u00e1z tengerre n\u00e9z\u0151 kil\u00e1t\u00e1ssal (2+1)"},"content":{"rendered":"<div class=\"wpb-content-wrapper\"><p>[vc_row][vc_column width=&#8221;1\/2&#8243;][vc_custom_heading uncode_shortcode_id=&#8221;123160&#8243;]<\/p>\n<h1><strong>Cliff mobilh\u00e1z tengerre n\u00e9z\u0151 kil\u00e1t\u00e1ssal (2+1)<\/strong><\/h1>\n<p>[\/vc_custom_heading][vc_column_text uncode_shortcode_id=&#8221;211353&#8243;]19 m\u00b2-es k\u00e9nyelmes ter\u00fckkel ezek a mobilh\u00e1zak t\u00f6k\u00e9letesek p\u00e1rok vagy kis csal\u00e1dok sz\u00e1m\u00e1ra, akik pihentet\u0151 \u00e9s meghitt nyaral\u00e1sra v\u00e1gynak.<\/p>\n<p>\u00c9lvezze a mag\u00e1n\u00e9let \u00e9s a term\u00e9szet t\u00f6k\u00e9letes egyens\u00faly\u00e1t, a hull\u00e1mok megnyugtat\u00f3 hangj\u00e1t \u00e9s a feny\u0151f\u00e1k friss illat\u00e1t.<\/p>\n<p>A kemping bal oldal\u00e1n tal\u00e1lhat\u00f3, minden egys\u00e9g l\u00e9gkondicion\u00e1lt \u00e9s teljesen felszerelt, hogy ak\u00e1r 3 f\u0151 (2+1) is gondtalanul tart\u00f3zkodhasson benne.[\/vc_column_text][vc_column_text uncode_shortcode_id=&#8221;104261&#8243;]<strong>A mobilh\u00e1z tartalmazza:<\/strong>[\/vc_column_text][uncode_list icon=&#8221;fa fa-check&#8221; uncode_shortcode_id=&#8221;179964&#8243;]<\/p>\n<ul>\n<li>K\u00e9tszem\u00e9lyes h\u00e1l\u00f3szoba \u00e1ggyal (160 x 200 cm)<\/li>\n<li>F\u00fcrd\u0151szoba zuhanyz\u00f3val \u00e9s WC-vel<\/li>\n<li>Sarok\u00fcl\u0151, \u00e1gyazhat\u00f3 (80 x 198 cm)<\/li>\n<li>\u00c9tkez\u0151asztal sz\u00e9kekkel<\/li>\n<li>Teljesen felszerelt konyha: elektromos t\u0171zhely, mosogat\u00f3g\u00e9p, h\u0171t\u0151szekr\u00e9ny fagyaszt\u00f3val, sz\u0171r\u0151s k\u00e1v\u00e9f\u0151z\u0151, v\u00edzforral\u00f3, ed\u00e9nyek \u00e9s ev\u0151eszk\u00f6z\u00f6k<\/li>\n<li>L\u00e9gkondicion\u00e1l\u00e1s, m\u0171holdas TV, Wi-Fi<\/li>\n<li>\u00c1gynem\u0171 (heti cser\u00e9vel) \u00e9s t\u00f6r\u00f6lk\u00f6z\u0151 (3 naponta cser\u00e9vel)<\/li>\n<li>Terasz (16 m\u00b2) napellenz\u0151vel, kerti \u00fcl\u0151garnit\u00far\u00e1val \u00e9s k\u00e9t strandsz\u00e9kkel<\/li>\n<li>Ruhasz\u00e1r\u00edt\u00f3 \u00e1llv\u00e1ny<\/li>\n<li>Hajsz\u00e1r\u00edt\u00f3, piperecikkek, 220 V-os aljzat<\/li>\n<li>Saj\u00e1t parkol\u00f3hely a mobilh\u00e1z mellett<\/li>\n<\/ul>\n<p>[\/uncode_list][\/vc_column][vc_column width=&#8221;1\/2&#8243;][vc_gallery el_id=&#8221;gallery-731742&#8243; medias=&#8221;7611,7618,7625,7632,7646,7639&#8243; gutter_size=&#8221;3&#8243; single_overlay_opacity=&#8221;50&#8243; single_padding=&#8221;2&#8243; uncode_shortcode_id=&#8221;191575&#8243; title=&#8221;Mobilne ku\u0107ice s pogledom na kamp&#8221;][\/vc_column][\/vc_row]<\/p>\n<\/div>","protected":false},"excerpt":{"rendered":"<p>[vc_row][vc_column width=&#8221;1\/2&#8243;][vc_custom_heading uncode_shortcode_id=&#8221;123160&#8243;] Cliff mobilh\u00e1z tengerre n\u00e9z\u0151 kil\u00e1t\u00e1ssal (2+1) [\/vc_custom_heading][vc_column_text uncode_shortcode_id=&#8221;211353&#8243;]19 m\u00b2-es k\u00e9nyelmes ter\u00fckkel ezek a mobilh\u00e1zak t\u00f6k\u00e9letesek p\u00e1rok vagy [&hellip;]<\/p>\n","protected":false},"author":6,"featured_media":0,"parent":0,"menu_order":0,"comment_status":"closed","ping_status":"closed","template":"","meta":{"footnotes":""},"class_list":["post-8628","page","type-page","status-publish","hentry"],"_links":{"self":[{"href":"https:\/\/adriatik-kamp.com\/hu\/wp-json\/wp\/v2\/pages\/8628","targetHints":{"allow":["GET"]}}],"collection":[{"href":"https:\/\/adriatik-kamp.com\/hu\/wp-json\/wp\/v2\/pages"}],"about":[{"href":"https:\/\/adriatik-kamp.com\/hu\/wp-json\/wp\/v2\/types\/page"}],"author":[{"embeddable":true,"href":"https:\/\/adriatik-kamp.com\/hu\/wp-json\/wp\/v2\/users\/6"}],"replies":[{"embeddable":true,"href":"https:\/\/adriatik-kamp.com\/hu\/wp-json\/wp\/v2\/comments?post=8628"}],"version-history":[{"count":5,"href":"https:\/\/adriatik-kamp.com\/hu\/wp-json\/wp\/v2\/pages\/8628\/revisions"}],"predecessor-version":[{"id":9676,"href":"https:\/\/adriatik-kamp.com\/hu\/wp-json\/wp\/v2\/pages\/8628\/revisions\/9676"}],"wp:attachment":[{"href":"https:\/\/adriatik-kamp.com\/hu\/wp-json\/wp\/v2\/media?parent=8628"}],"curies":[{"name":"wp","href":"https:\/\/api.w.org\/{rel}","templated":true}]}}