{"id":8622,"date":"2026-01-27T22:15:28","date_gmt":"2026-01-27T20:15:28","guid":{"rendered":"https:\/\/adriatik-kamp.com\/cliff-mobilne-kuice-seaside\/"},"modified":"2026-03-18T12:43:08","modified_gmt":"2026-03-18T10:43:08","slug":"mobilhazak-a-tengerparton","status":"publish","type":"page","link":"https:\/\/adriatik-kamp.com\/hu\/mobilhazak-a-tengerparton\/","title":{"rendered":"Mobilh\u00e1zak a tengerparton"},"content":{"rendered":"<div class=\"wpb-content-wrapper\"><p>[vc_row][vc_column width=&#8221;1\/2&#8243;][vc_custom_heading uncode_shortcode_id=&#8221;120123&#8243;]<\/p>\n<h1>Mobilh\u00e1zak a tengerparton<\/h1>\n<p>[\/vc_custom_heading][vc_column_text uncode_shortcode_id=&#8221;156638&#8243;]Ezek a b\u00e1jos Cliff mobilh\u00e1zak t\u00f6k\u00e9letes mened\u00e9ket ny\u00fajtanak azoknak, akik b\u00e9k\u00e9t, mag\u00e1nszf\u00e9r\u00e1t \u00e9s kapcsolatot keresnek a term\u00e9szettel.<\/p>\n<p>A szikl\u00e1kon fekv\u0151, nyugodt feny\u0151erd\u0151vel k\u00f6r\u00fclvett mobilh\u00e1zakb\u00f3l l\u00e9legzetel\u00e1ll\u00edt\u00f3 kil\u00e1t\u00e1s ny\u00edlik a kempingre \u00e9s a k\u00f6rnyez\u0151 t\u00e1jra, valamint pihentet\u0151 mediterr\u00e1n hangulatot \u00e1rasztanak.<\/p>\n<p>Minden mobilh\u00e1z (38 m\u00b2) l\u00e9gkondicion\u00e1lt \u00e9s teljesen felszerelt, hogy ak\u00e1r 6 f\u0151 (4+2) is gondtalan nyaral\u00e1st t\u00f6lthessen el benne.<\/p>\n<p>A kemping bal oldal\u00e1n tal\u00e1lhat\u00f3.[\/vc_column_text][vc_column_text uncode_shortcode_id=&#8221;194546&#8243;]<strong>A mobilh\u00e1z felszerelts\u00e9ge:<\/strong>[\/vc_column_text][uncode_list icon=&#8221;fa fa-check&#8221; uncode_shortcode_id=&#8221;459950&#8243;]<\/p>\n<ul>\n<li>K\u00e9t h\u00e1l\u00f3szoba \u2013 f\u0151 h\u00e1l\u00f3szoba francia\u00e1ggyal (160 x 200 cm) \u00e9s egy h\u00e1l\u00f3szoba k\u00e9t egyszem\u00e9lyes \u00e1ggyal (84 x 200 cm)<\/li>\n<li>K\u00e9t f\u00fcrd\u0151szoba zuhanyz\u00f3val, k\u00e1ddal \u00e9s WC-vel<\/li>\n<li>Nappali sarokkanap\u00e9val (140 x 190 cm-es \u00e1ggy\u00e1 alak\u00edthat\u00f3)<\/li>\n<li>\u00c9tkez\u0151asztal 4 sz\u00e9kkel<\/li>\n<li>Teljesen felszerelt konyha: elektromos t\u0171zhely, mosogat\u00f3g\u00e9p, h\u0171t\u0151szekr\u00e9ny fagyaszt\u00f3val, sz\u0171r\u0151s k\u00e1v\u00e9f\u0151z\u0151, v\u00edzforral\u00f3, ed\u00e9nyek \u00e9s ev\u0151eszk\u00f6z\u00f6k<\/li>\n<li>L\u00e9gkondicion\u00e1l\u00f3, m\u0171holdas TV, Wi-Fi<\/li>\n<li>\u00c1gynem\u0171 (heti cser\u00e9vel) \u00e9s t\u00f6r\u00f6lk\u00f6z\u0151 (3 naponta cser\u00e9vel)<\/li>\n<li>Terasz (26 m\u00b2) napellenz\u0151vel, \u00fcl\u0151garnit\u00far\u00e1val \u00e9s k\u00e9t strandsz\u00e9kkel<\/li>\n<li>Ruhasz\u00e1r\u00edt\u00f3 \u00e1llv\u00e1ny<\/li>\n<li>Hajsz\u00e1r\u00edt\u00f3, piperecikkek, 220 V-os aljzat<\/li>\n<li>Saj\u00e1t parkol\u00f3hely a mobilh\u00e1z mellett<\/li>\n<\/ul>\n<p>[\/uncode_list][vc_single_image media=&#8221;7568&#8243; media_width_percent=&#8221;100&#8243; uncode_shortcode_id=&#8221;216738&#8243;][\/vc_column][vc_column width=&#8221;1\/2&#8243;][vc_gallery el_id=&#8221;gallery-731742&#8243; medias=&#8221;7526,7533,7547,7554,7561,7575,7540&#8243; gutter_size=&#8221;3&#8243; single_overlay_opacity=&#8221;50&#8243; single_padding=&#8221;2&#8243; uncode_shortcode_id=&#8221;168260&#8243; title=&#8221;Mobilne ku\u0107ice s pogledom na kamp&#8221;][\/vc_column][\/vc_row]<\/p>\n<\/div>","protected":false},"excerpt":{"rendered":"<p>[vc_row][vc_column width=&#8221;1\/2&#8243;][vc_custom_heading uncode_shortcode_id=&#8221;120123&#8243;] Mobilh\u00e1zak a tengerparton [\/vc_custom_heading][vc_column_text uncode_shortcode_id=&#8221;156638&#8243;]Ezek a b\u00e1jos Cliff mobilh\u00e1zak t\u00f6k\u00e9letes mened\u00e9ket ny\u00fajtanak azoknak, akik b\u00e9k\u00e9t, mag\u00e1nszf\u00e9r\u00e1t \u00e9s [&hellip;]<\/p>\n","protected":false},"author":6,"featured_media":0,"parent":0,"menu_order":0,"comment_status":"closed","ping_status":"closed","template":"","meta":{"footnotes":""},"class_list":["post-8622","page","type-page","status-publish","hentry"],"_links":{"self":[{"href":"https:\/\/adriatik-kamp.com\/hu\/wp-json\/wp\/v2\/pages\/8622","targetHints":{"allow":["GET"]}}],"collection":[{"href":"https:\/\/adriatik-kamp.com\/hu\/wp-json\/wp\/v2\/pages"}],"about":[{"href":"https:\/\/adriatik-kamp.com\/hu\/wp-json\/wp\/v2\/types\/page"}],"author":[{"embeddable":true,"href":"https:\/\/adriatik-kamp.com\/hu\/wp-json\/wp\/v2\/users\/6"}],"replies":[{"embeddable":true,"href":"https:\/\/adriatik-kamp.com\/hu\/wp-json\/wp\/v2\/comments?post=8622"}],"version-history":[{"count":6,"href":"https:\/\/adriatik-kamp.com\/hu\/wp-json\/wp\/v2\/pages\/8622\/revisions"}],"predecessor-version":[{"id":9674,"href":"https:\/\/adriatik-kamp.com\/hu\/wp-json\/wp\/v2\/pages\/8622\/revisions\/9674"}],"wp:attachment":[{"href":"https:\/\/adriatik-kamp.com\/hu\/wp-json\/wp\/v2\/media?parent=8622"}],"curies":[{"name":"wp","href":"https:\/\/api.w.org\/{rel}","templated":true}]}}