{"id":8611,"date":"2026-01-27T18:42:14","date_gmt":"2026-01-27T16:42:14","guid":{"rendered":"https:\/\/adriatik-kamp.com\/mobilne-kuice-s-pogledom-na-more\/"},"modified":"2026-03-18T12:09:51","modified_gmt":"2026-03-18T10:09:51","slug":"mobilhazak-tengerre-nezo-kilatassal","status":"publish","type":"page","link":"https:\/\/adriatik-kamp.com\/hu\/mobilhazak-tengerre-nezo-kilatassal\/","title":{"rendered":"Mobilh\u00e1zak tengerre n\u00e9z\u0151 kil\u00e1t\u00e1ssal"},"content":{"rendered":"<div class=\"wpb-content-wrapper\"><p>[vc_row][vc_column width=&#8221;1\/2&#8243;][vc_custom_heading uncode_shortcode_id=&#8221;866113&#8243;]<\/p>\n<h1>Mobilh\u00e1zak tengerre n\u00e9z\u0151 kil\u00e1t\u00e1ssal<\/h1>\n<p>[\/vc_custom_heading][vc_column_text uncode_shortcode_id=&#8221;335483&#8243;]A tenger k\u00f6zel\u00e9ben tal\u00e1lhat\u00f3 modern mobilh\u00e1zaink a kempingez\u00e9s szabads\u00e1g\u00e1t \u00f6tv\u00f6zik a pr\u00e9mium sz\u00e1ll\u00e1s k\u00e9nyelm\u00e9vel, mediterr\u00e1n k\u00f6rnyezetben.<\/p>\n<p>Minden mobilh\u00e1z (32 m\u00b2) l\u00e9gkondicion\u00e1lt \u00e9s teljesen felszerelt, hogy ak\u00e1r 6 f\u0151 (4+2) is gondtalan nyaral\u00e1st t\u00f6lthessen el benne.<\/p>\n<p>Ide\u00e1lisak csal\u00e1dok vagy p\u00e1rok sz\u00e1m\u00e1ra, akik pihen\u00e9st keresnek a term\u00e9szetben, gy\u00f6ny\u00f6r\u0171 tengerre n\u00e9z\u0151 kil\u00e1t\u00e1ssal \u00e9s nyugodt mediterr\u00e1n hangulattal.[\/vc_column_text][vc_column_text uncode_shortcode_id=&#8221;210273&#8243;]<strong>A mobilh\u00e1z felszerelts\u00e9ge:<\/strong>[\/vc_column_text][uncode_list icon=&#8221;fa fa-check&#8221; uncode_shortcode_id=&#8221;160734&#8243;]<\/p>\n<ul>\n<li>K\u00e9t h\u00e1l\u00f3szoba \u2013 f\u0151 h\u00e1l\u00f3szoba francia\u00e1ggyal (160 x 200 cm) \u00e9s egy h\u00e1l\u00f3szoba k\u00e9t egyszem\u00e9lyes \u00e1ggyal (80 x 200 cm)<\/li>\n<li>K\u00e9t modern f\u00fcrd\u0151szoba zuhanyz\u00f3val \u00e9s WC-vel<\/li>\n<li>Nappali sarokkanap\u00e9val, amely p\u00f3t\u00e1gyk\u00e9nt is haszn\u00e1lhat\u00f3 (140 x 190 cm)<\/li>\n<li>Teljesen felszerelt konyha: elektromos t\u0171zhely, mosogat\u00f3g\u00e9p, h\u0171t\u0151szekr\u00e9ny fagyaszt\u00f3val, sz\u0171r\u0151s k\u00e1v\u00e9f\u0151z\u0151, v\u00edzforral\u00f3, ed\u00e9nyek \u00e9s ev\u0151eszk\u00f6z\u00f6k<\/li>\n<li>\u00c9tkez\u0151asztal 4 sz\u00e9kkel<\/li>\n<li>M\u0171holdas TV, Wi-Fi, l\u00e9gkondicion\u00e1l\u00f3<\/li>\n<li>\u00c1gynem\u0171 (heti egyszeri cser\u00e9vel) \u00e9s t\u00f6r\u00f6lk\u00f6z\u0151 (heti h\u00e1romszori cser\u00e9vel)<\/li>\n<li>Terasz (20 m\u00b2) napellenz\u0151vel, \u00fcl\u0151garnit\u00far\u00e1val \u00e9s k\u00e9t strandsz\u00e9kkel<\/li>\n<li>Ruhasz\u00e1r\u00edt\u00f3 \u00e1llv\u00e1ny<\/li>\n<li>Rovarv\u00e9d\u0151 h\u00e1l\u00f3k minden ablakon<\/li>\n<li>Saj\u00e1t parkol\u00f3 a mobilh\u00e1z mellett<\/li>\n<\/ul>\n<p>[\/uncode_list][vc_single_image media=&#8221;7307&#8243; media_width_percent=&#8221;100&#8243; uncode_shortcode_id=&#8221;593864&#8243;][\/vc_column][vc_column width=&#8221;1\/2&#8243;][vc_gallery el_id=&#8221;gallery-731742&#8243; medias=&#8221;7300,7314,7321,7328,7335,7342,7356,7363,7370,7349&#8243; gutter_size=&#8221;3&#8243; single_overlay_opacity=&#8221;50&#8243; single_padding=&#8221;2&#8243; uncode_shortcode_id=&#8221;376258&#8243; title=&#8221;Mobilne ku\u0107ice s pogledom na kamp&#8221;][\/vc_column][\/vc_row]<\/p>\n<\/div>","protected":false},"excerpt":{"rendered":"<p>[vc_row][vc_column width=&#8221;1\/2&#8243;][vc_custom_heading uncode_shortcode_id=&#8221;866113&#8243;] Mobilh\u00e1zak tengerre n\u00e9z\u0151 kil\u00e1t\u00e1ssal [\/vc_custom_heading][vc_column_text uncode_shortcode_id=&#8221;335483&#8243;]A tenger k\u00f6zel\u00e9ben tal\u00e1lhat\u00f3 modern mobilh\u00e1zaink a kempingez\u00e9s szabads\u00e1g\u00e1t \u00f6tv\u00f6zik a pr\u00e9mium [&hellip;]<\/p>\n","protected":false},"author":6,"featured_media":0,"parent":0,"menu_order":0,"comment_status":"closed","ping_status":"closed","template":"","meta":{"footnotes":""},"class_list":["post-8611","page","type-page","status-publish","hentry"],"_links":{"self":[{"href":"https:\/\/adriatik-kamp.com\/hu\/wp-json\/wp\/v2\/pages\/8611","targetHints":{"allow":["GET"]}}],"collection":[{"href":"https:\/\/adriatik-kamp.com\/hu\/wp-json\/wp\/v2\/pages"}],"about":[{"href":"https:\/\/adriatik-kamp.com\/hu\/wp-json\/wp\/v2\/types\/page"}],"author":[{"embeddable":true,"href":"https:\/\/adriatik-kamp.com\/hu\/wp-json\/wp\/v2\/users\/6"}],"replies":[{"embeddable":true,"href":"https:\/\/adriatik-kamp.com\/hu\/wp-json\/wp\/v2\/comments?post=8611"}],"version-history":[{"count":6,"href":"https:\/\/adriatik-kamp.com\/hu\/wp-json\/wp\/v2\/pages\/8611\/revisions"}],"predecessor-version":[{"id":9659,"href":"https:\/\/adriatik-kamp.com\/hu\/wp-json\/wp\/v2\/pages\/8611\/revisions\/9659"}],"wp:attachment":[{"href":"https:\/\/adriatik-kamp.com\/hu\/wp-json\/wp\/v2\/media?parent=8611"}],"curies":[{"name":"wp","href":"https:\/\/api.w.org\/{rel}","templated":true}]}}