{"id":8592,"date":"2021-04-13T09:43:14","date_gmt":"2021-04-13T07:43:14","guid":{"rendered":"https:\/\/adriatik-kamp.com\/escursioni\/"},"modified":"2026-03-11T07:32:25","modified_gmt":"2026-03-11T05:32:25","slug":"kirandulasok","status":"publish","type":"page","link":"https:\/\/adriatik-kamp.com\/hu\/kirandulasok\/","title":{"rendered":"Kir\u00e1ndul\u00e1sok"},"content":{"rendered":"<div class=\"wpb-content-wrapper\"><p>[vc_row row_height_percent=&#8221;0&#8243; override_padding=&#8221;yes&#8221; h_padding=&#8221;2&#8243; top_padding=&#8221;4&#8243; bottom_padding=&#8221;2&#8243; overlay_alpha=&#8221;50&#8243; gutter_size=&#8221;3&#8243; column_width_percent=&#8221;100&#8243; shift_y=&#8221;0&#8243; z_index=&#8221;0&#8243;][vc_column column_width_percent=&#8221;100&#8243; gutter_size=&#8221;2&#8243; back_color=&#8221;color-207971&#8243; overlay_alpha=&#8221;50&#8243; border_color=&#8221;color-platinum&#8221; border_style=&#8221;solid&#8221; shift_x=&#8221;0&#8243; shift_y=&#8221;0&#8243; shift_y_down=&#8221;0&#8243; z_index=&#8221;0&#8243; medium_width=&#8221;0&#8243; mobile_width=&#8221;0&#8243; width=&#8221;1\/1&#8243; css=&#8221;.vc_custom_1618225949471{border-left-width: 2px !important;}&#8221;][uncode_breadcrumbs text_lead=&#8221;small&#8221;][vc_custom_heading auto_text=&#8221;yes&#8221; heading_semantic=&#8221;h1&#8243; text_size=&#8221;h1&#8243; text_weight=&#8221;700&#8243;]This is a custom heading element.[\/vc_custom_heading][\/vc_column][\/vc_row][vc_row row_height_percent=&#8221;0&#8243; override_padding=&#8221;yes&#8221; h_padding=&#8221;2&#8243; top_padding=&#8221;1&#8243; bottom_padding=&#8221;2&#8243; overlay_alpha=&#8221;50&#8243; equal_height=&#8221;yes&#8221; gutter_size=&#8221;3&#8243; column_width_percent=&#8221;100&#8243; shift_y=&#8221;0&#8243; z_index=&#8221;0&#8243;][vc_column column_width_percent=&#8221;100&#8243; gutter_size=&#8221;3&#8243; back_color=&#8221;color-lxmt&#8221; overlay_alpha=&#8221;50&#8243; radius=&#8221;std&#8221; shift_x=&#8221;0&#8243; shift_y=&#8221;0&#8243; shift_y_down=&#8221;0&#8243; z_index=&#8221;0&#8243; medium_width=&#8221;0&#8243; mobile_width=&#8221;0&#8243; width=&#8221;1\/2&#8243;][vc_gallery el_id=&#8221;gallery-116900&#8243; type=&#8221;css_grid&#8221; medias=&#8221;8285,8292,8424,8431&#8243; grid_items=&#8221;2&#8243; screen_lg_items=&#8221;3&#8243; screen_lg_breakpoint=&#8221;1000&#8243; screen_md_items=&#8221;2&#8243; screen_md_breakpoint=&#8221;600&#8243; screen_sm_items=&#8221;1&#8243; screen_sm_breakpoint=&#8221;480&#8243; gutter_size=&#8221;3&#8243; single_overlay_opacity=&#8221;50&#8243; single_padding=&#8221;2&#8243; uncode_shortcode_id=&#8221;150560&#8243;][vc_column_text uncode_shortcode_id=&#8221;186615&#8243;]Primo\u0161ten b\u00e1jos dalm\u00e1ciai v\u00e1ros \u0160ibenik \u00e9s Split k\u00f6z\u00f6tt, h\u00edres f\u00e9lszigeti \u00f3v\u00e1ros\u00e1r\u00f3l k\u0151h\u00e1zakkal, k\u00e1poln\u00e1kkal \u00e9s keskeny, mediterr\u00e1n n\u00f6v\u00e9nyzettel szeg\u00e9lyezett utc\u00e1kkal. A tengerparti s\u00e9t\u00e1nyokon tett s\u00e9t\u00e1k, a felejthetetlen naplement\u00e9k, a krist\u00e1lytiszta v\u00edz \u00e9s a v\u00e1ltozatos gasztron\u00f3mia t\u00f6k\u00e9letes \u00f6sszhangot k\u00edn\u00e1l a t\u00f6rt\u00e9nelem, a jelen, az emberek \u00e9s a term\u00e9szet k\u00f6z\u00f6tt.<\/p>\n<p><strong>\u00a0URL: <a href=\"https:\/\/visitprimosten.com\/\" target=\"_blank\" rel=\"noopener\">https:\/\/visitprimosten.com\/<\/a><\/strong>[\/vc_column_text][\/vc_column][vc_column column_width_percent=&#8221;100&#8243; gutter_size=&#8221;3&#8243; back_color=&#8221;color-lxmt&#8221; overlay_alpha=&#8221;50&#8243; radius=&#8221;std&#8221; shift_x=&#8221;0&#8243; shift_y=&#8221;0&#8243; shift_y_down=&#8221;0&#8243; z_index=&#8221;0&#8243; medium_width=&#8221;0&#8243; mobile_width=&#8221;0&#8243; width=&#8221;1\/2&#8243;][vc_gallery el_id=&#8221;gallery-1169006&#8243; type=&#8221;css_grid&#8221; medias=&#8221;8301,8438,8445,8452&#8243; grid_items=&#8221;2&#8243; screen_lg_items=&#8221;3&#8243; screen_lg_breakpoint=&#8221;1000&#8243; screen_md_items=&#8221;2&#8243; screen_md_breakpoint=&#8221;600&#8243; screen_sm_items=&#8221;1&#8243; screen_sm_breakpoint=&#8221;480&#8243; gutter_size=&#8221;3&#8243; single_overlay_opacity=&#8221;50&#8243; single_padding=&#8221;2&#8243; uncode_shortcode_id=&#8221;119559&#8243;][vc_column_text uncode_shortcode_id=&#8221;117058&#8243;]\u0160ibenik t\u00f6rt\u00e9nelmi v\u00e1ros a \u0160ibeniki-\u00f6b\u00f6l bej\u00e1rat\u00e1n\u00e1l, amelyet a UNESCO \u00e1ltal v\u00e9dett Szent Jakab-katedr\u00e1lis \u00e9s n\u00e9gy er\u0151d\u00edtm\u00e9ny rendszere tesz h\u00edress\u00e9, melyek gazdag m\u00faltj\u00e1ra eml\u00e9keztetnek. A k\u0151mag, a tenger \u00e9s a nyitott kil\u00e1t\u00e1s az \u00f6b\u00f6lre K\u00f6z\u00e9p-Dalm\u00e1cia egyik legk\u00fcl\u00f6nlegesebb v\u00e1ros\u00e1v\u00e1 teszi.<\/p>\n<p><strong>URL: <a href=\"https:\/\/www.visitsibenik.hr\/\" target=\"_blank\" rel=\"noopener\">https:\/\/www.visitsibenik.hr\/<\/a> , <a href=\"https:\/\/sibenikcard.hr\/\" target=\"_blank\" rel=\"noopener\">https:\/\/sibenikcard.hr\/<\/a><\/strong>[\/vc_column_text][\/vc_column][\/vc_row][vc_row row_height_percent=&#8221;0&#8243; overlay_alpha=&#8221;50&#8243; equal_height=&#8221;yes&#8221; gutter_size=&#8221;3&#8243; column_width_percent=&#8221;100&#8243; shift_y=&#8221;0&#8243; z_index=&#8221;0&#8243;][vc_column column_width_percent=&#8221;100&#8243; gutter_size=&#8221;3&#8243; back_color=&#8221;color-lxmt&#8221; overlay_alpha=&#8221;50&#8243; radius=&#8221;std&#8221; shift_x=&#8221;0&#8243; shift_y=&#8221;0&#8243; shift_y_down=&#8221;0&#8243; z_index=&#8221;0&#8243; medium_width=&#8221;0&#8243; mobile_width=&#8221;0&#8243; width=&#8221;1\/2&#8243;][vc_gallery el_id=&#8221;gallery-116900&#8243; type=&#8221;css_grid&#8221; medias=&#8221;8309,8459,8466,8473&#8243; grid_items=&#8221;2&#8243; screen_lg_items=&#8221;3&#8243; screen_lg_breakpoint=&#8221;1000&#8243; screen_md_items=&#8221;2&#8243; screen_md_breakpoint=&#8221;600&#8243; screen_sm_items=&#8221;1&#8243; screen_sm_breakpoint=&#8221;480&#8243; gutter_size=&#8221;3&#8243; single_overlay_opacity=&#8221;50&#8243; single_padding=&#8221;2&#8243; uncode_shortcode_id=&#8221;528175&#8243;][vc_column_text uncode_shortcode_id=&#8221;646749&#8243;]Split Diocletianus palot\u00e1j\u00e1b\u00f3l n\u0151tt ki, amely az \u00f3kori \u00e9p\u00edt\u00e9szet egyed\u00fcl\u00e1ll\u00f3 eml\u00e9km\u0171ve \u00e9s 17 \u00e9vsz\u00e1zada a v\u00e1rosi \u00e9let k\u00f6zpontja. Split t\u00f6rt\u00e9nelmi magja az UNESCO vil\u00e1g\u00f6r\u00f6ks\u00e9g r\u00e9sze, ma pedig a v\u00e1ros gazdag t\u00f6rt\u00e9nelmet, mediterr\u00e1n \u00e9letst\u00edlust \u00e9s term\u00e9szeti sz\u00e9ps\u00e9geket, p\u00e9ld\u00e1ul a Marjan-dombot \u00e9s a v\u00e1rosi strandokat \u00f6tv\u00f6zi.<\/p>\n<p><strong>URL: <a href=\"https:\/\/visitsplit.com\/\" target=\"_blank\" rel=\"noopener\">https:\/\/visitsplit.com\/<\/a>, <a href=\"https:\/\/360.visitsplit.com\/\" target=\"_blank\" rel=\"noopener\">https:\/\/360.visitsplit.com\/<\/a>\u00a0<\/strong>[\/vc_column_text][\/vc_column][vc_column column_width_percent=&#8221;100&#8243; gutter_size=&#8221;3&#8243; back_color=&#8221;color-lxmt&#8221; overlay_alpha=&#8221;50&#8243; radius=&#8221;std&#8221; shift_x=&#8221;0&#8243; shift_y=&#8221;0&#8243; shift_y_down=&#8221;0&#8243; z_index=&#8221;0&#8243; medium_width=&#8221;0&#8243; mobile_width=&#8221;0&#8243; width=&#8221;1\/2&#8243;][vc_gallery el_id=&#8221;gallery-116900&#8243; type=&#8221;css_grid&#8221; medias=&#8221;8316,8480,8487,8494&#8243; grid_items=&#8221;2&#8243; screen_lg_items=&#8221;3&#8243; screen_lg_breakpoint=&#8221;1000&#8243; screen_md_items=&#8221;2&#8243; screen_md_breakpoint=&#8221;600&#8243; screen_sm_items=&#8221;1&#8243; screen_sm_breakpoint=&#8221;480&#8243; gutter_size=&#8221;3&#8243; single_overlay_opacity=&#8221;50&#8243; single_padding=&#8221;2&#8243; uncode_shortcode_id=&#8221;358713&#8243;][vc_column_text uncode_shortcode_id=&#8221;122023&#8243;]A Krka Nemzeti Park a Krka foly\u00f3 legszebb szakasz\u00e1t \u00e9s a \u010cikola als\u00f3 foly\u00e1s\u00e1t foglalja mag\u00e1ban, h\u00edres travertin v\u00edzes\u00e9seir\u0151l, krist\u00e1lytiszta viz\u00e9r\u0151l \u00e9s kiemelked\u0151 term\u00e9szeti \u00e9rt\u00e9k\u00e9r\u0151l. Ez a v\u00e9dett ter\u00fclet p\u00e1ratlan \u00e9lm\u00e9nyt k\u00edn\u00e1l \u00e9rintetlen term\u00e9szettel, gazdag kultur\u00e1lis \u00f6r\u00f6ks\u00e9ggel \u00e9s rekre\u00e1ci\u00f3val, ide\u00e1lis a term\u00e9szetkedvel\u0151knek \u00e9s akt\u00edv turist\u00e1knak.<\/p>\n<p><strong>URL: <a href=\"https:\/\/www.npkrka.hr\/hr\/\" target=\"_blank\" rel=\"noopener\">https:\/\/www.npkrka.hr\/hr\/<\/a><\/strong>[\/vc_column_text][\/vc_column][\/vc_row][vc_row row_height_percent=&#8221;0&#8243; override_padding=&#8221;yes&#8221; h_padding=&#8221;2&#8243; top_padding=&#8221;2&#8243; bottom_padding=&#8221;4&#8243; overlay_alpha=&#8221;50&#8243; equal_height=&#8221;yes&#8221; gutter_size=&#8221;3&#8243; column_width_percent=&#8221;100&#8243; shift_y=&#8221;0&#8243; z_index=&#8221;0&#8243;][vc_column column_width_percent=&#8221;100&#8243; gutter_size=&#8221;3&#8243; back_color=&#8221;color-lxmt&#8221; overlay_alpha=&#8221;50&#8243; radius=&#8221;std&#8221; shift_x=&#8221;0&#8243; shift_y=&#8221;0&#8243; shift_y_down=&#8221;0&#8243; z_index=&#8221;0&#8243; medium_width=&#8221;0&#8243; mobile_width=&#8221;0&#8243; width=&#8221;1\/2&#8243;][vc_gallery el_id=&#8221;gallery-116900&#8243; type=&#8221;css_grid&#8221; medias=&#8221;8323,8501,8508,8515&#8243; grid_items=&#8221;2&#8243; screen_lg_items=&#8221;3&#8243; screen_lg_breakpoint=&#8221;1000&#8243; screen_md_items=&#8221;2&#8243; screen_md_breakpoint=&#8221;600&#8243; screen_sm_items=&#8221;1&#8243; screen_sm_breakpoint=&#8221;480&#8243; gutter_size=&#8221;3&#8243; single_overlay_opacity=&#8221;50&#8243; single_padding=&#8221;2&#8243; uncode_shortcode_id=&#8221;837148&#8243;][vc_column_text uncode_shortcode_id=&#8221;606846&#8243;]Trogir elb\u0171v\u00f6l mediterr\u00e1n hangulat\u00e1val, keskeny k\u0151utc\u00e1ival \u00e9s t\u00f6rt\u00e9nelmi magj\u00e1val, amely t\u00f6bb mint 3600 \u00e9v t\u00f6rt\u00e9nelem nyomait hordozza. A mesterek v\u00e1rosak\u00e9nt, kiemelked\u0151 m\u0171alkot\u00e1sair\u00f3l \u00e9s UNESCO \u00f6r\u00f6ks\u00e9g\u00e9r\u0151l ismert, tov\u00e1bbra is inspir\u00e1ci\u00f3t \u00e9s sz\u00e9ps\u00e9get sug\u00e1roz.<\/p>\n<p><strong>URL: <a href=\"https:\/\/www.visittrogir.hr\/hr\/tourist\" target=\"_blank\" rel=\"noopener\">https:\/\/www.visittrogir.hr\/hr\/tourist<\/a><\/strong>[\/vc_column_text][\/vc_column][vc_column column_width_percent=&#8221;100&#8243; gutter_size=&#8221;3&#8243; back_color=&#8221;color-lxmt&#8221; overlay_alpha=&#8221;50&#8243; radius=&#8221;std&#8221; shift_x=&#8221;0&#8243; shift_y=&#8221;0&#8243; shift_y_down=&#8221;0&#8243; z_index=&#8221;0&#8243; medium_width=&#8221;0&#8243; mobile_width=&#8221;0&#8243; width=&#8221;1\/2&#8243;][vc_gallery el_id=&#8221;gallery-116900&#8243; type=&#8221;css_grid&#8221; medias=&#8221;8330,8522,8529,8536&#8243; grid_items=&#8221;2&#8243; screen_lg_items=&#8221;3&#8243; screen_lg_breakpoint=&#8221;1000&#8243; screen_md_items=&#8221;2&#8243; screen_md_breakpoint=&#8221;600&#8243; screen_sm_items=&#8221;1&#8243; screen_sm_breakpoint=&#8221;480&#8243; gutter_size=&#8221;3&#8243; single_overlay_opacity=&#8221;50&#8243; single_padding=&#8221;2&#8243; uncode_shortcode_id=&#8221;115045&#8243;][vc_column_text uncode_shortcode_id=&#8221;211745&#8243;]Knin leny\u0171g\u00f6z\u0151 term\u00e9szeti k\u00f6rnyezetben \u00e9s gazdag t\u00f6rt\u00e9nelemmel rendelkez\u0151 v\u00e1ros, hatalmas hegyek, foly\u00f3k \u00e9s a Krka forr\u00e1svid\u00e9ke k\u00f6z\u00f6tt, amely f\u00f6l\u00e9 a Dinara, Horv\u00e1torsz\u00e1g legmagasabb cs\u00facsa emelkedik. L\u00e1tk\u00e9p\u00e9t Eur\u00f3pa egyik legnagyobb k\u00f6z\u00e9pkori er\u0151dje uralja, amely egykor a horv\u00e1t kir\u00e1lyok sz\u00e9khelye volt \u00e9s a v\u00e1ros jelk\u00e9pe ma is.<\/p>\n<p><strong>URL: <a href=\"https:\/\/visitknin.hr\/\" target=\"_blank\" rel=\"noopener\">https:\/\/visitknin.hr\/<\/a><\/strong>[\/vc_column_text][\/vc_column][\/vc_row][vc_row row_height_percent=&#8221;0&#8243; override_padding=&#8221;yes&#8221; h_padding=&#8221;2&#8243; top_padding=&#8221;2&#8243; bottom_padding=&#8221;4&#8243; overlay_alpha=&#8221;50&#8243; equal_height=&#8221;yes&#8221; gutter_size=&#8221;3&#8243; column_width_percent=&#8221;100&#8243; shift_y=&#8221;0&#8243; z_index=&#8221;0&#8243;][vc_column column_width_percent=&#8221;100&#8243; gutter_size=&#8221;3&#8243; back_color=&#8221;color-lxmt&#8221; overlay_alpha=&#8221;50&#8243; radius=&#8221;std&#8221; shift_x=&#8221;0&#8243; shift_y=&#8221;0&#8243; shift_y_down=&#8221;0&#8243; z_index=&#8221;0&#8243; medium_width=&#8221;0&#8243; mobile_width=&#8221;0&#8243; width=&#8221;1\/2&#8243;][vc_gallery el_id=&#8221;gallery-116900&#8243; type=&#8221;css_grid&#8221; medias=&#8221;8337,8344,8351,8358&#8243; grid_items=&#8221;2&#8243; screen_lg_items=&#8221;3&#8243; screen_lg_breakpoint=&#8221;1000&#8243; screen_md_items=&#8221;2&#8243; screen_md_breakpoint=&#8221;600&#8243; screen_sm_items=&#8221;1&#8243; screen_sm_breakpoint=&#8221;480&#8243; gutter_size=&#8221;3&#8243; single_overlay_opacity=&#8221;50&#8243; single_padding=&#8221;2&#8243; uncode_shortcode_id=&#8221;560290&#8243;][vc_column_text uncode_shortcode_id=&#8221;126399&#8243;]A Kornati Nemzeti Park 89 szigetet, szigetecsk\u00e9t \u00e9s z\u00e1tonyt foglal mag\u00e1ban K\u00f6z\u00e9p-Dalm\u00e1ci\u00e1ban, ter\u00fclet\u00e9nek nagy r\u00e9sz\u00e9t pedig \u00e9rintetlen tengeri \u00f6kosziszt\u00e9ma alkotja krist\u00e1lytiszta v\u00edzzel. A ny\u00edlt tenger fel\u00e9 n\u00e9z\u0151 meredek szikl\u00e1k \u2013 az \u00fagynevezett \u201ekoron\u00e1k\u201d \u2013 a vad sz\u00e9ps\u00e9g, a csend \u00e9s az \u00e9rintetlen term\u00e9szet k\u00fcl\u00f6nleges kombin\u00e1ci\u00f3j\u00e1t k\u00edn\u00e1lj\u00e1k.<\/p>\n<p><strong>URL: <a href=\"https:\/\/www.np-kornati.hr\/index.php?lang=hr\" target=\"_blank\" rel=\"noopener\">https:\/\/www.np-kornati.hr\/<\/a><br \/>\n<\/strong>Autor foto: Novena d.o.o.[\/vc_column_text][\/vc_column][vc_column column_width_percent=&#8221;100&#8243; gutter_size=&#8221;3&#8243; back_color=&#8221;color-lxmt&#8221; overlay_alpha=&#8221;50&#8243; radius=&#8221;std&#8221; shift_x=&#8221;0&#8243; shift_y=&#8221;0&#8243; shift_y_down=&#8221;0&#8243; z_index=&#8221;0&#8243; medium_width=&#8221;0&#8243; mobile_width=&#8221;0&#8243; width=&#8221;1\/2&#8243;][vc_gallery el_id=&#8221;gallery-116900&#8243; type=&#8221;css_grid&#8221; medias=&#8221;8365,8543,8550,8557&#8243; grid_items=&#8221;2&#8243; screen_lg_items=&#8221;3&#8243; screen_lg_breakpoint=&#8221;1000&#8243; screen_md_items=&#8221;2&#8243; screen_md_breakpoint=&#8221;600&#8243; screen_sm_items=&#8221;1&#8243; screen_sm_breakpoint=&#8221;480&#8243; gutter_size=&#8221;3&#8243; single_overlay_opacity=&#8221;50&#8243; single_padding=&#8221;2&#8243; uncode_shortcode_id=&#8221;102772&#8243;][vc_column_text uncode_shortcode_id=&#8221;160758&#8243;]Prvi\u0107 \u00e9s Zlarin aut\u00f3forgalom n\u00e9lk\u00fcli szigetek \u0160ibenik k\u00f6zel\u00e9ben, amelyek krist\u00e1lytiszta tenger\u00fckr\u0151l \u00e9s autentikus dalm\u00e1t hangulatukr\u00f3l ismertek. Prvi\u0107 Luka k\u00fcl\u00f6n\u00f6sen ismert, mint Faust Vran\u010di\u0107 feltal\u00e1l\u00f3 v\u00e9gs\u0151 nyughelye, m\u00edg Zlarin \u201ea korallok szigetek\u00e9nt\u201d h\u00edres.<\/p>\n<p><strong>URL: <a href=\"https:\/\/www.tz-zlarin.hr\/\" target=\"_blank\" rel=\"noopener\">https:\/\/www.tz-zlarin.hr\/<\/a><br \/>\nURL: <a href=\"https:\/\/www.vodice.hr\/hr\/home\" target=\"_blank\" rel=\"noopener\">https:\/\/www.vodice.hr\/hr\/home<\/a><br \/>\n<\/strong>Autor foto: TZ Zlarin, Vodice[\/vc_column_text][\/vc_column][\/vc_row]<\/p>\n<\/div>","protected":false},"excerpt":{"rendered":"<p>[vc_row row_height_percent=&#8221;0&#8243; override_padding=&#8221;yes&#8221; h_padding=&#8221;2&#8243; top_padding=&#8221;4&#8243; bottom_padding=&#8221;2&#8243; overlay_alpha=&#8221;50&#8243; gutter_size=&#8221;3&#8243; column_width_percent=&#8221;100&#8243; shift_y=&#8221;0&#8243; z_index=&#8221;0&#8243;][vc_column column_width_percent=&#8221;100&#8243; gutter_size=&#8221;2&#8243; back_color=&#8221;color-207971&#8243; overlay_alpha=&#8221;50&#8243; border_color=&#8221;color-platinum&#8221; border_style=&#8221;solid&#8221; shift_x=&#8221;0&#8243; shift_y=&#8221;0&#8243; shift_y_down=&#8221;0&#8243; [&hellip;]<\/p>\n","protected":false},"author":6,"featured_media":9296,"parent":0,"menu_order":0,"comment_status":"closed","ping_status":"closed","template":"","meta":{"footnotes":""},"class_list":["post-8592","page","type-page","status-publish","has-post-thumbnail","hentry","page_category-index-hu","page_category-offer-hu"],"_links":{"self":[{"href":"https:\/\/adriatik-kamp.com\/hu\/wp-json\/wp\/v2\/pages\/8592","targetHints":{"allow":["GET"]}}],"collection":[{"href":"https:\/\/adriatik-kamp.com\/hu\/wp-json\/wp\/v2\/pages"}],"about":[{"href":"https:\/\/adriatik-kamp.com\/hu\/wp-json\/wp\/v2\/types\/page"}],"author":[{"embeddable":true,"href":"https:\/\/adriatik-kamp.com\/hu\/wp-json\/wp\/v2\/users\/6"}],"replies":[{"embeddable":true,"href":"https:\/\/adriatik-kamp.com\/hu\/wp-json\/wp\/v2\/comments?post=8592"}],"version-history":[{"count":6,"href":"https:\/\/adriatik-kamp.com\/hu\/wp-json\/wp\/v2\/pages\/8592\/revisions"}],"predecessor-version":[{"id":9605,"href":"https:\/\/adriatik-kamp.com\/hu\/wp-json\/wp\/v2\/pages\/8592\/revisions\/9605"}],"wp:featuredmedia":[{"embeddable":true,"href":"https:\/\/adriatik-kamp.com\/hu\/wp-json\/wp\/v2\/media\/9296"}],"wp:attachment":[{"href":"https:\/\/adriatik-kamp.com\/hu\/wp-json\/wp\/v2\/media?parent=8592"}],"curies":[{"name":"wp","href":"https:\/\/api.w.org\/{rel}","templated":true}]}}