{"id":6884,"date":"2025-03-30T16:02:30","date_gmt":"2025-03-30T14:02:30","guid":{"rendered":"https:\/\/adriatik-kamp.com\/pitches\/"},"modified":"2025-03-30T16:24:29","modified_gmt":"2025-03-30T14:24:29","slug":"kempinghelyek","status":"publish","type":"page","link":"https:\/\/adriatik-kamp.com\/hu\/kempinghelyek\/","title":{"rendered":"Kempinghelyek"},"content":{"rendered":"<div class=\"wpb-content-wrapper\"><p>[vc_row row_height_percent=&#8221;0&#8243; override_padding=&#8221;yes&#8221; h_padding=&#8221;2&#8243; top_padding=&#8221;3&#8243; bottom_padding=&#8221;2&#8243; overlay_alpha=&#8221;50&#8243; gutter_size=&#8221;3&#8243; column_width_percent=&#8221;100&#8243; shift_y=&#8221;0&#8243; z_index=&#8221;0&#8243; content_parallax=&#8221;0&#8243; uncode_shortcode_id=&#8221;260095&#8243;][vc_column column_width_percent=&#8221;100&#8243; position_horizontal=&#8221;left&#8221; gutter_size=&#8221;3&#8243; back_color=&#8221;color-207971&#8243; overlay_alpha=&#8221;50&#8243; radius=&#8221;xs&#8221; border_color=&#8221;color-platinum&#8221; border_style=&#8221;solid&#8221; shift_x=&#8221;0&#8243; shift_y=&#8221;0&#8243; shift_y_down=&#8221;0&#8243; z_index=&#8221;0&#8243; medium_width=&#8221;0&#8243; mobile_width=&#8221;0&#8243; width=&#8221;1\/1&#8243; css=&#8221;.vc_custom_1659358818720{border-left-width: 3px !important;}&#8221; uncode_shortcode_id=&#8221;120734&#8243; back_color_type=&#8221;uncode-palette&#8221; border_color_type=&#8221;uncode-palette&#8221;][vc_row_inner limit_content=&#8221;&#8221;][vc_column_inner width=&#8221;1\/1&#8243;][uncode_breadcrumbs text_lead=&#8221;small&#8221;][vc_custom_heading auto_text=&#8221;yes&#8221; heading_semantic=&#8221;h3&#8243; text_size=&#8221;h1&#8243; text_weight=&#8221;700&#8243; uncode_shortcode_id=&#8221;103071&#8243;][\/vc_custom_heading][vc_column_text uncode_shortcode_id=&#8221;116584&#8243;]<\/p>\n<p data-prosemirror-content-type=\"node\" data-prosemirror-node-name=\"paragraph\" data-prosemirror-node-block=\"true\" data-pm-slice=\"1 1 []\">Ak\u00e1r a t\u00e1gas teret, a k\u00e9nyelmet, ak\u00e1r a s\u00e1toroz\u00e1s egyszer\u0171s\u00e9g\u00e9t r\u00e9szes\u00edti el\u0151nyben, term\u00e9szeti o\u00e1zisunk ide\u00e1lis helysz\u00ednt k\u00edn\u00e1l a zavartalan pihen\u00e9shez \u00e9s a term\u00e9szet sz\u00e9ps\u00e9geinek \u00e9lvezet\u00e9hez.<\/p>\n<p data-prosemirror-content-type=\"node\" data-prosemirror-node-name=\"paragraph\" data-prosemirror-node-block=\"true\">A kempinghelyek t\u00f6bbs\u00e9ge \u00e1rnyas feny\u0151erd\u0151ben tal\u00e1lhat\u00f3, amely fokozatosan lejt a tengerpart fel\u00e9.<\/p>\n<p data-prosemirror-content-type=\"node\" data-prosemirror-node-name=\"paragraph\" data-prosemirror-node-block=\"true\">A t\u00e1borhelyek \u00e1ra a rendelkez\u00e9sre \u00e1ll\u00f3 szolg\u00e1ltat\u00e1sokt\u00f3l, a tenger k\u00f6zels\u00e9g\u00e9t\u0151l \u00e9s az adott z\u00f3n\u00e1t\u00f3l f\u00fcgg\u0151en alakul. Az \u00e1r tartalmazza:<\/p>\n<ul>\n<li data-prosemirror-content-type=\"node\" data-prosemirror-node-name=\"paragraph\" data-prosemirror-node-block=\"true\">aut\u00f3 + s\u00e1tor \/ 1 aut\u00f3 + ut\u00e1nfut\u00f3 \/ 1 lak\u00f3aut\u00f3 \/ 1 motorker\u00e9kp\u00e1r + s\u00e1tor<\/li>\n<li data-prosemirror-content-type=\"node\" data-prosemirror-node-name=\"paragraph\" data-prosemirror-node-block=\"true\">\u00e1ramcsatlakoz\u00e1s<\/li>\n<li data-prosemirror-content-type=\"node\" data-prosemirror-node-name=\"paragraph\" data-prosemirror-node-block=\"true\">v\u00edzcsatlakoz\u00e1s (csak a pr\u00e9mium parcell\u00e1k eset\u00e9ben)<\/li>\n<\/ul>\n<p data-prosemirror-content-type=\"node\" data-prosemirror-node-name=\"paragraph\" data-prosemirror-node-block=\"true\">A k\u00fcl\u00f6nb\u00f6z\u0151 felszerelts\u00e9g\u0171, elt\u00e9r\u0151 \u00e1rny\u00e9kolts\u00e1g\u00fa \u00e9s elhelyezked\u00e9s\u0171 kempinghelyek lehet\u0151s\u00e9get biztos\u00edtanak arra, hogy mindenki megtal\u00e1lja a sz\u00e1m\u00e1ra t\u00f6k\u00e9letes pihen\u0151helyet.<\/p>\n<p data-prosemirror-content-type=\"node\" data-prosemirror-node-name=\"paragraph\" data-prosemirror-node-block=\"true\"><strong>Pr\u00e9mium parcell\u00e1k<\/strong> &#8211; A kemping k\u00f6zponti r\u00e9sz\u00e9n, a nyugodt feny\u0151erd\u0151ben helyezkednek el, r\u00e9szleges \u00e1rny\u00e9kol\u00e1ssal. A teraszos kialak\u00edt\u00e1snak k\u00f6sz\u00f6nhet\u0151en r\u00e9szben naposak. M\u00e9ret\u00fck 70\u2013120 m\u00b2, \u00e1ram- \u00e9s v\u00edzcsatlakoz\u00e1ssal, valamint Wi-Fi el\u00e9rhet\u0151s\u00e9ggel rendelkeznek.<\/p>\n<p>[\/vc_column_text][vc_gallery el_id=&#8221;gallery-106302&#8243; medias=&#8221;6757,6761,6765,6769,6773,6777&#8243; infinite=&#8221;yes&#8221; infinite_preloaded_items=&#8221;19&#8243; infinite_loading_items=&#8221;19&#8243; gutter_size=&#8221;3&#8243; media_items=&#8221;media|lightbox|original,icon|md&#8221; screen_lg=&#8221;1000&#8243; screen_md=&#8221;600&#8243; screen_sm=&#8221;480&#8243; images_size=&#8221;four-three&#8221; single_shape=&#8221;round&#8221; radius=&#8221;std&#8221; single_overlay_color=&#8221;color-oxford&#8221; single_overlay_coloration=&#8221;bottom_gradient&#8221; single_overlay_opacity=&#8221;60&#8243; single_image_anim=&#8221;no&#8221; single_h_align=&#8221;center&#8221; single_v_position=&#8221;bottom&#8221; single_padding=&#8221;2&#8243; single_icon=&#8221;fa fa-zoom-in&#8221; single_shadow=&#8221;yes&#8221; shadow_weight=&#8221;std&#8221; single_border=&#8221;yes&#8221; single_css_animation=&#8221;top-t-bottom&#8221; uncode_shortcode_id=&#8221;155151&#8243;][vc_column_text uncode_shortcode_id=&#8221;615765&#8243;]<strong>Standard parcell\u00e1k tengerre n\u00e9z\u0151 kil\u00e1t\u00e1ssal &#8211;<\/strong> A feny\u0151erd\u0151 nyugalm\u00e1ban tal\u00e1lhat\u00f3ak, r\u00e9szleges \u00e1rny\u00e9kol\u00e1ssal, s\u00e1toroz\u00e1sra \u00e9s kempingez\u00e9sre kiv\u00e1l\u00f3an alkalmasak. Alapter\u00fclet\u00fck 80\u2013100 m\u00b2, \u00e1ramcsatlakoz\u00e1ssal \u00e9s Wi-Fi el\u00e9rhet\u0151s\u00e9ggel felszereltek. A tengerpartt\u00f3l 30\u201380 m\u00e9terre helyezkednek el.[\/vc_column_text][vc_gallery el_id=&#8221;gallery-106302&#8243; medias=&#8221;6782,6786,6790,6794,6798,6802&#8243; infinite=&#8221;yes&#8221; infinite_preloaded_items=&#8221;19&#8243; infinite_loading_items=&#8221;19&#8243; gutter_size=&#8221;3&#8243; media_items=&#8221;media|lightbox|original,icon|md&#8221; screen_lg=&#8221;1000&#8243; screen_md=&#8221;600&#8243; screen_sm=&#8221;480&#8243; images_size=&#8221;four-three&#8221; single_shape=&#8221;round&#8221; radius=&#8221;std&#8221; single_overlay_color=&#8221;color-oxford&#8221; single_overlay_coloration=&#8221;bottom_gradient&#8221; single_overlay_opacity=&#8221;60&#8243; single_image_anim=&#8221;no&#8221; single_h_align=&#8221;center&#8221; single_v_position=&#8221;bottom&#8221; single_padding=&#8221;2&#8243; single_icon=&#8221;fa fa-zoom-in&#8221; single_shadow=&#8221;yes&#8221; shadow_weight=&#8221;std&#8221; single_border=&#8221;yes&#8221; single_css_animation=&#8221;top-t-bottom&#8221; uncode_shortcode_id=&#8221;997906&#8243;][vc_column_text uncode_shortcode_id=&#8221;188372&#8243;]<strong>Standard parcell\u00e1k a tenger k\u00f6zel\u00e9ben<\/strong> &#8211; A feny\u0151erd\u0151 \u00e1rny\u00e9k\u00e1ban tal\u00e1lhat\u00f3ak, r\u00e9szleges \u00e1rny\u00e9kol\u00e1ssal. Ide\u00e1lisak kempingez\u00e9sre \u00e9s s\u00e1toroz\u00e1sra. \u00c1ramcsatlakoz\u00e1ssal \u00e9s Wi-Fi el\u00e9rhet\u0151s\u00e9ggel rendelkeznek, m\u00e9ret\u00fck 80\u2013100 m\u00b2. A partt\u00f3l 50\u2013100 m\u00e9terre helyezkednek el.[\/vc_column_text][vc_gallery el_id=&#8221;gallery-106302&#8243; medias=&#8221;6806,6810,6814,6818,6822,6826&#8243; infinite=&#8221;yes&#8221; infinite_preloaded_items=&#8221;19&#8243; infinite_loading_items=&#8221;19&#8243; gutter_size=&#8221;3&#8243; media_items=&#8221;media|lightbox|original,icon|md&#8221; screen_lg=&#8221;1000&#8243; screen_md=&#8221;600&#8243; screen_sm=&#8221;480&#8243; images_size=&#8221;four-three&#8221; single_shape=&#8221;round&#8221; radius=&#8221;std&#8221; single_overlay_color=&#8221;color-oxford&#8221; single_overlay_coloration=&#8221;bottom_gradient&#8221; single_overlay_opacity=&#8221;60&#8243; single_image_anim=&#8221;no&#8221; single_h_align=&#8221;center&#8221; single_v_position=&#8221;bottom&#8221; single_padding=&#8221;2&#8243; single_icon=&#8221;fa fa-zoom-in&#8221; single_shadow=&#8221;yes&#8221; shadow_weight=&#8221;std&#8221; single_border=&#8221;yes&#8221; single_css_animation=&#8221;top-t-bottom&#8221; uncode_shortcode_id=&#8221;120870&#8243;][vc_column_text uncode_shortcode_id=&#8221;142100&#8243;]<strong>Standard parcell\u00e1k kempingpanor\u00e1m\u00e1val<\/strong> &#8211; A kemping fels\u0151 r\u00e9sz\u00e9n, k\u00f6zel a vizesblokkokhoz tal\u00e1lhat\u00f3ak, r\u00e9szben napos elhelyezked\u00e9ssel. \u00c1ramcsatlakoz\u00e1ssal \u00e9s Wi-Fi el\u00e9rhet\u0151s\u00e9ggel rendelkeznek, m\u00e9ret\u00fck 80\u2013100 m\u00b2. A tengert\u0151l 80\u2013100 m\u00e9terre tal\u00e1lhat\u00f3ak.[\/vc_column_text][vc_gallery el_id=&#8221;gallery-106302&#8243; medias=&#8221;6830,6834,6838,6842,6846,6850&#8243; infinite=&#8221;yes&#8221; infinite_preloaded_items=&#8221;19&#8243; infinite_loading_items=&#8221;19&#8243; gutter_size=&#8221;3&#8243; media_items=&#8221;media|lightbox|original,icon|md&#8221; screen_lg=&#8221;1000&#8243; screen_md=&#8221;600&#8243; screen_sm=&#8221;480&#8243; images_size=&#8221;four-three&#8221; single_shape=&#8221;round&#8221; radius=&#8221;std&#8221; single_overlay_color=&#8221;color-oxford&#8221; single_overlay_coloration=&#8221;bottom_gradient&#8221; single_overlay_opacity=&#8221;60&#8243; single_image_anim=&#8221;no&#8221; single_h_align=&#8221;center&#8221; single_v_position=&#8221;bottom&#8221; single_padding=&#8221;2&#8243; single_icon=&#8221;fa fa-zoom-in&#8221; single_shadow=&#8221;yes&#8221; shadow_weight=&#8221;std&#8221; single_border=&#8221;yes&#8221; single_css_animation=&#8221;top-t-bottom&#8221; uncode_shortcode_id=&#8221;615245&#8243;][vc_column_text uncode_shortcode_id=&#8221;928667&#8243;]<strong>Tengerre n\u00e9z\u0151 s\u00e1torhelyek<\/strong> &#8211; S\u00e1toroz\u00e1sra kialak\u00edtott z\u00f3n\u00e1k a tenger k\u00f6zel\u00e9ben, amelyeket nagyr\u00e9szt feny\u0151erd\u0151 \u00e1rny\u00e9kol. Az \u00f6vezet kiz\u00e1r\u00f3lag s\u00e1trak sz\u00e1m\u00e1ra van fenntartva, az aut\u00f3parkol\u00f3 a s\u00e1torz\u00f3na mellett tal\u00e1lhat\u00f3. A kempinghelyek \u00e1ramcsatlakoz\u00e1ssal \u00e9s Wi-Fi el\u00e9rhet\u0151s\u00e9ggel rendelkeznek.&#8221;[\/vc_column_text][vc_gallery el_id=&#8221;gallery-106302&#8243; medias=&#8221;6855,6859,6863,6867,6871,6875&#8243; infinite=&#8221;yes&#8221; infinite_preloaded_items=&#8221;19&#8243; infinite_loading_items=&#8221;19&#8243; gutter_size=&#8221;3&#8243; media_items=&#8221;media|lightbox|original,icon|md&#8221; screen_lg=&#8221;1000&#8243; screen_md=&#8221;600&#8243; screen_sm=&#8221;480&#8243; images_size=&#8221;four-three&#8221; single_shape=&#8221;round&#8221; radius=&#8221;std&#8221; single_overlay_color=&#8221;color-oxford&#8221; single_overlay_coloration=&#8221;bottom_gradient&#8221; single_overlay_opacity=&#8221;60&#8243; single_image_anim=&#8221;no&#8221; single_h_align=&#8221;center&#8221; single_v_position=&#8221;bottom&#8221; single_padding=&#8221;2&#8243; single_icon=&#8221;fa fa-zoom-in&#8221; single_shadow=&#8221;yes&#8221; shadow_weight=&#8221;std&#8221; single_border=&#8221;yes&#8221; single_css_animation=&#8221;top-t-bottom&#8221; uncode_shortcode_id=&#8221;739302&#8243;][\/vc_column_inner][\/vc_row_inner][\/vc_column][\/vc_row]<\/p>\n<\/div>","protected":false},"excerpt":{"rendered":"<p>[vc_row row_height_percent=&#8221;0&#8243; override_padding=&#8221;yes&#8221; h_padding=&#8221;2&#8243; top_padding=&#8221;3&#8243; bottom_padding=&#8221;2&#8243; overlay_alpha=&#8221;50&#8243; gutter_size=&#8221;3&#8243; column_width_percent=&#8221;100&#8243; shift_y=&#8221;0&#8243; z_index=&#8221;0&#8243; content_parallax=&#8221;0&#8243; uncode_shortcode_id=&#8221;260095&#8243;][vc_column column_width_percent=&#8221;100&#8243; position_horizontal=&#8221;left&#8221; gutter_size=&#8221;3&#8243; back_color=&#8221;color-207971&#8243; overlay_alpha=&#8221;50&#8243; radius=&#8221;xs&#8221; border_color=&#8221;color-platinum&#8221; [&hellip;]<\/p>\n","protected":false},"author":6,"featured_media":0,"parent":0,"menu_order":0,"comment_status":"closed","ping_status":"closed","template":"","meta":{"footnotes":""},"class_list":["post-6884","page","type-page","status-publish","hentry"],"_links":{"self":[{"href":"https:\/\/adriatik-kamp.com\/hu\/wp-json\/wp\/v2\/pages\/6884","targetHints":{"allow":["GET"]}}],"collection":[{"href":"https:\/\/adriatik-kamp.com\/hu\/wp-json\/wp\/v2\/pages"}],"about":[{"href":"https:\/\/adriatik-kamp.com\/hu\/wp-json\/wp\/v2\/types\/page"}],"author":[{"embeddable":true,"href":"https:\/\/adriatik-kamp.com\/hu\/wp-json\/wp\/v2\/users\/6"}],"replies":[{"embeddable":true,"href":"https:\/\/adriatik-kamp.com\/hu\/wp-json\/wp\/v2\/comments?post=6884"}],"version-history":[{"count":3,"href":"https:\/\/adriatik-kamp.com\/hu\/wp-json\/wp\/v2\/pages\/6884\/revisions"}],"predecessor-version":[{"id":6890,"href":"https:\/\/adriatik-kamp.com\/hu\/wp-json\/wp\/v2\/pages\/6884\/revisions\/6890"}],"wp:attachment":[{"href":"https:\/\/adriatik-kamp.com\/hu\/wp-json\/wp\/v2\/media?parent=6884"}],"curies":[{"name":"wp","href":"https:\/\/api.w.org\/{rel}","templated":true}]}}