{"id":6747,"date":"2025-03-30T15:52:47","date_gmt":"2025-03-30T13:52:47","guid":{"rendered":"https:\/\/adriatik-kamp.com\/cliff-premium-mobile-homes\/"},"modified":"2025-03-30T16:01:13","modified_gmt":"2025-03-30T14:01:13","slug":"sziklaparti-premium-mobilhazak","status":"publish","type":"page","link":"https:\/\/adriatik-kamp.com\/hu\/sziklaparti-premium-mobilhazak\/","title":{"rendered":"SZIKLAPARTI (PR\u00c9MIUM) MOBILH\u00c1ZAK"},"content":{"rendered":"<div class=\"wpb-content-wrapper\"><p>[vc_row row_height_percent=&#8221;0&#8243; override_padding=&#8221;yes&#8221; h_padding=&#8221;2&#8243; top_padding=&#8221;3&#8243; bottom_padding=&#8221;0&#8243; overlay_alpha=&#8221;50&#8243; gutter_size=&#8221;3&#8243; column_width_percent=&#8221;100&#8243; shift_y=&#8221;0&#8243; z_index=&#8221;0&#8243; uncode_shortcode_id=&#8221;157487&#8243;][vc_column column_width_percent=&#8221;100&#8243; position_horizontal=&#8221;left&#8221; gutter_size=&#8221;3&#8243; back_color=&#8221;color-207971&#8243; overlay_alpha=&#8221;50&#8243; radius=&#8221;xs&#8221; border_color=&#8221;color-platinum&#8221; border_style=&#8221;solid&#8221; shift_x=&#8221;0&#8243; shift_y=&#8221;0&#8243; shift_y_down=&#8221;0&#8243; z_index=&#8221;0&#8243; medium_width=&#8221;0&#8243; mobile_width=&#8221;0&#8243; width=&#8221;1\/1&#8243; css=&#8221;.vc_custom_1659358818720{border-left-width: 3px !important;}&#8221; uncode_shortcode_id=&#8221;120734&#8243; back_color_type=&#8221;uncode-palette&#8221; border_color_type=&#8221;uncode-palette&#8221;][vc_row_inner limit_content=&#8221;&#8221;][vc_column_inner width=&#8221;1\/2&#8243;][uncode_breadcrumbs text_lead=&#8221;small&#8221;][vc_custom_heading auto_text=&#8221;yes&#8221; heading_semantic=&#8221;h3&#8243; text_size=&#8221;h1&#8243; text_weight=&#8221;700&#8243; uncode_shortcode_id=&#8221;103071&#8243;][\/vc_custom_heading][vc_column_text uncode_shortcode_id=&#8221;156456&#8243;]Ezek a b\u00e1jos mobilh\u00e1zak egy szikla perem\u00e9n helyezkednek el, t\u00f6k\u00e9letes mened\u00e9ket k\u00edn\u00e1lva mindazok sz\u00e1m\u00e1ra, akik b\u00e9k\u00e9re, csendre \u00e9s a term\u00e9szettel val\u00f3 kapcsol\u00f3d\u00e1sra v\u00e1gynak. Minden egys\u00e9g egy hangulatos h\u00e1l\u00f3szob\u00e1val, t\u00e1gas nappalival (kih\u00fazhat\u00f3 kanap\u00e9val), teljesen felszerelt konyh\u00e1val \u00e9s egy csod\u00e1s, tengerre n\u00e9z\u0151 terasszal rendelkezik. A nyugodt feny\u0151erd\u0151 \u00f6lel\u00e9s\u00e9ben ez a meghitt k\u00f6rnyezet garant\u00e1lja a csendes \u00e9s pihentet\u0151 kikapcsol\u00f3d\u00e1st.[\/vc_column_text][\/vc_column_inner][vc_column_inner width=&#8221;1\/2&#8243;][vc_single_image media=&#8221;6708&#8243; media_lightbox=&#8221;yes&#8221; media_width_percent=&#8221;100&#8243; shape=&#8221;img-round&#8221; radius=&#8221;std&#8221; uncode_shortcode_id=&#8221;823564&#8243;][\/vc_column_inner][\/vc_row_inner][vc_row_inner limit_content=&#8221;&#8221;][vc_column_inner column_width_percent=&#8221;100&#8243; position_vertical=&#8221;middle&#8221; gutter_size=&#8221;3&#8243; overlay_alpha=&#8221;50&#8243; shift_x=&#8221;0&#8243; shift_y=&#8221;0&#8243; shift_y_down=&#8221;0&#8243; z_index=&#8221;0&#8243; medium_width=&#8221;0&#8243; mobile_width=&#8221;0&#8243; width=&#8221;1\/2&#8243; uncode_shortcode_id=&#8221;150843&#8243;][vc_custom_heading heading_semantic=&#8221;h3&#8243; text_size=&#8221;h3&#8243; text_weight=&#8221;700&#8243; uncode_shortcode_id=&#8221;532300&#8243;]A h\u00e1zak k\u00e9t m\u00e9retben \u00e9rhet\u0151k el:[\/vc_custom_heading][vc_column_text uncode_shortcode_id=&#8221;214140&#8243;]20 m\u00b2-es k\u00e9nyelmes t\u00e9rrel rendelkez\u0151 mobilh\u00e1zaink ide\u00e1lisak meghitt kikapcsol\u00f3d\u00e1sra v\u00e1gy\u00f3 p\u00e1roknak vagy kisebb csal\u00e1doknak. \u00c9lvezze a term\u00e9szet \u00e9s a mag\u00e1n\u00e9let t\u00f6k\u00e9letes harm\u00f3ni\u00e1j\u00e1t, a hull\u00e1mok megnyugtat\u00f3 hangj\u00e1t \u00e9s a friss feny\u0151illatot![\/vc_column_text][\/vc_column_inner][vc_column_inner width=&#8221;1\/2&#8243;][vc_single_image media=&#8221;6736&#8243; media_lightbox=&#8221;yes&#8221; media_width_percent=&#8221;100&#8243; shape=&#8221;img-round&#8221; radius=&#8221;std&#8221; uncode_shortcode_id=&#8221;155685&#8243;][\/vc_column_inner][\/vc_row_inner][vc_row_inner limit_content=&#8221;&#8221;][vc_column_inner width=&#8221;1\/2&#8243;][vc_single_image media=&#8221;6740&#8243; media_lightbox=&#8221;yes&#8221; media_width_percent=&#8221;100&#8243; shape=&#8221;img-round&#8221; radius=&#8221;std&#8221; uncode_shortcode_id=&#8221;144402&#8243;][\/vc_column_inner][vc_column_inner column_width_percent=&#8221;100&#8243; position_vertical=&#8221;middle&#8221; gutter_size=&#8221;3&#8243; overlay_alpha=&#8221;50&#8243; shift_x=&#8221;0&#8243; shift_y=&#8221;0&#8243; shift_y_down=&#8221;0&#8243; z_index=&#8221;0&#8243; medium_width=&#8221;0&#8243; mobile_width=&#8221;0&#8243; width=&#8221;1\/2&#8243; uncode_shortcode_id=&#8221;150843&#8243;][vc_column_text uncode_shortcode_id=&#8221;157857&#8243;]38 m\u00b2-es k\u00e9nyelmes t\u00e9rrel rendelkez\u0151 mobilh\u00e1zaink t\u00f6k\u00e9letes v\u00e1laszt\u00e1st jelentenek csal\u00e1dok sz\u00e1m\u00e1ra, akik nyugodt \u00e9s meghitt pihen\u00e9sre v\u00e1gynak. \u00c9lvezze a term\u00e9szet \u00e9s a mag\u00e1n\u00e9let t\u00f6k\u00e9letes \u00f6sszhangj\u00e1t, a hull\u00e1mok megnyugtat\u00f3 hangj\u00e1t \u00e9s a friss feny\u0151illatot![\/vc_column_text][\/vc_column_inner][\/vc_row_inner][\/vc_column][\/vc_row][vc_row row_height_percent=&#8221;0&#8243; override_padding=&#8221;yes&#8221; h_padding=&#8221;2&#8243; top_padding=&#8221;2&#8243; bottom_padding=&#8221;3&#8243; overlay_alpha=&#8221;50&#8243; gutter_size=&#8221;3&#8243; column_width_percent=&#8221;100&#8243; shift_y=&#8221;0&#8243; z_index=&#8221;0&#8243; uncode_shortcode_id=&#8221;179816&#8243;][vc_column width=&#8221;1\/1&#8243;][vc_gallery el_id=&#8221;gallery-106302&#8243; medias=&#8221;6712,6716,6720,6724,6728,6732&#8243; infinite=&#8221;yes&#8221; infinite_preloaded_items=&#8221;19&#8243; infinite_loading_items=&#8221;19&#8243; gutter_size=&#8221;3&#8243; media_items=&#8221;media|lightbox|original,icon|md&#8221; screen_lg=&#8221;1000&#8243; screen_md=&#8221;600&#8243; screen_sm=&#8221;480&#8243; images_size=&#8221;four-three&#8221; single_shape=&#8221;round&#8221; radius=&#8221;std&#8221; single_overlay_color=&#8221;color-oxford&#8221; single_overlay_coloration=&#8221;bottom_gradient&#8221; single_overlay_opacity=&#8221;60&#8243; single_image_anim=&#8221;no&#8221; single_h_align=&#8221;center&#8221; single_v_position=&#8221;bottom&#8221; single_padding=&#8221;2&#8243; single_icon=&#8221;fa fa-zoom-in&#8221; single_shadow=&#8221;yes&#8221; shadow_weight=&#8221;std&#8221; single_border=&#8221;yes&#8221; single_css_animation=&#8221;top-t-bottom&#8221; uncode_shortcode_id=&#8221;219917&#8243;][\/vc_column][\/vc_row]<\/p>\n<\/div>","protected":false},"excerpt":{"rendered":"<p>[vc_row row_height_percent=&#8221;0&#8243; override_padding=&#8221;yes&#8221; h_padding=&#8221;2&#8243; top_padding=&#8221;3&#8243; bottom_padding=&#8221;0&#8243; overlay_alpha=&#8221;50&#8243; gutter_size=&#8221;3&#8243; column_width_percent=&#8221;100&#8243; shift_y=&#8221;0&#8243; z_index=&#8221;0&#8243; uncode_shortcode_id=&#8221;157487&#8243;][vc_column column_width_percent=&#8221;100&#8243; position_horizontal=&#8221;left&#8221; gutter_size=&#8221;3&#8243; back_color=&#8221;color-207971&#8243; overlay_alpha=&#8221;50&#8243; radius=&#8221;xs&#8221; border_color=&#8221;color-platinum&#8221; border_style=&#8221;solid&#8221; [&hellip;]<\/p>\n","protected":false},"author":6,"featured_media":0,"parent":0,"menu_order":0,"comment_status":"closed","ping_status":"closed","template":"","meta":{"footnotes":""},"class_list":["post-6747","page","type-page","status-publish","hentry"],"_links":{"self":[{"href":"https:\/\/adriatik-kamp.com\/hu\/wp-json\/wp\/v2\/pages\/6747","targetHints":{"allow":["GET"]}}],"collection":[{"href":"https:\/\/adriatik-kamp.com\/hu\/wp-json\/wp\/v2\/pages"}],"about":[{"href":"https:\/\/adriatik-kamp.com\/hu\/wp-json\/wp\/v2\/types\/page"}],"author":[{"embeddable":true,"href":"https:\/\/adriatik-kamp.com\/hu\/wp-json\/wp\/v2\/users\/6"}],"replies":[{"embeddable":true,"href":"https:\/\/adriatik-kamp.com\/hu\/wp-json\/wp\/v2\/comments?post=6747"}],"version-history":[{"count":3,"href":"https:\/\/adriatik-kamp.com\/hu\/wp-json\/wp\/v2\/pages\/6747\/revisions"}],"predecessor-version":[{"id":6753,"href":"https:\/\/adriatik-kamp.com\/hu\/wp-json\/wp\/v2\/pages\/6747\/revisions\/6753"}],"wp:attachment":[{"href":"https:\/\/adriatik-kamp.com\/hu\/wp-json\/wp\/v2\/media?parent=6747"}],"curies":[{"name":"wp","href":"https:\/\/api.w.org\/{rel}","templated":true}]}}