{"id":6161,"date":"2021-04-12T11:25:03","date_gmt":"2021-04-12T09:25:03","guid":{"rendered":"https:\/\/adriatik-kamp.com\/?page_id=6161"},"modified":"2026-04-21T20:09:25","modified_gmt":"2026-04-21T18:09:25","slug":"programok-es-szorakozasi-lehetosegek","status":"publish","type":"page","link":"https:\/\/adriatik-kamp.com\/hu\/programok-es-szorakozasi-lehetosegek\/","title":{"rendered":"Programok \u00e9s sz\u00f3rakoz\u00e1si lehet\u0151s\u00e9gek"},"content":{"rendered":"<div class=\"wpb-content-wrapper\"><p>[vc_row row_height_percent=&#8221;0&#8243; override_padding=&#8221;yes&#8221; h_padding=&#8221;2&#8243; top_padding=&#8221;3&#8243; bottom_padding=&#8221;2&#8243; overlay_alpha=&#8221;50&#8243; gutter_size=&#8221;3&#8243; column_width_percent=&#8221;100&#8243; shift_y=&#8221;0&#8243; z_index=&#8221;0&#8243;][vc_column column_width_percent=&#8221;100&#8243; gutter_size=&#8221;2&#8243; back_color=&#8221;color-207971&#8243; overlay_alpha=&#8221;50&#8243; border_color=&#8221;color-platinum&#8221; border_style=&#8221;solid&#8221; shift_x=&#8221;0&#8243; shift_y=&#8221;0&#8243; shift_y_down=&#8221;0&#8243; z_index=&#8221;0&#8243; medium_width=&#8221;0&#8243; mobile_width=&#8221;0&#8243; width=&#8221;1\/1&#8243; css=&#8221;.vc_custom_1618225949471{border-left-width: 2px !important;}&#8221;][uncode_breadcrumbs text_lead=&#8221;small&#8221;][vc_custom_heading auto_text=&#8221;yes&#8221; heading_semantic=&#8221;h1&#8243; text_size=&#8221;h1&#8243; text_weight=&#8221;700&#8243;]This is a custom heading element.[\/vc_custom_heading][vc_column_text uncode_shortcode_id=&#8221;188392&#8243;]<strong>Programok \u00e9s sz\u00f3rakoz\u00e1si lehet\u0151s\u00e9gek a Kemping Adriatic<\/strong><\/p>\n<p>A Kemping Adriatic&nbsp;a kikapcsol\u00f3d\u00e1s \u00e9s az akt\u00edv id\u0151t\u00f6lt\u00e9s a nyaral\u00e1s term\u00e9szetes r\u00e9sze.<br \/>\nA strand k\u00f6zvetlen k\u00f6zel\u00e9ben <strong>strandr\u00f6plabda-p\u00e1lya<\/strong>, valamint gyermekek \u00e9s feln\u0151ttek sz\u00e1m\u00e1ra kialak\u00edtott <strong>szabadid\u0151park<\/strong> tal\u00e1lhat\u00f3. A k\u00f6rny\u00e9k kiv\u00e1l\u00f3 lehet\u0151s\u00e9geket k\u00edn\u00e1l <strong>t\u00far\u00e1z\u00e1sra, kir\u00e1ndul\u00e1sra, ker\u00e9kp\u00e1roz\u00e1sra \u00e9s b\u00fav\u00e1rkod\u00e1sra<\/strong>. A b\u00fav\u00e1rkod\u00e1s szerelmeseit a <strong>primo\u0161teni Pongo B\u00fav\u00e1rk\u00f6zpont<\/strong> v\u00e1rja izgalmas programokkal, ahol felfedezhetik a tenger alatti vil\u00e1got.<\/p>\n<p>A sportkedvel\u0151k sz\u00e1m\u00e1ra <strong>futball-, r\u00f6plabda-, tenisz-, asztalitenisz-, boccia- \u00e9s kos\u00e1rlabdap\u00e1ly\u00e1k<\/strong> \u00e1llnak rendelkez\u00e9sre. A kempinget egy <strong>2,5 km hossz\u00fa, tengerparti ker\u00e9kp\u00e1r- \u00e9s s\u00e9t\u00e1ny<\/strong> k\u00f6ti \u00f6ssze Primo\u0161tennel, \u00edgy a v\u00e1ros felfedez\u00e9se biztons\u00e1gosan \u00e9s k\u00e9nyelmesen megoldhat\u00f3.<\/p>\n<p>Primo\u0161tenben a l\u00e1togat\u00f3k k\u00e9t fest\u0151i f\u00e9lszigetet j\u00e1rhatnak be, valamint sz\u00e1mos <strong>k\u00e1v\u00e9z\u00f3, cukr\u00e1szda, hagyom\u00e1nyos vend\u00e9gl\u0151 (konoba) \u00e9s \u00e9tterem<\/strong> k\u00f6z\u00fcl v\u00e1laszthatnak, ahol a helyi konyha \u00edzeit k\u00edn\u00e1lj\u00e1k. Az \u00e9v folyam\u00e1n <strong>koncertek, f\u00fav\u00f3szenekari fell\u00e9p\u00e9sek \u00e9s hagyom\u00e1nyos n\u00e9pi m\u0171sorok<\/strong> is sz\u00ednes\u00edtik a programk\u00edn\u00e1latot.<\/p>\n<p>A szezonban minden este gyermekprogramokat szerveznek, t\u00f6bbek k\u00f6z\u00f6tt <strong>t\u00e1nccal, \u00e9nekl\u00e9ssel, j\u00e1t\u00e9kokkal \u00e9s filmvet\u00edt\u00e9sekkel<\/strong>, hogy a legkisebb vend\u00e9gek is j\u00f3l sz\u00f3rakozzanak. Nappali \u00e9s esti programokat tapasztalt anim\u00e1torok vezetnek <strong>gyermekek \u00e9s feln\u0151ttek<\/strong> sz\u00e1m\u00e1ra egyar\u00e1nt.<\/p>\n<p><strong>Helysz\u00edni szolg\u00e1ltat\u00e1sok:<\/strong><\/p>\n<ul>\n<li><strong>Gyermekklub<\/strong> (szezon\u00e1lisan)<\/li>\n<li><strong>Eg\u00e9sz napos anim\u00e1ci\u00f3s program<\/strong> (szezon\u00e1lisan)<\/li>\n<li><strong>Sportter\u00fcletek: strandr\u00f6plabda, tenisz, asztalitenisz, futball, kos\u00e1rlabda<\/strong><\/li>\n<li><strong>Kajakok, SUP deszk\u00e1k, aquapark, v\u00edzibiciklik<\/strong><\/li>\n<\/ul>\n<p>A <strong>Kemping Adriatic<\/strong>&nbsp;t\u00f6k\u00e9letesen \u00f6tv\u00f6zi a term\u00e9szetet, a sportot \u00e9s a sz\u00f3rakoz\u00e1st, felejthetetlen nyaral\u00e1si \u00e9lm\u00e9nyt k\u00edn\u00e1lva csal\u00e1doknak, p\u00e1roknak \u00e9s a kalandot kedvel\u0151knek egyar\u00e1nt.[\/vc_column_text][\/vc_column][\/vc_row][vc_row row_height_percent=&#8221;0&#8243; override_padding=&#8221;yes&#8221; h_padding=&#8221;2&#8243; top_padding=&#8221;2&#8243; bottom_padding=&#8221;4&#8243; overlay_alpha=&#8221;50&#8243; gutter_size=&#8221;3&#8243; column_width_percent=&#8221;100&#8243; shift_y=&#8221;0&#8243; z_index=&#8221;0&#8243;][vc_column width=&#8221;1\/1&#8243;][vc_gallery el_id=&#8221;gallery-728947&#8243; medias=&#8221;8709,8716,8723,8730,8737,8744,8751,8758,8765,8772,8779,8786,8793,8800&#8243; gutter_size=&#8221;3&#8243; media_items=&#8221;media|nolink|original,icon&#8221; screen_lg=&#8221;1000&#8243; screen_md=&#8221;600&#8243; screen_sm=&#8221;480&#8243; single_shape=&#8221;round&#8221; radius=&#8221;lg&#8221; single_overlay_opacity=&#8221;1&#8243; single_image_anim=&#8221;no&#8221; single_padding=&#8221;2&#8243; single_shadow=&#8221;yes&#8221; shadow_weight=&#8221;std&#8221; single_border=&#8221;yes&#8221; single_css_animation=&#8221;bottom-t-top&#8221; uncode_shortcode_id=&#8221;412211&#8243;][\/vc_column][\/vc_row]<\/p>\n<\/div>","protected":false},"excerpt":{"rendered":"<p>[vc_row row_height_percent=&#8221;0&#8243; override_padding=&#8221;yes&#8221; h_padding=&#8221;2&#8243; top_padding=&#8221;3&#8243; bottom_padding=&#8221;2&#8243; overlay_alpha=&#8221;50&#8243; gutter_size=&#8221;3&#8243; column_width_percent=&#8221;100&#8243; shift_y=&#8221;0&#8243; z_index=&#8221;0&#8243;][vc_column column_width_percent=&#8221;100&#8243; gutter_size=&#8221;2&#8243; back_color=&#8221;color-207971&#8243; overlay_alpha=&#8221;50&#8243; border_color=&#8221;color-platinum&#8221; border_style=&#8221;solid&#8221; shift_x=&#8221;0&#8243; shift_y=&#8221;0&#8243; shift_y_down=&#8221;0&#8243; [&hellip;]<\/p>\n","protected":false},"author":6,"featured_media":9463,"parent":0,"menu_order":0,"comment_status":"closed","ping_status":"closed","template":"","meta":{"footnotes":""},"class_list":["post-6161","page","type-page","status-publish","has-post-thumbnail","hentry","page_category-index-hu","page_category-offer-hu"],"_links":{"self":[{"href":"https:\/\/adriatik-kamp.com\/hu\/wp-json\/wp\/v2\/pages\/6161","targetHints":{"allow":["GET"]}}],"collection":[{"href":"https:\/\/adriatik-kamp.com\/hu\/wp-json\/wp\/v2\/pages"}],"about":[{"href":"https:\/\/adriatik-kamp.com\/hu\/wp-json\/wp\/v2\/types\/page"}],"author":[{"embeddable":true,"href":"https:\/\/adriatik-kamp.com\/hu\/wp-json\/wp\/v2\/users\/6"}],"replies":[{"embeddable":true,"href":"https:\/\/adriatik-kamp.com\/hu\/wp-json\/wp\/v2\/comments?post=6161"}],"version-history":[{"count":9,"href":"https:\/\/adriatik-kamp.com\/hu\/wp-json\/wp\/v2\/pages\/6161\/revisions"}],"predecessor-version":[{"id":9911,"href":"https:\/\/adriatik-kamp.com\/hu\/wp-json\/wp\/v2\/pages\/6161\/revisions\/9911"}],"wp:featuredmedia":[{"embeddable":true,"href":"https:\/\/adriatik-kamp.com\/hu\/wp-json\/wp\/v2\/media\/9463"}],"wp:attachment":[{"href":"https:\/\/adriatik-kamp.com\/hu\/wp-json\/wp\/v2\/media?parent=6161"}],"curies":[{"name":"wp","href":"https:\/\/api.w.org\/{rel}","templated":true}]}}