{"id":6155,"date":"2021-04-12T10:43:31","date_gmt":"2021-04-12T08:43:31","guid":{"rendered":"https:\/\/adriatik-kamp.com\/?page_id=6155"},"modified":"2026-04-22T06:24:46","modified_gmt":"2026-04-22T04:24:46","slug":"adriatik-etterem","status":"publish","type":"page","link":"https:\/\/adriatik-kamp.com\/hu\/adriatik-etterem\/","title":{"rendered":"Adriatik \u00c9tterem"},"content":{"rendered":"<div class=\"wpb-content-wrapper\"><p>[vc_row row_height_percent=&#8221;0&#8243; override_padding=&#8221;yes&#8221; h_padding=&#8221;2&#8243; top_padding=&#8221;3&#8243; bottom_padding=&#8221;2&#8243; overlay_alpha=&#8221;50&#8243; gutter_size=&#8221;3&#8243; column_width_percent=&#8221;100&#8243; shift_y=&#8221;0&#8243; z_index=&#8221;0&#8243;][vc_column column_width_percent=&#8221;100&#8243; gutter_size=&#8221;2&#8243; back_color=&#8221;color-207971&#8243; overlay_alpha=&#8221;50&#8243; border_color=&#8221;color-platinum&#8221; border_style=&#8221;solid&#8221; shift_x=&#8221;0&#8243; shift_y=&#8221;0&#8243; shift_y_down=&#8221;0&#8243; z_index=&#8221;0&#8243; medium_width=&#8221;0&#8243; mobile_width=&#8221;0&#8243; width=&#8221;1\/2&#8243; css=&#8221;.vc_custom_1618225949471{border-left-width: 2px !important;}&#8221;][uncode_breadcrumbs text_lead=&#8221;small&#8221;][vc_custom_heading auto_text=&#8221;yes&#8221; heading_semantic=&#8221;h1&#8243; text_size=&#8221;h1&#8243; text_weight=&#8221;700&#8243;]This is a custom heading element.[\/vc_custom_heading][vc_column_text uncode_shortcode_id=&#8221;210018&#8243;]A kemping sz\u00edv\u00e9ben tal\u00e1lhat\u00f3 <strong>Adriatic \u00c9tterem<\/strong> a mediterr\u00e1n \u00e9s dalm\u00e1t konyha autentikus \u00e9lm\u00e9ny\u00e9t k\u00edn\u00e1lja nyugodt, term\u00e9szetk\u00f6zeli k\u00f6rnyezetben. \u00c9tlapunk a hagyom\u00e1nyt \u00e9s a frissess\u00e9get \u00f6tv\u00f6zi: grillezett specialit\u00e1sok, peka alatt k\u00e9sz\u00fclt fog\u00e1sok, valamint sz\u00e1mos hagyom\u00e1nyos dalm\u00e1t \u00e9tel v\u00e1rja a vend\u00e9geket, szeretettel elk\u00e9sz\u00edtve, gondosan v\u00e1logatott helyi alapanyagokb\u00f3l.<\/p>\n<p>A pizz\u00e1k kedvel\u0151inek kiv\u00e1l\u00f3 min\u0151s\u00e9g\u0171, sz\u00e9les v\u00e1laszt\u00e9kot k\u00edn\u00e1lunk, hogy minden \u00edzl\u00e9s megtal\u00e1lja a kedvenc\u00e9t. Az \u00e9tkez\u00e9si \u00e9lm\u00e9nyt gazdag helyi italk\u00edn\u00e1lat teszi teljess\u00e9, t\u00f6bbek k\u00f6z\u00f6tt Pro\u0161ek, h\u00e1zi k\u00e9sz\u00edt\u00e9s\u0171 lik\u0151r\u00f6k \u00e9s v\u00e1logatott dalm\u00e1t borok.<\/p>\n<p>Az \u00e9tterem t\u00e1gas, szabadt\u00e9ri terasszal rendelkezik, amely ide\u00e1lis a meleg ny\u00e1ri est\u00e9ken, valamint l\u00e9gkondicion\u00e1lt bels\u0151 t\u00e9rrel, amely eg\u00e9sz nap kellemes k\u00f6rnyezetet biztos\u00edt.<\/p>\n<p>A kemping csal\u00e1dbar\u00e1t szellemis\u00e9g\u00e9hez igazodva az <strong>Adriatic \u00c9tterem<\/strong> \u00e1llatbar\u00e1t, \u00edgy n\u00e9gyl\u00e1b\u00fa kedvencei is sz\u00edvesen l\u00e1tott vend\u00e9gek, hogy \u00d6nnel egy\u00fctt \u00e9lvezhess\u00e9k a gondtalan nyaral\u00e1st.<\/p>\n<p>Fedezze fel Dalm\u00e1cia autentikus illatait, \u00edzeit \u00e9s hagyom\u00e1nyait \u2013 mindezt egy helyen, az <strong>Adriatic \u00c9tteremben<\/strong>.[\/vc_column_text][\/vc_column][vc_column width=&#8221;1\/2&#8243;][vc_gallery el_id=&#8221;gallery-106302&#8243; medias=&#8221;7038,7045,7052,7059,7066,7073,7080,7087&#8243; gutter_size=&#8221;3&#8243; media_items=&#8221;media|nolink|original&#8221; screen_lg=&#8221;1000&#8243; screen_md=&#8221;600&#8243; screen_sm=&#8221;480&#8243; single_shape=&#8221;round&#8221; radius=&#8221;std&#8221; single_overlay_opacity=&#8221;1&#8243; single_image_anim=&#8221;no&#8221; single_padding=&#8221;2&#8243; single_shadow=&#8221;yes&#8221; shadow_weight=&#8221;std&#8221; single_border=&#8221;yes&#8221; uncode_shortcode_id=&#8221;674996&#8243;][\/vc_column][\/vc_row][vc_row row_height_percent=&#8221;0&#8243; override_padding=&#8221;yes&#8221; h_padding=&#8221;2&#8243; top_padding=&#8221;2&#8243; bottom_padding=&#8221;4&#8243; overlay_alpha=&#8221;50&#8243; gutter_size=&#8221;3&#8243; column_width_percent=&#8221;100&#8243; shift_y=&#8221;0&#8243; z_index=&#8221;0&#8243;][vc_column width=&#8221;1\/1&#8243;][\/vc_column][\/vc_row]<\/p>\n<\/div>","protected":false},"excerpt":{"rendered":"<p>[vc_row row_height_percent=&#8221;0&#8243; override_padding=&#8221;yes&#8221; h_padding=&#8221;2&#8243; top_padding=&#8221;3&#8243; bottom_padding=&#8221;2&#8243; overlay_alpha=&#8221;50&#8243; gutter_size=&#8221;3&#8243; column_width_percent=&#8221;100&#8243; shift_y=&#8221;0&#8243; z_index=&#8221;0&#8243;][vc_column column_width_percent=&#8221;100&#8243; gutter_size=&#8221;2&#8243; back_color=&#8221;color-207971&#8243; overlay_alpha=&#8221;50&#8243; border_color=&#8221;color-platinum&#8221; border_style=&#8221;solid&#8221; shift_x=&#8221;0&#8243; shift_y=&#8221;0&#8243; shift_y_down=&#8221;0&#8243; [&hellip;]<\/p>\n","protected":false},"author":6,"featured_media":4431,"parent":0,"menu_order":0,"comment_status":"closed","ping_status":"closed","template":"","meta":{"footnotes":""},"class_list":["post-6155","page","type-page","status-publish","has-post-thumbnail","hentry","page_category-index-hu","page_category-offer-hu"],"_links":{"self":[{"href":"https:\/\/adriatik-kamp.com\/hu\/wp-json\/wp\/v2\/pages\/6155","targetHints":{"allow":["GET"]}}],"collection":[{"href":"https:\/\/adriatik-kamp.com\/hu\/wp-json\/wp\/v2\/pages"}],"about":[{"href":"https:\/\/adriatik-kamp.com\/hu\/wp-json\/wp\/v2\/types\/page"}],"author":[{"embeddable":true,"href":"https:\/\/adriatik-kamp.com\/hu\/wp-json\/wp\/v2\/users\/6"}],"replies":[{"embeddable":true,"href":"https:\/\/adriatik-kamp.com\/hu\/wp-json\/wp\/v2\/comments?post=6155"}],"version-history":[{"count":9,"href":"https:\/\/adriatik-kamp.com\/hu\/wp-json\/wp\/v2\/pages\/6155\/revisions"}],"predecessor-version":[{"id":9930,"href":"https:\/\/adriatik-kamp.com\/hu\/wp-json\/wp\/v2\/pages\/6155\/revisions\/9930"}],"wp:featuredmedia":[{"embeddable":true,"href":"https:\/\/adriatik-kamp.com\/hu\/wp-json\/wp\/v2\/media\/4431"}],"wp:attachment":[{"href":"https:\/\/adriatik-kamp.com\/hu\/wp-json\/wp\/v2\/media?parent=6155"}],"curies":[{"name":"wp","href":"https:\/\/api.w.org\/{rel}","templated":true}]}}