{"id":6142,"date":"2021-04-12T10:23:49","date_gmt":"2021-04-12T08:23:49","guid":{"rendered":"https:\/\/adriatik-kamp.com\/?page_id=6142"},"modified":"2026-04-21T20:48:32","modified_gmt":"2026-04-21T18:48:32","slug":"rolunk","status":"publish","type":"page","link":"https:\/\/adriatik-kamp.com\/hu\/rolunk\/","title":{"rendered":"R\u00f3lunk"},"content":{"rendered":"<div class=\"wpb-content-wrapper\"><p>[vc_row row_height_percent=&#8221;0&#8243; override_padding=&#8221;yes&#8221; h_padding=&#8221;2&#8243; top_padding=&#8221;3&#8243; bottom_padding=&#8221;2&#8243; overlay_alpha=&#8221;50&#8243; gutter_size=&#8221;3&#8243; column_width_percent=&#8221;100&#8243; shift_y=&#8221;0&#8243; z_index=&#8221;0&#8243;][vc_column column_width_percent=&#8221;100&#8243; gutter_size=&#8221;2&#8243; back_color=&#8221;color-207971&#8243; overlay_alpha=&#8221;50&#8243; border_color=&#8221;color-platinum&#8221; border_style=&#8221;solid&#8221; shift_x=&#8221;0&#8243; shift_y=&#8221;0&#8243; shift_y_down=&#8221;0&#8243; z_index=&#8221;0&#8243; medium_width=&#8221;0&#8243; mobile_width=&#8221;0&#8243; width=&#8221;1\/1&#8243; css=&#8221;.vc_custom_1618225949471{border-left-width: 2px !important;}&#8221;][uncode_breadcrumbs text_lead=&#8221;small&#8221;][vc_custom_heading auto_text=&#8221;yes&#8221; heading_semantic=&#8221;h1&#8243; text_size=&#8221;h1&#8243; text_weight=&#8221;700&#8243;]This is a custom heading element.[\/vc_custom_heading][vc_column_text uncode_shortcode_id=&#8221;649976&#8243;]A krist\u00e1lytiszta v\u00edz \u00e9s a feny\u0151f\u00e1k illata \u00e1ltal k\u00f6r\u00fclvett <strong>Kemping Adriatic<\/strong> \u00f6tv\u00f6zi a term\u00e9szetet, a k\u00e9nyelmet \u00e9s az autentikus dalm\u00e1t hangulatot. V\u00e1lasszon a t\u00e1gas kempinghelyek, a s\u00e1tras ter\u00fcletek vagy a modern mobilh\u00e1zak k\u00f6z\u00fcl, mindegyik a b\u00e9k\u00e9s mediterr\u00e1n k\u00f6rnyezetben tal\u00e1lhat\u00f3.[\/vc_column_text][vc_column_text uncode_shortcode_id=&#8221;417489&#8243;]A krist\u00e1lytiszta v\u00edz \u00e9s a feny\u0151f\u00e1k illata \u00e1ltal k\u00f6r\u00fclvett <strong>Kemping Adriatic&nbsp;<\/strong>\u00f6tv\u00f6zi a term\u00e9szetet, a k\u00e9nyelmet \u00e9s az autentikus dalm\u00e1t hangulatot. V\u00e1lasszon a t\u00e1gas kempinghelyek, a s\u00e1tras ter\u00fcletek vagy a modern mobilh\u00e1zak k\u00f6z\u00fcl, mindegyik a b\u00e9k\u00e9s mediterr\u00e1n k\u00f6rnyezetben tal\u00e1lhat\u00f3.[\/vc_column_text][vc_column_text uncode_shortcode_id=&#8221;485669&#8243;]Kulin\u00e1ris \u00e9lvezetek\u00e9rt l\u00e1togasson el az Adriatic\u00e9tterembe, amely dalm\u00e1t \u00e9s mediterr\u00e1n specialit\u00e1sokat k\u00edn\u00e1l, vagy a tengerparti b\u00e1rba, ahol gazdag v\u00e1laszt\u00e9kban tal\u00e1l helyi italokat. A kemping h\u00e1zi\u00e1llatbar\u00e1t, \u00edgy n\u00e9gyl\u00e1b\u00fa bar\u00e1tai is mindig sz\u00edvesen l\u00e1tottak![\/vc_column_text][\/vc_column][\/vc_row][vc_row row_height_percent=&#8221;0&#8243; override_padding=&#8221;yes&#8221; h_padding=&#8221;2&#8243; top_padding=&#8221;2&#8243; bottom_padding=&#8221;2&#8243; overlay_alpha=&#8221;50&#8243; gutter_size=&#8221;3&#8243; column_width_percent=&#8221;100&#8243; shift_y=&#8221;0&#8243; z_index=&#8221;0&#8243;][vc_column width=&#8221;1\/1&#8243;][vc_gallery el_id=&#8221;gallery-542808&#8243; medias=&#8221;6970,6974,6998,6994,6990,6986,6982,6978,9319&#8243; gutter_size=&#8221;3&#8243; media_items=&#8221;media|nolink|original&#8221; screen_lg=&#8221;1000&#8243; screen_md=&#8221;600&#8243; screen_sm=&#8221;480&#8243; single_shape=&#8221;round&#8221; radius=&#8221;std&#8221; single_overlay_opacity=&#8221;60&#8243; single_overlay_anim=&#8221;no&#8221; single_image_anim=&#8221;no&#8221; single_padding=&#8221;2&#8243; single_shadow=&#8221;yes&#8221; shadow_weight=&#8221;std&#8221; single_border=&#8221;yes&#8221; single_css_animation=&#8221;top-t-bottom&#8221; uncode_shortcode_id=&#8221;676629&#8243;][\/vc_column][\/vc_row][vc_row row_height_percent=&#8221;0&#8243; override_padding=&#8221;yes&#8221; h_padding=&#8221;2&#8243; top_padding=&#8221;2&#8243; bottom_padding=&#8221;4&#8243; overlay_alpha=&#8221;50&#8243; gutter_size=&#8221;3&#8243; column_width_percent=&#8221;100&#8243; shift_y=&#8221;0&#8243; z_index=&#8221;0&#8243;][vc_column column_width_percent=&#8221;100&#8243; gutter_size=&#8221;3&#8243; back_color=&#8221;color-207971&#8243; overlay_alpha=&#8221;50&#8243; border_color=&#8221;color-platinum&#8221; border_style=&#8221;solid&#8221; shift_x=&#8221;0&#8243; shift_y=&#8221;0&#8243; shift_y_down=&#8221;0&#8243; z_index=&#8221;0&#8243; medium_width=&#8221;0&#8243; mobile_width=&#8221;0&#8243; width=&#8221;1\/1&#8243; css=&#8221;.vc_custom_1618217526773{border-left-width: 2px !important;}&#8221;][vc_custom_heading uncode_shortcode_id=&#8221;188577&#8243;]<strong>Higi\u00e9niai l\u00e9tes\u00edtm\u00e9nyek \u00e9s k\u00e9nyelem<\/strong>[\/vc_custom_heading][uncode_list icon=&#8221;fa fa-check&#8221; icon_color=&#8221;color-oxford&#8221; uncode_shortcode_id=&#8221;190076&#8243; icon_color_type=&#8221;uncode-palette&#8221;]<\/p>\n<ul>\n<li>N\u00e9gy higi\u00e9niai blokk<\/li>\n<li>WC mozg\u00e1skorl\u00e1tozottak sz\u00e1m\u00e1ra<\/li>\n<li>Saj\u00e1t f\u00fcrd\u0151szob\u00e1k<\/li>\n<li>K\u00e9miai WC-k<\/li>\n<li>Lak\u00f3kocsi-hullad\u00e9k\u00fcr\u00edt\u0151 hely<\/li>\n<li>H\u00e1zi\u00e1llat-higi\u00e9niai ter\u00fclet<\/li>\n<li>Vend\u00e9gh\u0171t\u0151szekr\u00e9nyek<\/li>\n<li>Mos\u00f3g\u00e9pek<\/li>\n<\/ul>\n<p>[\/uncode_list][vc_custom_heading uncode_shortcode_id=&#8221;211924&#8243;]<strong>Szolg\u00e1ltat\u00e1sok \u00e9s lehet\u0151s\u00e9gek<\/strong>[\/vc_custom_heading][uncode_list icon=&#8221;fa fa-check&#8221; icon_color=&#8221;color-oxford&#8221; uncode_shortcode_id=&#8221;146840&#8243; icon_color_type=&#8221;uncode-palette&#8221;]<\/p>\n<ul>\n<li>Recepci\u00f3<\/li>\n<li>Piac (2026-04 \u2013 2026-10)<\/li>\n<li>Szuven\u00edrbolt (2026-07 \u2013 2026-08)<\/li>\n<li>Friss helyi term\u00e9kek standja (2026-05 \u2013 2026-09)<\/li>\n<li>Gyerekklub (2026-07 \u2013 2026-08)<\/li>\n<li>Wi-Fi a kemping eg\u00e9sz ter\u00fclet\u00e9n<\/li>\n<\/ul>\n<p>[\/uncode_list][vc_custom_heading uncode_shortcode_id=&#8221;166536&#8243;]<strong>Sport \u00e9s tev\u00e9kenys\u00e9gek <\/strong>[\/vc_custom_heading][uncode_list icon=&#8221;fa fa-check&#8221; icon_color=&#8221;color-oxford&#8221; uncode_shortcode_id=&#8221;119109&#8243; icon_color_type=&#8221;uncode-palette&#8221;]<\/p>\n<ul>\n<li>Ker\u00e9kp\u00e1rk\u00f6lcs\u00f6nz\u00e9s (Primo\u0161ten)<\/li>\n<li>Aut\u00f3- \/ robog\u00f3k\u00f6lcs\u00f6nz\u00e9s (Primo\u0161ten)<\/li>\n<li>Kajak \/ SUP \/ v\u00edzibicikli k\u00f6lcs\u00f6nz\u00e9s<\/li>\n<li>B\u00fav\u00e1rk\u00f6zpont (Primo\u0161ten)<\/li>\n<li>V\u00edzipark<\/li>\n<li>Bork\u00f3stol\u00e1s (Primo\u0161ten)<\/li>\n<\/ul>\n<p>[\/uncode_list][\/vc_column][\/vc_row]<\/p>\n<\/div>","protected":false},"excerpt":{"rendered":"<p>[vc_row row_height_percent=&#8221;0&#8243; override_padding=&#8221;yes&#8221; h_padding=&#8221;2&#8243; top_padding=&#8221;3&#8243; bottom_padding=&#8221;2&#8243; overlay_alpha=&#8221;50&#8243; gutter_size=&#8221;3&#8243; column_width_percent=&#8221;100&#8243; shift_y=&#8221;0&#8243; z_index=&#8221;0&#8243;][vc_column column_width_percent=&#8221;100&#8243; gutter_size=&#8221;2&#8243; back_color=&#8221;color-207971&#8243; overlay_alpha=&#8221;50&#8243; border_color=&#8221;color-platinum&#8221; border_style=&#8221;solid&#8221; shift_x=&#8221;0&#8243; shift_y=&#8221;0&#8243; shift_y_down=&#8221;0&#8243; [&hellip;]<\/p>\n","protected":false},"author":6,"featured_media":0,"parent":0,"menu_order":0,"comment_status":"closed","ping_status":"closed","template":"","meta":{"footnotes":""},"class_list":["post-6142","page","type-page","status-publish","hentry"],"_links":{"self":[{"href":"https:\/\/adriatik-kamp.com\/hu\/wp-json\/wp\/v2\/pages\/6142","targetHints":{"allow":["GET"]}}],"collection":[{"href":"https:\/\/adriatik-kamp.com\/hu\/wp-json\/wp\/v2\/pages"}],"about":[{"href":"https:\/\/adriatik-kamp.com\/hu\/wp-json\/wp\/v2\/types\/page"}],"author":[{"embeddable":true,"href":"https:\/\/adriatik-kamp.com\/hu\/wp-json\/wp\/v2\/users\/6"}],"replies":[{"embeddable":true,"href":"https:\/\/adriatik-kamp.com\/hu\/wp-json\/wp\/v2\/comments?post=6142"}],"version-history":[{"count":8,"href":"https:\/\/adriatik-kamp.com\/hu\/wp-json\/wp\/v2\/pages\/6142\/revisions"}],"predecessor-version":[{"id":9915,"href":"https:\/\/adriatik-kamp.com\/hu\/wp-json\/wp\/v2\/pages\/6142\/revisions\/9915"}],"wp:attachment":[{"href":"https:\/\/adriatik-kamp.com\/hu\/wp-json\/wp\/v2\/media?parent=6142"}],"curies":[{"name":"wp","href":"https:\/\/api.w.org\/{rel}","templated":true}]}}