{"id":7938,"date":"2026-01-28T09:38:55","date_gmt":"2026-01-28T07:38:55","guid":{"rendered":"https:\/\/adriatik-kamp.com\/?page_id=7938"},"modified":"2026-03-02T11:10:18","modified_gmt":"2026-03-02T09:10:18","slug":"atorske-zone-uz-more","status":"publish","type":"page","link":"https:\/\/adriatik-kamp.com\/hr\/atorske-zone-uz-more\/","title":{"rendered":"\u0160atorske zone uz more"},"content":{"rendered":"<div class=\"wpb-content-wrapper\"><p>[vc_row][vc_column width=&#8221;1\/2&#8243;][vc_custom_heading uncode_shortcode_id=&#8221;173955&#8243;]<\/p>\n<h1>\u0160atorske zone uz more<\/h1>\n<p>[\/vc_custom_heading][vc_column_text uncode_shortcode_id=&#8221;161255&#8243;]Na\u0161e <strong>\u0161atorske zone<\/strong> smje\u0161tene su u neposrednoj blizini mora, u mirnom i prirodnom okru\u017eenju koje nudi opu\u0161taju\u0107i ugo\u0111aj za kampere.<br \/>\nVe\u0107inu zone prekriva hladovina prekrasne borove \u0161ume, pru\u017eaju\u0107i ugodnu temperaturu i svje\u017e zrak tijekom cijelog dana.<br \/>\nZone su namijenjene isklju\u010divo za \u0161atore, dok se <strong>parkirna mjesta za automobile<\/strong> nalaze u neposrednoj blizini, radi prakti\u010dnog pristupa.<br \/>\nSve parcele imaju <strong>priklju\u010dak na struju i Wi-Fi signal<\/strong>, osiguravaju\u0107i ugodan i povezan boravak.<br \/>\nIdealno za ljubitelje prirode i mirnog odmora uz more.[\/vc_column_text][\/vc_column][vc_column width=&#8221;1\/2&#8243;][vc_gallery el_id=&#8221;gallery-731742&#8243; isotope_mode=&#8221;cellsByRow&#8221; medias=&#8221;7946,7953,7960,7939&#8243; gutter_size=&#8221;3&#8243; single_overlay_opacity=&#8221;50&#8243; single_padding=&#8221;2&#8243; uncode_shortcode_id=&#8221;735260&#8243; title=&#8221;Mobilne ku\u0107ice s pogledom na kamp&#8221;][\/vc_column][\/vc_row]<\/p>\n<\/div>","protected":false},"excerpt":{"rendered":"<p>[vc_row][vc_column width=&#8221;1\/2&#8243;][vc_custom_heading uncode_shortcode_id=&#8221;173955&#8243;] \u0160atorske zone uz more [\/vc_custom_heading][vc_column_text uncode_shortcode_id=&#8221;161255&#8243;]Na\u0161e \u0161atorske zone smje\u0161tene su u neposrednoj blizini mora, u mirnom i [&hellip;]<\/p>\n","protected":false},"author":6,"featured_media":0,"parent":0,"menu_order":0,"comment_status":"closed","ping_status":"closed","template":"","meta":{"footnotes":""},"class_list":["post-7938","page","type-page","status-publish","hentry"],"_links":{"self":[{"href":"https:\/\/adriatik-kamp.com\/hr\/wp-json\/wp\/v2\/pages\/7938","targetHints":{"allow":["GET"]}}],"collection":[{"href":"https:\/\/adriatik-kamp.com\/hr\/wp-json\/wp\/v2\/pages"}],"about":[{"href":"https:\/\/adriatik-kamp.com\/hr\/wp-json\/wp\/v2\/types\/page"}],"author":[{"embeddable":true,"href":"https:\/\/adriatik-kamp.com\/hr\/wp-json\/wp\/v2\/users\/6"}],"replies":[{"embeddable":true,"href":"https:\/\/adriatik-kamp.com\/hr\/wp-json\/wp\/v2\/comments?post=7938"}],"version-history":[{"count":10,"href":"https:\/\/adriatik-kamp.com\/hr\/wp-json\/wp\/v2\/pages\/7938\/revisions"}],"predecessor-version":[{"id":9391,"href":"https:\/\/adriatik-kamp.com\/hr\/wp-json\/wp\/v2\/pages\/7938\/revisions\/9391"}],"wp:attachment":[{"href":"https:\/\/adriatik-kamp.com\/hr\/wp-json\/wp\/v2\/media?parent=7938"}],"curies":[{"name":"wp","href":"https:\/\/api.w.org\/{rel}","templated":true}]}}