{"id":7882,"date":"2026-01-28T09:27:41","date_gmt":"2026-01-28T07:27:41","guid":{"rendered":"https:\/\/adriatik-kamp.com\/?page_id=7882"},"modified":"2026-03-05T10:59:01","modified_gmt":"2026-03-05T08:59:01","slug":"standard-parcele-s-pogledom-na-kamp","status":"publish","type":"page","link":"https:\/\/adriatik-kamp.com\/hr\/standard-parcele-s-pogledom-na-kamp\/","title":{"rendered":"Standard parcele s pogledom na kamp"},"content":{"rendered":"<div class=\"wpb-content-wrapper\"><p>[vc_row][vc_column width=&#8221;1\/2&#8243;][vc_custom_heading uncode_shortcode_id=&#8221;211440&#8243;]<\/p>\n<h1>Standard parcele s pogledom na kamp<\/h1>\n<p>[\/vc_custom_heading][vc_column_text uncode_shortcode_id=&#8221;175112&#8243;]Na\u0161e <strong>Standard parcele s pogledom na kamp<\/strong> smje\u0161tene su u gornjem dijelu kampa, u neposrednoj blizini sanitarnih \u010dvorova, pru\u017eaju\u0107i prakti\u010dnost i udobnost tijekom boravka.<br \/>\nVe\u0107inu dana obasjane suncem, ove parcele povr\u0161ine od <strong>70 do 120 m\u00b2<\/strong> omogu\u0107uju ugodan i svijetao prostor za \u0161atore, kamp-prikolice ili kamper\/kombije.<br \/>\nSve parcele opremljene su <strong>priklju\u010dkom na struju i Wi-Fi signal<\/strong>, \u0161to gostima osigurava bezbri\u017ean i prakti\u010dan boravak.<br \/>\nIdealne su za sve koji \u017eele u\u017eivati u kamping iskustvu s <strong>prekrasnim pogledom na kamp i okoli\u0161<\/strong>.[\/vc_column_text][\/vc_column][vc_column width=&#8221;1\/2&#8243;][vc_gallery el_id=&#8221;gallery-731742&#8243; medias=&#8221;7883,7904,7911,7897&#8243; gutter_size=&#8221;3&#8243; single_overlay_opacity=&#8221;50&#8243; single_padding=&#8221;2&#8243; uncode_shortcode_id=&#8221;136702&#8243; title=&#8221;Mobilne ku\u0107ice s pogledom na kamp&#8221;][\/vc_column][\/vc_row]<\/p>\n<\/div>","protected":false},"excerpt":{"rendered":"<p>[vc_row][vc_column width=&#8221;1\/2&#8243;][vc_custom_heading uncode_shortcode_id=&#8221;211440&#8243;] Standard parcele s pogledom na kamp [\/vc_custom_heading][vc_column_text uncode_shortcode_id=&#8221;175112&#8243;]Na\u0161e Standard parcele s pogledom na kamp smje\u0161tene su u [&hellip;]<\/p>\n","protected":false},"author":6,"featured_media":0,"parent":0,"menu_order":0,"comment_status":"closed","ping_status":"closed","template":"","meta":{"footnotes":""},"class_list":["post-7882","page","type-page","status-publish","hentry"],"_links":{"self":[{"href":"https:\/\/adriatik-kamp.com\/hr\/wp-json\/wp\/v2\/pages\/7882","targetHints":{"allow":["GET"]}}],"collection":[{"href":"https:\/\/adriatik-kamp.com\/hr\/wp-json\/wp\/v2\/pages"}],"about":[{"href":"https:\/\/adriatik-kamp.com\/hr\/wp-json\/wp\/v2\/types\/page"}],"author":[{"embeddable":true,"href":"https:\/\/adriatik-kamp.com\/hr\/wp-json\/wp\/v2\/users\/6"}],"replies":[{"embeddable":true,"href":"https:\/\/adriatik-kamp.com\/hr\/wp-json\/wp\/v2\/comments?post=7882"}],"version-history":[{"count":2,"href":"https:\/\/adriatik-kamp.com\/hr\/wp-json\/wp\/v2\/pages\/7882\/revisions"}],"predecessor-version":[{"id":9416,"href":"https:\/\/adriatik-kamp.com\/hr\/wp-json\/wp\/v2\/pages\/7882\/revisions\/9416"}],"wp:attachment":[{"href":"https:\/\/adriatik-kamp.com\/hr\/wp-json\/wp\/v2\/media?parent=7882"}],"curies":[{"name":"wp","href":"https:\/\/api.w.org\/{rel}","templated":true}]}}