{"id":7815,"date":"2026-01-28T09:11:53","date_gmt":"2026-01-28T07:11:53","guid":{"rendered":"https:\/\/adriatik-kamp.com\/?page_id=7815"},"modified":"2026-03-02T11:00:13","modified_gmt":"2026-03-02T09:00:13","slug":"standard-parcele-s-pogledom-na-more","status":"publish","type":"page","link":"https:\/\/adriatik-kamp.com\/hr\/standard-parcele-s-pogledom-na-more\/","title":{"rendered":"Standard parcele s pogledom na more"},"content":{"rendered":"<div class=\"wpb-content-wrapper\"><p>[vc_row][vc_column width=&#8221;1\/2&#8243;][vc_custom_heading uncode_shortcode_id=&#8221;473061&#8243;]<\/p>\n<h1>Standard parcele s pogledom na more<\/h1>\n<p>[\/vc_custom_heading][vc_column_text uncode_shortcode_id=&#8221;154416&#8243;]Smje\u0161tene u sredi\u0161njem dijelu kampa, na\u0161e <strong>Standard parcele<\/strong> idealne su za sve koji tra\u017ee prakti\u010dno i ugodno kampiranje.<br \/>\nParcele povr\u0161ine od <strong>40 do 100 m\u00b2<\/strong> posebno su pogodne za \u0161atore, manje kamp-prikolice ili kamper\/kombije.<br \/>\nSve parcele opremljene su <strong>priklju\u010dkom na struju i Wi-Fi signal<\/strong>, pru\u017eaju\u0107i sve \u0161to je potrebno za bezbri\u017ean boravak.<br \/>\nU neposrednoj blizini nalazi se i <strong>pse\u0107a pla\u017ea<\/strong>, \u0161to ove parcele \u010dini odli\u010dnim izborom i za vlasnike ku\u0107nih ljubimaca.[\/vc_column_text][vc_single_image media=&#8221;7830&#8243; media_width_percent=&#8221;100&#8243; uncode_shortcode_id=&#8221;116888&#8243;][\/vc_column][vc_column width=&#8221;1\/2&#8243;][vc_gallery el_id=&#8221;gallery-731742&#8243; medias=&#8221;7844,7816,7823,7837,7851&#8243; gutter_size=&#8221;3&#8243; single_overlay_opacity=&#8221;50&#8243; single_padding=&#8221;2&#8243; uncode_shortcode_id=&#8221;210129&#8243; title=&#8221;Mobilne ku\u0107ice s pogledom na kamp&#8221;][\/vc_column][\/vc_row]<\/p>\n<\/div>","protected":false},"excerpt":{"rendered":"<p>[vc_row][vc_column width=&#8221;1\/2&#8243;][vc_custom_heading uncode_shortcode_id=&#8221;473061&#8243;] Standard parcele s pogledom na more [\/vc_custom_heading][vc_column_text uncode_shortcode_id=&#8221;154416&#8243;]Smje\u0161tene u sredi\u0161njem dijelu kampa, na\u0161e Standard parcele idealne su [&hellip;]<\/p>\n","protected":false},"author":6,"featured_media":0,"parent":0,"menu_order":0,"comment_status":"closed","ping_status":"closed","template":"","meta":{"footnotes":""},"class_list":["post-7815","page","type-page","status-publish","hentry"],"_links":{"self":[{"href":"https:\/\/adriatik-kamp.com\/hr\/wp-json\/wp\/v2\/pages\/7815","targetHints":{"allow":["GET"]}}],"collection":[{"href":"https:\/\/adriatik-kamp.com\/hr\/wp-json\/wp\/v2\/pages"}],"about":[{"href":"https:\/\/adriatik-kamp.com\/hr\/wp-json\/wp\/v2\/types\/page"}],"author":[{"embeddable":true,"href":"https:\/\/adriatik-kamp.com\/hr\/wp-json\/wp\/v2\/users\/6"}],"replies":[{"embeddable":true,"href":"https:\/\/adriatik-kamp.com\/hr\/wp-json\/wp\/v2\/comments?post=7815"}],"version-history":[{"count":4,"href":"https:\/\/adriatik-kamp.com\/hr\/wp-json\/wp\/v2\/pages\/7815\/revisions"}],"predecessor-version":[{"id":9376,"href":"https:\/\/adriatik-kamp.com\/hr\/wp-json\/wp\/v2\/pages\/7815\/revisions\/9376"}],"wp:attachment":[{"href":"https:\/\/adriatik-kamp.com\/hr\/wp-json\/wp\/v2\/media?parent=7815"}],"curies":[{"name":"wp","href":"https:\/\/api.w.org\/{rel}","templated":true}]}}