{"id":7743,"date":"2026-01-28T08:58:10","date_gmt":"2026-01-28T06:58:10","guid":{"rendered":"https:\/\/adriatik-kamp.com\/?page_id=7743"},"modified":"2026-01-28T09:01:25","modified_gmt":"2026-01-28T07:01:25","slug":"deluxe-parcele","status":"publish","type":"page","link":"https:\/\/adriatik-kamp.com\/hr\/deluxe-parcele\/","title":{"rendered":"Deluxe parcele"},"content":{"rendered":"<div class=\"wpb-content-wrapper\"><p>[vc_row][vc_column width=&#8221;1\/2&#8243;][vc_custom_heading uncode_shortcode_id=&#8221;157131&#8243;]<\/p>\n<h1><strong>Deluxe parcele<\/strong><\/h1>\n<p>[\/vc_custom_heading][vc_column_text uncode_shortcode_id=&#8221;525636&#8243;]Smje\u0161tene u sredi\u0161njem dijelu kampa, na\u0161e <strong>Deluxe parcele<\/strong> pru\u017eaju savr\u0161enu kombinaciju mira, privatnosti i prirodnog okru\u017eenja.<br \/>\nOkru\u017eene zelenilom i djelomi\u010dnom hladovinom, ove parcele povr\u0161ine od <strong>50 do 120 m\u00b2<\/strong> nude ugodan i opu\u0161taju\u0107i ambijent za sve koji \u017eele boraviti u neposrednoj blizini prirode.<br \/>\nSvaka parcela je opremljena <strong>priklju\u010dkom za struju, vodom i Wi-Fi signalom<\/strong>, \u0161to omogu\u0107uje ugodan i bezbri\u017ean boravak, idealan za obitelji, parove i sve ljubitelje prirodnog odmora[\/vc_column_text][vc_single_image media=&#8221;7751&#8243; media_width_percent=&#8221;100&#8243; uncode_shortcode_id=&#8221;435496&#8243;][\/vc_column][vc_column width=&#8221;1\/2&#8243;][vc_gallery el_id=&#8221;gallery-731742&#8243; medias=&#8221;7744,7758,7765,7772,7779,7786&#8243; gutter_size=&#8221;3&#8243; single_overlay_opacity=&#8221;50&#8243; single_padding=&#8221;2&#8243; uncode_shortcode_id=&#8221;207956&#8243; title=&#8221;Mobilne ku\u0107ice s pogledom na kamp&#8221;][\/vc_column][\/vc_row]<\/p>\n<\/div>","protected":false},"excerpt":{"rendered":"<p>[vc_row][vc_column width=&#8221;1\/2&#8243;][vc_custom_heading uncode_shortcode_id=&#8221;157131&#8243;] Deluxe parcele [\/vc_custom_heading][vc_column_text uncode_shortcode_id=&#8221;525636&#8243;]Smje\u0161tene u sredi\u0161njem dijelu kampa, na\u0161e Deluxe parcele pru\u017eaju savr\u0161enu kombinaciju mira, privatnosti i [&hellip;]<\/p>\n","protected":false},"author":6,"featured_media":0,"parent":0,"menu_order":0,"comment_status":"closed","ping_status":"closed","template":"","meta":{"footnotes":""},"class_list":["post-7743","page","type-page","status-publish","hentry"],"_links":{"self":[{"href":"https:\/\/adriatik-kamp.com\/hr\/wp-json\/wp\/v2\/pages\/7743","targetHints":{"allow":["GET"]}}],"collection":[{"href":"https:\/\/adriatik-kamp.com\/hr\/wp-json\/wp\/v2\/pages"}],"about":[{"href":"https:\/\/adriatik-kamp.com\/hr\/wp-json\/wp\/v2\/types\/page"}],"author":[{"embeddable":true,"href":"https:\/\/adriatik-kamp.com\/hr\/wp-json\/wp\/v2\/users\/6"}],"replies":[{"embeddable":true,"href":"https:\/\/adriatik-kamp.com\/hr\/wp-json\/wp\/v2\/comments?post=7743"}],"version-history":[{"count":1,"href":"https:\/\/adriatik-kamp.com\/hr\/wp-json\/wp\/v2\/pages\/7743\/revisions"}],"predecessor-version":[{"id":7793,"href":"https:\/\/adriatik-kamp.com\/hr\/wp-json\/wp\/v2\/pages\/7743\/revisions\/7793"}],"wp:attachment":[{"href":"https:\/\/adriatik-kamp.com\/hr\/wp-json\/wp\/v2\/media?parent=7743"}],"curies":[{"name":"wp","href":"https:\/\/api.w.org\/{rel}","templated":true}]}}