{"id":7676,"date":"2026-01-28T08:41:47","date_gmt":"2026-01-28T06:41:47","guid":{"rendered":"https:\/\/adriatik-kamp.com\/?page_id=7676"},"modified":"2026-01-28T08:44:13","modified_gmt":"2026-01-28T06:44:13","slug":"premium-seafront-parcele","status":"publish","type":"page","link":"https:\/\/adriatik-kamp.com\/hr\/premium-seafront-parcele\/","title":{"rendered":"Premium Seafront parcele"},"content":{"rendered":"<div class=\"wpb-content-wrapper\"><p>[vc_row][vc_column width=&#8221;1\/2&#8243;][vc_custom_heading uncode_shortcode_id=&#8221;179743&#8243;]<\/p>\n<h1><strong>Premium Seafront parcele<\/strong><\/h1>\n<p>[\/vc_custom_heading][vc_column_text uncode_shortcode_id=&#8221;419991&#8243;]Smje\u0161tene u prvom, drugom, tre\u0107em i \u010detvrtom redu od mora, na\u0161e <strong>Premium Seafront parcele<\/strong> pru\u017eaju savr\u0161enu kombinaciju privatnosti, mira i blizine pla\u017ee.<br \/>\nOkru\u017eene borovom \u0161umom, nude djelomi\u010dnu hladovinu i prirodnu za\u0161titu od sunca, idealnu za opu\u0161tanje tijekom cijelog dana.<br \/>\nU terasastom nizu, povr\u0161ine od <strong>60 do 120 m\u00b2<\/strong>, parcele su djelomi\u010dno osun\u010dane i opremljene svim potrebnim sadr\u017eajima: <strong>strujom, vodom i Wi-Fi signalom<\/strong>, \u0161to omogu\u0107uje ugodan i bezbri\u017ean boravak.<br \/>\nSavr\u0161ene su za ljubitelje prirode, obitelji i parove koji tra\u017ee miran i opu\u0161taju\u0107i odmor uz more, u autenti\u010dnom mediteranskom ambijentu.[\/vc_column_text][vc_single_image media=&#8221;7691&#8243; media_width_percent=&#8221;100&#8243; uncode_shortcode_id=&#8221;828577&#8243;][\/vc_column][vc_column width=&#8221;1\/2&#8243;][vc_gallery el_id=&#8221;gallery-731742&#8243; medias=&#8221;7677,7684,7698,7705,7712&#8243; gutter_size=&#8221;3&#8243; single_overlay_opacity=&#8221;50&#8243; single_padding=&#8221;2&#8243; uncode_shortcode_id=&#8221;183552&#8243; title=&#8221;Mobilne ku\u0107ice s pogledom na kamp&#8221;][\/vc_column][\/vc_row]<\/p>\n<\/div>","protected":false},"excerpt":{"rendered":"<p>[vc_row][vc_column width=&#8221;1\/2&#8243;][vc_custom_heading uncode_shortcode_id=&#8221;179743&#8243;] Premium Seafront parcele [\/vc_custom_heading][vc_column_text uncode_shortcode_id=&#8221;419991&#8243;]Smje\u0161tene u prvom, drugom, tre\u0107em i \u010detvrtom redu od mora, na\u0161e Premium Seafront [&hellip;]<\/p>\n","protected":false},"author":6,"featured_media":0,"parent":0,"menu_order":0,"comment_status":"closed","ping_status":"closed","template":"","meta":{"footnotes":""},"class_list":["post-7676","page","type-page","status-publish","hentry"],"_links":{"self":[{"href":"https:\/\/adriatik-kamp.com\/hr\/wp-json\/wp\/v2\/pages\/7676","targetHints":{"allow":["GET"]}}],"collection":[{"href":"https:\/\/adriatik-kamp.com\/hr\/wp-json\/wp\/v2\/pages"}],"about":[{"href":"https:\/\/adriatik-kamp.com\/hr\/wp-json\/wp\/v2\/types\/page"}],"author":[{"embeddable":true,"href":"https:\/\/adriatik-kamp.com\/hr\/wp-json\/wp\/v2\/users\/6"}],"replies":[{"embeddable":true,"href":"https:\/\/adriatik-kamp.com\/hr\/wp-json\/wp\/v2\/comments?post=7676"}],"version-history":[{"count":1,"href":"https:\/\/adriatik-kamp.com\/hr\/wp-json\/wp\/v2\/pages\/7676\/revisions"}],"predecessor-version":[{"id":7719,"href":"https:\/\/adriatik-kamp.com\/hr\/wp-json\/wp\/v2\/pages\/7676\/revisions\/7719"}],"wp:attachment":[{"href":"https:\/\/adriatik-kamp.com\/hr\/wp-json\/wp\/v2\/media?parent=7676"}],"curies":[{"name":"wp","href":"https:\/\/api.w.org\/{rel}","templated":true}]}}