{"id":7606,"date":"2026-01-28T07:45:53","date_gmt":"2026-01-28T05:45:53","guid":{"rendered":"https:\/\/adriatik-kamp.com\/?page_id=7606"},"modified":"2026-03-05T10:55:55","modified_gmt":"2026-03-05T08:55:55","slug":"cliff-mobilne-kuice-s-pogledom-na-more-21","status":"publish","type":"page","link":"https:\/\/adriatik-kamp.com\/hr\/cliff-mobilne-kuice-s-pogledom-na-more-21\/","title":{"rendered":"Cliff mobilne ku\u0107ice s pogledom na more (2+1)"},"content":{"rendered":"<div class=\"wpb-content-wrapper\"><p>[vc_row][vc_column width=&#8221;1\/2&#8243;][vc_custom_heading uncode_shortcode_id=&#8221;210268&#8243;]<\/p>\n<h1><strong>Cliff mobilne ku\u0107ice s pogledom na more (2+1)<\/strong><\/h1>\n<p>[\/vc_custom_heading][vc_column_text uncode_shortcode_id=&#8221;201543&#8243;]S <strong>19 m\u00b2 udobnog prostora<\/strong>, ove mobilne ku\u0107ice idealne su za parove ili manje obitelji koje tra\u017ee opu\u0161taju\u0107i i intiman odmor.<br \/>\nU\u017eivajte u savr\u0161enoj ravnote\u017ei privatnosti i prirode, uz umiruju\u0107i zvuk valova i svje\u017e miris borove \u0161ume.<br \/>\nSmje\u0161tene na <strong>lijevoj strani kampa<\/strong>, svaka jedinica je klimatizirana i potpuno opremljena za bezbri\u017ean boravak do <strong>3 osobe (2+1)<\/strong>.[\/vc_column_text][vc_column_text uncode_shortcode_id=&#8221;755062&#8243;]<strong>Ku\u0107ica sadr\u017ei:<\/strong>[\/vc_column_text][uncode_list icon=&#8221;fa fa-check&#8221; uncode_shortcode_id=&#8221;115784&#8243;]<\/p>\n<ul>\n<li>Dvokrevetna spava\u0107a soba (160 x 200 cm)<\/li>\n<li>Kupaonica s tu\u0161-kadom i WC-om<\/li>\n<li>Kutna garnitura koja se mo\u017ee pretvoriti u dodatni le\u017eaj (80 x 198 cm)<\/li>\n<li>Blagovaonski stol sa stolicama<\/li>\n<li>Potpuno opremljena kuhinja: elektri\u010dni \u0161tednjak, perilica posu\u0111a, hladnjak s ledenicom, aparat za filter kavu, kuhalo za vodu, posu\u0111e i pribor za jelo<\/li>\n<li>Klima ure\u0111aj, SAT TV, Wi-Fi<\/li>\n<li>Posteljina (mijenja se jednom tjedno) i ru\u010dnici (mijenjaju svaka 3 dana)<\/li>\n<li>Terasa (16 m\u00b2) s natkrovom, garniturom za sjedenje i dvije le\u017ealjke za pla\u017eu<\/li>\n<li>Stalak za su\u0161enje rublja<\/li>\n<li>Su\u0161ilo za kosu, toaletni pribor, 220V uti\u010dnice<\/li>\n<li>Privatni parking uz mobilnu ku\u0107icu<\/li>\n<\/ul>\n<p>[\/uncode_list][\/vc_column][vc_column width=&#8221;1\/2&#8243;][vc_gallery el_id=&#8221;gallery-731742&#8243; medias=&#8221;7607,7614,7621,7628,7642,7635&#8243; gutter_size=&#8221;3&#8243; single_overlay_opacity=&#8221;50&#8243; single_padding=&#8221;2&#8243; uncode_shortcode_id=&#8221;191575&#8243; title=&#8221;Mobilne ku\u0107ice s pogledom na kamp&#8221;][\/vc_column][\/vc_row]<\/p>\n<\/div>","protected":false},"excerpt":{"rendered":"<p>[vc_row][vc_column width=&#8221;1\/2&#8243;][vc_custom_heading uncode_shortcode_id=&#8221;210268&#8243;] Cliff mobilne ku\u0107ice s pogledom na more (2+1) [\/vc_custom_heading][vc_column_text uncode_shortcode_id=&#8221;201543&#8243;]S 19 m\u00b2 udobnog prostora, ove mobilne ku\u0107ice [&hellip;]<\/p>\n","protected":false},"author":6,"featured_media":0,"parent":0,"menu_order":0,"comment_status":"closed","ping_status":"closed","template":"","meta":{"footnotes":""},"class_list":["post-7606","page","type-page","status-publish","hentry"],"_links":{"self":[{"href":"https:\/\/adriatik-kamp.com\/hr\/wp-json\/wp\/v2\/pages\/7606","targetHints":{"allow":["GET"]}}],"collection":[{"href":"https:\/\/adriatik-kamp.com\/hr\/wp-json\/wp\/v2\/pages"}],"about":[{"href":"https:\/\/adriatik-kamp.com\/hr\/wp-json\/wp\/v2\/types\/page"}],"author":[{"embeddable":true,"href":"https:\/\/adriatik-kamp.com\/hr\/wp-json\/wp\/v2\/users\/6"}],"replies":[{"embeddable":true,"href":"https:\/\/adriatik-kamp.com\/hr\/wp-json\/wp\/v2\/comments?post=7606"}],"version-history":[{"count":2,"href":"https:\/\/adriatik-kamp.com\/hr\/wp-json\/wp\/v2\/pages\/7606\/revisions"}],"predecessor-version":[{"id":9415,"href":"https:\/\/adriatik-kamp.com\/hr\/wp-json\/wp\/v2\/pages\/7606\/revisions\/9415"}],"wp:attachment":[{"href":"https:\/\/adriatik-kamp.com\/hr\/wp-json\/wp\/v2\/media?parent=7606"}],"curies":[{"name":"wp","href":"https:\/\/api.w.org\/{rel}","templated":true}]}}