{"id":7521,"date":"2026-01-27T22:15:28","date_gmt":"2026-01-27T20:15:28","guid":{"rendered":"https:\/\/adriatik-kamp.com\/?page_id=7521"},"modified":"2026-03-02T10:55:05","modified_gmt":"2026-03-02T08:55:05","slug":"cliff-mobilne-kuice-seaside","status":"publish","type":"page","link":"https:\/\/adriatik-kamp.com\/hr\/cliff-mobilne-kuice-seaside\/","title":{"rendered":"Cliff mobilne ku\u0107ice seaside"},"content":{"rendered":"<div class=\"wpb-content-wrapper\"><p>[vc_row][vc_column width=&#8221;1\/2&#8243;][vc_custom_heading uncode_shortcode_id=&#8221;192855&#8243;]<\/p>\n<h1><strong>Cliff mobilne ku\u0107ice seaside <\/strong><\/h1>\n<p>[\/vc_custom_heading][vc_column_text uncode_shortcode_id=&#8221;958926&#8243;]Ove \u0161armantne <strong>Cliff mobilne ku\u0107ice<\/strong> savr\u0161eno su uto\u010di\u0161te za sve koji tra\u017ee mir, privatnost i povezanost s prirodom.<br \/>\nSmje\u0161tene na stijenama i okru\u017eene borovom \u0161umom, nude prekrasan panoramski <strong>pogled na kamp i okolni krajolik<\/strong> te opu\u0161taju\u0107i mediteranski ugo\u0111aj.<br \/>\nSvaka mobilna ku\u0107ica (38 m\u00b2) klimatizirana je i potpuno opremljena za bezbri\u017ean odmor do <strong>6 osoba (4+2)<\/strong>.<br \/>\nNalaze se na <strong>lijevoj strani kampa<\/strong>.[\/vc_column_text][vc_column_text uncode_shortcode_id=&#8221;755062&#8243;]<strong>Ku\u0107ica sadr\u017ei:<\/strong>[\/vc_column_text][uncode_list icon=&#8221;fa fa-check&#8221; uncode_shortcode_id=&#8221;210210&#8243;]<\/p>\n<ul>\n<li>Dvije spava\u0107e sobe \u2013 glavna soba s bra\u010dnim krevetom (160 x 200 cm) i soba s dva odvojena kreveta (84 x 200 cm)<\/li>\n<li>Dva kupatila s tu\u0161-kadom i toaletom<\/li>\n<li>Dnevni boravak s kutnom garniturom koja se mo\u017ee pretvoriti u dodatni le\u017eaj (140 x 190 cm)<\/li>\n<li>Blagovaonski stol sa 4 stolice<\/li>\n<li>Potpuno opremljenu kuhinju: elektri\u010dni \u0161tednjak, perilicu posu\u0111a, hladnjak s ledenicom, aparat za filter kavu, kuhalo za vodu, posu\u0111e i pribor za jelo<\/li>\n<li>Klima ure\u0111aj, SAT TV, Wi-Fi<\/li>\n<li>Posteljinu (mijenja se jednom tjedno) i ru\u010dnike (mijenjaju se svaka 3 dana)<\/li>\n<li>Terasu (26 m\u00b2) s natkrovom, garniturom za sjedenje i dvije le\u017ealjke<\/li>\n<li>Stalak za su\u0161enje rublja<\/li>\n<li>Su\u0161ilo za kosu, toaletni pribor, 220V uti\u010dnice<\/li>\n<li>Privatni parking uz mobilnu ku\u0107icu<\/li>\n<\/ul>\n<p>[\/uncode_list][vc_single_image media=&#8221;7564&#8243; media_width_percent=&#8221;100&#8243; uncode_shortcode_id=&#8221;216738&#8243;][\/vc_column][vc_column width=&#8221;1\/2&#8243;][vc_gallery el_id=&#8221;gallery-731742&#8243; medias=&#8221;7522,7529,7543,7550,7557,7571,7536&#8243; gutter_size=&#8221;3&#8243; single_overlay_opacity=&#8221;50&#8243; single_padding=&#8221;2&#8243; uncode_shortcode_id=&#8221;168260&#8243; title=&#8221;Mobilne ku\u0107ice s pogledom na kamp&#8221;][\/vc_column][\/vc_row]<\/p>\n<\/div>","protected":false},"excerpt":{"rendered":"<p>[vc_row][vc_column width=&#8221;1\/2&#8243;][vc_custom_heading uncode_shortcode_id=&#8221;192855&#8243;] Cliff mobilne ku\u0107ice seaside [\/vc_custom_heading][vc_column_text uncode_shortcode_id=&#8221;958926&#8243;]Ove \u0161armantne Cliff mobilne ku\u0107ice savr\u0161eno su uto\u010di\u0161te za sve koji tra\u017ee [&hellip;]<\/p>\n","protected":false},"author":6,"featured_media":0,"parent":0,"menu_order":0,"comment_status":"closed","ping_status":"closed","template":"","meta":{"footnotes":""},"class_list":["post-7521","page","type-page","status-publish","hentry"],"_links":{"self":[{"href":"https:\/\/adriatik-kamp.com\/hr\/wp-json\/wp\/v2\/pages\/7521","targetHints":{"allow":["GET"]}}],"collection":[{"href":"https:\/\/adriatik-kamp.com\/hr\/wp-json\/wp\/v2\/pages"}],"about":[{"href":"https:\/\/adriatik-kamp.com\/hr\/wp-json\/wp\/v2\/types\/page"}],"author":[{"embeddable":true,"href":"https:\/\/adriatik-kamp.com\/hr\/wp-json\/wp\/v2\/users\/6"}],"replies":[{"embeddable":true,"href":"https:\/\/adriatik-kamp.com\/hr\/wp-json\/wp\/v2\/comments?post=7521"}],"version-history":[{"count":2,"href":"https:\/\/adriatik-kamp.com\/hr\/wp-json\/wp\/v2\/pages\/7521\/revisions"}],"predecessor-version":[{"id":9375,"href":"https:\/\/adriatik-kamp.com\/hr\/wp-json\/wp\/v2\/pages\/7521\/revisions\/9375"}],"wp:attachment":[{"href":"https:\/\/adriatik-kamp.com\/hr\/wp-json\/wp\/v2\/media?parent=7521"}],"curies":[{"name":"wp","href":"https:\/\/api.w.org\/{rel}","templated":true}]}}