{"id":7295,"date":"2026-01-27T18:42:14","date_gmt":"2026-01-27T16:42:14","guid":{"rendered":"https:\/\/adriatik-kamp.com\/?page_id=7295"},"modified":"2026-03-02T10:46:17","modified_gmt":"2026-03-02T08:46:17","slug":"mobilne-kuice-s-pogledom-na-more","status":"publish","type":"page","link":"https:\/\/adriatik-kamp.com\/hr\/mobilne-kuice-s-pogledom-na-more\/","title":{"rendered":"Mobilne ku\u0107ice s pogledom na more"},"content":{"rendered":"<div class=\"wpb-content-wrapper\"><p>[vc_row][vc_column width=&#8221;1\/2&#8243;][vc_custom_heading uncode_shortcode_id=&#8221;208477&#8243;]<\/p>\n<h1><strong>Mobilne ku\u0107ice s pogledom na more<\/strong><\/h1>\n<p>[\/vc_custom_heading][vc_column_text uncode_shortcode_id=&#8221;534719&#8243;]Smje\u0161tene u neposrednoj blizini mora, na\u0161e moderne mobilne ku\u0107ice spajaju slobodu kampiranja s udobno\u0161\u0107u vrhunskog smje\u0161taja u mediteranskom okru\u017eenju.<br \/>\nSvaka mobilna ku\u0107ica (32 m\u00b2) klimatizirana je i potpuno opremljena za bezbri\u017ean odmor do <strong>6 osoba (4+2)<\/strong>.<\/p>\n<p>Ku\u0107ice su idealne za obiteljski odmor ili boravak u paru, nude\u0107i prekrasan <strong>pogled na more<\/strong> i opu\u0161taju\u0107i mediteranski ambijent.[\/vc_column_text][vc_column_text uncode_shortcode_id=&#8221;755062&#8243;]<strong>Ku\u0107ica sadr\u017ei:<\/strong>[\/vc_column_text][uncode_list icon=&#8221;fa fa-check&#8221; uncode_shortcode_id=&#8221;684461&#8243;]<\/p>\n<ul>\n<li>Dvije spava\u0107e sobe \u2013 glavna soba s bra\u010dnim krevetom (160 x 200 cm) i soba s dva odvojena kreveta (80 x 200 cm)<br \/>\nDva moderna kupatila s tu\u0161em i toaletom<\/li>\n<li>Dnevni boravak s kutnom garniturom koja se mo\u017ee pretvoriti u dodatni le\u017eaj (140 x 190 cm)<\/li>\n<li>Potpuno opremljenu kuhinju: elektri\u010dni \u0161tednjak, perilicu posu\u0111a, hladnjak s ledenicom, aparat za filter kavu, kuhalo za vodu, posu\u0111e i pribor za jelo<\/li>\n<li>Blagovaonski stol sa 4 stolice<\/li>\n<li>SAT TV, Wi-Fi, klima ure\u0111aj<\/li>\n<li>Posteljinu (mijenja se jednom tjedno) i ru\u010dnike (mijenjaju se tri puta tjedno)<\/li>\n<li>Terasu (20 m\u00b2) s natkrovom, garniturom za sjedenje i dvije le\u017ealjke za pla\u017eu<\/li>\n<li>Stalak za su\u0161enje rublja<\/li>\n<li>Mre\u017ee protiv insekata na svim prozorima<\/li>\n<li>Privatni parking uz mobilnu ku\u0107icu<\/li>\n<\/ul>\n<p>[\/uncode_list][vc_single_image media=&#8221;7303&#8243; media_width_percent=&#8221;100&#8243; uncode_shortcode_id=&#8221;466576&#8243;][\/vc_column][vc_column width=&#8221;1\/2&#8243;][vc_gallery el_id=&#8221;gallery-731742&#8243; medias=&#8221;7296,7310,7317,7324,7331,7338,7352,7359,7366,7345&#8243; gutter_size=&#8221;3&#8243; single_overlay_opacity=&#8221;50&#8243; single_padding=&#8221;2&#8243; uncode_shortcode_id=&#8221;376258&#8243; title=&#8221;Mobilne ku\u0107ice s pogledom na kamp&#8221;][\/vc_column][\/vc_row]<\/p>\n<\/div>","protected":false},"excerpt":{"rendered":"<p>[vc_row][vc_column width=&#8221;1\/2&#8243;][vc_custom_heading uncode_shortcode_id=&#8221;208477&#8243;] Mobilne ku\u0107ice s pogledom na more [\/vc_custom_heading][vc_column_text uncode_shortcode_id=&#8221;534719&#8243;]Smje\u0161tene u neposrednoj blizini mora, na\u0161e moderne mobilne ku\u0107ice spajaju [&hellip;]<\/p>\n","protected":false},"author":6,"featured_media":0,"parent":0,"menu_order":0,"comment_status":"closed","ping_status":"closed","template":"","meta":{"footnotes":""},"class_list":["post-7295","page","type-page","status-publish","hentry"],"_links":{"self":[{"href":"https:\/\/adriatik-kamp.com\/hr\/wp-json\/wp\/v2\/pages\/7295","targetHints":{"allow":["GET"]}}],"collection":[{"href":"https:\/\/adriatik-kamp.com\/hr\/wp-json\/wp\/v2\/pages"}],"about":[{"href":"https:\/\/adriatik-kamp.com\/hr\/wp-json\/wp\/v2\/types\/page"}],"author":[{"embeddable":true,"href":"https:\/\/adriatik-kamp.com\/hr\/wp-json\/wp\/v2\/users\/6"}],"replies":[{"embeddable":true,"href":"https:\/\/adriatik-kamp.com\/hr\/wp-json\/wp\/v2\/comments?post=7295"}],"version-history":[{"count":3,"href":"https:\/\/adriatik-kamp.com\/hr\/wp-json\/wp\/v2\/pages\/7295\/revisions"}],"predecessor-version":[{"id":9373,"href":"https:\/\/adriatik-kamp.com\/hr\/wp-json\/wp\/v2\/pages\/7295\/revisions\/9373"}],"wp:attachment":[{"href":"https:\/\/adriatik-kamp.com\/hr\/wp-json\/wp\/v2\/media?parent=7295"}],"curies":[{"name":"wp","href":"https:\/\/api.w.org\/{rel}","templated":true}]}}