{"id":6883,"date":"2025-03-30T16:02:30","date_gmt":"2025-03-30T14:02:30","guid":{"rendered":"https:\/\/adriatik-kamp.com\/pitches\/"},"modified":"2025-03-30T16:22:56","modified_gmt":"2025-03-30T14:22:56","slug":"parcele","status":"publish","type":"page","link":"https:\/\/adriatik-kamp.com\/hr\/parcele\/","title":{"rendered":"Parcele"},"content":{"rendered":"<div class=\"wpb-content-wrapper\"><p>[vc_row row_height_percent=&#8221;0&#8243; override_padding=&#8221;yes&#8221; h_padding=&#8221;2&#8243; top_padding=&#8221;3&#8243; bottom_padding=&#8221;2&#8243; overlay_alpha=&#8221;50&#8243; gutter_size=&#8221;3&#8243; column_width_percent=&#8221;100&#8243; shift_y=&#8221;0&#8243; z_index=&#8221;0&#8243; content_parallax=&#8221;0&#8243; uncode_shortcode_id=&#8221;260095&#8243;][vc_column column_width_percent=&#8221;100&#8243; position_horizontal=&#8221;left&#8221; gutter_size=&#8221;3&#8243; back_color=&#8221;color-207971&#8243; overlay_alpha=&#8221;50&#8243; radius=&#8221;xs&#8221; border_color=&#8221;color-platinum&#8221; border_style=&#8221;solid&#8221; shift_x=&#8221;0&#8243; shift_y=&#8221;0&#8243; shift_y_down=&#8221;0&#8243; z_index=&#8221;0&#8243; medium_width=&#8221;0&#8243; mobile_width=&#8221;0&#8243; width=&#8221;1\/1&#8243; css=&#8221;.vc_custom_1659358818720{border-left-width: 3px !important;}&#8221; uncode_shortcode_id=&#8221;120734&#8243; back_color_type=&#8221;uncode-palette&#8221; border_color_type=&#8221;uncode-palette&#8221;][vc_row_inner limit_content=&#8221;&#8221;][vc_column_inner width=&#8221;1\/1&#8243;][uncode_breadcrumbs text_lead=&#8221;small&#8221;][vc_custom_heading auto_text=&#8221;yes&#8221; heading_semantic=&#8221;h3&#8243; text_size=&#8221;h1&#8243; text_weight=&#8221;700&#8243; uncode_shortcode_id=&#8221;103071&#8243;][\/vc_custom_heading][vc_column_text uncode_shortcode_id=&#8221;259358&#8243;]<\/p>\n<p data-prosemirror-content-type=\"node\" data-prosemirror-node-name=\"paragraph\" data-prosemirror-node-block=\"true\" data-pm-slice=\"1 1 []\">Do\u017eivite savr\u0161en spoj prirode i udobnosti na na\u0161im parcelama smje\u0161tenim u mirnoj borovoj \u0161umi. Okru\u017eene bujnom vegetacijom, ove parcele nude privatnost i mir, \u0161to ih \u010dini idealnim za va\u0161 opu\u0161taju\u0107i godi\u0161nji odmor.<\/p>\n<p data-prosemirror-content-type=\"node\" data-prosemirror-node-name=\"paragraph\" data-prosemirror-node-block=\"true\">Kamp nudi izbor parcela sa strujom i vodom, parcela opremljenih strujom, dok su neki prostori uz more predvi\u0111eni isklju\u010divo za \u0161atore.<\/p>\n<p data-prosemirror-content-type=\"node\" data-prosemirror-node-name=\"paragraph\" data-prosemirror-node-block=\"true\">Bilo da boravite u svom kamperu, karavanu ili \u0161atoru, na\u0161a prirodna oaza pru\u017ea prostor za sre\u0107u i u\u017eivanje u blagodatima netaknute prirode.<\/p>\n<p data-prosemirror-content-type=\"node\" data-prosemirror-node-name=\"paragraph\" data-prosemirror-node-block=\"true\">Parcele se nalaze uglavnom u hladovini borove \u0161ume koja se postepeno spu\u0161ta prema obali.<\/p>\n<p data-prosemirror-content-type=\"node\" data-prosemirror-node-name=\"paragraph\" data-prosemirror-node-block=\"true\">Cijena kamp jedinica ovisit \u0107e o sadr\u017eaju koji pru\u017eaju, odnosno o njegovoj blizini mora i zoni u kojoj se nalaze, a u cijenu je uklju\u010deno:<\/p>\n<ul>\n<li data-prosemirror-content-type=\"node\" data-prosemirror-node-name=\"paragraph\" data-prosemirror-node-block=\"true\">1 auto+\u0161ator \/1 auto+prikolica \/1 kamper \/1 motocikl + \u0161ator\/<\/li>\n<li data-prosemirror-content-type=\"node\" data-prosemirror-node-name=\"paragraph\" data-prosemirror-node-block=\"true\">Priklju\u010dak na struju<\/li>\n<li data-prosemirror-content-type=\"node\" data-prosemirror-node-name=\"paragraph\" data-prosemirror-node-block=\"true\">Priklju\u010dak vode (samo na delux parcelama)<\/li>\n<\/ul>\n<p data-prosemirror-content-type=\"node\" data-prosemirror-node-name=\"paragraph\" data-prosemirror-node-block=\"true\">Opremljenost parcela, blizina mora i hladovina borove \u0161ume \u010dine ovaj kamp idealnim za odmor.<\/p>\n<p data-prosemirror-content-type=\"node\" data-prosemirror-node-name=\"paragraph\" data-prosemirror-node-block=\"true\"><strong>Delux parcele<\/strong> &#8211; nalaze se u sredi\u0161njem dijelu kampa, u miru borove \u0161ume, te imaju djelomi\u010dnu hladovinu. Parcele u terasastom nizu, djelomi\u010dno osun\u010dane, veli\u010dine 70 &#8211; 120 m2, imaju struju, vodu i WI-FI signal.<\/p>\n<p>[\/vc_column_text][vc_gallery el_id=&#8221;gallery-106302&#8243; medias=&#8221;6757,6761,6765,6769,6773,6777&#8243; infinite=&#8221;yes&#8221; infinite_preloaded_items=&#8221;19&#8243; infinite_loading_items=&#8221;19&#8243; gutter_size=&#8221;3&#8243; media_items=&#8221;media|lightbox|original,icon|md&#8221; screen_lg=&#8221;1000&#8243; screen_md=&#8221;600&#8243; screen_sm=&#8221;480&#8243; images_size=&#8221;four-three&#8221; single_shape=&#8221;round&#8221; radius=&#8221;std&#8221; single_overlay_color=&#8221;color-oxford&#8221; single_overlay_coloration=&#8221;bottom_gradient&#8221; single_overlay_opacity=&#8221;60&#8243; single_image_anim=&#8221;no&#8221; single_h_align=&#8221;center&#8221; single_v_position=&#8221;bottom&#8221; single_padding=&#8221;2&#8243; single_icon=&#8221;fa fa-zoom-in&#8221; single_shadow=&#8221;yes&#8221; shadow_weight=&#8221;std&#8221; single_border=&#8221;yes&#8221; single_css_animation=&#8221;top-t-bottom&#8221; uncode_shortcode_id=&#8221;155151&#8243;][vc_column_text uncode_shortcode_id=&#8221;371192&#8243;]<strong>Standard parcele Sea View<\/strong> &#8211; nalaze se u miru borove \u0161ume, imaju djelomi\u010dnu hladovinu i idealne su za kampiranje kamperom, karavanom ili \u0161atorom. STANDARDNE parcele imaju priklju\u010dak struje, Wi-Fi signal te su veli\u010dine 80-100 m2. Nalaze se na morskoj strani, udaljene su od mora 30 &#8211; 80 metara.[\/vc_column_text][vc_gallery el_id=&#8221;gallery-106302&#8243; medias=&#8221;6782,6786,6790,6794,6798,6802&#8243; infinite=&#8221;yes&#8221; infinite_preloaded_items=&#8221;19&#8243; infinite_loading_items=&#8221;19&#8243; gutter_size=&#8221;3&#8243; media_items=&#8221;media|lightbox|original,icon|md&#8221; screen_lg=&#8221;1000&#8243; screen_md=&#8221;600&#8243; screen_sm=&#8221;480&#8243; images_size=&#8221;four-three&#8221; single_shape=&#8221;round&#8221; radius=&#8221;std&#8221; single_overlay_color=&#8221;color-oxford&#8221; single_overlay_coloration=&#8221;bottom_gradient&#8221; single_overlay_opacity=&#8221;60&#8243; single_image_anim=&#8221;no&#8221; single_h_align=&#8221;center&#8221; single_v_position=&#8221;bottom&#8221; single_padding=&#8221;2&#8243; single_icon=&#8221;fa fa-zoom-in&#8221; single_shadow=&#8221;yes&#8221; shadow_weight=&#8221;std&#8221; single_border=&#8221;yes&#8221; single_css_animation=&#8221;top-t-bottom&#8221; uncode_shortcode_id=&#8221;997906&#8243;][vc_column_text uncode_shortcode_id=&#8221;253013&#8243;]<strong>Standard parcele Seaside<\/strong> &#8211; nalaze se u miru borove \u0161ume, imaju djelomi\u010dnu hladovinu i idealne su za kampiranje kamperom, karavanom ili \u0161atorom. STANDARDNE parcele imaju priklju\u010dak struje, Wi-Fi signal te su veli\u010dine 80-100m2. Nalaze se na morskoj strani, udaljeni od mora 50 &#8211; 100 m2.[\/vc_column_text][vc_gallery el_id=&#8221;gallery-106302&#8243; medias=&#8221;6806,6810,6814,6818,6822,6826&#8243; infinite=&#8221;yes&#8221; infinite_preloaded_items=&#8221;19&#8243; infinite_loading_items=&#8221;19&#8243; gutter_size=&#8221;3&#8243; media_items=&#8221;media|lightbox|original,icon|md&#8221; screen_lg=&#8221;1000&#8243; screen_md=&#8221;600&#8243; screen_sm=&#8221;480&#8243; images_size=&#8221;four-three&#8221; single_shape=&#8221;round&#8221; radius=&#8221;std&#8221; single_overlay_color=&#8221;color-oxford&#8221; single_overlay_coloration=&#8221;bottom_gradient&#8221; single_overlay_opacity=&#8221;60&#8243; single_image_anim=&#8221;no&#8221; single_h_align=&#8221;center&#8221; single_v_position=&#8221;bottom&#8221; single_padding=&#8221;2&#8243; single_icon=&#8221;fa fa-zoom-in&#8221; single_shadow=&#8221;yes&#8221; shadow_weight=&#8221;std&#8221; single_border=&#8221;yes&#8221; single_css_animation=&#8221;top-t-bottom&#8221; uncode_shortcode_id=&#8221;120870&#8243;][vc_column_text uncode_shortcode_id=&#8221;841024&#8243;]<strong>Standard parcele Campsite View<\/strong> \u2013 nalaze se u gornjem dijelu kampa, bli\u017ee sanitarnom \u010dvoru i djelomi\u010dno su osun\u010dane. STANDARDNE parcele s pogledom na kamp imaju priklju\u010dak struje, Wi-Fi signal te su veli\u010dine 80-100 m2. Udaljeni su od mora 80 &#8211; 100 metara.[\/vc_column_text][vc_gallery el_id=&#8221;gallery-106302&#8243; medias=&#8221;6830,6834,6838,6842,6846,6850&#8243; infinite=&#8221;yes&#8221; infinite_preloaded_items=&#8221;19&#8243; infinite_loading_items=&#8221;19&#8243; gutter_size=&#8221;3&#8243; media_items=&#8221;media|lightbox|original,icon|md&#8221; screen_lg=&#8221;1000&#8243; screen_md=&#8221;600&#8243; screen_sm=&#8221;480&#8243; images_size=&#8221;four-three&#8221; single_shape=&#8221;round&#8221; radius=&#8221;std&#8221; single_overlay_color=&#8221;color-oxford&#8221; single_overlay_coloration=&#8221;bottom_gradient&#8221; single_overlay_opacity=&#8221;60&#8243; single_image_anim=&#8221;no&#8221; single_h_align=&#8221;center&#8221; single_v_position=&#8221;bottom&#8221; single_padding=&#8221;2&#8243; single_icon=&#8221;fa fa-zoom-in&#8221; single_shadow=&#8221;yes&#8221; shadow_weight=&#8221;std&#8221; single_border=&#8221;yes&#8221; single_css_animation=&#8221;top-t-bottom&#8221; uncode_shortcode_id=&#8221;615245&#8243;][vc_column_text uncode_shortcode_id=&#8221;849526&#8243;]<strong>Kamp mjesta Sea View<\/strong> &#8211; Na\u0161e \u0161atorske zone nalaze se u blizini mora. Ve\u0107i dio zone zasjenjen je borovom \u0161umom. Zone su isklju\u010divo za \u0161atore, dok se parking nalazi u blizini \u0161atorske zone. Kamp mjesta imaju priklju\u010dak struje i Wi-Fi signal.[\/vc_column_text][vc_gallery el_id=&#8221;gallery-106302&#8243; medias=&#8221;6855,6859,6863,6867,6871,6875&#8243; infinite=&#8221;yes&#8221; infinite_preloaded_items=&#8221;19&#8243; infinite_loading_items=&#8221;19&#8243; gutter_size=&#8221;3&#8243; media_items=&#8221;media|lightbox|original,icon|md&#8221; screen_lg=&#8221;1000&#8243; screen_md=&#8221;600&#8243; screen_sm=&#8221;480&#8243; images_size=&#8221;four-three&#8221; single_shape=&#8221;round&#8221; radius=&#8221;std&#8221; single_overlay_color=&#8221;color-oxford&#8221; single_overlay_coloration=&#8221;bottom_gradient&#8221; single_overlay_opacity=&#8221;60&#8243; single_image_anim=&#8221;no&#8221; single_h_align=&#8221;center&#8221; single_v_position=&#8221;bottom&#8221; single_padding=&#8221;2&#8243; single_icon=&#8221;fa fa-zoom-in&#8221; single_shadow=&#8221;yes&#8221; shadow_weight=&#8221;std&#8221; single_border=&#8221;yes&#8221; single_css_animation=&#8221;top-t-bottom&#8221; uncode_shortcode_id=&#8221;739302&#8243;][\/vc_column_inner][\/vc_row_inner][\/vc_column][\/vc_row]<\/p>\n<\/div>","protected":false},"excerpt":{"rendered":"<p>[vc_row row_height_percent=&#8221;0&#8243; override_padding=&#8221;yes&#8221; h_padding=&#8221;2&#8243; top_padding=&#8221;3&#8243; bottom_padding=&#8221;2&#8243; overlay_alpha=&#8221;50&#8243; gutter_size=&#8221;3&#8243; column_width_percent=&#8221;100&#8243; shift_y=&#8221;0&#8243; z_index=&#8221;0&#8243; content_parallax=&#8221;0&#8243; uncode_shortcode_id=&#8221;260095&#8243;][vc_column column_width_percent=&#8221;100&#8243; position_horizontal=&#8221;left&#8221; gutter_size=&#8221;3&#8243; back_color=&#8221;color-207971&#8243; overlay_alpha=&#8221;50&#8243; radius=&#8221;xs&#8221; border_color=&#8221;color-platinum&#8221; [&hellip;]<\/p>\n","protected":false},"author":6,"featured_media":0,"parent":0,"menu_order":0,"comment_status":"closed","ping_status":"closed","template":"","meta":{"footnotes":""},"class_list":["post-6883","page","type-page","status-publish","hentry"],"_links":{"self":[{"href":"https:\/\/adriatik-kamp.com\/hr\/wp-json\/wp\/v2\/pages\/6883","targetHints":{"allow":["GET"]}}],"collection":[{"href":"https:\/\/adriatik-kamp.com\/hr\/wp-json\/wp\/v2\/pages"}],"about":[{"href":"https:\/\/adriatik-kamp.com\/hr\/wp-json\/wp\/v2\/types\/page"}],"author":[{"embeddable":true,"href":"https:\/\/adriatik-kamp.com\/hr\/wp-json\/wp\/v2\/users\/6"}],"replies":[{"embeddable":true,"href":"https:\/\/adriatik-kamp.com\/hr\/wp-json\/wp\/v2\/comments?post=6883"}],"version-history":[{"count":3,"href":"https:\/\/adriatik-kamp.com\/hr\/wp-json\/wp\/v2\/pages\/6883\/revisions"}],"predecessor-version":[{"id":6887,"href":"https:\/\/adriatik-kamp.com\/hr\/wp-json\/wp\/v2\/pages\/6883\/revisions\/6887"}],"wp:attachment":[{"href":"https:\/\/adriatik-kamp.com\/hr\/wp-json\/wp\/v2\/media?parent=6883"}],"curies":[{"name":"wp","href":"https:\/\/api.w.org\/{rel}","templated":true}]}}