{"id":6672,"date":"2024-07-10T12:50:14","date_gmt":"2024-07-10T10:50:14","guid":{"rendered":"https:\/\/adriatik-kamp.com\/?page_id=6672"},"modified":"2024-07-10T12:50:14","modified_gmt":"2024-07-10T10:50:14","slug":"opci-uvjeti-kupnje","status":"publish","type":"page","link":"https:\/\/adriatik-kamp.com\/hr\/opci-uvjeti-kupnje\/","title":{"rendered":"\u00a0OP\u0106I\u00a0UVJETI\u00a0KUPNJE"},"content":{"rendered":"<p><strong>OP\u0106I UVJETI KUPNJE<\/strong><\/p>\n<p>Ovim Uvjetima definira se postupak naru\u010divanja, pla\u0107anja, pru\u017eanja usluga i reklamacija, za\u0161tita autorskih prava te op\u0107e odredbe poslovanja prilikom rezervacije i kupnje usluga smje\u0161taja i prehrane u Adriatik kamp.com (\u201cKamp\u201d), pri \u010demu je prodavatelj navedenih usluga dru\u0161tvo PRIMO\u0160TEN d.d.<\/p>\n<p><strong>UVJETI NARU\u010cIVANJA, REZERVACIJA I PLA\u0106ANJA<\/strong><\/p>\n<p>Upiti i rezervacije prihva\u0107aju se preko web stranice Kampa, elektronskom po\u0161tom ili osobno na recepciji Kampa. Rezervacijom kapaciteta preko web stranica, korisnik usluge izjavljuje da prihva\u0107a ove Uvjete u cijelosti. Prilikom rezerviranja korisnik usluge je obvezan pru\u017eiti sve tra\u017eene podatke. Da bi se rezervacija smatrala valjanom korisnik usluge upla\u0107uje depozit ili daje broj va\u017ee\u0107e debitne\/kreditne kartice kao garanciju rezervacije. Sve rezervacije preko internetskog sustava se smatraju va\u017ee\u0107ima tek po potvrdi rezervacije od strane Kampa. Obavijest\/potvrda rezervacije se mora predo\u010diti recepciji prilikom dolaska u Kampa. Naru\u010dene usluge Kampa pla\u0107aju se online jednom od debitnih\/kreditnih kartica: Visa i MasterCard. Osim online, narud\u017ebu je mogu\u0107e platiti osobno na recepciji Kampa . Kona\u010dni obra\u010dun usluga vr\u0161i se na recepciji Kampa prije odlaska. Tajnost Va\u0161ih podataka je za\u0161ti\u0107ena i osigurana uporabom SSL enkripcije. Stranice za naplatu putem interneta osigurane su kori\u0161tenjem Secure Socket Layer (SSL) protokola sa 128-bitnom enkripcijom podataka. SSL enkripcija je postupak \u0161ifriranja podataka radi sprje\u010davanja neovla\u0161tenog pristupa prilikom njihovog prijenosa.Time je omogu\u0107en siguran prijenos informacija te onemogu\u0107en nedozvoljen pristup podacima prilikom komunikacije izme\u0111u korisnikovog ra\u010dunala i servisa pla\u0107anja, te obratno. Servis pla\u0107anja i financijske ustanove razmjenjuju podatke uporabom virtualne privatne mre\u017ee (VPN), koja je za\u0161ti\u0107ena od neautoriziranog pristupa. Kori\u0161teni servis pla\u0107anja je certificiran prema PCI DSS Level 1 sigurnosnom standardu propisanom Visa i MasterCard pravilima. Kampa ne pohranjuje brojeve kreditnih kartica i brojevi nisu dostupni neovla\u0161tenim osobama. Servis pla\u0107anja je temeljen na 3-D Secure standardu koji trenutno nudi najsigurnije rje\u0161enje pla\u0107anja kreditnim i debitnim karticama u internet okru\u017eenju. Ukoliko kartica korisnika sudjeluje u 3-D Secure programu od kupca \u0107e se tra\u017eiti dodatna provjera identiteta kao potvrda da upravo on koristi karticu. Sve cijene izra\u017eene su u eurima (EUR), s uklju\u010denim PDV-om. Iznos za koji \u0107e biti tere\u0107ena Va\u0161a debitna\/kreditna kartica se dobiva kroz konverziju cijene prema va\u017ee\u0107oj te\u010dajnoj listi. Prilikom naplate va\u0161om debitnom\/kreditnom karticom isti se iznos pretvara iz eura u va\u0161u lokalnu valutu prema pravilima koja vrijede za pla\u0107anja u inozemstvu. Kao rezultat pretvaranja cijene, postoji mogu\u0107nost male razlike iznosa u odnosu na originalnu cijenu istaknutu na na\u0161oj internetskoj stranici.<\/p>\n<p><strong>UVJETI I NA\u010cIN PRU\u017dANJA USLUGA<\/strong><\/p>\n<p>Vrijeme dolaska je nakon 15:00 sati na dan dolaska, a vrijeme odjave je prije 10:00 na dan odlaska. Molimo uzmite u obzir da se djeca starosti 12 i vi\u0161e godina smatraju odraslima te im se napla\u0107uje puna cijena. Prilikom rezerviranja smje\u0161taja, obvezni ste djecu stariju od navedenog pribrojiti odraslim osobama. Usluge bazena,ru\u010dka, Piano bara i animacije za djecu i odrasle u sezoni 2023. nisu na raspolaganju gostima. Kampa ne\u0107e priznati eventualne reklamacije vezano uz usluge za koje je navedeno da nisu na raspolaganju u sezoni 2023. Za sve dodatne informacije molimo kontaktirajte na\u0161u slu\u017ebu rezervacija na e-mail: <a class=\"mail-link\" href=\"mailto:kamp-adriatik@adriatik-kamp.com\" data-enc-email=\"xnzc-nqevngvx[at]nqevngvx-xnzc.pbz\" data-wpel-link=\"ignore\"><span id=\"eeb-89907-477405\">kamp-adriatik@adriatik-kamp.com<\/span><\/a><\/p>\n<p><strong> UVJETI REKLAMACIJA I POVRATA<\/strong><\/p>\n<p>Kampa pridr\u017eava pravo u svakom trenutku izmijeniti rezervaciju ili na\u010din pru\u017eanja usluga ako se pojave okolnosti koje su izvan na\u0161e kontrole, koje se ne mogu predvidjeti, izbje\u0107i ili odgoditi. Potvr\u0111ena smje\u0161tajna jedinica se mo\u017ee zamijeniti smje\u0161tajnom jedinicom iste ili vi\u0161e kategorije uz zadr\u017eavanje iste cijene koja je bila va\u017ee\u0107a u vrijeme potvrde rezervacije te pravovremeno informiranje gosta o promjeni. U slu\u010dajevima kada zamjenski smje\u0161taj nije mogu\u0107e prona\u0107i, a rezervacija je pla\u0107ena unaprijed, Kampa pridr\u017eava pravo otkazati rezervaciju te izvr\u0161iti povrat cjelokupno upla\u0107enog iznosa. Gost mo\u017ee promijeniti ve\u0107 definiranu rezervaciju u skladu s uvjetima otkaza rezervacije koji su prikazani gostu tijekom postupka rezervacije te dostavljeni gostu uz potvrdu rezervacije. Zahtjev za izmjenom rezervacije podnosi se online ili pisanim putem (e-mailom ili po\u0161tom). Odmah po utvr\u0111ivanju to\u010dnog iznosa koji treba vratiti gostu, izvr\u0161it \u0107e se isplata o tro\u0161ku po\u0161iljatelja isklju\u010divo na debitnu\/kreditnu karticu s koje je napravljeno pla\u0107anje rezervacije.<\/p>\n<p><strong>PRAVO I RJE\u0160AVANJE SPOROVA<\/strong><\/p>\n<p>Svi sporovi nastojat \u0107e se rije\u0161iti sporazumno uz primjenu hrvatskog prava. Sporovi unutar Europske unije vezane uz internetsku kupnju mogu se rje\u0161avati putem ORS platforme na sljede\u0107em linku: <a href=\"https:\/\/ec.europa.eu\/consumers\/odr\/main\/index.cfm?event=main.home.chooseLanguage\" target=\"_blank\" rel=\"noopener\">https:\/\/ec.europa.eu\/consumers\/odr\/main\/index.cfm?event=main.home.chooseLanguage<\/a> U slu\u010daju nepostizanja sporazuma, svi sporovi rje\u0161avat \u0107e se pred stvarno nadle\u017enim sudom u Zagrebu uz primjenu hrvatskog prava.<\/p>\n<p><strong>ZA\u0160TITA AUTORSKIH PRAVA<\/strong><\/p>\n<p>Korisnik usluga\/gost se obvezuje da ne\u0107e neovla\u0161teno umno\u017eavati i\/ili objavljivati bilo kakav materijal koji podlije\u017ee autorskom pravu ili drugim pravima intelektualnog vlasni\u0161tva, bez izri\u010ditog odobrenja nositelja tih prava.<\/p>\n<p><strong>IZJAVA O\u00a0 ZA\u0160TITI I PRIKUPLJANJU OSOBNIH PODATAKA<\/strong><\/p>\n<p>Odre\u0111eni osobni podaci korisnika usluga potrebni su u procesu realizacije tra\u017eene usluge i koristit \u0107e se za daljnju me\u0111usobnu komunikaciju (npr., upute o uplati, obavijesti o realizaciji usluge). Detalji prikupljanja i obrade osobnih podataka navedeni su u Politici privatnosti: <a href=\"https:\/\/adriatik-kamp.com\/privacy-policy\/\">https:\/\/adriatik-kamp.com\/privacy-policy\/<\/a><\/p>\n<p><strong>ZAVR\u0160NE ODREDBE<\/strong><\/p>\n<p>Ovi Uvjeti primjenjuju se od 1.10.2023. Kampa zadr\u017eava pravo izmjene ovih Uvjeta u bilo kojem trenutku, bez prethodne najave. Sve izmjene Uvjeta \u0107e biti objavljene putem ove internetske stranice kao I datum stupanja na snagu istih.<\/p>\n","protected":false},"excerpt":{"rendered":"<p>OP\u0106I UVJETI KUPNJE Ovim Uvjetima definira se postupak naru\u010divanja, pla\u0107anja, pru\u017eanja usluga i reklamacija, za\u0161tita autorskih prava te op\u0107e odredbe [&hellip;]<\/p>\n","protected":false},"author":6,"featured_media":0,"parent":0,"menu_order":0,"comment_status":"closed","ping_status":"closed","template":"","meta":{"footnotes":""},"class_list":["post-6672","page","type-page","status-publish","hentry"],"_links":{"self":[{"href":"https:\/\/adriatik-kamp.com\/hr\/wp-json\/wp\/v2\/pages\/6672","targetHints":{"allow":["GET"]}}],"collection":[{"href":"https:\/\/adriatik-kamp.com\/hr\/wp-json\/wp\/v2\/pages"}],"about":[{"href":"https:\/\/adriatik-kamp.com\/hr\/wp-json\/wp\/v2\/types\/page"}],"author":[{"embeddable":true,"href":"https:\/\/adriatik-kamp.com\/hr\/wp-json\/wp\/v2\/users\/6"}],"replies":[{"embeddable":true,"href":"https:\/\/adriatik-kamp.com\/hr\/wp-json\/wp\/v2\/comments?post=6672"}],"version-history":[{"count":2,"href":"https:\/\/adriatik-kamp.com\/hr\/wp-json\/wp\/v2\/pages\/6672\/revisions"}],"predecessor-version":[{"id":6674,"href":"https:\/\/adriatik-kamp.com\/hr\/wp-json\/wp\/v2\/pages\/6672\/revisions\/6674"}],"wp:attachment":[{"href":"https:\/\/adriatik-kamp.com\/hr\/wp-json\/wp\/v2\/media?parent=6672"}],"curies":[{"name":"wp","href":"https:\/\/api.w.org\/{rel}","templated":true}]}}