{"id":6515,"date":"2022-11-24T14:55:21","date_gmt":"2022-11-24T12:55:21","guid":{"rendered":"https:\/\/adriatik-kamp.com\/?page_id=6515"},"modified":"2024-04-19T14:50:31","modified_gmt":"2024-04-19T12:50:31","slug":"osnovni-podaci-o-nama","status":"publish","type":"page","link":"https:\/\/adriatik-kamp.com\/hr\/osnovni-podaci-o-nama\/","title":{"rendered":"Osnovni podaci o nama"},"content":{"rendered":"<div class=\"wpb-content-wrapper\"><p>[vc_row row_height_percent=&#8221;0&#8243; override_padding=&#8221;yes&#8221; h_padding=&#8221;2&#8243; top_padding=&#8221;3&#8243; bottom_padding=&#8221;2&#8243; overlay_alpha=&#8221;50&#8243; gutter_size=&#8221;3&#8243; column_width_percent=&#8221;100&#8243; shift_y=&#8221;0&#8243; z_index=&#8221;0&#8243;][vc_column column_width_use_pixel=&#8221;yes&#8221; position_horizontal=&#8221;left&#8221; gutter_size=&#8221;3&#8243; back_color=&#8221;color-207971&#8243; overlay_alpha=&#8221;50&#8243; border_color=&#8221;color-platinum&#8221; border_style=&#8221;solid&#8221; shift_x=&#8221;0&#8243; shift_y=&#8221;0&#8243; shift_y_down=&#8221;0&#8243; z_index=&#8221;0&#8243; medium_width=&#8221;0&#8243; mobile_width=&#8221;0&#8243; radius=&#8221;xs&#8221; width=&#8221;1\/1&#8243; column_width_pixel=&#8221;900&#8243; css=&#8221;.vc_custom_1615543737567{border-left-width: 3px !important;}&#8221;][vc_custom_heading auto_text=&#8221;yes&#8221; heading_semantic=&#8221;h3&#8243; text_size=&#8221;h1&#8243; text_weight=&#8221;700&#8243; uncode_shortcode_id=&#8221;867526&#8243;][\/vc_custom_heading][vc_column_text uncode_shortcode_id=&#8221;101182&#8243;]<\/p>\n<p data-renderer-start-pos=\"2966\"><strong data-renderer-mark=\"true\">Tvrtka<\/strong>: PRIMO\u0160TEN d.d. za hotelijerstvo i trgovinu<\/p>\n<p data-renderer-start-pos=\"2966\"><strong>Skra\u0107ena tvrtka:\u00a0<\/strong>PRIMO\u0160TEN d.d.<\/p>\n<p data-renderer-start-pos=\"3066\"><strong data-renderer-mark=\"true\">Sjedi\u0161te<\/strong>: Radu\u010da 11, 22202 Primo\u0161ten, Croatia<\/p>\n<p data-renderer-start-pos=\"3116\"><strong data-renderer-mark=\"true\">Registarski sud<\/strong>: Trgova\u010dki sud u Zadru &#8211; Stalna slu\u017eba u \u0160ibeniku, <b>MBS 060006722,<\/b> <strong>OIB<\/strong><b>\u00a077587041388<\/b><\/p>\n<p><strong>Temeljni kapital:<\/strong> 5.445.058,00 \u00a0EUR upla\u0107en u cijelosti,podijeljen na \u00a05.445.058 dionica, svaka nominalne vrijednosti 1,00 EUR<\/p>\n<p data-renderer-start-pos=\"3329\"><b data-stringify-type=\"bold\">Bankovni ra\u010dun (multivalutni)<\/b>: IBAN HR7924070001100284375, SWIFT: OTPVHR2X, OTP banka d.d., Split, Ul. Domovinskog rata 61,<\/p>\n<p data-renderer-start-pos=\"3560\"><strong data-renderer-mark=\"true\">Uprava<\/strong>: Korn\u00e9l Bodn\u00e1r, direktor<\/p>\n<p>[\/vc_column_text][\/vc_column][\/vc_row]<\/p>\n<\/div>","protected":false},"excerpt":{"rendered":"<p>[vc_row row_height_percent=&#8221;0&#8243; override_padding=&#8221;yes&#8221; h_padding=&#8221;2&#8243; top_padding=&#8221;3&#8243; bottom_padding=&#8221;2&#8243; overlay_alpha=&#8221;50&#8243; gutter_size=&#8221;3&#8243; column_width_percent=&#8221;100&#8243; shift_y=&#8221;0&#8243; z_index=&#8221;0&#8243;][vc_column column_width_use_pixel=&#8221;yes&#8221; position_horizontal=&#8221;left&#8221; gutter_size=&#8221;3&#8243; back_color=&#8221;color-207971&#8243; overlay_alpha=&#8221;50&#8243; border_color=&#8221;color-platinum&#8221; border_style=&#8221;solid&#8221; shift_x=&#8221;0&#8243; shift_y=&#8221;0&#8243; [&hellip;]<\/p>\n","protected":false},"author":6,"featured_media":0,"parent":0,"menu_order":0,"comment_status":"closed","ping_status":"closed","template":"","meta":{"footnotes":""},"class_list":["post-6515","page","type-page","status-publish","hentry"],"_links":{"self":[{"href":"https:\/\/adriatik-kamp.com\/hr\/wp-json\/wp\/v2\/pages\/6515","targetHints":{"allow":["GET"]}}],"collection":[{"href":"https:\/\/adriatik-kamp.com\/hr\/wp-json\/wp\/v2\/pages"}],"about":[{"href":"https:\/\/adriatik-kamp.com\/hr\/wp-json\/wp\/v2\/types\/page"}],"author":[{"embeddable":true,"href":"https:\/\/adriatik-kamp.com\/hr\/wp-json\/wp\/v2\/users\/6"}],"replies":[{"embeddable":true,"href":"https:\/\/adriatik-kamp.com\/hr\/wp-json\/wp\/v2\/comments?post=6515"}],"version-history":[{"count":5,"href":"https:\/\/adriatik-kamp.com\/hr\/wp-json\/wp\/v2\/pages\/6515\/revisions"}],"predecessor-version":[{"id":6642,"href":"https:\/\/adriatik-kamp.com\/hr\/wp-json\/wp\/v2\/pages\/6515\/revisions\/6642"}],"wp:attachment":[{"href":"https:\/\/adriatik-kamp.com\/hr\/wp-json\/wp\/v2\/media?parent=6515"}],"curies":[{"name":"wp","href":"https:\/\/api.w.org\/{rel}","templated":true}]}}