{"id":5503,"date":"2021-04-13T09:43:14","date_gmt":"2021-04-13T07:43:14","guid":{"rendered":"https:\/\/adriatik-kamp.com\/?page_id=5503"},"modified":"2026-02-22T10:34:30","modified_gmt":"2026-02-22T08:34:30","slug":"izleti","status":"publish","type":"page","link":"https:\/\/adriatik-kamp.com\/hr\/izleti\/","title":{"rendered":"Izleti"},"content":{"rendered":"<div class=\"wpb-content-wrapper\"><p>[vc_row row_height_percent=&#8221;0&#8243; override_padding=&#8221;yes&#8221; h_padding=&#8221;2&#8243; top_padding=&#8221;4&#8243; bottom_padding=&#8221;2&#8243; overlay_alpha=&#8221;50&#8243; gutter_size=&#8221;3&#8243; column_width_percent=&#8221;100&#8243; shift_y=&#8221;0&#8243; z_index=&#8221;0&#8243;][vc_column column_width_percent=&#8221;100&#8243; gutter_size=&#8221;2&#8243; back_color=&#8221;color-207971&#8243; overlay_alpha=&#8221;50&#8243; border_color=&#8221;color-platinum&#8221; border_style=&#8221;solid&#8221; shift_x=&#8221;0&#8243; shift_y=&#8221;0&#8243; shift_y_down=&#8221;0&#8243; z_index=&#8221;0&#8243; medium_width=&#8221;0&#8243; mobile_width=&#8221;0&#8243; width=&#8221;1\/1&#8243; css=&#8221;.vc_custom_1618225949471{border-left-width: 2px !important;}&#8221;][uncode_breadcrumbs text_lead=&#8221;small&#8221;][vc_custom_heading auto_text=&#8221;yes&#8221; heading_semantic=&#8221;h1&#8243; text_size=&#8221;h1&#8243; text_weight=&#8221;700&#8243;]This is a custom heading element.[\/vc_custom_heading][\/vc_column][\/vc_row][vc_row row_height_percent=&#8221;0&#8243; override_padding=&#8221;yes&#8221; h_padding=&#8221;2&#8243; top_padding=&#8221;1&#8243; bottom_padding=&#8221;2&#8243; overlay_alpha=&#8221;50&#8243; equal_height=&#8221;yes&#8221; gutter_size=&#8221;3&#8243; column_width_percent=&#8221;100&#8243; shift_y=&#8221;0&#8243; z_index=&#8221;0&#8243;][vc_column column_width_percent=&#8221;100&#8243; gutter_size=&#8221;3&#8243; back_color=&#8221;color-lxmt&#8221; overlay_alpha=&#8221;50&#8243; radius=&#8221;std&#8221; shift_x=&#8221;0&#8243; shift_y=&#8221;0&#8243; shift_y_down=&#8221;0&#8243; z_index=&#8221;0&#8243; medium_width=&#8221;0&#8243; mobile_width=&#8221;0&#8243; width=&#8221;1\/2&#8243;][vc_gallery el_id=&#8221;gallery-116900&#8243; type=&#8221;css_grid&#8221; medias=&#8221;8281,8288,8420,8427&#8243; grid_items=&#8221;2&#8243; screen_lg_items=&#8221;3&#8243; screen_lg_breakpoint=&#8221;1000&#8243; screen_md_items=&#8221;2&#8243; screen_md_breakpoint=&#8221;600&#8243; screen_sm_items=&#8221;1&#8243; screen_sm_breakpoint=&#8221;480&#8243; gutter_size=&#8221;3&#8243; single_overlay_opacity=&#8221;50&#8243; single_padding=&#8221;2&#8243; uncode_shortcode_id=&#8221;150560&#8243;][vc_column_text uncode_shortcode_id=&#8221;149231&#8243;]Primo\u0161ten je o\u010daravaju\u0107i dalmatinski gradi\u0107 smje\u0161ten izme\u0111u \u0160ibenika i Splita, poznat po staroj jezgri na poluotoku s kamenim stoljetnim ku\u0107ama, crkvicama i uskim kalama obraslim mediteranskim biljem. \u0160etnje uz more i promenade uz nezaboravne zalaske sunca, kristalno \u010disto more i raznolika gastronomska ponuda \u010dine savr\u0161en spoj pro\u0161losti i sada\u0161njosti, ljudi i prirode.<\/p>\n<p><strong>\u00a0Vi\u0161e : <a href=\"https:\/\/visitprimosten.com\/\" target=\"_blank\" rel=\"noopener\">https:\/\/visitprimosten.com\/<\/a><\/strong>[\/vc_column_text][\/vc_column][vc_column column_width_percent=&#8221;100&#8243; gutter_size=&#8221;3&#8243; back_color=&#8221;color-lxmt&#8221; overlay_alpha=&#8221;50&#8243; radius=&#8221;std&#8221; shift_x=&#8221;0&#8243; shift_y=&#8221;0&#8243; shift_y_down=&#8221;0&#8243; z_index=&#8221;0&#8243; medium_width=&#8221;0&#8243; mobile_width=&#8221;0&#8243; width=&#8221;1\/2&#8243;][vc_gallery el_id=&#8221;gallery-1169006&#8243; type=&#8221;css_grid&#8221; medias=&#8221;8297,8434,8441,8448&#8243; grid_items=&#8221;2&#8243; screen_lg_items=&#8221;3&#8243; screen_lg_breakpoint=&#8221;1000&#8243; screen_md_items=&#8221;2&#8243; screen_md_breakpoint=&#8221;600&#8243; screen_sm_items=&#8221;1&#8243; screen_sm_breakpoint=&#8221;480&#8243; gutter_size=&#8221;3&#8243; single_overlay_opacity=&#8221;50&#8243; single_padding=&#8221;2&#8243; uncode_shortcode_id=&#8221;119559&#8243;][vc_column_text uncode_shortcode_id=&#8221;111707&#8243;]\u0160ibenik je povijesni grad na ulazu u \u0161ibenski zaljev, prepoznatljiv po Katedrali sv. Jakova pod za\u0161titom UNESCO-a i sustavu \u010detiriju tvr\u0111ava koje svjedo\u010de njegovoj bogatoj pro\u0161losti. Njegova kamena jezgra, more i otvoreni pogledi prema zaljevu \u010dine ga jednim od najposebnijih gradova srednje Dalmacije.<\/p>\n<p><strong>Vi\u0161e: <a href=\"https:\/\/www.visitsibenik.hr\/\" target=\"_blank\" rel=\"noopener\">https:\/\/www.visitsibenik.hr\/<\/a> , <a href=\"https:\/\/sibenikcard.hr\/\" target=\"_blank\" rel=\"noopener\">https:\/\/sibenikcard.hr\/<\/a><\/strong>[\/vc_column_text][\/vc_column][\/vc_row][vc_row row_height_percent=&#8221;0&#8243; overlay_alpha=&#8221;50&#8243; equal_height=&#8221;yes&#8221; gutter_size=&#8221;3&#8243; column_width_percent=&#8221;100&#8243; shift_y=&#8221;0&#8243; z_index=&#8221;0&#8243;][vc_column column_width_percent=&#8221;100&#8243; gutter_size=&#8221;3&#8243; back_color=&#8221;color-lxmt&#8221; overlay_alpha=&#8221;50&#8243; radius=&#8221;std&#8221; shift_x=&#8221;0&#8243; shift_y=&#8221;0&#8243; shift_y_down=&#8221;0&#8243; z_index=&#8221;0&#8243; medium_width=&#8221;0&#8243; mobile_width=&#8221;0&#8243; width=&#8221;1\/2&#8243;][vc_gallery el_id=&#8221;gallery-116900&#8243; type=&#8221;css_grid&#8221; medias=&#8221;8305,8455,8462,8469&#8243; grid_items=&#8221;2&#8243; screen_lg_items=&#8221;3&#8243; screen_lg_breakpoint=&#8221;1000&#8243; screen_md_items=&#8221;2&#8243; screen_md_breakpoint=&#8221;600&#8243; screen_sm_items=&#8221;1&#8243; screen_sm_breakpoint=&#8221;480&#8243; gutter_size=&#8221;3&#8243; single_overlay_opacity=&#8221;50&#8243; single_padding=&#8221;2&#8243; uncode_shortcode_id=&#8221;528175&#8243;][vc_column_text uncode_shortcode_id=&#8221;184393&#8243;]Split je grad izrastao iz Dioklecijanove pala\u010de, jedinstvenog spomenika anti\u010dke arhitekture koji ve\u0107 17 stolje\u0107a \u017eivi kao sredi\u0161te gradskog \u017eivota. Povijesna jezgra Splita nalazi se na UNESCO-vu popisu svjetske ba\u0161tine, a grad danas spaja bogatu povijest, mediteranski na\u010din \u017eivota i prirodne ljepote poput Marjana i gradskih pla\u017ea.<\/p>\n<p><strong>Vi\u0161e: <a href=\"https:\/\/visitsplit.com\/\" target=\"_blank\" rel=\"noopener\">https:\/\/visitsplit.com\/<\/a>, <a href=\"https:\/\/360.visitsplit.com\/\" target=\"_blank\" rel=\"noopener\">https:\/\/360.visitsplit.com\/<\/a>\u00a0<\/strong>[\/vc_column_text][vc_gallery][\/vc_column][vc_column column_width_percent=&#8221;100&#8243; gutter_size=&#8221;3&#8243; back_color=&#8221;color-lxmt&#8221; overlay_alpha=&#8221;50&#8243; radius=&#8221;std&#8221; shift_x=&#8221;0&#8243; shift_y=&#8221;0&#8243; shift_y_down=&#8221;0&#8243; z_index=&#8221;0&#8243; medium_width=&#8221;0&#8243; mobile_width=&#8221;0&#8243; width=&#8221;1\/2&#8243;][vc_gallery el_id=&#8221;gallery-116900&#8243; type=&#8221;css_grid&#8221; medias=&#8221;8312,8476,8483,8490&#8243; grid_items=&#8221;2&#8243; screen_lg_items=&#8221;3&#8243; screen_lg_breakpoint=&#8221;1000&#8243; screen_md_items=&#8221;2&#8243; screen_md_breakpoint=&#8221;600&#8243; screen_sm_items=&#8221;1&#8243; screen_sm_breakpoint=&#8221;480&#8243; gutter_size=&#8221;3&#8243; single_overlay_opacity=&#8221;50&#8243; single_padding=&#8221;2&#8243; uncode_shortcode_id=&#8221;358713&#8243;][vc_column_text uncode_shortcode_id=&#8221;154815&#8243;]Nacionalni park Krka obuhva\u0107a najljep\u0161i dio toka rijeke Krke i donji tok \u010cikole, poznat po sedrenim slapovima, kristalno \u010distoj vodi i iznimnoj prirodnoj vrijednosti. Ovo za\u0161ti\u0107eno podru\u010dje nudi jedinstven do\u017eivljaj netaknute prirode, bogate kulturne ba\u0161tine i rekreacije, idealno za ljubitelje prirode i aktivnog odmora.<br \/>\n<strong>Vi\u0161e: <a href=\"https:\/\/www.npkrka.hr\/hr\/\" target=\"_blank\" rel=\"noopener\">https:\/\/www.npkrka.hr\/hr\/<\/a><\/strong>[\/vc_column_text][\/vc_column][\/vc_row][vc_row row_height_percent=&#8221;0&#8243; override_padding=&#8221;yes&#8221; h_padding=&#8221;2&#8243; top_padding=&#8221;2&#8243; bottom_padding=&#8221;4&#8243; overlay_alpha=&#8221;50&#8243; equal_height=&#8221;yes&#8221; gutter_size=&#8221;3&#8243; column_width_percent=&#8221;100&#8243; shift_y=&#8221;0&#8243; z_index=&#8221;0&#8243;][vc_column column_width_percent=&#8221;100&#8243; gutter_size=&#8221;3&#8243; back_color=&#8221;color-lxmt&#8221; overlay_alpha=&#8221;50&#8243; radius=&#8221;std&#8221; shift_x=&#8221;0&#8243; shift_y=&#8221;0&#8243; shift_y_down=&#8221;0&#8243; z_index=&#8221;0&#8243; medium_width=&#8221;0&#8243; mobile_width=&#8221;0&#8243; width=&#8221;1\/2&#8243;][vc_gallery el_id=&#8221;gallery-116900&#8243; type=&#8221;css_grid&#8221; medias=&#8221;8319,8497,8504,8511&#8243; grid_items=&#8221;2&#8243; screen_lg_items=&#8221;3&#8243; screen_lg_breakpoint=&#8221;1000&#8243; screen_md_items=&#8221;2&#8243; screen_md_breakpoint=&#8221;600&#8243; screen_sm_items=&#8221;1&#8243; screen_sm_breakpoint=&#8221;480&#8243; gutter_size=&#8221;3&#8243; single_overlay_opacity=&#8221;50&#8243; single_padding=&#8221;2&#8243; uncode_shortcode_id=&#8221;837148&#8243;][vc_column_text uncode_shortcode_id=&#8221;126029&#8243;]Trogir o\u010darava svojim mediteranskim \u0161armom, uskim kamenom ulicama i gradskom jezgrom koja nosi tragove vi\u0161e od 3600 godina povijesti. Grad majstora, prepoznatljiv po izvanrednim umjetni\u010dkim djelima i UNESCO-vom naslije\u0111u, i danas zra\u010di inspiracijom i ljepotom.<br \/>\n<strong>Vi\u0161e: https:\/\/www.visittrogir.hr\/hr\/tourist<\/strong>[\/vc_column_text][\/vc_column][vc_column column_width_percent=&#8221;100&#8243; gutter_size=&#8221;3&#8243; back_color=&#8221;color-lxmt&#8221; overlay_alpha=&#8221;50&#8243; radius=&#8221;std&#8221; shift_x=&#8221;0&#8243; shift_y=&#8221;0&#8243; shift_y_down=&#8221;0&#8243; z_index=&#8221;0&#8243; medium_width=&#8221;0&#8243; mobile_width=&#8221;0&#8243; width=&#8221;1\/2&#8243;][vc_gallery el_id=&#8221;gallery-116900&#8243; type=&#8221;css_grid&#8221; medias=&#8221;8326,8518,8525,8532&#8243; grid_items=&#8221;2&#8243; screen_lg_items=&#8221;3&#8243; screen_lg_breakpoint=&#8221;1000&#8243; screen_md_items=&#8221;2&#8243; screen_md_breakpoint=&#8221;600&#8243; screen_sm_items=&#8221;1&#8243; screen_sm_breakpoint=&#8221;480&#8243; gutter_size=&#8221;3&#8243; single_overlay_opacity=&#8221;50&#8243; single_padding=&#8221;2&#8243; uncode_shortcode_id=&#8221;144717&#8243;][vc_column_text uncode_shortcode_id=&#8221;152939&#8243;]Knin je grad impresivne prirode i bogate povijesti, smje\u0161ten me\u0111u mo\u0107nim planinama, rijekama i izvorima rijeke Krke, nad kojim se uzdi\u017ee Dinara, najvi\u0161i vrh Hrvatske. Njegovim krajolikom dominira jedna od najve\u0107ih srednjovjekovnih tvr\u0111ava u Europi, nekada\u0161nja prijestolnica hrvatskih kraljeva i trajni simbol grada.<br \/>\n<strong>Vi\u0161e: <a href=\"https:\/\/visitknin.hr\/\" target=\"_blank\" rel=\"noopener\">https:\/\/visitknin.hr\/<\/a><\/strong>[\/vc_column_text][\/vc_column][\/vc_row][vc_row row_height_percent=&#8221;0&#8243; override_padding=&#8221;yes&#8221; h_padding=&#8221;2&#8243; top_padding=&#8221;2&#8243; bottom_padding=&#8221;4&#8243; overlay_alpha=&#8221;50&#8243; equal_height=&#8221;yes&#8221; gutter_size=&#8221;3&#8243; column_width_percent=&#8221;100&#8243; shift_y=&#8221;0&#8243; z_index=&#8221;0&#8243;][vc_column column_width_percent=&#8221;100&#8243; gutter_size=&#8221;3&#8243; back_color=&#8221;color-lxmt&#8221; overlay_alpha=&#8221;50&#8243; radius=&#8221;std&#8221; shift_x=&#8221;0&#8243; shift_y=&#8221;0&#8243; shift_y_down=&#8221;0&#8243; z_index=&#8221;0&#8243; medium_width=&#8221;0&#8243; mobile_width=&#8221;0&#8243; width=&#8221;1\/2&#8243;][vc_gallery el_id=&#8221;gallery-116900&#8243; type=&#8221;css_grid&#8221; medias=&#8221;8333,8340,8347,8354&#8243; grid_items=&#8221;2&#8243; screen_lg_items=&#8221;3&#8243; screen_lg_breakpoint=&#8221;1000&#8243; screen_md_items=&#8221;2&#8243; screen_md_breakpoint=&#8221;600&#8243; screen_sm_items=&#8221;1&#8243; screen_sm_breakpoint=&#8221;480&#8243; gutter_size=&#8221;3&#8243; single_overlay_opacity=&#8221;50&#8243; single_padding=&#8221;2&#8243; uncode_shortcode_id=&#8221;560290&#8243;][vc_column_text uncode_shortcode_id=&#8221;160524&#8243;]Nacionalni park Kornati obuhva\u0107a 89 otoka, oto\u010di\u0107a i hridi u srednjoj Dalmaciji, a ve\u0107inu njegove povr\u0161ine \u010dini o\u010duvani morski ekosustav kristalno \u010distog mora. Prepoznatljiv po strmim liticama \u2013 \u201ekrunama\u201c okrenutima prema otvorenom moru \u2013 Kornati nude jedinstven spoj surove ljepote, ti\u0161ine i netaknute prirode.<br \/>\n<strong>Vi\u0161e: <a href=\"https:\/\/www.np-kornati.hr\/index.php?lang=hr\" target=\"_blank\" rel=\"noopener\">https:\/\/www.np-kornati.hr\/<\/a><br \/>\n<\/strong>Autor foto: Novena d.o.o.[\/vc_column_text][\/vc_column][vc_column column_width_percent=&#8221;100&#8243; gutter_size=&#8221;3&#8243; back_color=&#8221;color-lxmt&#8221; overlay_alpha=&#8221;50&#8243; radius=&#8221;std&#8221; shift_x=&#8221;0&#8243; shift_y=&#8221;0&#8243; shift_y_down=&#8221;0&#8243; z_index=&#8221;0&#8243; medium_width=&#8221;0&#8243; mobile_width=&#8221;0&#8243; width=&#8221;1\/2&#8243;][vc_gallery el_id=&#8221;gallery-116900&#8243; type=&#8221;css_grid&#8221; medias=&#8221;8361,8539,8546,8553&#8243; grid_items=&#8221;2&#8243; screen_lg_items=&#8221;3&#8243; screen_lg_breakpoint=&#8221;1000&#8243; screen_md_items=&#8221;2&#8243; screen_md_breakpoint=&#8221;600&#8243; screen_sm_items=&#8221;1&#8243; screen_sm_breakpoint=&#8221;480&#8243; gutter_size=&#8221;3&#8243; single_overlay_opacity=&#8221;50&#8243; single_padding=&#8221;2&#8243; uncode_shortcode_id=&#8221;102772&#8243;][vc_column_text uncode_shortcode_id=&#8221;166207&#8243;]Prvi\u0107 i Zlarin \u0161ibenski su otoci bez automobilskog prometa, poznati po \u010distom moru i autenti\u010dnom dalmatinskom ugo\u0111aju. Prvi\u0107 Luka posebno je poznata kao mjesto posljednjeg po\u010divali\u0161ta izumitelja Faust Vran\u010di\u0107, dok je Zlarin nadaleko poznat kao \u201eotok dragulja\u201c zbog svoje stoljetne tradicije koraljarstva.<br \/>\n<strong>Vi\u0161e: <a href=\"https:\/\/www.tz-zlarin.hr\/\" target=\"_blank\" rel=\"noopener\">https:\/\/www.tz-zlarin.hr\/<\/a><br \/>\nVi\u0161e: <a href=\"https:\/\/www.vodice.hr\/hr\/home\" target=\"_blank\" rel=\"noopener\">https:\/\/www.vodice.hr\/hr\/home<\/a><br \/>\n<\/strong>Autor foto: TZ Zlarin, Vodice[\/vc_column_text][\/vc_column][\/vc_row]<\/p>\n<\/div>","protected":false},"excerpt":{"rendered":"<p>[vc_row row_height_percent=&#8221;0&#8243; override_padding=&#8221;yes&#8221; h_padding=&#8221;2&#8243; top_padding=&#8221;4&#8243; bottom_padding=&#8221;2&#8243; overlay_alpha=&#8221;50&#8243; gutter_size=&#8221;3&#8243; column_width_percent=&#8221;100&#8243; shift_y=&#8221;0&#8243; z_index=&#8221;0&#8243;][vc_column column_width_percent=&#8221;100&#8243; gutter_size=&#8221;2&#8243; back_color=&#8221;color-207971&#8243; overlay_alpha=&#8221;50&#8243; border_color=&#8221;color-platinum&#8221; border_style=&#8221;solid&#8221; shift_x=&#8221;0&#8243; shift_y=&#8221;0&#8243; shift_y_down=&#8221;0&#8243; [&hellip;]<\/p>\n","protected":false},"author":6,"featured_media":9297,"parent":0,"menu_order":0,"comment_status":"closed","ping_status":"closed","template":"","meta":{"footnotes":""},"class_list":["post-5503","page","type-page","status-publish","has-post-thumbnail","hentry","page_category-index-hr","page_category-offer-hr"],"_links":{"self":[{"href":"https:\/\/adriatik-kamp.com\/hr\/wp-json\/wp\/v2\/pages\/5503","targetHints":{"allow":["GET"]}}],"collection":[{"href":"https:\/\/adriatik-kamp.com\/hr\/wp-json\/wp\/v2\/pages"}],"about":[{"href":"https:\/\/adriatik-kamp.com\/hr\/wp-json\/wp\/v2\/types\/page"}],"author":[{"embeddable":true,"href":"https:\/\/adriatik-kamp.com\/hr\/wp-json\/wp\/v2\/users\/6"}],"replies":[{"embeddable":true,"href":"https:\/\/adriatik-kamp.com\/hr\/wp-json\/wp\/v2\/comments?post=5503"}],"version-history":[{"count":13,"href":"https:\/\/adriatik-kamp.com\/hr\/wp-json\/wp\/v2\/pages\/5503\/revisions"}],"predecessor-version":[{"id":8818,"href":"https:\/\/adriatik-kamp.com\/hr\/wp-json\/wp\/v2\/pages\/5503\/revisions\/8818"}],"wp:featuredmedia":[{"embeddable":true,"href":"https:\/\/adriatik-kamp.com\/hr\/wp-json\/wp\/v2\/media\/9297"}],"wp:attachment":[{"href":"https:\/\/adriatik-kamp.com\/hr\/wp-json\/wp\/v2\/media?parent=5503"}],"curies":[{"name":"wp","href":"https:\/\/api.w.org\/{rel}","templated":true}]}}