{"id":5495,"date":"2021-04-13T09:26:55","date_gmt":"2021-04-13T07:26:55","guid":{"rendered":"https:\/\/adriatik-kamp.com\/?page_id=5495"},"modified":"2026-04-21T19:26:46","modified_gmt":"2026-04-21T17:26:46","slug":"aktivnosti-i-zabava","status":"publish","type":"page","link":"https:\/\/adriatik-kamp.com\/hr\/aktivnosti-i-zabava\/","title":{"rendered":"Aktivnosti i zabava"},"content":{"rendered":"<div class=\"wpb-content-wrapper\"><p>[vc_row row_height_percent=&#8221;0&#8243; override_padding=&#8221;yes&#8221; h_padding=&#8221;2&#8243; top_padding=&#8221;3&#8243; bottom_padding=&#8221;2&#8243; overlay_alpha=&#8221;50&#8243; gutter_size=&#8221;3&#8243; column_width_percent=&#8221;100&#8243; shift_y=&#8221;0&#8243; z_index=&#8221;0&#8243;][vc_column column_width_percent=&#8221;100&#8243; gutter_size=&#8221;2&#8243; back_color=&#8221;color-207971&#8243; overlay_alpha=&#8221;50&#8243; border_color=&#8221;color-platinum&#8221; border_style=&#8221;solid&#8221; shift_x=&#8221;0&#8243; shift_y=&#8221;0&#8243; shift_y_down=&#8221;0&#8243; z_index=&#8221;0&#8243; medium_width=&#8221;0&#8243; mobile_width=&#8221;0&#8243; width=&#8221;1\/1&#8243; css=&#8221;.vc_custom_1618225949471{border-left-width: 2px !important;}&#8221;][uncode_breadcrumbs text_lead=&#8221;small&#8221;][vc_custom_heading auto_text=&#8221;yes&#8221; heading_semantic=&#8221;h1&#8243; text_size=&#8221;h1&#8243; text_weight=&#8221;700&#8243;]This is a custom heading element.[\/vc_custom_heading][vc_column_text uncode_shortcode_id=&#8221;584705&#8243;]U <strong>Kamp Adriatic<\/strong>\u00a0zabava i aktivnosti uvijek su dio iskustva.<\/p>\n<p>U neposrednoj blizini pla\u017ee nalazi se <strong>teren za odbojku na pijesku<\/strong> i <strong>rekreacijski park<\/strong> za djecu i odrasle. Okolica kampa nudi izvrsne uvjete za <strong>planinarenje, pje\u0161a\u010denje, biciklizam i ronjenje<\/strong>. Za ljubitelje ronjenja, <strong>Ronila\u010dki centar Pongo<\/strong> u Primo\u0161tenu nudi atraktivne programe za istra\u017eivanje podvodnog svijeta.<\/p>\n<p>Sportski entuzijasti mogu koristiti sadr\u017eaje za <strong>nogomet, odbojku, tenis, stolni tenis, balote i ko\u0161arku<\/strong>. Kamp je povezan s Primo\u0161tenom putem <strong>biciklisti\u010dke i pje\u0161a\u010dke staze dugoj 2,5 km uz more<\/strong>, \u0161to omogu\u0107uje sigurno i jednostavno istra\u017eivanje grada.<\/p>\n<p>U samom Primo\u0161tenu posjetitelji mogu istra\u017eiti <strong>dva slikovita poluotoka<\/strong>, te u\u017eivati u raznovrsnim <strong>kafi\u0107ima, slasti\u010darnicama, konobama i restoranima<\/strong> s bogatom lokalnom ponudom. Tijekom cijele godine mo\u017eete pratiti i <strong>koncerte lokalnih bendova, puha\u010dkih orkestara te tradicionalne folklorne nastupe<\/strong>.<\/p>\n<p>Tijekom sezone, svake ve\u010deri se organizira <strong>dje\u010dji program<\/strong> koji uklju\u010duje <strong>ples, pjevanje, razne igre i projekcije filmova<\/strong>, kako bi mali gosti u\u017eivali u zabavi i dru\u017eenju. Dnevni i ve\u010dernji program organiziraju iskusni animatori za <strong>djecu i odrasle<\/strong>.<\/p>\n<p><strong>Sadr\u017eaji unutar kampa:<\/strong><\/p>\n<ul>\n<li><strong>Kids Club<\/strong> (samo sezonski)<\/li>\n<li><strong>Cjelodnevni animacijski program<\/strong> (samo sezonski)<\/li>\n<li><strong>Sportski sadr\u017eaji:<\/strong> odbojka na pijesku, tenis, stolni tenis, nogomet, ko\u0161arka<\/li>\n<li><strong>Kajaci, SUP daske, aqua park, pedaline<\/strong><\/li>\n<\/ul>\n<p><strong>Kamp Adriatic<\/strong> savr\u0161eno spaja <strong>prirodu, sport i zabavu<\/strong>, pru\u017eaju\u0107i nezaboravno iskustvo odmora za obitelji, parove i ljubitelje avanture.[\/vc_column_text][\/vc_column][\/vc_row][vc_row][vc_column width=&#8221;1\/1&#8243;][vc_gallery el_id=&#8221;gallery-728947&#8243; medias=&#8221;8705,8712,8719,8726,8733,8740,8747,8754,8761,8768,8775,8782,8789,8796&#8243; gutter_size=&#8221;3&#8243; media_items=&#8221;media|nolink|original,icon&#8221; screen_lg=&#8221;1000&#8243; screen_md=&#8221;600&#8243; screen_sm=&#8221;480&#8243; single_shape=&#8221;round&#8221; radius=&#8221;lg&#8221; single_overlay_opacity=&#8221;1&#8243; single_image_anim=&#8221;no&#8221; single_padding=&#8221;2&#8243; single_shadow=&#8221;yes&#8221; shadow_weight=&#8221;std&#8221; single_border=&#8221;yes&#8221; single_css_animation=&#8221;bottom-t-top&#8221; uncode_shortcode_id=&#8221;161380&#8243;][\/vc_column][\/vc_row]<\/p>\n<\/div>","protected":false},"excerpt":{"rendered":"<p>[vc_row row_height_percent=&#8221;0&#8243; override_padding=&#8221;yes&#8221; h_padding=&#8221;2&#8243; top_padding=&#8221;3&#8243; bottom_padding=&#8221;2&#8243; overlay_alpha=&#8221;50&#8243; gutter_size=&#8221;3&#8243; column_width_percent=&#8221;100&#8243; shift_y=&#8221;0&#8243; z_index=&#8221;0&#8243;][vc_column column_width_percent=&#8221;100&#8243; gutter_size=&#8221;2&#8243; back_color=&#8221;color-207971&#8243; overlay_alpha=&#8221;50&#8243; border_color=&#8221;color-platinum&#8221; border_style=&#8221;solid&#8221; shift_x=&#8221;0&#8243; shift_y=&#8221;0&#8243; shift_y_down=&#8221;0&#8243; [&hellip;]<\/p>\n","protected":false},"author":6,"featured_media":9460,"parent":0,"menu_order":0,"comment_status":"closed","ping_status":"closed","template":"","meta":{"footnotes":""},"class_list":["post-5495","page","type-page","status-publish","has-post-thumbnail","hentry","page_category-index-hr","page_category-offer-hr"],"_links":{"self":[{"href":"https:\/\/adriatik-kamp.com\/hr\/wp-json\/wp\/v2\/pages\/5495","targetHints":{"allow":["GET"]}}],"collection":[{"href":"https:\/\/adriatik-kamp.com\/hr\/wp-json\/wp\/v2\/pages"}],"about":[{"href":"https:\/\/adriatik-kamp.com\/hr\/wp-json\/wp\/v2\/types\/page"}],"author":[{"embeddable":true,"href":"https:\/\/adriatik-kamp.com\/hr\/wp-json\/wp\/v2\/users\/6"}],"replies":[{"embeddable":true,"href":"https:\/\/adriatik-kamp.com\/hr\/wp-json\/wp\/v2\/comments?post=5495"}],"version-history":[{"count":8,"href":"https:\/\/adriatik-kamp.com\/hr\/wp-json\/wp\/v2\/pages\/5495\/revisions"}],"predecessor-version":[{"id":9814,"href":"https:\/\/adriatik-kamp.com\/hr\/wp-json\/wp\/v2\/pages\/5495\/revisions\/9814"}],"wp:featuredmedia":[{"embeddable":true,"href":"https:\/\/adriatik-kamp.com\/hr\/wp-json\/wp\/v2\/media\/9460"}],"wp:attachment":[{"href":"https:\/\/adriatik-kamp.com\/hr\/wp-json\/wp\/v2\/media?parent=5495"}],"curies":[{"name":"wp","href":"https:\/\/api.w.org\/{rel}","templated":true}]}}