{"id":5488,"date":"2021-04-13T09:21:58","date_gmt":"2021-04-13T07:21:58","guid":{"rendered":"https:\/\/adriatik-kamp.com\/?page_id=5488"},"modified":"2026-03-31T13:18:38","modified_gmt":"2026-03-31T11:18:38","slug":"gaastro-ponuda","status":"publish","type":"page","link":"https:\/\/adriatik-kamp.com\/hr\/gaastro-ponuda\/","title":{"rendered":"Gastro Ponuda"},"content":{"rendered":"<div class=\"wpb-content-wrapper\"><p>[vc_row row_height_percent=&#8221;0&#8243; override_padding=&#8221;yes&#8221; h_padding=&#8221;2&#8243; top_padding=&#8221;3&#8243; bottom_padding=&#8221;2&#8243; overlay_alpha=&#8221;50&#8243; gutter_size=&#8221;3&#8243; column_width_percent=&#8221;100&#8243; shift_y=&#8221;0&#8243; z_index=&#8221;0&#8243;][vc_column column_width_percent=&#8221;100&#8243; gutter_size=&#8221;2&#8243; back_color=&#8221;color-207971&#8243; overlay_alpha=&#8221;50&#8243; border_color=&#8221;color-platinum&#8221; border_style=&#8221;solid&#8221; shift_x=&#8221;0&#8243; shift_y=&#8221;0&#8243; shift_y_down=&#8221;0&#8243; z_index=&#8221;0&#8243; medium_width=&#8221;0&#8243; mobile_width=&#8221;0&#8243; width=&#8221;1\/2&#8243; css=&#8221;.vc_custom_1618225949471{border-left-width: 2px !important;}&#8221;][uncode_breadcrumbs text_lead=&#8221;small&#8221;][vc_custom_heading auto_text=&#8221;yes&#8221; heading_semantic=&#8221;h1&#8243; text_size=&#8221;h1&#8243; text_weight=&#8221;700&#8243;]This is a custom heading element.[\/vc_custom_heading][vc_column_text uncode_shortcode_id=&#8221;390768&#8243;]<strong>Restoran Adriatic<\/strong><\/p>\n<p>Smje\u0161ten u srcu kampa, <strong>Restoran Adriatic <\/strong>nudi autenti\u010dan do\u017eivljaj mediteranske i dalmatinske kuhinje u opu\u0161tenom i prirodnom ambijentu. Na\u0161 jelovnik spaja tradiciju i svje\u017einu, nude\u0107i gostima specijalitete s ro\u0161tilja, jela ispod peke te raznovrsna tradicionalna dalmatinska jela pripremljena s ljubavlju i pa\u017eljivo odabranim doma\u0107im sastojcima.<\/p>\n<p>Za ljubitelje pizza, nudimo vrhunske i raznovrsne opcije koje \u0107e zadovoljiti sve ukuse, dok bogata ponuda autohtonih pi\u0107a \u2013 uklju\u010duju\u0107i pro\u0161ek, doma\u0107e likere i odabrana dalmatinska vina \u2013 savr\u0161eno upotpunjuje gastronomski do\u017eivljaj.<\/p>\n<p>Restoran raspola\u017ee prostranom vanjskom terasom, idealnom za tople ljetne ve\u010deri, te unutarnjim klimatiziranim prostorom koji pru\u017ea ugodnu atmosferu tijekom cijelog dana.<br \/>\nU skladu s obiteljskim duhom kampa, <strong>Restoran Adriatic <\/strong>&nbsp;je pet friendly, pa su i va\u0161i ku\u0107ni ljubimci dobrodo\u0161li da u\u017eivaju u bezbri\u017enom odmoru uz vas.<\/p>\n<p>Do\u017eivite autenti\u010dne mirise, okuse i tradiciju Dalmacije \u2013 sve na jednom mjestu, u <strong>Restoranu Adriatic<\/strong>.[\/vc_column_text][\/vc_column][vc_column width=&#8221;1\/2&#8243;][vc_gallery el_id=&#8221;gallery-106302&#8243; medias=&#8221;7034,7041,7048,7055,7062,7069,7076,7083&#8243; gutter_size=&#8221;3&#8243; media_items=&#8221;media|nolink|original&#8221; screen_lg=&#8221;1000&#8243; screen_md=&#8221;600&#8243; screen_sm=&#8221;480&#8243; single_shape=&#8221;round&#8221; radius=&#8221;std&#8221; single_overlay_opacity=&#8221;1&#8243; single_image_anim=&#8221;no&#8221; single_padding=&#8221;2&#8243; single_shadow=&#8221;yes&#8221; shadow_weight=&#8221;std&#8221; single_border=&#8221;yes&#8221; uncode_shortcode_id=&#8221;674996&#8243;][\/vc_column][\/vc_row][vc_row row_height_percent=&#8221;0&#8243; override_padding=&#8221;yes&#8221; h_padding=&#8221;2&#8243; top_padding=&#8221;2&#8243; bottom_padding=&#8221;4&#8243; overlay_alpha=&#8221;50&#8243; gutter_size=&#8221;3&#8243; column_width_percent=&#8221;100&#8243; shift_y=&#8221;0&#8243; z_index=&#8221;0&#8243;][vc_column width=&#8221;1\/1&#8243;][\/vc_column][\/vc_row]<\/p>\n<\/div>","protected":false},"excerpt":{"rendered":"<p>[vc_row row_height_percent=&#8221;0&#8243; override_padding=&#8221;yes&#8221; h_padding=&#8221;2&#8243; top_padding=&#8221;3&#8243; bottom_padding=&#8221;2&#8243; overlay_alpha=&#8221;50&#8243; gutter_size=&#8221;3&#8243; column_width_percent=&#8221;100&#8243; shift_y=&#8221;0&#8243; z_index=&#8221;0&#8243;][vc_column column_width_percent=&#8221;100&#8243; gutter_size=&#8221;2&#8243; back_color=&#8221;color-207971&#8243; overlay_alpha=&#8221;50&#8243; border_color=&#8221;color-platinum&#8221; border_style=&#8221;solid&#8221; shift_x=&#8221;0&#8243; shift_y=&#8221;0&#8243; shift_y_down=&#8221;0&#8243; [&hellip;]<\/p>\n","protected":false},"author":6,"featured_media":4429,"parent":0,"menu_order":0,"comment_status":"closed","ping_status":"closed","template":"","meta":{"footnotes":""},"class_list":["post-5488","page","type-page","status-publish","has-post-thumbnail","hentry","page_category-index-hr","page_category-offer-hr"],"_links":{"self":[{"href":"https:\/\/adriatik-kamp.com\/hr\/wp-json\/wp\/v2\/pages\/5488","targetHints":{"allow":["GET"]}}],"collection":[{"href":"https:\/\/adriatik-kamp.com\/hr\/wp-json\/wp\/v2\/pages"}],"about":[{"href":"https:\/\/adriatik-kamp.com\/hr\/wp-json\/wp\/v2\/types\/page"}],"author":[{"embeddable":true,"href":"https:\/\/adriatik-kamp.com\/hr\/wp-json\/wp\/v2\/users\/6"}],"replies":[{"embeddable":true,"href":"https:\/\/adriatik-kamp.com\/hr\/wp-json\/wp\/v2\/comments?post=5488"}],"version-history":[{"count":6,"href":"https:\/\/adriatik-kamp.com\/hr\/wp-json\/wp\/v2\/pages\/5488\/revisions"}],"predecessor-version":[{"id":9818,"href":"https:\/\/adriatik-kamp.com\/hr\/wp-json\/wp\/v2\/pages\/5488\/revisions\/9818"}],"wp:featuredmedia":[{"embeddable":true,"href":"https:\/\/adriatik-kamp.com\/hr\/wp-json\/wp\/v2\/media\/4429"}],"wp:attachment":[{"href":"https:\/\/adriatik-kamp.com\/hr\/wp-json\/wp\/v2\/media?parent=5488"}],"curies":[{"name":"wp","href":"https:\/\/api.w.org\/{rel}","templated":true}]}}