{"id":5474,"date":"2021-04-12T10:23:49","date_gmt":"2021-04-12T08:23:49","guid":{"rendered":"https:\/\/adriatik-kamp.com\/about-us\/"},"modified":"2026-04-21T20:27:43","modified_gmt":"2026-04-21T18:27:43","slug":"o-nama","status":"publish","type":"page","link":"https:\/\/adriatik-kamp.com\/hr\/o-nama\/","title":{"rendered":"O Nama"},"content":{"rendered":"<div class=\"wpb-content-wrapper\"><p>[vc_row row_height_percent=&#8221;0&#8243; override_padding=&#8221;yes&#8221; h_padding=&#8221;2&#8243; top_padding=&#8221;3&#8243; bottom_padding=&#8221;2&#8243; overlay_alpha=&#8221;50&#8243; gutter_size=&#8221;3&#8243; column_width_percent=&#8221;100&#8243; shift_y=&#8221;0&#8243; z_index=&#8221;0&#8243;][vc_column column_width_percent=&#8221;100&#8243; gutter_size=&#8221;2&#8243; back_color=&#8221;color-207971&#8243; overlay_alpha=&#8221;50&#8243; border_color=&#8221;color-platinum&#8221; border_style=&#8221;solid&#8221; shift_x=&#8221;0&#8243; shift_y=&#8221;0&#8243; shift_y_down=&#8221;0&#8243; z_index=&#8221;0&#8243; medium_width=&#8221;0&#8243; mobile_width=&#8221;0&#8243; width=&#8221;1\/1&#8243; css=&#8221;.vc_custom_1618225949471{border-left-width: 2px !important;}&#8221;][uncode_breadcrumbs text_lead=&#8221;small&#8221;][vc_custom_heading auto_text=&#8221;yes&#8221; heading_semantic=&#8221;h1&#8243; text_size=&#8221;h1&#8243; text_weight=&#8221;700&#8243;]This is a custom heading element.[\/vc_custom_heading][vc_column_text uncode_shortcode_id=&#8221;628366&#8243;]Smje\u0161ten uz kristalno \u010disto more i miris borove \u0161ume, Kamp Adriatic spaja prirodu, udobnost i autenti\u010dnu dalmatinsku atmosferu. Birajte izme\u0111u prostranih parcela, \u0161atorskih zona ili modernih mobilnih ku\u0107ica, sve u mirnom okru\u017eenju Mediterana.[\/vc_column_text][vc_column_text uncode_shortcode_id=&#8221;284859&#8243;]U\u017eivajte u kilometar dugoj pla\u017ei, \u0161ljun\u010danim uvalama, stjenovitim zonama za sun\u010danje i dvije ure\u0111ene pla\u017ee za pse. Odmor je za cijelu obitelj \u2013 dok se djeca zabavljaju u sigurnom okru\u017eenju igrali\u0161ta, roditelji se opu\u0161taju uz more ili zajedno istra\u017euju \u0161armantni Primo\u0161ten.[\/vc_column_text][vc_column_text uncode_shortcode_id=&#8221;215119&#8243;]Za gastronomske u\u017eitke tu je <strong>Restoran Adriatic s <\/strong>dalmatinskim i mediteranskim specijalitetima, beach bar uz more i bogata ponuda lokalnih pi\u0107a. Kamp je pet-friendly, stoga su i va\u0161i ljubimci dobrodo\u0161li![\/vc_column_text][\/vc_column][\/vc_row][vc_row row_height_percent=&#8221;0&#8243; override_padding=&#8221;yes&#8221; h_padding=&#8221;2&#8243; top_padding=&#8221;2&#8243; bottom_padding=&#8221;2&#8243; overlay_alpha=&#8221;50&#8243; gutter_size=&#8221;3&#8243; column_width_percent=&#8221;100&#8243; shift_y=&#8221;0&#8243; z_index=&#8221;0&#8243;][vc_column width=&#8221;1\/1&#8243;][vc_gallery el_id=&#8221;gallery-542808&#8243; medias=&#8221;6967,6971,6975,6979,6983,6987,6991,6995,9316&#8243; gutter_size=&#8221;3&#8243; media_items=&#8221;media|nolink|original&#8221; screen_lg=&#8221;1000&#8243; screen_md=&#8221;600&#8243; screen_sm=&#8221;480&#8243; single_shape=&#8221;round&#8221; radius=&#8221;std&#8221; single_overlay_opacity=&#8221;1&#8243; single_image_anim=&#8221;no&#8221; single_padding=&#8221;2&#8243; single_shadow=&#8221;yes&#8221; shadow_weight=&#8221;std&#8221; single_border=&#8221;yes&#8221; single_css_animation=&#8221;top-t-bottom&#8221; uncode_shortcode_id=&#8221;114190&#8243;][\/vc_column][\/vc_row][vc_row row_height_percent=&#8221;0&#8243; override_padding=&#8221;yes&#8221; h_padding=&#8221;2&#8243; top_padding=&#8221;2&#8243; bottom_padding=&#8221;4&#8243; overlay_alpha=&#8221;50&#8243; gutter_size=&#8221;3&#8243; column_width_percent=&#8221;100&#8243; shift_y=&#8221;0&#8243; z_index=&#8221;0&#8243;][vc_column column_width_percent=&#8221;100&#8243; gutter_size=&#8221;3&#8243; back_color=&#8221;color-207971&#8243; overlay_alpha=&#8221;50&#8243; border_color=&#8221;color-platinum&#8221; border_style=&#8221;solid&#8221; shift_x=&#8221;0&#8243; shift_y=&#8221;0&#8243; shift_y_down=&#8221;0&#8243; z_index=&#8221;0&#8243; medium_width=&#8221;0&#8243; mobile_width=&#8221;0&#8243; width=&#8221;1\/1&#8243; css=&#8221;.vc_custom_1618217526773{border-left-width: 2px !important;}&#8221;][vc_custom_heading uncode_shortcode_id=&#8221;195519&#8243;]<\/p>\n<h1><strong>Sanitarije i udobnost <\/strong><\/h1>\n<p>[\/vc_custom_heading][uncode_list icon=&#8221;fa fa-check&#8221; icon_color=&#8221;color-oxford&#8221; uncode_shortcode_id=&#8221;118044&#8243; icon_color_type=&#8221;uncode-palette&#8221;]<\/p>\n<ul>\n<li>\u010cetiri ure\u0111ena sanitarna bloka<\/li>\n<li>WC za osobe s invaliditetom<\/li>\n<li>Privatne kupaonice<\/li>\n<li>Kemijski WC<\/li>\n<li>Prostor za direktno pra\u017enjenje iz kampera<\/li>\n<li>Prostor za higijenu ku\u0107nih ljubimaca<\/li>\n<li>Hladnjaci za goste<\/li>\n<li>Perilice za rublje<\/li>\n<\/ul>\n<p>[\/uncode_list][vc_custom_heading uncode_shortcode_id=&#8221;202322&#8243;]<\/p>\n<h1><strong>Usluge i sadr\u017eaji <\/strong><\/h1>\n<p>[\/vc_custom_heading][uncode_list icon=&#8221;fa fa-check&#8221; icon_color=&#8221;color-oxford&#8221; uncode_shortcode_id=&#8221;206839&#8243; icon_color_type=&#8221;uncode-palette&#8221;]<\/p>\n<ul>\n<li>Recepcija<\/li>\n<li>Market ( 2026-04 \u2013 2026-10)<\/li>\n<li>Suvenirnica (2026-07 \u2013 2026-08)<\/li>\n<li>\u0160tand sa svje\u017eim lokalnim namirnicama (2026-05 \u2013 2026-09)<\/li>\n<li>Kids klub (2026-07 \u2013 2026-08)<\/li>\n<li>Be\u017ei\u010dni internet u cijelom prostoru<\/li>\n<\/ul>\n<p>[\/uncode_list][vc_custom_heading uncode_shortcode_id=&#8221;190409&#8243;]<\/p>\n<h1><strong>Sport i aktivnosti <\/strong><\/h1>\n<p>[\/vc_custom_heading][uncode_list icon=&#8221;fa fa-check&#8221; icon_color=&#8221;color-oxford&#8221; uncode_shortcode_id=&#8221;476621&#8243; icon_color_type=&#8221;uncode-palette&#8221;]<\/p>\n<ul>\n<li>Najam bicikla (Primo\u0161ten)<\/li>\n<li>Najam automobila \/ skutera (Primo\u0161ten)<\/li>\n<li>Najam kajaka \/ SUP-a \/<\/li>\n<li>pedalinea<\/li>\n<li>Ronila\u010dki centar<\/li>\n<li>Aqua park (Primo\u0161ten)<\/li>\n<li>Degustacija vina(Primo\u0161ten)<\/li>\n<\/ul>\n<p>[\/uncode_list][\/vc_column][\/vc_row]<\/p>\n<\/div>","protected":false},"excerpt":{"rendered":"<p>[vc_row row_height_percent=&#8221;0&#8243; override_padding=&#8221;yes&#8221; h_padding=&#8221;2&#8243; top_padding=&#8221;3&#8243; bottom_padding=&#8221;2&#8243; overlay_alpha=&#8221;50&#8243; gutter_size=&#8221;3&#8243; column_width_percent=&#8221;100&#8243; shift_y=&#8221;0&#8243; z_index=&#8221;0&#8243;][vc_column column_width_percent=&#8221;100&#8243; gutter_size=&#8221;2&#8243; back_color=&#8221;color-207971&#8243; overlay_alpha=&#8221;50&#8243; border_color=&#8221;color-platinum&#8221; border_style=&#8221;solid&#8221; shift_x=&#8221;0&#8243; shift_y=&#8221;0&#8243; shift_y_down=&#8221;0&#8243; [&hellip;]<\/p>\n","protected":false},"author":6,"featured_media":0,"parent":0,"menu_order":0,"comment_status":"closed","ping_status":"closed","template":"","meta":{"footnotes":""},"class_list":["post-5474","page","type-page","status-publish","hentry"],"_links":{"self":[{"href":"https:\/\/adriatik-kamp.com\/hr\/wp-json\/wp\/v2\/pages\/5474","targetHints":{"allow":["GET"]}}],"collection":[{"href":"https:\/\/adriatik-kamp.com\/hr\/wp-json\/wp\/v2\/pages"}],"about":[{"href":"https:\/\/adriatik-kamp.com\/hr\/wp-json\/wp\/v2\/types\/page"}],"author":[{"embeddable":true,"href":"https:\/\/adriatik-kamp.com\/hr\/wp-json\/wp\/v2\/users\/6"}],"replies":[{"embeddable":true,"href":"https:\/\/adriatik-kamp.com\/hr\/wp-json\/wp\/v2\/comments?post=5474"}],"version-history":[{"count":8,"href":"https:\/\/adriatik-kamp.com\/hr\/wp-json\/wp\/v2\/pages\/5474\/revisions"}],"predecessor-version":[{"id":9912,"href":"https:\/\/adriatik-kamp.com\/hr\/wp-json\/wp\/v2\/pages\/5474\/revisions\/9912"}],"wp:attachment":[{"href":"https:\/\/adriatik-kamp.com\/hr\/wp-json\/wp\/v2\/media?parent=5474"}],"curies":[{"name":"wp","href":"https:\/\/api.w.org\/{rel}","templated":true}]}}