{"id":8602,"date":"2021-04-13T09:21:58","date_gmt":"2021-04-13T07:21:58","guid":{"rendered":"https:\/\/adriatik-kamp.com\/restaurace-adriatik\/"},"modified":"2026-04-22T06:26:07","modified_gmt":"2026-04-22T04:26:07","slug":"gastronomisches-angebot","status":"publish","type":"page","link":"https:\/\/adriatik-kamp.com\/de\/gastronomisches-angebot\/","title":{"rendered":"Gastronomisches Angebot"},"content":{"rendered":"<div class=\"wpb-content-wrapper\"><p>[vc_row row_height_percent=&#8220;0&#8243; override_padding=&#8220;yes&#8220; h_padding=&#8220;2&#8243; top_padding=&#8220;3&#8243; bottom_padding=&#8220;2&#8243; overlay_alpha=&#8220;50&#8243; gutter_size=&#8220;3&#8243; column_width_percent=&#8220;100&#8243; shift_y=&#8220;0&#8243; z_index=&#8220;0&#8243;][vc_column column_width_percent=&#8220;100&#8243; gutter_size=&#8220;2&#8243; back_color=&#8220;color-207971&#8243; overlay_alpha=&#8220;50&#8243; border_color=&#8220;color-platinum&#8220; border_style=&#8220;solid&#8220; shift_x=&#8220;0&#8243; shift_y=&#8220;0&#8243; shift_y_down=&#8220;0&#8243; z_index=&#8220;0&#8243; medium_width=&#8220;0&#8243; mobile_width=&#8220;0&#8243; width=&#8220;1\/2&#8243; css=&#8220;.vc_custom_1618225949471{border-left-width: 2px !important;}&#8220;][uncode_breadcrumbs text_lead=&#8220;small&#8220;][vc_custom_heading auto_text=&#8220;yes&#8220; heading_semantic=&#8220;h1&#8243; text_size=&#8220;h1&#8243; text_weight=&#8220;700&#8243;]This is a custom heading element.[\/vc_custom_heading][vc_column_text uncode_shortcode_id=&#8220;202415&#8243;]Im Herzen des Campingplatzes gelegen, bietet das <strong>Restaurant Adriatic <\/strong>ein authentisches Erlebnis der mediterranen und dalmatinischen K\u00fcche in entspannter und naturnaher Atmosph\u00e4re. Unsere Speisekarte vereint Tradition und Frische und bietet gegrillte Spezialit\u00e4ten, Gerichte \u201eunter der Peka\u201c sowie eine Vielfalt traditioneller dalmatinischer Speisen, liebevoll mit sorgf\u00e4ltig ausgew\u00e4hlten regionalen Zutaten zubereitet.<\/p>\n<p>F\u00fcr Pizza-Liebhaber bieten wir eine gro\u00dfe Auswahl hochwertiger Optionen, die jeden Geschmack treffen, w\u00e4hrend die reichhaltige Auswahl an lokalen Getr\u00e4nken \u2013 darunter Pro\u0161ek, hausgemachte Lik\u00f6re und ausgew\u00e4hlte dalmatinische Weine \u2013 das kulinarische Erlebnis perfekt erg\u00e4nzt.<\/p>\n<p>Das Restaurant verf\u00fcgt \u00fcber eine ger\u00e4umige Au\u00dfenterrasse, ideal f\u00fcr warme Sommerabende, sowie einen klimatisierten Innenbereich, der den ganzen Tag \u00fcber eine angenehme Atmosph\u00e4re bietet.<br \/>\nIm Einklang mit dem familienfreundlichen Geist des Campingplatzes ist das <strong>Restaurant Adriatic <\/strong>haustierfreundlich, sodass auch Ihre vierbeinigen Begleiter einen unbeschwerten Urlaub mit Ihnen genie\u00dfen k\u00f6nnen.[\/vc_column_text][\/vc_column][vc_column width=&#8220;1\/2&#8243;][vc_gallery el_id=&#8220;gallery-106302&#8243; medias=&#8220;7037,7044,7051,7058,7065,7072,7079,7086&#8243; gutter_size=&#8220;3&#8243; media_items=&#8220;media|nolink|original&#8220; screen_lg=&#8220;1000&#8243; screen_md=&#8220;600&#8243; screen_sm=&#8220;480&#8243; single_shape=&#8220;round&#8220; radius=&#8220;std&#8220; single_overlay_opacity=&#8220;1&#8243; single_image_anim=&#8220;no&#8220; single_padding=&#8220;2&#8243; single_shadow=&#8220;yes&#8220; shadow_weight=&#8220;std&#8220; single_border=&#8220;yes&#8220; uncode_shortcode_id=&#8220;674996&#8243;][\/vc_column][\/vc_row][vc_row row_height_percent=&#8220;0&#8243; override_padding=&#8220;yes&#8220; h_padding=&#8220;2&#8243; top_padding=&#8220;2&#8243; bottom_padding=&#8220;4&#8243; overlay_alpha=&#8220;50&#8243; gutter_size=&#8220;3&#8243; column_width_percent=&#8220;100&#8243; shift_y=&#8220;0&#8243; z_index=&#8220;0&#8243;][vc_column width=&#8220;1\/1&#8243;][\/vc_column][\/vc_row]<\/p>\n<\/div>","protected":false},"excerpt":{"rendered":"<p>[vc_row row_height_percent=&#8220;0&#8243; override_padding=&#8220;yes&#8220; h_padding=&#8220;2&#8243; top_padding=&#8220;3&#8243; bottom_padding=&#8220;2&#8243; overlay_alpha=&#8220;50&#8243; gutter_size=&#8220;3&#8243; column_width_percent=&#8220;100&#8243; shift_y=&#8220;0&#8243; z_index=&#8220;0&#8243;][vc_column column_width_percent=&#8220;100&#8243; gutter_size=&#8220;2&#8243; back_color=&#8220;color-207971&#8243; overlay_alpha=&#8220;50&#8243; border_color=&#8220;color-platinum&#8220; border_style=&#8220;solid&#8220; shift_x=&#8220;0&#8243; shift_y=&#8220;0&#8243; shift_y_down=&#8220;0&#8243; [&hellip;]<\/p>\n","protected":false},"author":6,"featured_media":4430,"parent":0,"menu_order":0,"comment_status":"closed","ping_status":"closed","template":"","meta":{"footnotes":""},"class_list":["post-8602","page","type-page","status-publish","has-post-thumbnail","hentry","page_category-index-cs","page_category-index-de","page_category-offer-de"],"_links":{"self":[{"href":"https:\/\/adriatik-kamp.com\/de\/wp-json\/wp\/v2\/pages\/8602","targetHints":{"allow":["GET"]}}],"collection":[{"href":"https:\/\/adriatik-kamp.com\/de\/wp-json\/wp\/v2\/pages"}],"about":[{"href":"https:\/\/adriatik-kamp.com\/de\/wp-json\/wp\/v2\/types\/page"}],"author":[{"embeddable":true,"href":"https:\/\/adriatik-kamp.com\/de\/wp-json\/wp\/v2\/users\/6"}],"replies":[{"embeddable":true,"href":"https:\/\/adriatik-kamp.com\/de\/wp-json\/wp\/v2\/comments?post=8602"}],"version-history":[{"count":6,"href":"https:\/\/adriatik-kamp.com\/de\/wp-json\/wp\/v2\/pages\/8602\/revisions"}],"predecessor-version":[{"id":9932,"href":"https:\/\/adriatik-kamp.com\/de\/wp-json\/wp\/v2\/pages\/8602\/revisions\/9932"}],"wp:featuredmedia":[{"embeddable":true,"href":"https:\/\/adriatik-kamp.com\/de\/wp-json\/wp\/v2\/media\/4430"}],"wp:attachment":[{"href":"https:\/\/adriatik-kamp.com\/de\/wp-json\/wp\/v2\/media?parent=8602"}],"curies":[{"name":"wp","href":"https:\/\/api.w.org\/{rel}","templated":true}]}}