{"id":8568,"date":"2021-04-13T09:43:14","date_gmt":"2021-04-13T07:43:14","guid":{"rendered":"https:\/\/adriatik-kamp.com\/excursions\/"},"modified":"2026-03-11T07:24:37","modified_gmt":"2026-03-11T05:24:37","slug":"ausfluege","status":"publish","type":"page","link":"https:\/\/adriatik-kamp.com\/de\/ausfluege\/","title":{"rendered":"Ausfl\u00fcge"},"content":{"rendered":"<div class=\"wpb-content-wrapper\"><p>[vc_row row_height_percent=&#8220;0&#8243; override_padding=&#8220;yes&#8220; h_padding=&#8220;2&#8243; top_padding=&#8220;4&#8243; bottom_padding=&#8220;2&#8243; overlay_alpha=&#8220;50&#8243; gutter_size=&#8220;3&#8243; column_width_percent=&#8220;100&#8243; shift_y=&#8220;0&#8243; z_index=&#8220;0&#8243;][vc_column column_width_percent=&#8220;100&#8243; gutter_size=&#8220;2&#8243; back_color=&#8220;color-207971&#8243; overlay_alpha=&#8220;50&#8243; border_color=&#8220;color-platinum&#8220; border_style=&#8220;solid&#8220; shift_x=&#8220;0&#8243; shift_y=&#8220;0&#8243; shift_y_down=&#8220;0&#8243; z_index=&#8220;0&#8243; medium_width=&#8220;0&#8243; mobile_width=&#8220;0&#8243; width=&#8220;1\/1&#8243; css=&#8220;.vc_custom_1618225949471{border-left-width: 2px !important;}&#8220;][uncode_breadcrumbs text_lead=&#8220;small&#8220;][vc_custom_heading auto_text=&#8220;yes&#8220; heading_semantic=&#8220;h1&#8243; text_size=&#8220;h1&#8243; text_weight=&#8220;700&#8243;]This is a custom heading element.[\/vc_custom_heading][\/vc_column][\/vc_row][vc_row row_height_percent=&#8220;0&#8243; override_padding=&#8220;yes&#8220; h_padding=&#8220;2&#8243; top_padding=&#8220;1&#8243; bottom_padding=&#8220;2&#8243; overlay_alpha=&#8220;50&#8243; equal_height=&#8220;yes&#8220; gutter_size=&#8220;3&#8243; column_width_percent=&#8220;100&#8243; shift_y=&#8220;0&#8243; z_index=&#8220;0&#8243;][vc_column column_width_percent=&#8220;100&#8243; gutter_size=&#8220;3&#8243; back_color=&#8220;color-lxmt&#8220; overlay_alpha=&#8220;50&#8243; radius=&#8220;std&#8220; shift_x=&#8220;0&#8243; shift_y=&#8220;0&#8243; shift_y_down=&#8220;0&#8243; z_index=&#8220;0&#8243; medium_width=&#8220;0&#8243; mobile_width=&#8220;0&#8243; width=&#8220;1\/2&#8243;][vc_gallery el_id=&#8220;gallery-116900&#8243; type=&#8220;css_grid&#8220; medias=&#8220;8284,8291,8423,8430&#8243; grid_items=&#8220;2&#8243; screen_lg_items=&#8220;3&#8243; screen_lg_breakpoint=&#8220;1000&#8243; screen_md_items=&#8220;2&#8243; screen_md_breakpoint=&#8220;600&#8243; screen_sm_items=&#8220;1&#8243; screen_sm_breakpoint=&#8220;480&#8243; gutter_size=&#8220;3&#8243; single_overlay_opacity=&#8220;50&#8243; single_padding=&#8220;2&#8243; uncode_shortcode_id=&#8220;150560&#8243;][vc_column_text uncode_shortcode_id=&#8220;125882&#8243;]Primo\u0161ten ist eine charmante dalmatinische Stadt zwischen \u0160ibenik und Split, bekannt f\u00fcr ihre Altstadt auf der Halbinsel mit steinernen H\u00e4usern, Kapellen und engen Gassen, die von mediterraner Vegetation ges\u00e4umt sind. Spazierg\u00e4nge entlang der Promenaden am Meer, unvergessliche Sonnenunterg\u00e4nge, kristallklares Wasser und vielf\u00e4ltige Gastronomie bieten eine perfekte Verbindung von Geschichte, Gegenwart, Menschen und Natur.<\/p>\n<p><strong>\u00a0URL: <a href=\"https:\/\/visitprimosten.com\/\" target=\"_blank\" rel=\"noopener\">https:\/\/visitprimosten.com\/<\/a><\/strong>[\/vc_column_text][\/vc_column][vc_column column_width_percent=&#8220;100&#8243; gutter_size=&#8220;3&#8243; back_color=&#8220;color-lxmt&#8220; overlay_alpha=&#8220;50&#8243; radius=&#8220;std&#8220; shift_x=&#8220;0&#8243; shift_y=&#8220;0&#8243; shift_y_down=&#8220;0&#8243; z_index=&#8220;0&#8243; medium_width=&#8220;0&#8243; mobile_width=&#8220;0&#8243; width=&#8220;1\/2&#8243;][vc_gallery el_id=&#8220;gallery-1169006&#8243; type=&#8220;css_grid&#8220; medias=&#8220;8300,8437,8444,8451&#8243; grid_items=&#8220;2&#8243; screen_lg_items=&#8220;3&#8243; screen_lg_breakpoint=&#8220;1000&#8243; screen_md_items=&#8220;2&#8243; screen_md_breakpoint=&#8220;600&#8243; screen_sm_items=&#8220;1&#8243; screen_sm_breakpoint=&#8220;480&#8243; gutter_size=&#8220;3&#8243; single_overlay_opacity=&#8220;50&#8243; single_padding=&#8220;2&#8243; uncode_shortcode_id=&#8220;119559&#8243;][vc_column_text uncode_shortcode_id=&#8220;157391&#8243;]\u0160ibenik ist eine historische Stadt am Eingang der \u0160ibeniker Bucht, bekannt f\u00fcr die UNESCO-gesch\u00fctzte Kathedrale des Heiligen Jakobus und ein System von vier Festungen, die auf die reiche Vergangenheit der Stadt hinweisen. Der steinerne Kern, das Meer und die offenen Ausblicke \u00fcber die Bucht machen die Stadt zu einem der besonderen Orte Mittel-Dalmatiens.<\/p>\n<p><strong>URL: <a href=\"https:\/\/www.visitsibenik.hr\/\" target=\"_blank\" rel=\"noopener\">https:\/\/www.visitsibenik.hr\/<\/a> , <a href=\"https:\/\/sibenikcard.hr\/\" target=\"_blank\" rel=\"noopener\">https:\/\/sibenikcard.hr\/<\/a><\/strong>[\/vc_column_text][\/vc_column][\/vc_row][vc_row row_height_percent=&#8220;0&#8243; overlay_alpha=&#8220;50&#8243; equal_height=&#8220;yes&#8220; gutter_size=&#8220;3&#8243; column_width_percent=&#8220;100&#8243; shift_y=&#8220;0&#8243; z_index=&#8220;0&#8243;][vc_column column_width_percent=&#8220;100&#8243; gutter_size=&#8220;3&#8243; back_color=&#8220;color-lxmt&#8220; overlay_alpha=&#8220;50&#8243; radius=&#8220;std&#8220; shift_x=&#8220;0&#8243; shift_y=&#8220;0&#8243; shift_y_down=&#8220;0&#8243; z_index=&#8220;0&#8243; medium_width=&#8220;0&#8243; mobile_width=&#8220;0&#8243; width=&#8220;1\/2&#8243;][vc_gallery el_id=&#8220;gallery-116900&#8243; type=&#8220;css_grid&#8220; medias=&#8220;8308,8458,8465,8472&#8243; grid_items=&#8220;2&#8243; screen_lg_items=&#8220;3&#8243; screen_lg_breakpoint=&#8220;1000&#8243; screen_md_items=&#8220;2&#8243; screen_md_breakpoint=&#8220;600&#8243; screen_sm_items=&#8220;1&#8243; screen_sm_breakpoint=&#8220;480&#8243; gutter_size=&#8220;3&#8243; single_overlay_opacity=&#8220;50&#8243; single_padding=&#8220;2&#8243; uncode_shortcode_id=&#8220;528175&#8243;][vc_column_text uncode_shortcode_id=&#8220;361673&#8243;]Split entstand aus dem Diokletianpalast, einem einzigartigen Monument antiker Architektur, das seit 17 Jahrhunderten das Zentrum des st\u00e4dtischen Lebens ist. Die historische Altstadt von Split steht auf der UNESCO-Welterbeliste, und heute verbindet die Stadt reiche Geschichte, mediterranen Lebensstil und nat\u00fcrliche Sch\u00f6nheiten wie den Marjan-H\u00fcgel und die Stadtstr\u00e4nde.<\/p>\n<p><strong>URL: <a href=\"https:\/\/visitsplit.com\/\" target=\"_blank\" rel=\"noopener\">https:\/\/visitsplit.com\/<\/a>, <a href=\"https:\/\/360.visitsplit.com\/\" target=\"_blank\" rel=\"noopener\">https:\/\/360.visitsplit.com\/<\/a>\u00a0<\/strong>[\/vc_column_text][\/vc_column][vc_column column_width_percent=&#8220;100&#8243; gutter_size=&#8220;3&#8243; back_color=&#8220;color-lxmt&#8220; overlay_alpha=&#8220;50&#8243; radius=&#8220;std&#8220; shift_x=&#8220;0&#8243; shift_y=&#8220;0&#8243; shift_y_down=&#8220;0&#8243; z_index=&#8220;0&#8243; medium_width=&#8220;0&#8243; mobile_width=&#8220;0&#8243; width=&#8220;1\/2&#8243;][vc_gallery el_id=&#8220;gallery-116900&#8243; type=&#8220;css_grid&#8220; medias=&#8220;8315,8479,8486,8493&#8243; grid_items=&#8220;2&#8243; screen_lg_items=&#8220;3&#8243; screen_lg_breakpoint=&#8220;1000&#8243; screen_md_items=&#8220;2&#8243; screen_md_breakpoint=&#8220;600&#8243; screen_sm_items=&#8220;1&#8243; screen_sm_breakpoint=&#8220;480&#8243; gutter_size=&#8220;3&#8243; single_overlay_opacity=&#8220;50&#8243; single_padding=&#8220;2&#8243; uncode_shortcode_id=&#8220;358713&#8243;][vc_column_text uncode_shortcode_id=&#8220;123963&#8243;]Der Nationalpark Krka umfasst den sch\u00f6nsten Abschnitt des Flusses Krka und den unteren Lauf der \u010cikola, ber\u00fchmt f\u00fcr seine Travertin-Wasserf\u00e4lle, kristallklares Wasser und au\u00dfergew\u00f6hnlichen Naturwert. Dieses gesch\u00fctzte Gebiet bietet ein einzigartiges Erlebnis unber\u00fchrter Natur, reiches Kulturerbe und Erholung \u2013 ideal f\u00fcr Naturliebhaber und aktive Besucher.<\/p>\n<p><strong>URL: <a href=\"https:\/\/www.npkrka.hr\/hr\/\" target=\"_blank\" rel=\"noopener\">https:\/\/www.npkrka.hr\/hr\/<\/a><\/strong>[\/vc_column_text][\/vc_column][\/vc_row][vc_row row_height_percent=&#8220;0&#8243; override_padding=&#8220;yes&#8220; h_padding=&#8220;2&#8243; top_padding=&#8220;2&#8243; bottom_padding=&#8220;4&#8243; overlay_alpha=&#8220;50&#8243; equal_height=&#8220;yes&#8220; gutter_size=&#8220;3&#8243; column_width_percent=&#8220;100&#8243; shift_y=&#8220;0&#8243; z_index=&#8220;0&#8243;][vc_column column_width_percent=&#8220;100&#8243; gutter_size=&#8220;3&#8243; back_color=&#8220;color-lxmt&#8220; overlay_alpha=&#8220;50&#8243; radius=&#8220;std&#8220; shift_x=&#8220;0&#8243; shift_y=&#8220;0&#8243; shift_y_down=&#8220;0&#8243; z_index=&#8220;0&#8243; medium_width=&#8220;0&#8243; mobile_width=&#8220;0&#8243; width=&#8220;1\/2&#8243;][vc_gallery el_id=&#8220;gallery-116900&#8243; type=&#8220;css_grid&#8220; medias=&#8220;8322,8500,8507,8514&#8243; grid_items=&#8220;2&#8243; screen_lg_items=&#8220;3&#8243; screen_lg_breakpoint=&#8220;1000&#8243; screen_md_items=&#8220;2&#8243; screen_md_breakpoint=&#8220;600&#8243; screen_sm_items=&#8220;1&#8243; screen_sm_breakpoint=&#8220;480&#8243; gutter_size=&#8220;3&#8243; single_overlay_opacity=&#8220;50&#8243; single_padding=&#8220;2&#8243; uncode_shortcode_id=&#8220;837148&#8243;][vc_column_text uncode_shortcode_id=&#8220;187328&#8243;]Trogir verzaubert mit mediterranem Charme, engen steinernen Stra\u00dfen und einer historischen Altstadt, die Spuren von \u00fcber 3600 Jahren Geschichte tr\u00e4gt. Bekannt als Stadt der Meister, ber\u00fchmt f\u00fcr herausragende Kunstwerke und UNESCO-Erbe, strahlt sie bis heute Inspiration und Sch\u00f6nheit aus.<\/p>\n<p><strong>URL: <a href=\"https:\/\/www.visittrogir.hr\/hr\/tourist\" target=\"_blank\" rel=\"noopener\">https:\/\/www.visittrogir.hr\/hr\/tourist<\/a><\/strong>[\/vc_column_text][\/vc_column][vc_column column_width_percent=&#8220;100&#8243; gutter_size=&#8220;3&#8243; back_color=&#8220;color-lxmt&#8220; overlay_alpha=&#8220;50&#8243; radius=&#8220;std&#8220; shift_x=&#8220;0&#8243; shift_y=&#8220;0&#8243; shift_y_down=&#8220;0&#8243; z_index=&#8220;0&#8243; medium_width=&#8220;0&#8243; mobile_width=&#8220;0&#8243; width=&#8220;1\/2&#8243;][vc_gallery el_id=&#8220;gallery-116900&#8243; type=&#8220;css_grid&#8220; medias=&#8220;8329,8521,8528,8535&#8243; grid_items=&#8220;2&#8243; screen_lg_items=&#8220;3&#8243; screen_lg_breakpoint=&#8220;1000&#8243; screen_md_items=&#8220;2&#8243; screen_md_breakpoint=&#8220;600&#8243; screen_sm_items=&#8220;1&#8243; screen_sm_breakpoint=&#8220;480&#8243; gutter_size=&#8220;3&#8243; single_overlay_opacity=&#8220;50&#8243; single_padding=&#8220;2&#8243; uncode_shortcode_id=&#8220;188793&#8243;][vc_column_text uncode_shortcode_id=&#8220;773576&#8243;]Knin ist eine Stadt beeindruckender Natur und reicher Geschichte, gelegen zwischen m\u00e4chtigen Bergen, Fl\u00fcssen und den Quellen der Krka, \u00fcber der sich die Dinara, der h\u00f6chste Gipfel Kroatiens, erhebt. Das Stadtbild wird von einer der gr\u00f6\u00dften mittelalterlichen Festungen Europas gepr\u00e4gt, einst Hauptstadt kroatischer K\u00f6nige und dauerhaftes Symbol der Stadt.<\/p>\n<p><strong>URL: <a href=\"https:\/\/visitknin.hr\/\" target=\"_blank\" rel=\"noopener\">https:\/\/visitknin.hr\/<\/a><\/strong>[\/vc_column_text][\/vc_column][\/vc_row][vc_row row_height_percent=&#8220;0&#8243; override_padding=&#8220;yes&#8220; h_padding=&#8220;2&#8243; top_padding=&#8220;2&#8243; bottom_padding=&#8220;4&#8243; overlay_alpha=&#8220;50&#8243; equal_height=&#8220;yes&#8220; gutter_size=&#8220;3&#8243; column_width_percent=&#8220;100&#8243; shift_y=&#8220;0&#8243; z_index=&#8220;0&#8243;][vc_column column_width_percent=&#8220;100&#8243; gutter_size=&#8220;3&#8243; back_color=&#8220;color-lxmt&#8220; overlay_alpha=&#8220;50&#8243; radius=&#8220;std&#8220; shift_x=&#8220;0&#8243; shift_y=&#8220;0&#8243; shift_y_down=&#8220;0&#8243; z_index=&#8220;0&#8243; medium_width=&#8220;0&#8243; mobile_width=&#8220;0&#8243; width=&#8220;1\/2&#8243;][vc_gallery el_id=&#8220;gallery-116900&#8243; type=&#8220;css_grid&#8220; medias=&#8220;8336,8343,8350,8357&#8243; grid_items=&#8220;2&#8243; screen_lg_items=&#8220;3&#8243; screen_lg_breakpoint=&#8220;1000&#8243; screen_md_items=&#8220;2&#8243; screen_md_breakpoint=&#8220;600&#8243; screen_sm_items=&#8220;1&#8243; screen_sm_breakpoint=&#8220;480&#8243; gutter_size=&#8220;3&#8243; single_overlay_opacity=&#8220;50&#8243; single_padding=&#8220;2&#8243; uncode_shortcode_id=&#8220;560290&#8243;][vc_column_text uncode_shortcode_id=&#8220;204143&#8243;]Der Nationalpark Kornati umfasst 89 Inseln, Inselchen und Riffe in Mitteldalmatien, wobei der Gro\u00dfteil seiner Fl\u00e4che ein gesch\u00fctztes Meeres\u00f6kosystem mit kristallklarem Wasser ist. Erkennbar an den steilen Klippen \u2013 den \u201eKronen\u201c zum offenen Meer hin \u2013 bieten die Kornaten eine einzigartige Verbindung aus wilder Sch\u00f6nheit, Ruhe und unber\u00fchrter Natur.<\/p>\n<p><strong>URL: <a href=\"https:\/\/www.np-kornati.hr\/index.php?lang=hr\" target=\"_blank\" rel=\"noopener\">https:\/\/www.np-kornati.hr\/<\/a><br \/>\n<\/strong>Autor foto: Novena d.o.o.[\/vc_column_text][\/vc_column][vc_column column_width_percent=&#8220;100&#8243; gutter_size=&#8220;3&#8243; back_color=&#8220;color-lxmt&#8220; overlay_alpha=&#8220;50&#8243; radius=&#8220;std&#8220; shift_x=&#8220;0&#8243; shift_y=&#8220;0&#8243; shift_y_down=&#8220;0&#8243; z_index=&#8220;0&#8243; medium_width=&#8220;0&#8243; mobile_width=&#8220;0&#8243; width=&#8220;1\/2&#8243;][vc_gallery el_id=&#8220;gallery-116900&#8243; type=&#8220;css_grid&#8220; medias=&#8220;8364,8542,8549,8556&#8243; grid_items=&#8220;2&#8243; screen_lg_items=&#8220;3&#8243; screen_lg_breakpoint=&#8220;1000&#8243; screen_md_items=&#8220;2&#8243; screen_md_breakpoint=&#8220;600&#8243; screen_sm_items=&#8220;1&#8243; screen_sm_breakpoint=&#8220;480&#8243; gutter_size=&#8220;3&#8243; single_overlay_opacity=&#8220;50&#8243; single_padding=&#8220;2&#8243; uncode_shortcode_id=&#8220;102772&#8243;][vc_column_text uncode_shortcode_id=&#8220;126239&#8243;]Prvi\u0107 und Zlarin sind autofreie Inseln bei \u0160ibenik, bekannt f\u00fcr ihr kristallklares Meer und authentisches dalmatinisches Flair. Prvi\u0107 Luka ist besonders als letzte Ruhest\u00e4tte des Erfinders Faust Vran\u010di\u0107 bekannt, w\u00e4hrend Zlarin als \u201eInsel der Korallen\u201c ber\u00fchmt ist.<\/p>\n<div class=\"flex flex-col text-sm pb-25\">\n<article class=\"text-token-text-primary w-full focus:outline-none [--shadow-height:45px] has-data-writing-block:pointer-events-none has-data-writing-block:-mt-(--shadow-height) has-data-writing-block:pt-(--shadow-height) [&amp;:has([data-writing-block])&gt;*]:pointer-events-auto scroll-mt-[calc(var(--header-height)+min(200px,max(70px,20svh)))]\" dir=\"auto\" tabindex=\"-1\" data-turn-id=\"request-6994100f-bab8-832a-af11-648e8cba6b7d-1\" data-testid=\"conversation-turn-20\" data-scroll-anchor=\"true\" data-turn=\"assistant\">\n<div class=\"text-base my-auto mx-auto pb-10 [--thread-content-margin:--spacing(4)] @w-sm\/main:[--thread-content-margin:--spacing(6)] @w-lg\/main:[--thread-content-margin:--spacing(16)] px-(--thread-content-margin)\">\n<div class=\"[--thread-content-max-width:40rem] @w-lg\/main:[--thread-content-max-width:48rem] mx-auto max-w-(--thread-content-max-width) flex-1 group\/turn-messages focus-visible:outline-hidden relative flex w-full min-w-0 flex-col agent-turn\" tabindex=\"-1\">\n<div class=\"z-0 flex min-h-[46px] justify-start\"><strong>More:\u00a0<a href=\"https:\/\/www.tz-zlarin.hr\/\" target=\"_blank\" rel=\"noopener\">https:\/\/www.tz-zlarin.hr\/<\/a><br \/>\nMore:\u00a0<a class=\"cursor-init\" href=\"https:\/\/www.vodice.hr\/hr\/home\" target=\"_blank\" rel=\"noopener\">https:\/\/www.vodice.hr\/hr\/home<\/a><br \/>\n<\/strong>Autor foto: TZ Zlarin, Vodice<\/div>\n<\/div>\n<\/div>\n<\/article>\n<\/div>\n<p>[\/vc_column_text][\/vc_column][\/vc_row]<\/p>\n<\/div>","protected":false},"excerpt":{"rendered":"<p>[vc_row row_height_percent=&#8220;0&#8243; override_padding=&#8220;yes&#8220; h_padding=&#8220;2&#8243; top_padding=&#8220;4&#8243; bottom_padding=&#8220;2&#8243; overlay_alpha=&#8220;50&#8243; gutter_size=&#8220;3&#8243; column_width_percent=&#8220;100&#8243; shift_y=&#8220;0&#8243; z_index=&#8220;0&#8243;][vc_column column_width_percent=&#8220;100&#8243; gutter_size=&#8220;2&#8243; back_color=&#8220;color-207971&#8243; overlay_alpha=&#8220;50&#8243; border_color=&#8220;color-platinum&#8220; border_style=&#8220;solid&#8220; shift_x=&#8220;0&#8243; shift_y=&#8220;0&#8243; shift_y_down=&#8220;0&#8243; [&hellip;]<\/p>\n","protected":false},"author":6,"featured_media":9300,"parent":0,"menu_order":0,"comment_status":"closed","ping_status":"closed","template":"","meta":{"footnotes":""},"class_list":["post-8568","page","type-page","status-publish","has-post-thumbnail","hentry","page_category-index-de","page_category-offer-de"],"_links":{"self":[{"href":"https:\/\/adriatik-kamp.com\/de\/wp-json\/wp\/v2\/pages\/8568","targetHints":{"allow":["GET"]}}],"collection":[{"href":"https:\/\/adriatik-kamp.com\/de\/wp-json\/wp\/v2\/pages"}],"about":[{"href":"https:\/\/adriatik-kamp.com\/de\/wp-json\/wp\/v2\/types\/page"}],"author":[{"embeddable":true,"href":"https:\/\/adriatik-kamp.com\/de\/wp-json\/wp\/v2\/users\/6"}],"replies":[{"embeddable":true,"href":"https:\/\/adriatik-kamp.com\/de\/wp-json\/wp\/v2\/comments?post=8568"}],"version-history":[{"count":7,"href":"https:\/\/adriatik-kamp.com\/de\/wp-json\/wp\/v2\/pages\/8568\/revisions"}],"predecessor-version":[{"id":9604,"href":"https:\/\/adriatik-kamp.com\/de\/wp-json\/wp\/v2\/pages\/8568\/revisions\/9604"}],"wp:featuredmedia":[{"embeddable":true,"href":"https:\/\/adriatik-kamp.com\/de\/wp-json\/wp\/v2\/media\/9300"}],"wp:attachment":[{"href":"https:\/\/adriatik-kamp.com\/de\/wp-json\/wp\/v2\/media?parent=8568"}],"curies":[{"name":"wp","href":"https:\/\/api.w.org\/{rel}","templated":true}]}}