{"id":8078,"date":"2026-02-08T19:24:39","date_gmt":"2026-02-08T17:24:39","guid":{"rendered":"https:\/\/adriatik-kamp.com\/?page_id=8078"},"modified":"2026-03-31T14:10:54","modified_gmt":"2026-03-31T12:10:54","slug":"unterkunft","status":"publish","type":"page","link":"https:\/\/adriatik-kamp.com\/de\/unterkunft\/","title":{"rendered":"Unterkunft"},"content":{"rendered":"<div class=\"wpb-content-wrapper\"><p>[vc_row row_height_percent=&#8220;0&#8243; override_padding=&#8220;yes&#8220; h_padding=&#8220;2&#8243; top_padding=&#8220;3&#8243; bottom_padding=&#8220;2&#8243; overlay_alpha=&#8220;50&#8243; gutter_size=&#8220;3&#8243; column_width_percent=&#8220;100&#8243; shift_y=&#8220;0&#8243; z_index=&#8220;0&#8243;][vc_column column_width_percent=&#8220;100&#8243; gutter_size=&#8220;2&#8243; back_color=&#8220;color-207971&#8243; overlay_alpha=&#8220;50&#8243; border_color=&#8220;color-platinum&#8220; border_style=&#8220;solid&#8220; shift_x=&#8220;0&#8243; shift_y=&#8220;0&#8243; shift_y_down=&#8220;0&#8243; z_index=&#8220;0&#8243; medium_width=&#8220;0&#8243; mobile_width=&#8220;0&#8243; width=&#8220;1\/1&#8243; css=&#8220;.vc_custom_1618225949471{border-left-width: 2px !important;}&#8220;][uncode_breadcrumbs text_lead=&#8220;small&#8220;][vc_custom_heading auto_text=&#8220;yes&#8220; heading_semantic=&#8220;h1&#8243; text_size=&#8220;h1&#8243; text_weight=&#8220;700&#8243;]This is a custom heading element.[\/vc_custom_heading][vc_column_text uncode_shortcode_id=&#8220;113808&#8243;]Im Campingplatz Adriatic bieten wir eine Vielzahl von Unterkunftsoptionen f\u00fcr jeden Urlaubsstil \u2013 von gro\u00dfz\u00fcgigen Stellpl\u00e4tzen und Zeltbereichen bis hin zu modernen, komfortablen Mobilheimen. Jede Unterkunft vereint Privatsph\u00e4re, Komfort und unmittelbare N\u00e4he zum Meer, eingebettet in unber\u00fchrte Natur und die D\u00fcfte des Mittelmeers.<\/p>\n<p>&nbsp;<\/p>\n<p>Ob Sie sich f\u00fcr Mobilheime auf der rechten Seite des Campingplatzes, Cliff-Mobilheime auf den Felsen mit Panoramablick auf das Meer oder Deluxe- und Premium-Stellpl\u00e4tze direkt am Wasser entscheiden \u2013 jeder Aufenthalt verspricht ein unvergessliches Erlebnis, Entspannung und authentisches dalmatinisches Flair. Hier trifft Natur auf Komfort und bietet Familien, Paaren und Freundesgruppen den perfekten Rahmen f\u00fcr bleibende Erinnerungen.[\/vc_column_text][\/vc_column][\/vc_row][vc_row row_height_percent=&#8220;0&#8243; override_padding=&#8220;yes&#8220; h_padding=&#8220;2&#8243; top_padding=&#8220;2&#8243; bottom_padding=&#8220;0&#8243; overlay_alpha=&#8220;50&#8243; equal_height=&#8220;yes&#8220; gutter_size=&#8220;3&#8243; column_width_percent=&#8220;100&#8243; shift_y=&#8220;0&#8243; z_index=&#8220;0&#8243; content_parallax=&#8220;0&#8243; uncode_shortcode_id=&#8220;125059&#8243;][vc_column width=&#8220;1\/2&#8243;][vc_single_image media=&#8220;6417&#8243; media_width_percent=&#8220;100&#8243; media_ratio=&#8220;four-three&#8220; shape=&#8220;img-round&#8220; radius=&#8220;std&#8220; advanced=&#8220;yes&#8220; media_items=&#8220;media|original&#8220; media_overlay_color=&#8220;color-jevc&#8220; media_overlay_coloration=&#8220;bottom_gradient&#8220; media_overlay_opacity=&#8220;60&#8243; media_overlay_visible=&#8220;yes&#8220; media_overlay_anim=&#8220;no&#8220; media_text_visible=&#8220;yes&#8220; media_text_anim=&#8220;no&#8220; media_v_position=&#8220;bottom&#8220; media_padding=&#8220;2&#8243; media_title_dimension=&#8220;h1&#8243; media_title_custom=&#8220;Mobile Homes&#8220; media_link=&#8220;url:https%3A%2F%2Fadriatik-kamp.com%2Fde%2Fmobilheim-mit-blick-auf-den-campingplatz%2F|title:Mobilheim%20mit%20Blick%20auf%20den%20Campingplatz&#8220; uncode_shortcode_id=&#8220;768760&#8243; media_overlay_color_type=&#8220;uncode-palette&#8220; title=&#8220;Mobilheim mit Blick auf den Campingplatz&#8220;][\/vc_column][vc_column width=&#8220;1\/2&#8243;][vc_single_image media=&#8220;7348&#8243; media_width_percent=&#8220;100&#8243; media_ratio=&#8220;four-three&#8220; shape=&#8220;img-round&#8220; radius=&#8220;std&#8220; advanced=&#8220;yes&#8220; media_items=&#8220;media|original&#8220; media_overlay_color=&#8220;color-jevc&#8220; media_overlay_coloration=&#8220;bottom_gradient&#8220; media_overlay_opacity=&#8220;60&#8243; media_overlay_visible=&#8220;yes&#8220; media_overlay_anim=&#8220;no&#8220; media_text_visible=&#8220;yes&#8220; media_text_anim=&#8220;no&#8220; media_v_position=&#8220;bottom&#8220; media_padding=&#8220;2&#8243; media_title_dimension=&#8220;h1&#8243; media_title_custom=&#8220;CLIFF (PREMIUM) MOBILE HOMES&#8220; media_link=&#8220;url:https%3A%2F%2Fadriatik-kamp.com%2Fde%2Fmobilheime-mit-meerblick%2F|title:Mobilheime%20mit%20Meerblick&#8220; uncode_shortcode_id=&#8220;121234&#8243; media_overlay_color_type=&#8220;uncode-palette&#8220; title=&#8220;Mobilheime mit Meerblick&#8220;][\/vc_column][\/vc_row][vc_row row_height_percent=&#8220;0&#8243; override_padding=&#8220;yes&#8220; h_padding=&#8220;2&#8243; top_padding=&#8220;2&#8243; bottom_padding=&#8220;4&#8243; overlay_alpha=&#8220;50&#8243; equal_height=&#8220;yes&#8220; gutter_size=&#8220;3&#8243; column_width_percent=&#8220;100&#8243; shift_y=&#8220;0&#8243; z_index=&#8220;0&#8243;][vc_column width=&#8220;1\/2&#8243;][vc_single_image media=&#8220;7433&#8243; media_width_percent=&#8220;100&#8243; media_ratio=&#8220;four-three&#8220; shape=&#8220;img-round&#8220; radius=&#8220;std&#8220; advanced=&#8220;yes&#8220; media_items=&#8220;media|original&#8220; media_overlay_color=&#8220;color-jevc&#8220; media_overlay_coloration=&#8220;bottom_gradient&#8220; media_overlay_opacity=&#8220;60&#8243; media_overlay_visible=&#8220;yes&#8220; media_overlay_anim=&#8220;no&#8220; media_text_visible=&#8220;yes&#8220; media_text_anim=&#8220;no&#8220; media_v_position=&#8220;bottom&#8220; media_padding=&#8220;2&#8243; media_title_dimension=&#8220;h1&#8243; media_title_custom=&#8220;PITCHES&#8220; media_link=&#8220;url:https%3A%2F%2Fadriatik-kamp.com%2Fde%2Fcliff-mobilheime-mit-meerblick%2F|title:Cliff-Mobilheime%20mit%20Meerblick|rel:nofollow&#8220; uncode_shortcode_id=&#8220;155615&#8243; media_overlay_color_type=&#8220;uncode-palette&#8220; title=&#8220;Cliff-Mobilheime mit Meerblick&#8220;][\/vc_column][vc_column column_width_percent=&#8220;100&#8243; gutter_size=&#8220;3&#8243; overlay_alpha=&#8220;50&#8243; shift_x=&#8220;0&#8243; shift_y=&#8220;0&#8243; shift_y_down=&#8220;0&#8243; z_index=&#8220;0&#8243; medium_visibility=&#8220;yes&#8220; medium_width=&#8220;0&#8243; mobile_visibility=&#8220;yes&#8220; mobile_width=&#8220;0&#8243; width=&#8220;1\/2&#8243; uncode_shortcode_id=&#8220;213212&#8243;][vc_single_image media=&#8220;7539&#8243; media_width_percent=&#8220;100&#8243; media_ratio=&#8220;four-three&#8220; shape=&#8220;img-round&#8220; radius=&#8220;std&#8220; advanced=&#8220;yes&#8220; media_items=&#8220;media|original&#8220; media_overlay_color=&#8220;color-jevc&#8220; media_overlay_coloration=&#8220;bottom_gradient&#8220; media_overlay_opacity=&#8220;60&#8243; media_overlay_visible=&#8220;yes&#8220; media_overlay_anim=&#8220;no&#8220; media_text_visible=&#8220;yes&#8220; media_text_anim=&#8220;no&#8220; media_v_position=&#8220;bottom&#8220; media_padding=&#8220;2&#8243; media_title_dimension=&#8220;h1&#8243; media_title_custom=&#8220;PITCHES&#8220; media_link=&#8220;url:https%3A%2F%2Fadriatik-kamp.com%2Fde%2Fmobile-homes-seaside%2F|title:Mobile%20Homes%20Seaside&#8220; uncode_shortcode_id=&#8220;527984&#8243; media_overlay_color_type=&#8220;uncode-palette&#8220; title=&#8220;Mobile Homes Seaside&#8220;][\/vc_column][\/vc_row][vc_row row_height_percent=&#8220;0&#8243; override_padding=&#8220;yes&#8220; h_padding=&#8220;2&#8243; top_padding=&#8220;2&#8243; bottom_padding=&#8220;4&#8243; overlay_alpha=&#8220;50&#8243; equal_height=&#8220;yes&#8220; gutter_size=&#8220;3&#8243; column_width_percent=&#8220;100&#8243; shift_y=&#8220;0&#8243; z_index=&#8220;0&#8243;][vc_column width=&#8220;1\/2&#8243;][vc_single_image media=&#8220;7638&#8243; media_width_percent=&#8220;100&#8243; media_ratio=&#8220;four-three&#8220; shape=&#8220;img-round&#8220; radius=&#8220;std&#8220; advanced=&#8220;yes&#8220; media_items=&#8220;media|original&#8220; media_overlay_color=&#8220;color-jevc&#8220; media_overlay_coloration=&#8220;bottom_gradient&#8220; media_overlay_opacity=&#8220;60&#8243; media_overlay_visible=&#8220;yes&#8220; media_overlay_anim=&#8220;no&#8220; media_text_visible=&#8220;yes&#8220; media_text_anim=&#8220;no&#8220; media_v_position=&#8220;bottom&#8220; media_padding=&#8220;2&#8243; media_title_dimension=&#8220;h1&#8243; media_title_custom=&#8220;PITCHES&#8220; media_link=&#8220;url:https%3A%2F%2Fadriatik-kamp.com%2Fde%2Fcliff-mobilheime-mit-meerblick-21%2F|title:Cliff%20Mobilheim%20mit%20Meerblick%20(2%2B1)&#8220; uncode_shortcode_id=&#8220;901465&#8243; media_overlay_color_type=&#8220;uncode-palette&#8220; title=&#8220;Cliff Mobilheim mit Meerblick (2+1)&#8220;][\/vc_column][vc_column column_width_percent=&#8220;100&#8243; gutter_size=&#8220;3&#8243; overlay_alpha=&#8220;50&#8243; shift_x=&#8220;0&#8243; shift_y=&#8220;0&#8243; shift_y_down=&#8220;0&#8243; z_index=&#8220;0&#8243; medium_visibility=&#8220;yes&#8220; medium_width=&#8220;0&#8243; mobile_visibility=&#8220;yes&#8220; mobile_width=&#8220;0&#8243; width=&#8220;1\/2&#8243; uncode_shortcode_id=&#8220;213212&#8243;][vc_single_image media=&#8220;7680&#8243; media_width_percent=&#8220;100&#8243; media_ratio=&#8220;four-three&#8220; shape=&#8220;img-round&#8220; radius=&#8220;std&#8220; advanced=&#8220;yes&#8220; media_items=&#8220;media|original&#8220; media_overlay_color=&#8220;color-jevc&#8220; media_overlay_coloration=&#8220;bottom_gradient&#8220; media_overlay_opacity=&#8220;60&#8243; media_overlay_visible=&#8220;yes&#8220; media_overlay_anim=&#8220;no&#8220; media_text_visible=&#8220;yes&#8220; media_text_anim=&#8220;no&#8220; media_v_position=&#8220;bottom&#8220; media_padding=&#8220;2&#8243; media_title_dimension=&#8220;h1&#8243; media_title_custom=&#8220;PITCHES&#8220; media_link=&#8220;url:https%3A%2F%2Fadriatik-kamp.com%2Fde%2Fpremium-seafront-stellplaetze%2F|title:Premium%20Seafront%20Pitches&#8220; uncode_shortcode_id=&#8220;770409&#8243; media_overlay_color_type=&#8220;uncode-palette&#8220; title=&#8220;Premium Seafront Stellpl\u00e4tze&#8220;][\/vc_column][\/vc_row][vc_row row_height_percent=&#8220;0&#8243; override_padding=&#8220;yes&#8220; h_padding=&#8220;2&#8243; top_padding=&#8220;2&#8243; bottom_padding=&#8220;4&#8243; overlay_alpha=&#8220;50&#8243; equal_height=&#8220;yes&#8220; gutter_size=&#8220;3&#8243; column_width_percent=&#8220;100&#8243; shift_y=&#8220;0&#8243; z_index=&#8220;0&#8243;][vc_column width=&#8220;1\/2&#8243;][vc_single_image media=&#8220;7907&#8243; media_width_percent=&#8220;100&#8243; media_ratio=&#8220;four-three&#8220; shape=&#8220;img-round&#8220; radius=&#8220;std&#8220; advanced=&#8220;yes&#8220; media_items=&#8220;media|original&#8220; media_overlay_color=&#8220;color-jevc&#8220; media_overlay_coloration=&#8220;bottom_gradient&#8220; media_overlay_opacity=&#8220;60&#8243; media_overlay_visible=&#8220;yes&#8220; media_overlay_anim=&#8220;no&#8220; media_text_visible=&#8220;yes&#8220; media_text_anim=&#8220;no&#8220; media_v_position=&#8220;bottom&#8220; media_padding=&#8220;2&#8243; media_title_dimension=&#8220;h1&#8243; media_title_custom=&#8220;PITCHES&#8220; media_link=&#8220;url:https%3A%2F%2Fadriatik-kamp.com%2Fde%2Fdeluxe-stellplaetze%2F|title:Deluxe%20Stellpl%C3%A4tze&#8220; uncode_shortcode_id=&#8220;194076&#8243; media_overlay_color_type=&#8220;uncode-palette&#8220; title=&#8220;Deluxe Stellpl\u00e4tze&#8220;][\/vc_column][vc_column column_width_percent=&#8220;100&#8243; gutter_size=&#8220;3&#8243; overlay_alpha=&#8220;50&#8243; shift_x=&#8220;0&#8243; shift_y=&#8220;0&#8243; shift_y_down=&#8220;0&#8243; z_index=&#8220;0&#8243; medium_visibility=&#8220;yes&#8220; medium_width=&#8220;0&#8243; mobile_visibility=&#8220;yes&#8220; mobile_width=&#8220;0&#8243; width=&#8220;1\/2&#8243; uncode_shortcode_id=&#8220;213212&#8243;][vc_single_image media=&#8220;7819&#8243; media_width_percent=&#8220;100&#8243; media_ratio=&#8220;four-three&#8220; shape=&#8220;img-round&#8220; radius=&#8220;std&#8220; advanced=&#8220;yes&#8220; media_items=&#8220;media|original&#8220; media_overlay_color=&#8220;color-jevc&#8220; media_overlay_coloration=&#8220;bottom_gradient&#8220; media_overlay_opacity=&#8220;60&#8243; media_overlay_visible=&#8220;yes&#8220; media_overlay_anim=&#8220;no&#8220; media_text_visible=&#8220;yes&#8220; media_text_anim=&#8220;no&#8220; media_v_position=&#8220;bottom&#8220; media_padding=&#8220;2&#8243; media_title_dimension=&#8220;h1&#8243; media_title_custom=&#8220;PITCHES&#8220; media_link=&#8220;url:https%3A%2F%2Fadriatik-kamp.com%2Fde%2Fstandard-stellplaetze-mit-meerblick%2F|title:Standard%20Stellpl%C3%A4tze%20mit%20Meerblick&#8220; uncode_shortcode_id=&#8220;171891&#8243; media_overlay_color_type=&#8220;uncode-palette&#8220; title=&#8220;Standard Stellpl\u00e4tze mit Meerblick&#8220;][\/vc_column][\/vc_row][vc_row row_height_percent=&#8220;0&#8243; override_padding=&#8220;yes&#8220; h_padding=&#8220;2&#8243; top_padding=&#8220;2&#8243; bottom_padding=&#8220;4&#8243; overlay_alpha=&#8220;50&#8243; equal_height=&#8220;yes&#8220; gutter_size=&#8220;3&#8243; column_width_percent=&#8220;100&#8243; shift_y=&#8220;0&#8243; z_index=&#8220;0&#8243;][vc_column width=&#8220;1\/2&#8243;][vc_single_image media=&#8220;6788&#8243; media_width_percent=&#8220;100&#8243; media_ratio=&#8220;four-three&#8220; shape=&#8220;img-round&#8220; radius=&#8220;std&#8220; advanced=&#8220;yes&#8220; media_items=&#8220;media|original&#8220; media_overlay_color=&#8220;color-jevc&#8220; media_overlay_coloration=&#8220;bottom_gradient&#8220; media_overlay_opacity=&#8220;60&#8243; media_overlay_visible=&#8220;yes&#8220; media_overlay_anim=&#8220;no&#8220; media_text_visible=&#8220;yes&#8220; media_text_anim=&#8220;no&#8220; media_v_position=&#8220;bottom&#8220; media_padding=&#8220;2&#8243; media_title_dimension=&#8220;h1&#8243; media_title_custom=&#8220;PITCHES&#8220; media_link=&#8220;url:https%3A%2F%2Fadriatik-kamp.com%2Fde%2Fstandard-stellplaetze-mit-blick-auf-den-campingplatz%2F|title:Standard%20Stellpl%C3%A4tze%20mit%20Blick%20auf%20den%20Campingplatz&#8220; uncode_shortcode_id=&#8220;115536&#8243; media_overlay_color_type=&#8220;uncode-palette&#8220; title=&#8220;Standard Stellpl\u00e4tze mit Blick auf den Campingplatz&#8220;][\/vc_column][vc_column column_width_percent=&#8220;100&#8243; gutter_size=&#8220;3&#8243; overlay_alpha=&#8220;50&#8243; shift_x=&#8220;0&#8243; shift_y=&#8220;0&#8243; shift_y_down=&#8220;0&#8243; z_index=&#8220;0&#8243; medium_visibility=&#8220;yes&#8220; medium_width=&#8220;0&#8243; mobile_visibility=&#8220;yes&#8220; mobile_width=&#8220;0&#8243; width=&#8220;1\/2&#8243; uncode_shortcode_id=&#8220;213212&#8243;][vc_single_image media=&#8220;7963&#8243; media_width_percent=&#8220;100&#8243; media_ratio=&#8220;four-three&#8220; shape=&#8220;img-round&#8220; radius=&#8220;std&#8220; advanced=&#8220;yes&#8220; media_items=&#8220;media|original&#8220; media_overlay_color=&#8220;color-jevc&#8220; media_overlay_coloration=&#8220;bottom_gradient&#8220; media_overlay_opacity=&#8220;60&#8243; media_overlay_visible=&#8220;yes&#8220; media_overlay_anim=&#8220;no&#8220; media_text_visible=&#8220;yes&#8220; media_text_anim=&#8220;no&#8220; media_v_position=&#8220;bottom&#8220; media_padding=&#8220;2&#8243; media_title_dimension=&#8220;h1&#8243; media_title_custom=&#8220;PITCHES&#8220; media_link=&#8220;url:https%3A%2F%2Fadriatik-kamp.com%2Fde%2Fzeltplaetze-am-meer%2F|title:Zeltpl%C3%A4tze%20am%20Meer&#8220; uncode_shortcode_id=&#8220;124371&#8243; media_overlay_color_type=&#8220;uncode-palette&#8220; title=&#8220;Zeltpl\u00e4tze am Meer&#8220;][\/vc_column][\/vc_row]<\/p>\n<\/div>","protected":false},"excerpt":{"rendered":"<p>[vc_row row_height_percent=&#8220;0&#8243; override_padding=&#8220;yes&#8220; h_padding=&#8220;2&#8243; top_padding=&#8220;3&#8243; bottom_padding=&#8220;2&#8243; overlay_alpha=&#8220;50&#8243; gutter_size=&#8220;3&#8243; column_width_percent=&#8220;100&#8243; shift_y=&#8220;0&#8243; z_index=&#8220;0&#8243;][vc_column column_width_percent=&#8220;100&#8243; gutter_size=&#8220;2&#8243; back_color=&#8220;color-207971&#8243; overlay_alpha=&#8220;50&#8243; border_color=&#8220;color-platinum&#8220; border_style=&#8220;solid&#8220; shift_x=&#8220;0&#8243; shift_y=&#8220;0&#8243; shift_y_down=&#8220;0&#8243; [&hellip;]<\/p>\n","protected":false},"author":6,"featured_media":7638,"parent":0,"menu_order":0,"comment_status":"closed","ping_status":"closed","template":"","meta":{"footnotes":""},"class_list":["post-8078","page","type-page","status-publish","has-post-thumbnail","hentry","page_category-index-de"],"_links":{"self":[{"href":"https:\/\/adriatik-kamp.com\/de\/wp-json\/wp\/v2\/pages\/8078","targetHints":{"allow":["GET"]}}],"collection":[{"href":"https:\/\/adriatik-kamp.com\/de\/wp-json\/wp\/v2\/pages"}],"about":[{"href":"https:\/\/adriatik-kamp.com\/de\/wp-json\/wp\/v2\/types\/page"}],"author":[{"embeddable":true,"href":"https:\/\/adriatik-kamp.com\/de\/wp-json\/wp\/v2\/users\/6"}],"replies":[{"embeddable":true,"href":"https:\/\/adriatik-kamp.com\/de\/wp-json\/wp\/v2\/comments?post=8078"}],"version-history":[{"count":10,"href":"https:\/\/adriatik-kamp.com\/de\/wp-json\/wp\/v2\/pages\/8078\/revisions"}],"predecessor-version":[{"id":9833,"href":"https:\/\/adriatik-kamp.com\/de\/wp-json\/wp\/v2\/pages\/8078\/revisions\/9833"}],"wp:featuredmedia":[{"embeddable":true,"href":"https:\/\/adriatik-kamp.com\/de\/wp-json\/wp\/v2\/media\/7638"}],"wp:attachment":[{"href":"https:\/\/adriatik-kamp.com\/de\/wp-json\/wp\/v2\/media?parent=8078"}],"curies":[{"name":"wp","href":"https:\/\/api.w.org\/{rel}","templated":true}]}}