{"id":7974,"date":"2026-01-28T09:38:55","date_gmt":"2026-01-28T07:38:55","guid":{"rendered":"https:\/\/adriatik-kamp.com\/tent-zones-by-the-sea\/"},"modified":"2026-01-28T09:44:53","modified_gmt":"2026-01-28T07:44:53","slug":"zeltplaetze-am-meer","status":"publish","type":"page","link":"https:\/\/adriatik-kamp.com\/de\/zeltplaetze-am-meer\/","title":{"rendered":"Zeltpl\u00e4tze am Meer"},"content":{"rendered":"<div class=\"wpb-content-wrapper\"><p>[vc_row][vc_column width=&#8220;1\/2&#8243;][vc_custom_heading uncode_shortcode_id=&#8220;185993&#8243;]<\/p>\n<h1>Zeltpl\u00e4tze am Meer<\/h1>\n<p>[\/vc_custom_heading][vc_column_text uncode_shortcode_id=&#8220;440382&#8243;]Unsere <strong>Zeltpl\u00e4tze<\/strong> befinden sich in unmittelbarer N\u00e4he zum Meer und bieten eine ruhige, naturnahe Umgebung f\u00fcr Camper.<br \/>\nDer Gro\u00dfteil der Fl\u00e4che ist von einem wundersch\u00f6nen Kiefernwald beschattet, der den ganzen Tag \u00fcber angenehme Temperaturen und frische Luft bietet.<br \/>\nDie Zeltpl\u00e4tze sind ausschlie\u00dflich f\u00fcr Zelte vorgesehen, w\u00e4hrend <strong>Parkpl\u00e4tze f\u00fcr Autos<\/strong> bequem in der N\u00e4he liegen.<br \/>\nJeder Stellplatz ist mit <strong>Stromanschluss und WLAN<\/strong> ausgestattet und sorgt f\u00fcr einen komfortablen und vernetzten Aufenthalt.<br \/>\nIdeal f\u00fcr Naturliebhaber und alle, die einen ruhigen Urlaub am Meer suchen.[\/vc_column_text][vc_single_image media=&#8220;7942&#8243; media_width_percent=&#8220;100&#8243; uncode_shortcode_id=&#8220;766956&#8243;][\/vc_column][vc_column width=&#8220;1\/2&#8243;][vc_gallery el_id=&#8220;gallery-731742&#8243; medias=&#8220;7949,7956,7963&#8243; gutter_size=&#8220;3&#8243; single_overlay_opacity=&#8220;50&#8243; single_padding=&#8220;2&#8243; uncode_shortcode_id=&#8220;598157&#8243; title=&#8220;Mobilne ku\u0107ice s pogledom na kamp&#8220;][\/vc_column][\/vc_row]<\/p>\n<\/div>","protected":false},"excerpt":{"rendered":"<p>[vc_row][vc_column width=&#8220;1\/2&#8243;][vc_custom_heading uncode_shortcode_id=&#8220;185993&#8243;] Zeltpl\u00e4tze am Meer [\/vc_custom_heading][vc_column_text uncode_shortcode_id=&#8220;440382&#8243;]Unsere Zeltpl\u00e4tze befinden sich in unmittelbarer N\u00e4he zum Meer und bieten eine ruhige, [&hellip;]<\/p>\n","protected":false},"author":6,"featured_media":0,"parent":0,"menu_order":0,"comment_status":"closed","ping_status":"closed","template":"","meta":{"footnotes":""},"class_list":["post-7974","page","type-page","status-publish","hentry"],"_links":{"self":[{"href":"https:\/\/adriatik-kamp.com\/de\/wp-json\/wp\/v2\/pages\/7974","targetHints":{"allow":["GET"]}}],"collection":[{"href":"https:\/\/adriatik-kamp.com\/de\/wp-json\/wp\/v2\/pages"}],"about":[{"href":"https:\/\/adriatik-kamp.com\/de\/wp-json\/wp\/v2\/types\/page"}],"author":[{"embeddable":true,"href":"https:\/\/adriatik-kamp.com\/de\/wp-json\/wp\/v2\/users\/6"}],"replies":[{"embeddable":true,"href":"https:\/\/adriatik-kamp.com\/de\/wp-json\/wp\/v2\/comments?post=7974"}],"version-history":[{"count":2,"href":"https:\/\/adriatik-kamp.com\/de\/wp-json\/wp\/v2\/pages\/7974\/revisions"}],"predecessor-version":[{"id":7976,"href":"https:\/\/adriatik-kamp.com\/de\/wp-json\/wp\/v2\/pages\/7974\/revisions\/7976"}],"wp:attachment":[{"href":"https:\/\/adriatik-kamp.com\/de\/wp-json\/wp\/v2\/media?parent=7974"}],"curies":[{"name":"wp","href":"https:\/\/api.w.org\/{rel}","templated":true}]}}