{"id":7925,"date":"2026-01-28T09:27:41","date_gmt":"2026-01-28T07:27:41","guid":{"rendered":"https:\/\/adriatik-kamp.com\/standard-pitches-with-campsite-view\/"},"modified":"2026-01-28T09:33:52","modified_gmt":"2026-01-28T07:33:52","slug":"standard-stellplaetze-mit-blick-auf-den-campingplatz","status":"publish","type":"page","link":"https:\/\/adriatik-kamp.com\/de\/standard-stellplaetze-mit-blick-auf-den-campingplatz\/","title":{"rendered":"Standard Stellpl\u00e4tze mit Blick auf den Campingplatz"},"content":{"rendered":"<div class=\"wpb-content-wrapper\"><p>[vc_row][vc_column width=&#8220;1\/2&#8243;][vc_custom_heading uncode_shortcode_id=&#8220;116144&#8243;]<\/p>\n<h1>Standard Stellpl\u00e4tze mit Blick auf den Campingplatz<\/h1>\n<p>[\/vc_custom_heading][vc_column_text uncode_shortcode_id=&#8220;196788&#8243;]Unsere <strong>Standard Stellpl\u00e4tze mit Blick auf den Campingplatz<\/strong> befinden sich im oberen Bereich des Campingplatzes, in unmittelbarer N\u00e4he zu den Sanit\u00e4ranlagen, und bieten Komfort und praktische Vorteile w\u00e4hrend Ihres Aufenthalts.<br \/>\nDie Stellpl\u00e4tze sind tags\u00fcber meist sonnig und bieten mit <strong>70 bis 120 m\u00b2<\/strong> ausreichend Platz f\u00fcr Zelte, kleine Wohnwagen oder Campervans.<br \/>\nAlle Stellpl\u00e4tze verf\u00fcgen \u00fcber <strong>Stromanschluss und WLAN<\/strong>, was einen unkomplizierten und angenehmen Aufenthalt garantiert.<br \/>\nIdeal f\u00fcr G\u00e4ste, die ein Camping-Erlebnis mit <strong>wundersch\u00f6nem Blick auf den Campingplatz und die Umgebung<\/strong> genie\u00dfen m\u00f6chten.[\/vc_column_text][vc_single_image media=&#8220;7900&#8243; media_width_percent=&#8220;100&#8243; uncode_shortcode_id=&#8220;104334&#8243;][\/vc_column][vc_column width=&#8220;1\/2&#8243;][vc_gallery el_id=&#8220;gallery-731742&#8243; medias=&#8220;7886,7893,7907,7914&#8243; gutter_size=&#8220;3&#8243; single_overlay_opacity=&#8220;50&#8243; single_padding=&#8220;2&#8243; uncode_shortcode_id=&#8220;127617&#8243; title=&#8220;Mobilne ku\u0107ice s pogledom na kamp&#8220;][\/vc_column][\/vc_row]<\/p>\n<\/div>","protected":false},"excerpt":{"rendered":"<p>[vc_row][vc_column width=&#8220;1\/2&#8243;][vc_custom_heading uncode_shortcode_id=&#8220;116144&#8243;] Standard Stellpl\u00e4tze mit Blick auf den Campingplatz [\/vc_custom_heading][vc_column_text uncode_shortcode_id=&#8220;196788&#8243;]Unsere Standard Stellpl\u00e4tze mit Blick auf den Campingplatz befinden [&hellip;]<\/p>\n","protected":false},"author":6,"featured_media":0,"parent":0,"menu_order":0,"comment_status":"closed","ping_status":"closed","template":"","meta":{"footnotes":""},"class_list":["post-7925","page","type-page","status-publish","hentry"],"_links":{"self":[{"href":"https:\/\/adriatik-kamp.com\/de\/wp-json\/wp\/v2\/pages\/7925","targetHints":{"allow":["GET"]}}],"collection":[{"href":"https:\/\/adriatik-kamp.com\/de\/wp-json\/wp\/v2\/pages"}],"about":[{"href":"https:\/\/adriatik-kamp.com\/de\/wp-json\/wp\/v2\/types\/page"}],"author":[{"embeddable":true,"href":"https:\/\/adriatik-kamp.com\/de\/wp-json\/wp\/v2\/users\/6"}],"replies":[{"embeddable":true,"href":"https:\/\/adriatik-kamp.com\/de\/wp-json\/wp\/v2\/comments?post=7925"}],"version-history":[{"count":2,"href":"https:\/\/adriatik-kamp.com\/de\/wp-json\/wp\/v2\/pages\/7925\/revisions"}],"predecessor-version":[{"id":7927,"href":"https:\/\/adriatik-kamp.com\/de\/wp-json\/wp\/v2\/pages\/7925\/revisions\/7927"}],"wp:attachment":[{"href":"https:\/\/adriatik-kamp.com\/de\/wp-json\/wp\/v2\/media?parent=7925"}],"curies":[{"name":"wp","href":"https:\/\/api.w.org\/{rel}","templated":true}]}}